{"id":8,"date":"2026-01-04T22:44:15","date_gmt":"2026-01-04T21:44:15","guid":{"rendered":"http:\/\/czas.m2web.pl\/?page_id=8"},"modified":"2026-01-07T10:47:38","modified_gmt":"2026-01-07T09:47:38","slug":"koszyk","status":"publish","type":"page","link":"https:\/\/czas.m2web.pl\/?page_id=8","title":{"rendered":"Koszyk"},"content":{"rendered":"\n<div data-block-name=\"woocommerce\/cart\" class=\"wp-block-woocommerce-cart alignwide is-loading\">\n<div data-block-name=\"woocommerce\/filled-cart-block\" class=\"wp-block-woocommerce-filled-cart-block\">\n<div data-block-name=\"woocommerce\/cart-items-block\" class=\"wp-block-woocommerce-cart-items-block\">\n<div data-block-name=\"woocommerce\/cart-line-items-block\" class=\"wp-block-woocommerce-cart-line-items-block\"><\/div>\n\n\n<\/div>\n\n\n\n\n<div data-block-name=\"woocommerce\/cart-totals-block\" class=\"wp-block-woocommerce-cart-totals-block\">\n<div data-block-name=\"woocommerce\/cart-order-summary-block\" class=\"wp-block-woocommerce-cart-order-summary-block\">\n<div data-block-name=\"woocommerce\/cart-order-summary-heading-block\" class=\"wp-block-woocommerce-cart-order-summary-heading-block\"><\/div><div data-block-name=\"woocommerce\/cart-order-summary-coupon-form-block\" class=\"wp-block-woocommerce-cart-order-summary-coupon-form-block\"><\/div><div data-block-name=\"woocommerce\/cart-order-summary-totals-block\" class=\"wp-block-woocommerce-cart-order-summary-totals-block\">\n<div data-block-name=\"woocommerce\/cart-order-summary-subtotal-block\" class=\"wp-block-woocommerce-cart-order-summary-subtotal-block\"><\/div>\n<div data-block-name=\"woocommerce\/cart-order-summary-discount-block\" class=\"wp-block-woocommerce-cart-order-summary-discount-block\"><\/div>\n<div data-block-name=\"woocommerce\/cart-order-summary-fee-block\" class=\"wp-block-woocommerce-cart-order-summary-fee-block\"><\/div>\n<div data-block-name=\"woocommerce\/cart-order-summary-shipping-block\" class=\"wp-block-woocommerce-cart-order-summary-shipping-block\"><\/div>\n<div data-block-name=\"woocommerce\/cart-order-summary-taxes-block\" class=\"wp-block-woocommerce-cart-order-summary-taxes-block\"><\/div><\/div>\n<\/div>\n\n\n\n<div data-block-name=\"woocommerce\/cart-express-payment-block\" class=\"wp-block-woocommerce-cart-express-payment-block\"><\/div>\n\n\n\n<div data-block-name=\"woocommerce\/proceed-to-checkout-block\" class=\"wp-block-woocommerce-proceed-to-checkout-block\"><\/div>\n\n\n\n<div data-block-name=\"woocommerce\/cart-accepted-payment-methods-block\" class=\"wp-block-woocommerce-cart-accepted-payment-methods-block\"><\/div>\n<\/div>\n<\/div>\n\n\n\n<div data-block-name=\"woocommerce\/empty-cart-block\" class=\"wp-block-woocommerce-empty-cart-block\">\n<h2 class=\"wp-block-heading has-text-align-center with-empty-cart-icon wc-block-cart__empty-cart__title\">Tw\u00f3j koszyk jest obecnie pusty!<\/h2>\n\n\n\n<hr class=\"wp-block-separator has-alpha-channel-opacity is-style-dots\"\/>\n\n\n\n<h2 class=\"wp-block-heading has-text-align-center\">Nowe w sklepie<\/h2>\n\n\n<div data-block-name=\"woocommerce\/product-new\" data-columns=\"4\" data-rows=\"1\" class=\"wc-block-grid wp-block-product-new wp-block-woocommerce-product-new wc-block-product-new has-4-columns\"><ul class=\"wc-block-grid__products\"><li class=\"wc-block-grid__product\">\n\t\t\t\t<a href=\"https:\/\/czas.m2web.pl\/?product=msz-bmw-3-0-csl-hommage-r-bialy-1-24-swiatlo-dzwiek\" class=\"wc-block-grid__product-link\">\n\t\t\t\t\t\n\t\t\t\t\t<div class=\"wc-block-grid__product-image\"><img loading=\"lazy\" decoding=\"async\" width=\"600\" height=\"600\" src=\"https:\/\/czas.m2web.pl\/wp-content\/uploads\/2026\/01\/1de340af29b417b2a31baff1eca1ad0d-600x600.webp\" class=\"attachment-woocommerce_thumbnail size-woocommerce_thumbnail\" alt=\"MSZ BMW 3.0 CSL HOMMAGE R BIA\u0141Y 1\/24  (\u015aWIAT\u0141O + D\u0179WI\u0118K)\" srcset=\"https:\/\/czas.m2web.pl\/wp-content\/uploads\/2026\/01\/1de340af29b417b2a31baff1eca1ad0d-600x600.webp 600w, https:\/\/czas.m2web.pl\/wp-content\/uploads\/2026\/01\/1de340af29b417b2a31baff1eca1ad0d-150x150.webp 150w, https:\/\/czas.m2web.pl\/wp-content\/uploads\/2026\/01\/1de340af29b417b2a31baff1eca1ad0d-300x300.webp 300w, https:\/\/czas.m2web.pl\/wp-content\/uploads\/2026\/01\/1de340af29b417b2a31baff1eca1ad0d-768x768.webp 768w, https:\/\/czas.m2web.pl\/wp-content\/uploads\/2026\/01\/1de340af29b417b2a31baff1eca1ad0d-1024x1024.webp 1024w, https:\/\/czas.m2web.pl\/wp-content\/uploads\/2026\/01\/1de340af29b417b2a31baff1eca1ad0d-1200x1200.webp 1200w\" sizes=\"auto, (max-width: 600px) 100vw, 600px\" \/><\/div>\n\t\t\t\t\t<div class=\"wc-block-grid__product-title\">MSZ BMW 3.0 CSL HOMMAGE R BIA\u0141Y 1\/24  (\u015aWIAT\u0141O + D\u0179WI\u0118K)<\/div>\n\t\t\t\t<\/a>\n\t\t\t\t<div class=\"wc-block-grid__product-price price\"><span class=\"woocommerce-Price-amount amount\">76,99&nbsp;<span class=\"woocommerce-Price-currencySymbol\">&#122;&#322;<\/span><\/span><\/div>\n\t\t\t\t\n\t\t\t\t<div class=\"wp-block-button wc-block-grid__product-add-to-cart\"><a href=\"\/index.php?rest_route=%2Fwp%2Fv2%2Fpages%2F8&#038;add-to-cart=9482\" aria-label=\"Dodaj do koszyka: &bdquo;MSZ BMW 3.0 CSL HOMMAGE R BIA\u0141Y 1\/24  (\u015aWIAT\u0141O + D\u0179WI\u0118K)&rdquo;\" data-quantity=\"1\" data-product_id=\"9482\" data-product_sku=\"10268257A\" data-price=\"76.99\" rel=\"nofollow\" class=\"wp-block-button__link  add_to_cart_button ajax_add_to_cart\">Dodaj do koszyka<\/a><\/div>\n\t\t\t<\/li><li class=\"wc-block-grid__product\">\n\t\t\t\t<a href=\"https:\/\/czas.m2web.pl\/?product=msz-lamborghini-revulto-zolty-1-24-swiatlo-dzwiek\" class=\"wc-block-grid__product-link\">\n\t\t\t\t\t\n\t\t\t\t\t<div class=\"wc-block-grid__product-image\"><img loading=\"lazy\" decoding=\"async\" width=\"600\" height=\"600\" src=\"https:\/\/czas.m2web.pl\/wp-content\/uploads\/2026\/01\/a3e52481275297200061765771de4913-600x600.webp\" class=\"attachment-woocommerce_thumbnail size-woocommerce_thumbnail\" alt=\"MSZ LAMBORGHINI REVULTO \u017b\u00d3\u0141TY 1\/24  (\u015aWIAT\u0141O + D\u0179WI\u0118K)\" srcset=\"https:\/\/czas.m2web.pl\/wp-content\/uploads\/2026\/01\/a3e52481275297200061765771de4913-600x600.webp 600w, https:\/\/czas.m2web.pl\/wp-content\/uploads\/2026\/01\/a3e52481275297200061765771de4913-150x150.webp 150w, https:\/\/czas.m2web.pl\/wp-content\/uploads\/2026\/01\/a3e52481275297200061765771de4913-300x300.webp 300w, https:\/\/czas.m2web.pl\/wp-content\/uploads\/2026\/01\/a3e52481275297200061765771de4913-768x768.webp 768w, https:\/\/czas.m2web.pl\/wp-content\/uploads\/2026\/01\/a3e52481275297200061765771de4913-1024x1024.webp 1024w, https:\/\/czas.m2web.pl\/wp-content\/uploads\/2026\/01\/a3e52481275297200061765771de4913-1200x1200.webp 1200w\" sizes=\"auto, (max-width: 600px) 100vw, 600px\" \/><\/div>\n\t\t\t\t\t<div class=\"wc-block-grid__product-title\">MSZ LAMBORGHINI REVULTO \u017b\u00d3\u0141TY 1\/24  (\u015aWIAT\u0141O + D\u0179WI\u0118K)<\/div>\n\t\t\t\t<\/a>\n\t\t\t\t<div class=\"wc-block-grid__product-price price\"><span class=\"woocommerce-Price-amount amount\">76,99&nbsp;<span class=\"woocommerce-Price-currencySymbol\">&#122;&#322;<\/span><\/span><\/div>\n\t\t\t\t\n\t\t\t\t<div class=\"wp-block-button wc-block-grid__product-add-to-cart\"><a href=\"\/index.php?rest_route=%2Fwp%2Fv2%2Fpages%2F8&#038;add-to-cart=9481\" aria-label=\"Dodaj do koszyka: &bdquo;MSZ LAMBORGHINI REVULTO \u017b\u00d3\u0141TY 1\/24  (\u015aWIAT\u0141O + D\u0179WI\u0118K)&rdquo;\" data-quantity=\"1\" data-product_id=\"9481\" data-product_sku=\"10268200A\" data-price=\"76.99\" rel=\"nofollow\" class=\"wp-block-button__link  add_to_cart_button ajax_add_to_cart\">Dodaj do koszyka<\/a><\/div>\n\t\t\t<\/li><li class=\"wc-block-grid__product\">\n\t\t\t\t<a href=\"https:\/\/czas.m2web.pl\/?product=msz-bmw-x6-biebieski-1-26-swiatlo-dzwiek\" class=\"wc-block-grid__product-link\">\n\t\t\t\t\t\n\t\t\t\t\t<div class=\"wc-block-grid__product-image\"><img loading=\"lazy\" decoding=\"async\" width=\"600\" height=\"600\" src=\"https:\/\/czas.m2web.pl\/wp-content\/uploads\/2026\/01\/99c091a92748d5b39e188c1b6800c729-600x600.jpg\" class=\"attachment-woocommerce_thumbnail size-woocommerce_thumbnail\" alt=\"MSZ BMW X6 BIEBIESKI 1\/26 (\u015aWIAT\u0141O + D\u0179WI\u0118K)\" srcset=\"https:\/\/czas.m2web.pl\/wp-content\/uploads\/2026\/01\/99c091a92748d5b39e188c1b6800c729-600x600.jpg 600w, https:\/\/czas.m2web.pl\/wp-content\/uploads\/2026\/01\/99c091a92748d5b39e188c1b6800c729-150x150.jpg 150w, https:\/\/czas.m2web.pl\/wp-content\/uploads\/2026\/01\/99c091a92748d5b39e188c1b6800c729-300x300.jpg 300w, https:\/\/czas.m2web.pl\/wp-content\/uploads\/2026\/01\/99c091a92748d5b39e188c1b6800c729-768x768.jpg 768w, https:\/\/czas.m2web.pl\/wp-content\/uploads\/2026\/01\/99c091a92748d5b39e188c1b6800c729-1024x1024.jpg 1024w, https:\/\/czas.m2web.pl\/wp-content\/uploads\/2026\/01\/99c091a92748d5b39e188c1b6800c729-1200x1200.jpg 1200w\" sizes=\"auto, (max-width: 600px) 100vw, 600px\" \/><\/div>\n\t\t\t\t\t<div class=\"wc-block-grid__product-title\">MSZ BMW X6 BIEBIESKI 1\/26 (\u015aWIAT\u0141O + D\u0179WI\u0118K)<\/div>\n\t\t\t\t<\/a>\n\t\t\t\t<div class=\"wc-block-grid__product-price price\"><span class=\"woocommerce-Price-amount amount\">76,99&nbsp;<span class=\"woocommerce-Price-currencySymbol\">&#122;&#322;<\/span><\/span><\/div>\n\t\t\t\t\n\t\t\t\t<div class=\"wp-block-button wc-block-grid__product-add-to-cart\"><a href=\"\/index.php?rest_route=%2Fwp%2Fv2%2Fpages%2F8&#038;add-to-cart=9480\" aria-label=\"Dodaj do koszyka: &bdquo;MSZ BMW X6 BIEBIESKI 1\/26 (\u015aWIAT\u0141O + D\u0179WI\u0118K)&rdquo;\" data-quantity=\"1\" data-product_id=\"9480\" data-product_sku=\"10268250A\" data-price=\"76.99\" rel=\"nofollow\" class=\"wp-block-button__link  add_to_cart_button ajax_add_to_cart\">Dodaj do koszyka<\/a><\/div>\n\t\t\t<\/li><li class=\"wc-block-grid__product\">\n\t\t\t\t<a href=\"https:\/\/czas.m2web.pl\/?product=zestaw-zakreslacze-naklejki-gumki-olowki-hot-focus-345gb\" class=\"wc-block-grid__product-link\">\n\t\t\t\t\t\n\t\t\t\t\t<div class=\"wc-block-grid__product-image\"><img loading=\"lazy\" decoding=\"async\" width=\"600\" height=\"600\" src=\"https:\/\/czas.m2web.pl\/wp-content\/uploads\/2026\/01\/2282b3776fc8c949d0ce4066ccb4e367-scaled-1-600x600.jpg\" class=\"attachment-woocommerce_thumbnail size-woocommerce_thumbnail\" alt=\"ZESTAW ZAKRE\u015aLACZE + NAKLEJKI + GUMKI + O\u0141\u00d3WKI - HOT FOCUS 345GB\" srcset=\"https:\/\/czas.m2web.pl\/wp-content\/uploads\/2026\/01\/2282b3776fc8c949d0ce4066ccb4e367-scaled-1-600x600.jpg 600w, https:\/\/czas.m2web.pl\/wp-content\/uploads\/2026\/01\/2282b3776fc8c949d0ce4066ccb4e367-scaled-1-150x150.jpg 150w, https:\/\/czas.m2web.pl\/wp-content\/uploads\/2026\/01\/2282b3776fc8c949d0ce4066ccb4e367-scaled-1-300x300.jpg 300w, https:\/\/czas.m2web.pl\/wp-content\/uploads\/2026\/01\/2282b3776fc8c949d0ce4066ccb4e367-scaled-1-768x768.jpg 768w, https:\/\/czas.m2web.pl\/wp-content\/uploads\/2026\/01\/2282b3776fc8c949d0ce4066ccb4e367-scaled-1-1024x1024.jpg 1024w, https:\/\/czas.m2web.pl\/wp-content\/uploads\/2026\/01\/2282b3776fc8c949d0ce4066ccb4e367-scaled-1-1200x1200.jpg 1200w\" sizes=\"auto, (max-width: 600px) 100vw, 600px\" \/><\/div>\n\t\t\t\t\t<div class=\"wc-block-grid__product-title\">ZESTAW ZAKRE\u015aLACZE + NAKLEJKI + GUMKI + O\u0141\u00d3WKI &#8211; HOT FOCUS 345GB<\/div>\n\t\t\t\t<\/a>\n\t\t\t\t<div class=\"wc-block-grid__product-price price\"><span class=\"woocommerce-Price-amount amount\">25,99&nbsp;<span class=\"woocommerce-Price-currencySymbol\">&#122;&#322;<\/span><\/span><\/div>\n\t\t\t\t\n\t\t\t\t<div class=\"wp-block-button wc-block-grid__product-add-to-cart\"><a href=\"\/index.php?rest_route=%2Fwp%2Fv2%2Fpages%2F8&#038;add-to-cart=9479\" aria-label=\"Dodaj do koszyka: &bdquo;ZESTAW ZAKRE\u015aLACZE + NAKLEJKI + GUMKI + O\u0141\u00d3WKI - HOT FOCUS 345GB&rdquo;\" data-quantity=\"1\" data-product_id=\"9479\" data-product_sku=\"175345GB\" data-price=\"25.99\" rel=\"nofollow\" class=\"wp-block-button__link  add_to_cart_button ajax_add_to_cart\">Dodaj do koszyka<\/a><\/div>\n\t\t\t<\/li><\/ul><\/div><\/div>\n<\/div>\n","protected":false},"excerpt":{"rendered":"","protected":false},"author":1,"featured_media":0,"parent":0,"menu_order":0,"comment_status":"closed","ping_status":"closed","template":"","meta":{"footnotes":""},"class_list":["post-8","page","type-page","status-publish","hentry"],"_links":{"self":[{"href":"https:\/\/czas.m2web.pl\/index.php?rest_route=\/wp\/v2\/pages\/8","targetHints":{"allow":["GET"]}}],"collection":[{"href":"https:\/\/czas.m2web.pl\/index.php?rest_route=\/wp\/v2\/pages"}],"about":[{"href":"https:\/\/czas.m2web.pl\/index.php?rest_route=\/wp\/v2\/types\/page"}],"author":[{"embeddable":true,"href":"https:\/\/czas.m2web.pl\/index.php?rest_route=\/wp\/v2\/users\/1"}],"replies":[{"embeddable":true,"href":"https:\/\/czas.m2web.pl\/index.php?rest_route=%2Fwp%2Fv2%2Fcomments&post=8"}],"version-history":[{"count":1,"href":"https:\/\/czas.m2web.pl\/index.php?rest_route=\/wp\/v2\/pages\/8\/revisions"}],"predecessor-version":[{"id":12,"href":"https:\/\/czas.m2web.pl\/index.php?rest_route=\/wp\/v2\/pages\/8\/revisions\/12"}],"wp:attachment":[{"href":"https:\/\/czas.m2web.pl\/index.php?rest_route=%2Fwp%2Fv2%2Fmedia&parent=8"}],"curies":[{"name":"wp","href":"https:\/\/api.w.org\/{rel}","templated":true}]}}