{"id":9624,"date":"2025-01-14T12:03:31","date_gmt":"2025-01-14T12:03:31","guid":{"rendered":"https:\/\/dummy.xtemos.com\/woodmart2\/marketplace2-elementor\/?page_id=33"},"modified":"2026-01-08T16:17:00","modified_gmt":"2026-01-08T15:17:00","slug":"track-you-order","status":"publish","type":"page","link":"https:\/\/czas.m2web.pl\/?page_id=9624","title":{"rendered":"Track You Order"},"content":{"rendered":"\t\t<div data-elementor-type=\"wp-page\" data-elementor-id=\"9624\" class=\"elementor elementor-9624\">\n\t\t\t\t<div class=\"wd-negative-gap elementor-element elementor-element-d96f529 e-flex e-con-boxed e-con e-parent\" data-id=\"d96f529\" data-element_type=\"container\">\n\t\t\t\t\t<div class=\"e-con-inner\">\n\t\t<div class=\"wd-sticky-container-lg elementor-element elementor-element-56812fb e-con-full wd-col-offcanvas-md-sm wd-col-offcanvas-sm e-flex wd-alignment-left e-con e-child\" data-id=\"56812fb\" data-element_type=\"container\">\n\t\t\t\t<div class=\"elementor-element elementor-element-64e3cf4 elementor-widget elementor-widget-wd_mega_menu\" data-id=\"64e3cf4\" data-element_type=\"widget\" data-widget_type=\"wd_mega_menu.default\">\n\t\t\t\t<div class=\"elementor-widget-container\">\n\t\t\t\t\t\t\t<div class=\"wd-menu widget_nav_mega_menu\">\n\t\t\t\t\t\t<ul id=\"menu-sidebar-menu-marketplace-2\" class=\"menu wd-nav wd-nav-vertical wd-design-simple wd-gap-l\"><li id=\"menu-item-9673\" class=\"menu-item menu-item-type-post_type menu-item-object-page menu-item-9673 item-level-0 menu-simple-dropdown wd-event-hover\" ><a href=\"https:\/\/czas.m2web.pl\/?page_id=9624\" class=\"woodmart-nav-link\"><span class=\"nav-link-text\">Track You Order<\/span><\/a><\/li>\n<li id=\"menu-item-9672\" class=\"menu-item menu-item-type-post_type menu-item-object-page menu-item-9672 item-level-0 menu-simple-dropdown wd-event-hover\" ><a href=\"https:\/\/czas.m2web.pl\/?page_id=9617\" class=\"woodmart-nav-link\"><span class=\"nav-link-text\">O nas<\/span><\/a><\/li>\n<li id=\"menu-item-9675\" class=\"menu-item menu-item-type-post_type menu-item-object-page menu-item-9675 item-level-0 menu-simple-dropdown wd-event-hover\" ><a href=\"https:\/\/czas.m2web.pl\/?page_id=9622\" class=\"woodmart-nav-link\"><span class=\"nav-link-text\">FAQs<\/span><\/a><\/li>\n<li id=\"menu-item-9676\" class=\"menu-item menu-item-type-post_type menu-item-object-page menu-item-9676 item-level-0 menu-simple-dropdown wd-event-hover\" ><a href=\"https:\/\/czas.m2web.pl\/?page_id=9623\" class=\"woodmart-nav-link\"><span class=\"nav-link-text\">Our Partners<\/span><\/a><\/li>\n<li id=\"menu-item-9677\" class=\"menu-item menu-item-type-post_type menu-item-object-page menu-item-9677 item-level-0 menu-simple-dropdown wd-event-hover\" ><a href=\"https:\/\/czas.m2web.pl\/?page_id=9625\" class=\"woodmart-nav-link\"><span class=\"nav-link-text\">Work With Us<\/span><\/a><\/li>\n<li id=\"menu-item-9674\" class=\"menu-item menu-item-type-post_type menu-item-object-page menu-item-9674 item-level-0 menu-simple-dropdown wd-event-hover\" ><a href=\"https:\/\/czas.m2web.pl\/?page_id=9621\" class=\"woodmart-nav-link\"><span class=\"nav-link-text\">Kontakt<\/span><\/a><\/li>\n<\/ul>\t\t<\/div>\n\t\t\t\t\t\t<\/div>\n\t\t\t\t<\/div>\n\t\t\t\t<\/div>\n\t\t<div class=\"elementor-element elementor-element-227db15 e-con-full wd-col-content-md-sm wd-col-content-sm e-flex e-con e-child\" data-id=\"227db15\" data-element_type=\"container\">\n\t\t\t\t<div class=\"elementor-element elementor-element-3ff5bd1 elementor-hidden-desktop wd-action-hide-btn elementor-widget elementor-widget-wd_builder_off_canvas_column_btn\" data-id=\"3ff5bd1\" data-element_type=\"widget\" data-widget_type=\"wd_builder_off_canvas_column_btn.default\">\n\t\t\t\t<div class=\"elementor-widget-container\">\n\t\t\t\t\t\n\t\t<div class=\"wd-off-canvas-btn wd-action-btn wd-style-text wd-burger-icon\">\n\t\t\t<a href=\"#\" rel=\"nofollow\">\n\t\t\t\t\t\t\t\tShow sidebar\t\t\t<\/a>\n\t\t<\/div>\n\n\t\t\t\t\t<div class=\"wd-sidebar-opener wd-show-on-scroll wd-action-btn wd-style-icon wd-burger-icon\">\n\t\t\t\t<a href=\"#\" rel=\"nofollow\">\n\t\t\t\t\t\t\t\t\t<\/a>\n\t\t\t<\/div>\n\t\t\t\t\t\t\t\t<\/div>\n\t\t\t\t<\/div>\n\t\t<div class=\"elementor-element elementor-element-bfdea65 e-con-full color-scheme-light e-flex e-con e-child\" data-id=\"bfdea65\" data-element_type=\"container\" data-settings=\"{&quot;background_background&quot;:&quot;classic&quot;}\">\n\t\t<div class=\"elementor-element elementor-element-92463a3 e-con-full e-flex e-con e-child\" data-id=\"92463a3\" data-element_type=\"container\">\n\t\t\t\t<div class=\"elementor-element elementor-element-8a2aaa0 wd-width-100 elementor-widget elementor-widget-wd_title\" data-id=\"8a2aaa0\" data-element_type=\"widget\" data-widget_type=\"wd_title.default\">\n\t\t\t\t<div class=\"elementor-widget-container\">\n\t\t\t\t\t\t\t<div class=\"title-wrapper wd-set-mb reset-last-child wd-title-color-default wd-title-style-default wd-title-size-default text-center\">\n\n\t\t\t\n\t\t\t<div class=\"liner-continer\">\n\t\t\t\t<h4 class=\"woodmart-title-container title wd-fontsize-l\">\u015aledzenie zam\u00f3wienia<\/h4> \n\t\t\t\t\t\t\t<\/div>\n\n\t\t\t\t\t<\/div>\n\t\t\t\t\t\t<\/div>\n\t\t\t\t<\/div>\n\t\t\t\t<div class=\"elementor-element elementor-element-a7e4796 elementor-widget elementor-widget-shortcode\" data-id=\"a7e4796\" data-element_type=\"widget\" data-widget_type=\"shortcode.default\">\n\t\t\t\t\t\t\t<div class=\"elementor-shortcode\"><div class=\"woocommerce\">\n<form action=\"https:\/\/czas.m2web.pl\/?page_id=9624\" method=\"post\" class=\"woocommerce-form woocommerce-form-track-order track_order\">\n\n\t\n\t<p>Aby \u015bledzi\u0107 swoje zam\u00f3wienie wpisz jego numer w polu poni\u017cej i naci\u015bnij przycisk &quot;\u015aled\u017a&quot;. Numer zam\u00f3wienia znajdziesz na paragonie oraz w mailu potwierdzaj\u0105cym zam\u00f3wienie, kt\u00f3ry do ciebie wys\u0142ali\u015bmy.<\/p>\n\n\t<p class=\"form-row form-row-first\"><label for=\"orderid\">Identyfikator zam\u00f3wienia<\/label> <input class=\"input-text\" type=\"text\" name=\"orderid\" id=\"orderid\" value=\"\" placeholder=\"Wys\u0142any w e-mailu potwierdzaj\u0105cym zam\u00f3wienie.\" \/><\/p>\t<p class=\"form-row form-row-last\"><label for=\"order_email\">E-mail rozliczeniowy<\/label> <input class=\"input-text\" type=\"text\" name=\"order_email\" id=\"order_email\" value=\"\" placeholder=\"E-mail u\u017cyty w zam\u00f3wieniu.\" \/><\/p>\t<div class=\"clear\"><\/div>\n\n\t\n\t<p class=\"form-row\"><button type=\"submit\" class=\"button\" name=\"track\" value=\"\u015aled\u017a\">\u015aled\u017a<\/button><\/p>\n\t<input type=\"hidden\" id=\"woocommerce-order-tracking-nonce\" name=\"woocommerce-order-tracking-nonce\" value=\"08e6ae01b3\" \/><input type=\"hidden\" name=\"_wp_http_referer\" value=\"\/index.php?rest_route=%2Fwp%2Fv2%2Fpages%2F9624\" \/>\n\t\n<\/form>\n<\/div><\/div>\n\t\t\t\t\t\t<\/div>\n\t\t\t\t<\/div>\n\t\t\t\t<\/div>\n\t\t\t\t<div class=\"elementor-element elementor-element-ff772da elementor-widget__width-initial wd-width-100 elementor-widget elementor-widget-wd_title\" data-id=\"ff772da\" data-element_type=\"widget\" data-widget_type=\"wd_title.default\">\n\t\t\t\t<div class=\"elementor-widget-container\">\n\t\t\t\t\t\t\t<div class=\"title-wrapper wd-set-mb reset-last-child wd-title-color-default wd-title-style-default wd-title-size-default text-left\">\n\n\t\t\t\n\t\t\t<div class=\"liner-continer\">\n\t\t\t\t<h4 class=\"woodmart-title-container title wd-fontsize-l\">Nie masz konta?<\/h4> \n\t\t\t\t\t\t\t<\/div>\n\n\t\t\t\t\t\t\t<div class=\"title-after_title reset-last-child wd-fontsize-xs\">\n\t\t\t\t\t<p>Mo\u017cesz nadal sprawdzi\u0107 status swojego zam\u00f3wienia bez logowania. Je\u015bli nie masz numeru zam\u00f3wienia, sprawd\u017a go w e-mailu z potwierdzeniem. Je\u015bli potrzebujesz dodatkowej pomocy, skontaktuj si\u0119 z nami.<\/p>\t\t\t\t<\/div>\n\t\t\t\t\t<\/div>\n\t\t\t\t\t\t<\/div>\n\t\t\t\t<\/div>\n\t\t<div class=\"elementor-element elementor-element-7d93690 e-con-full e-flex e-con e-child\" data-id=\"7d93690\" data-element_type=\"container\">\n\t\t<div class=\"elementor-element elementor-element-c27eb35 e-con-full e-flex e-con e-child\" data-id=\"c27eb35\" data-element_type=\"container\" data-settings=\"{&quot;background_background&quot;:&quot;classic&quot;}\">\n\t\t\t\t<div class=\"elementor-element elementor-element-9ae9809 elementor-widget wd-nested-carousel\" data-id=\"9ae9809\" data-element_type=\"widget\" data-widget_type=\"wd_nested_carousel.default\">\n\t\t\t\t<div class=\"elementor-widget-container\">\n\t\t\t\t\t\t\t<div class=\"wd-nested-carousel wd-carousel-container \">\n\t\t\t<div class=\"wd-carousel-inner\">\n\t\t\t\t<div class=\"wd-carousel wd-grid\" data-scroll_per_page=\"yes\" style=\"--wd-col-lg:3;--wd-col-md:3;--wd-col-sm:1;--wd-gap-lg:20px;--wd-gap-sm:10px;\">\n\t\t\t\t\t<div class=\"wd-carousel-wrap\">\n\t\t\t\t\t\t<div class=\"wd-carousel-item elementor-element elementor-element-71174eb e-con-full e-flex e-con e-child\" data-id=\"71174eb\" data-element_type=\"container\">\n\t\t<div class=\"wd-negative-gap elementor-element elementor-element-a87b3d8 e-flex e-con-boxed e-con e-child\" data-id=\"a87b3d8\" data-element_type=\"container\">\n\t\t\t\t\t<div class=\"e-con-inner\">\n\t\t\t\t<div class=\"elementor-element elementor-element-9862adc elementor-widget elementor-widget-wd_infobox\" data-id=\"9862adc\" data-element_type=\"widget\" data-widget_type=\"wd_infobox.default\">\n\t\t\t\t<div class=\"elementor-widget-container\">\n\t\t\t\t\t\t\t<div class=\"info-box-wrapper\">\n\t\t\t<div class=\"wd-info-box text-left box-icon-align-left box-style-base color-scheme-light wd-items-middle\">\n\t\t\t\t\t\t\t\t\t<div class=\"box-icon-wrapper  box-with-icon box-icon-simple\">\n\t\t\t\t\t\t<div class=\"info-box-icon\">\n\t\t\t\t\t\t\t\t\t\t\t\t\t\t\t<div class=\"info-svg-wrapper\" style=\"width:32px; height:32px;\"><img decoding=\"async\"  src=\"https:\/\/czas.m2web.pl\/wp-content\/uploads\/2025\/01\/mp2-infobox-map-pointer.svg\" title=\"mp2-infobox-map-pointer\" loading=\"lazy\" width=\"32\" height=\"32\"><\/div>\t\t\t\t\t\t\t\t\t\t\t\t\t<\/div>\n\t\t\t\t\t<\/div>\n\t\t\t\t\n\t\t\t\t<div class=\"info-box-content\">\n\t\t\t\t\t\n\t\t\t\t\t\t\t\t\t\t\t<h4\t\t\t\t\t\tclass=\"info-box-title title box-title-style-default wd-fontsize-m\" data-elementor-setting-key=\"title\">\n\t\t\t\t\t\t\t\tDarmowa dostawa\t\t\t\t\t\t<\/h4>\n\t\t\t\t\t\n\t\t\t\t\t<div class=\"info-box-inner reset-last-child\"data-elementor-setting-key=\"content\"><p>Od 300 z\u0142\u00a0<\/p>\n<\/div>\n\n\t\t\t\t\t\t\t\t\t<\/div>\n\n\t\t\t\t\t\t\t<\/div>\n\t\t<\/div>\n\t\t\t\t\t\t<\/div>\n\t\t\t\t<\/div>\n\t\t\t\t\t<\/div>\n\t\t\t\t<\/div>\n\t\t\t\t<\/div>\n\t\t<div class=\"wd-carousel-item elementor-element elementor-element-d9914a4 e-con-full e-flex e-con e-child\" data-id=\"d9914a4\" data-element_type=\"container\">\n\t\t<div class=\"elementor-element elementor-element-24d1cf9 e-con-full e-flex e-con e-child\" data-id=\"24d1cf9\" data-element_type=\"container\">\n\t\t\t\t<div class=\"elementor-element elementor-element-6c60102 elementor-widget elementor-widget-wd_infobox\" data-id=\"6c60102\" data-element_type=\"widget\" data-widget_type=\"wd_infobox.default\">\n\t\t\t\t<div class=\"elementor-widget-container\">\n\t\t\t\t\t\t\t<div class=\"info-box-wrapper\">\n\t\t\t<div class=\"wd-info-box text-left box-icon-align-left box-style-base color-scheme-light wd-items-middle\">\n\t\t\t\t\t\t\t\t\t<div class=\"box-icon-wrapper  box-with-icon box-icon-simple\">\n\t\t\t\t\t\t<div class=\"info-box-icon\">\n\t\t\t\t\t\t\t\t\t\t\t\t\t\t\t<div class=\"info-svg-wrapper\" style=\"width:32px; height:32px;\"><img decoding=\"async\"  src=\"https:\/\/czas.m2web.pl\/wp-content\/uploads\/2025\/01\/mp2-infobox-bundle.svg\" title=\"mp2-infobox-bundle\" loading=\"lazy\" width=\"32\" height=\"32\"><\/div>\t\t\t\t\t\t\t\t\t\t\t\t\t<\/div>\n\t\t\t\t\t<\/div>\n\t\t\t\t\n\t\t\t\t<div class=\"info-box-content\">\n\t\t\t\t\t\n\t\t\t\t\t\t\t\t\t\t\t<h4\t\t\t\t\t\tclass=\"info-box-title title box-title-style-default wd-fontsize-m\" data-elementor-setting-key=\"title\">\n\t\t\t\t\t\t\t\tSzybka wysy\u0142ka\t\t\t\t\t\t<\/h4>\n\t\t\t\t\t\n\t\t\t\t\t<div class=\"info-box-inner reset-last-child\"data-elementor-setting-key=\"content\"><p>Wi\u0119kszo\u015b\u0107 zam\u00f3wie\u0144 nadajemy tego samego dnia<\/p>\n<\/div>\n\n\t\t\t\t\t\t\t\t\t<\/div>\n\n\t\t\t\t\t\t\t<\/div>\n\t\t<\/div>\n\t\t\t\t\t\t<\/div>\n\t\t\t\t<\/div>\n\t\t\t\t<\/div>\n\t\t\t\t<\/div>\n\t\t<div class=\"wd-carousel-item elementor-element elementor-element-2ef8344 e-con-full e-flex e-con e-child\" data-id=\"2ef8344\" data-element_type=\"container\">\n\t\t<div class=\"elementor-element elementor-element-eb67e9b e-con-full e-flex e-con e-child\" data-id=\"eb67e9b\" data-element_type=\"container\">\n\t\t\t\t<div class=\"elementor-element elementor-element-6008bfb elementor-widget elementor-widget-wd_infobox\" data-id=\"6008bfb\" data-element_type=\"widget\" data-widget_type=\"wd_infobox.default\">\n\t\t\t\t<div class=\"elementor-widget-container\">\n\t\t\t\t\t\t\t<div class=\"info-box-wrapper\">\n\t\t\t<div class=\"wd-info-box text-left box-icon-align-left box-style-base color-scheme-light wd-items-middle\">\n\t\t\t\t\t\t\t\t\t<div class=\"box-icon-wrapper  box-with-icon box-icon-simple\">\n\t\t\t\t\t\t<div class=\"info-box-icon\">\n\t\t\t\t\t\t\t\t\t\t\t\t\t\t\t<div class=\"info-svg-wrapper\" style=\"width:32px; height:32px;\"><img decoding=\"async\"  src=\"https:\/\/czas.m2web.pl\/wp-content\/uploads\/2025\/01\/mp2-infobox-like.svg\" title=\"mp2-infobox-like\" loading=\"lazy\" width=\"32\" height=\"32\"><\/div>\t\t\t\t\t\t\t\t\t\t\t\t\t<\/div>\n\t\t\t\t\t<\/div>\n\t\t\t\t\n\t\t\t\t<div class=\"info-box-content\">\n\t\t\t\t\t\n\t\t\t\t\t\t\t\t\t\t\t<h4\t\t\t\t\t\tclass=\"info-box-title title box-title-style-default wd-fontsize-m\" data-elementor-setting-key=\"title\">\n\t\t\t\t\t\t\t\tOryginalne produkty\t\t\t\t\t\t<\/h4>\n\t\t\t\t\t\n\t\t\t\t\t<div class=\"info-box-inner reset-last-child\"data-elementor-setting-key=\"content\"><p>Sprzedajemy wy\u0142\u0105cznie licencjonowane produkty.<\/p>\n<\/div>\n\n\t\t\t\t\t\t\t\t\t<\/div>\n\n\t\t\t\t\t\t\t<\/div>\n\t\t<\/div>\n\t\t\t\t\t\t<\/div>\n\t\t\t\t<\/div>\n\t\t\t\t<\/div>\n\t\t\t\t<\/div>\n\t\t\t\t\t\t\t<\/div>\n\t\t\t\t<\/div>\n\n\t\t\t\t\t\t\t\t\t\t\t<div class=\"wd-nav-arrows wd-pos-sep wd-hover-1 wd-icon-1\">\n\t\t\t<div class=\"wd-btn-arrow wd-prev wd-disabled\">\n\t\t\t\t<div class=\"wd-arrow-inner\"><\/div>\n\t\t\t<\/div>\n\t\t\t<div class=\"wd-btn-arrow wd-next\">\n\t\t\t\t<div class=\"wd-arrow-inner\"><\/div>\n\t\t\t<\/div>\n\t\t<\/div>\n\t\t\t\t\t\t\t\t\t<\/div>\n\n\t\t\t\t\t\t\t\t<\/div>\n\t\t\t\t\t\t<\/div>\n\t\t\t\t<\/div>\n\t\t\t\t<\/div>\n\t\t\t\t<\/div>\n\t\t\t\t<\/div>\n\t\t\t\t\t<\/div>\n\t\t\t\t<\/div>\n\t\t\t\t<\/div>\n\t\t","protected":false},"excerpt":{"rendered":"<p>Track You Order O nas FAQs Our Partners Work With Us Kontakt Show sidebar \u015aledzenie zam\u00f3wienia Nie masz konta? Mo\u017cesz<\/p>\n","protected":false},"author":1,"featured_media":0,"parent":0,"menu_order":0,"comment_status":"closed","ping_status":"closed","template":"","meta":{"footnotes":""},"class_list":["post-9624","page","type-page","status-publish","hentry"],"_links":{"self":[{"href":"https:\/\/czas.m2web.pl\/index.php?rest_route=\/wp\/v2\/pages\/9624","targetHints":{"allow":["GET"]}}],"collection":[{"href":"https:\/\/czas.m2web.pl\/index.php?rest_route=\/wp\/v2\/pages"}],"about":[{"href":"https:\/\/czas.m2web.pl\/index.php?rest_route=\/wp\/v2\/types\/page"}],"author":[{"embeddable":true,"href":"https:\/\/czas.m2web.pl\/index.php?rest_route=\/wp\/v2\/users\/1"}],"replies":[{"embeddable":true,"href":"https:\/\/czas.m2web.pl\/index.php?rest_route=%2Fwp%2Fv2%2Fcomments&post=9624"}],"version-history":[{"count":3,"href":"https:\/\/czas.m2web.pl\/index.php?rest_route=\/wp\/v2\/pages\/9624\/revisions"}],"predecessor-version":[{"id":10206,"href":"https:\/\/czas.m2web.pl\/index.php?rest_route=\/wp\/v2\/pages\/9624\/revisions\/10206"}],"wp:attachment":[{"href":"https:\/\/czas.m2web.pl\/index.php?rest_route=%2Fwp%2Fv2%2Fmedia&parent=9624"}],"curies":[{"name":"wp","href":"https:\/\/api.w.org\/{rel}","templated":true}]}}