{"id":1000,"date":"2026-01-04T22:49:46","date_gmt":"2026-01-04T21:49:46","guid":{"rendered":"https:\/\/czas.m2web.pl\/?post_type=product&#038;p=1000"},"modified":"2026-01-04T22:49:56","modified_gmt":"2026-01-04T21:49:56","slug":"cartamundi-gra-karciana-4-w-1-psi-patrol-41125","status":"publish","type":"product","link":"https:\/\/czas.m2web.pl\/?product=cartamundi-gra-karciana-4-w-1-psi-patrol-41125","title":{"rendered":"Cartamundi GRA KARCIANA 4 W 1 PSI PATROL 41125"},"content":{"rendered":"<section class=\"section\">\n<div class=\"item item-6\">\n<section class=\"image-item\"><img decoding=\"async\" src=\"https:\/\/upload.cdn.baselinker.com\/products\/3029707\/567e604029ad1dd6091f11f8419da6d5.jpg\"><\/section>\n<\/p><\/div>\n<div class=\"item item-6\">\n<section class=\"text-item\">\n<h1>Cartamundi GRA KARCIANA 4 W 1 PSI PATROL<\/h1>\n<p>Nr kat.: 41125<\/p>\n<p>Zestaw kart z ulubionymi bohaterami z Psiego Patrolu. Co wi\u0119cej, ka\u017cda talia kart to godziny rozrywki, poniewa\u017c mo\u017cesz gra\u0107 w cztery r\u00f3\u017cne gry. Kwartet, gra akcji, Piotru\u015b oraz Snap to przepis na brak nudy.<\/p>\n<p><b>Zawarto\u015b\u0107: 33 karty do gry, instrukcja.<\/b><\/p>\n<ul>\n<li>Wiek: 4+.<\/li>\n<li>Liczba graczy: 2-4.<\/li>\n<li>Wymiary opakowania: 9,5 x 14,5 x 2 cm.<\/li>\n<\/ul>\n<\/section><\/div>\n<\/section>\n<section class=\"section\">\n<div class=\"item item-12\">\n<section class=\"image-item\"><img decoding=\"async\" src=\"https:\/\/upload.cdn.baselinker.com\/products\/3029707\/6b844e726eb31d8e23e08bfe7bc5f726.jpg\"><\/section>\n<\/p><\/div>\n<\/section>\n<p><strong>Dodatkowe informacje:<\/strong><\/p>\n","protected":false},"excerpt":{"rendered":"<p>Cartamundi GRA KARCIANA 4 W 1 PSI PATROL Nr kat.: 41125 Zestaw kart z ulubionymi bohaterami z Psiego Patrolu. Co<\/p>\n","protected":false},"featured_media":1051,"comment_status":"open","ping_status":"closed","template":"","meta":[],"product_brand":[],"product_cat":[16],"product_tag":[],"class_list":{"0":"post-1000","1":"product","2":"type-product","3":"status-publish","4":"has-post-thumbnail","6":"product_cat-import","8":"first","9":"instock","10":"shipping-taxable","11":"purchasable","12":"product-type-simple"},"_links":{"self":[{"href":"https:\/\/czas.m2web.pl\/index.php?rest_route=\/wp\/v2\/product\/1000","targetHints":{"allow":["GET"]}}],"collection":[{"href":"https:\/\/czas.m2web.pl\/index.php?rest_route=\/wp\/v2\/product"}],"about":[{"href":"https:\/\/czas.m2web.pl\/index.php?rest_route=\/wp\/v2\/types\/product"}],"replies":[{"embeddable":true,"href":"https:\/\/czas.m2web.pl\/index.php?rest_route=%2Fwp%2Fv2%2Fcomments&post=1000"}],"version-history":[{"count":0,"href":"https:\/\/czas.m2web.pl\/index.php?rest_route=\/wp\/v2\/product\/1000\/revisions"}],"wp:featuredmedia":[{"embeddable":true,"href":"https:\/\/czas.m2web.pl\/index.php?rest_route=\/wp\/v2\/media\/1051"}],"wp:attachment":[{"href":"https:\/\/czas.m2web.pl\/index.php?rest_route=%2Fwp%2Fv2%2Fmedia&parent=1000"}],"wp:term":[{"taxonomy":"product_brand","embeddable":true,"href":"https:\/\/czas.m2web.pl\/index.php?rest_route=%2Fwp%2Fv2%2Fproduct_brand&post=1000"},{"taxonomy":"product_cat","embeddable":true,"href":"https:\/\/czas.m2web.pl\/index.php?rest_route=%2Fwp%2Fv2%2Fproduct_cat&post=1000"},{"taxonomy":"product_tag","embeddable":true,"href":"https:\/\/czas.m2web.pl\/index.php?rest_route=%2Fwp%2Fv2%2Fproduct_tag&post=1000"}],"curies":[{"name":"wp","href":"https:\/\/api.w.org\/{rel}","templated":true}]}}