{"id":1103,"date":"2026-01-04T22:50:09","date_gmt":"2026-01-04T21:50:09","guid":{"rendered":"https:\/\/czas.m2web.pl\/?post_type=product&#038;p=1103"},"modified":"2026-01-04T22:50:32","modified_gmt":"2026-01-04T21:50:32","slug":"latawiec-pidzamersi-115-cm-x-63-cm-gunther-1218","status":"publish","type":"product","link":"https:\/\/czas.m2web.pl\/?product=latawiec-pidzamersi-115-cm-x-63-cm-gunther-1218","title":{"rendered":"Latawiec Pid\u017camersi 115 cm x 63 cm Gunther 1218"},"content":{"rendered":"<section class=\"section\">\n<div class=\"item item-6\">\n<section class=\"image-item\">             <img decoding=\"async\" src=\"https:\/\/upload.cdn.baselinker.com\/products\/3029707\/f48a87a3637d21e0c8504ca7b53b39a7.jpg\" \/>         <\/section>\n<\/p><\/div>\n<div class=\"item item-6\">\n<section class=\"text-item\">\n<h1>GUNTHER Latawiec Pid\u017camersi<\/h1>\n<p>Nr kat.: 1218<\/p>\n<p><b>Licencyjny latawiec z bohaterami bajki Pid\u017camersi niemieckiej firmy Gunther.<\/b><\/p>\n<p>Wykonany z wytrzyma\u0142ej folii polietylenowej.<\/p>\n<p>Latawiec doskona\u0142y do zabawy na \u015bwie\u017cym powietrzu i \u0142atwy w sterowaniu.<\/p>\n<p><b>Wymiary latawca: 115 cm x 63 cm.<\/b><\/p>\n<p>Idealny do u\u017cytkowania przy wietrze o pr\u0119dko\u015bci od 20 do 40 km\/h.<\/p>\n<p>Linka zako\u0144czona jest plastikowym uchwytem do trzymania.<\/p>\n<p><b>Wiek: 4+.<\/b><\/p>\n<\/section><\/div>\n<\/section>\n<section class=\"section\">\n<div class=\"item item-12\">\n<section class=\"image-item\">             <img decoding=\"async\" src=\"https:\/\/upload.cdn.baselinker.com\/products\/3029707\/f48a87a3637d21e0c8504ca7b53b39a7.jpg\" \/>         <\/section>\n<\/p><\/div>\n<\/section>\n<section class=\"section\">\n<div class=\"item item-12\">\n<section class=\"image-item\">             <img decoding=\"async\" src=\"https:\/\/upload.cdn.baselinker.com\/products\/3029707\/2ab7e9bf4bd9167ca239424ae202cc4b.jpg\" \/>         <\/section>\n<\/p><\/div>\n<\/section>\n<section class=\"section\">\n<div class=\"item item-12\">\n<section class=\"image-item\">             <img decoding=\"async\" src=\"https:\/\/upload.cdn.baselinker.com\/products\/3029707\/c284bcc3333997868ca8448b9b4efa1d.jpg\" \/>         <\/section>\n<\/p><\/div>\n<\/section>\n<p><strong>Dodatkowe informacje:<\/strong><\/p>\n","protected":false},"excerpt":{"rendered":"<p>GUNTHER Latawiec Pid\u017camersi Nr kat.: 1218 Licencyjny latawiec z bohaterami bajki Pid\u017camersi niemieckiej firmy Gunther. Wykonany z wytrzyma\u0142ej folii polietylenowej.<\/p>\n","protected":false},"featured_media":1198,"comment_status":"open","ping_status":"closed","template":"","meta":[],"product_brand":[],"product_cat":[645,417],"product_tag":[],"class_list":{"0":"post-1103","1":"product","2":"type-product","3":"status-publish","4":"has-post-thumbnail","6":"product_cat-latawce-gunther","7":"product_cat-zabawki-outdoorowe","9":"first","10":"instock","11":"shipping-taxable","12":"purchasable","13":"product-type-simple"},"_links":{"self":[{"href":"https:\/\/czas.m2web.pl\/index.php?rest_route=\/wp\/v2\/product\/1103","targetHints":{"allow":["GET"]}}],"collection":[{"href":"https:\/\/czas.m2web.pl\/index.php?rest_route=\/wp\/v2\/product"}],"about":[{"href":"https:\/\/czas.m2web.pl\/index.php?rest_route=\/wp\/v2\/types\/product"}],"replies":[{"embeddable":true,"href":"https:\/\/czas.m2web.pl\/index.php?rest_route=%2Fwp%2Fv2%2Fcomments&post=1103"}],"version-history":[{"count":0,"href":"https:\/\/czas.m2web.pl\/index.php?rest_route=\/wp\/v2\/product\/1103\/revisions"}],"wp:featuredmedia":[{"embeddable":true,"href":"https:\/\/czas.m2web.pl\/index.php?rest_route=\/wp\/v2\/media\/1198"}],"wp:attachment":[{"href":"https:\/\/czas.m2web.pl\/index.php?rest_route=%2Fwp%2Fv2%2Fmedia&parent=1103"}],"wp:term":[{"taxonomy":"product_brand","embeddable":true,"href":"https:\/\/czas.m2web.pl\/index.php?rest_route=%2Fwp%2Fv2%2Fproduct_brand&post=1103"},{"taxonomy":"product_cat","embeddable":true,"href":"https:\/\/czas.m2web.pl\/index.php?rest_route=%2Fwp%2Fv2%2Fproduct_cat&post=1103"},{"taxonomy":"product_tag","embeddable":true,"href":"https:\/\/czas.m2web.pl\/index.php?rest_route=%2Fwp%2Fv2%2Fproduct_tag&post=1103"}],"curies":[{"name":"wp","href":"https:\/\/api.w.org\/{rel}","templated":true}]}}