{"id":1180,"date":"2026-01-04T22:50:30","date_gmt":"2026-01-04T21:50:30","guid":{"rendered":"https:\/\/czas.m2web.pl\/?post_type=product&#038;p=1180"},"modified":"2026-01-04T22:50:44","modified_gmt":"2026-01-04T21:50:44","slug":"koszyk-dzwonek-bidon-na-rower-niebieski-680508","status":"publish","type":"product","link":"https:\/\/czas.m2web.pl\/?product=koszyk-dzwonek-bidon-na-rower-niebieski-680508","title":{"rendered":"Koszyk, dzwonek, bidon na rower niebieski 680508"},"content":{"rendered":"<section class=\"section\">\n<div class=\"item item-6\">\n<section class=\"image-item\"><img decoding=\"async\" src=\"https:\/\/upload.cdn.baselinker.com\/products\/3029707\/cf17dcab72b5cf93ecdae6a95967476d.jpg\"><\/section>\n<\/p><\/div>\n<div class=\"item item-6\">\n<section class=\"text-item\">\n<h1>Koszyk, dzwonek, bidon na rower &#8211; niebieski<\/h1>\n<p>Stamp 680508<\/p>\n<p>Wspania\u0142y zestaw na rower. W zestawie: koszyk, dzwonek i bidon.<\/p>\n<p>Koszyk wykonany jest z tworzywa sztucznego i mocuje si\u0119 go za pomoc\u0105 pask\u00f3w za\u0142\u0105czonych w komplecie.<\/p>\n<p>Bidon posiada atesty gwarantuj\u0105ce bezpieczne u\u017cytkowanie.<\/p>\n<ul>\n<li>Wymiary koszyka: 21 cm x 15 cm x 12 cm.<\/li>\n<li>\u015arednica dzwonka: 5,5 cm.<\/li>\n<li>Wiek: 3+.<\/li>\n<\/ul>\n<\/section><\/div>\n<\/section>\n<section class=\"section\">\n<div class=\"item item-12\">\n<section class=\"image-item\"><img decoding=\"async\" src=\"https:\/\/upload.cdn.baselinker.com\/products\/3029707\/cf17dcab72b5cf93ecdae6a95967476d.jpg\"><\/section>\n<\/p><\/div>\n<\/section>\n<p><strong>Dodatkowe informacje:<\/strong><\/p>\n<ul>\n<li><strong>Producent: <\/strong>STAMP S.A.S, 7 Rue Denis Papin, 67400 Illkirch-Graff, France;  emmanuellelaurent@stamp-fr.com<\/li>\n<li><strong>Podmiot odpowiedzialny za wprowadzenie produktu na rynek europejski:<\/strong>\u00a0STAMP S.A.S, 7 Rue Denis Papin, 67400 Illkirch-Graff, France;  emmanuellelaurent@stamp-fr.com<\/li>\n<li><strong>Ostrze\u017cenia na opakowaniu: <\/strong>Ostrze\u017cenia: UWAGA! Nieodpowiednie dla dzieci poni\u017cej 3 roku \u017cycia. Istnieje ryzyko zad\u0142awienia ma\u0142ymi elementami. Przed przekazaniem dziecku nale\u017cy usun\u0105\u0107 wszystkie elementy opakowania. Monta\u017c wy\u0142\u0105cznie przez osob\u0119 doros\u0142\u0105. Czy\u015bci\u0107 wy\u0142\u0105cznie wod\u0105 i myd\u0142em, unika\u0107 produkt\u00f3w chemicznych i rozpuszczalnik\u00f3w. Producent zastrzega sobie mo\u017cliwo\u015b\u0107 zmian kolorystycznych i technicznych. Prosimy zachowa\u0107 opakowanie wraz z ostrze\u017ceniami i pozosta\u0142ymi informacjami do  p\u00f3\u017aniejszej korespondencji. Wyprodukowano w Chinach<\/li>\n<li><strong>Instrukcja obs\u0142ugi jest:<\/strong> NIE<\/li>\n<li><strong>Kraj pochodzenia:<\/strong> CHINY<\/li>\n<\/ul>\n","protected":false},"excerpt":{"rendered":"<p>Koszyk, dzwonek, bidon na rower &#8211; niebieski Stamp 680508 Wspania\u0142y zestaw na rower. W zestawie: koszyk, dzwonek i bidon. Koszyk<\/p>\n","protected":false},"featured_media":1239,"comment_status":"open","ping_status":"closed","template":"","meta":[],"product_brand":[],"product_cat":[898,417],"product_tag":[],"class_list":{"0":"post-1180","1":"product","2":"type-product","3":"status-publish","4":"has-post-thumbnail","6":"product_cat-akcesoria-rowerowe","7":"product_cat-zabawki-outdoorowe","9":"first","10":"instock","11":"shipping-taxable","12":"purchasable","13":"product-type-simple"},"_links":{"self":[{"href":"https:\/\/czas.m2web.pl\/index.php?rest_route=\/wp\/v2\/product\/1180","targetHints":{"allow":["GET"]}}],"collection":[{"href":"https:\/\/czas.m2web.pl\/index.php?rest_route=\/wp\/v2\/product"}],"about":[{"href":"https:\/\/czas.m2web.pl\/index.php?rest_route=\/wp\/v2\/types\/product"}],"replies":[{"embeddable":true,"href":"https:\/\/czas.m2web.pl\/index.php?rest_route=%2Fwp%2Fv2%2Fcomments&post=1180"}],"version-history":[{"count":0,"href":"https:\/\/czas.m2web.pl\/index.php?rest_route=\/wp\/v2\/product\/1180\/revisions"}],"wp:featuredmedia":[{"embeddable":true,"href":"https:\/\/czas.m2web.pl\/index.php?rest_route=\/wp\/v2\/media\/1239"}],"wp:attachment":[{"href":"https:\/\/czas.m2web.pl\/index.php?rest_route=%2Fwp%2Fv2%2Fmedia&parent=1180"}],"wp:term":[{"taxonomy":"product_brand","embeddable":true,"href":"https:\/\/czas.m2web.pl\/index.php?rest_route=%2Fwp%2Fv2%2Fproduct_brand&post=1180"},{"taxonomy":"product_cat","embeddable":true,"href":"https:\/\/czas.m2web.pl\/index.php?rest_route=%2Fwp%2Fv2%2Fproduct_cat&post=1180"},{"taxonomy":"product_tag","embeddable":true,"href":"https:\/\/czas.m2web.pl\/index.php?rest_route=%2Fwp%2Fv2%2Fproduct_tag&post=1180"}],"curies":[{"name":"wp","href":"https:\/\/api.w.org\/{rel}","templated":true}]}}