{"id":1277,"date":"2026-01-04T22:50:51","date_gmt":"2026-01-04T21:50:51","guid":{"rendered":"https:\/\/czas.m2web.pl\/?post_type=product&#038;p=1277"},"modified":"2026-01-04T22:51:13","modified_gmt":"2026-01-04T21:51:13","slug":"jakks-rowerek-dzieciecy-3-kolowy-frozen-ii-601351","status":"publish","type":"product","link":"https:\/\/czas.m2web.pl\/?product=jakks-rowerek-dzieciecy-3-kolowy-frozen-ii-601351","title":{"rendered":"JAKKS Rowerek dzieci\u0119cy 3-ko\u0142owy FROZEN II 601351"},"content":{"rendered":"<section class=\"section\">\n<div class=\"item item-6\">\n<section class=\"image-item\"><img decoding=\"async\" src=\"https:\/\/upload.cdn.baselinker.com\/products\/3029707\/2705b18039ab3eaf081e22a7eaa04da0.jpg\"><\/section>\n<\/p><\/div>\n<div class=\"item item-6\">\n<section class=\"text-item\">\n<h1>JAKKS Pacific Rowerek dzieci\u0119cy 3-ko\u0142owy ze \u015bwiat\u0142ami 15\u2033 Frozen II<\/h1>\n<p>Nr kat.: 601351<\/p>\n<p><b>Wspania\u0142y tr\u00f3jko\u0142owy rowerek dla dziecka z ulubionymi bohaterkami bajki Frozen II.<\/b><\/p>\n<p>Wykonany z wytrzyma\u0142ego tworzywa, z elementami metalowymi.<\/p>\n<p><b>Po wprawieniu rowerka w ruch uruchamiaj\u0105 si\u0119 \u015bwiat\u0142a LED na przednim kole (wymagane baterie: 3x 1,5V (AG13, LR44) \u2013 zawarte w zestawie).<\/b><\/p>\n<p><b>Rowerek wyposa\u017cony w wygodne siedzisko (trzy poziomy ustawienia oparcia) i ergonomiczn\u0105 kierownic\u0119, wyr\u00f3\u017cnia si\u0119 ponadto du\u017cym przednim ko\u0142em.<\/b><\/p>\n<p><b>Specyfikacja:<\/b><\/p>\n<p>\u015arednica ko\u0142a przedniego: 15 cali (38,1 cm), ko\u0142a tylnego: 18,5 cm.<\/p>\n<p>Szeroko\u015b\u0107 kierownicy: 50 cm.<\/p>\n<p>Wymiary: 51 x 83 x 57 cm.<\/p>\n<p>Waga: 3,9 kg.<\/p>\n<p><b>Maksymalna waga dziecka: 32 kg.<\/b><\/p>\n<p><b>Wiek dziecka: 3-7 lat.<\/b><\/p>\n<p>W komplecie ozdobne naklejki do samodzielnego naklejenia.<\/p>\n<p>Produkt zapakowany w oryginalny karton.<\/p>\n<\/section><\/div>\n<\/section>\n<section class=\"section\">\n<div class=\"item item-12\">\n<section class=\"image-item\"><img decoding=\"async\" src=\"https:\/\/upload.cdn.baselinker.com\/products\/3029707\/2705b18039ab3eaf081e22a7eaa04da0.jpg\"><\/section>\n<\/p><\/div>\n<\/section>\n<section class=\"section\">\n<div class=\"item item-12\">\n<section class=\"image-item\"><img decoding=\"async\" src=\"https:\/\/upload.cdn.baselinker.com\/products\/3029707\/c205feec2c49d8e2206bebe0051b68c7.jpg\"><\/section>\n<\/p><\/div>\n<\/section>\n<section class=\"section\">\n<div class=\"item item-12\">\n<section class=\"image-item\"><img decoding=\"async\" src=\"https:\/\/upload.cdn.baselinker.com\/products\/3029707\/807ac3ed557a13335aff529ae35cbc27.jpg\"><\/section>\n<\/p><\/div>\n<\/section>\n<p><strong>Dodatkowe informacje:<\/strong><\/p>\n<ul>\n<li><strong>Producent: <\/strong>JAKKS Pacific. Inc \/ 2951 28th Street | Santa Monica, CA 90405 \/  consumers@jakks.com<\/li>\n<li><strong>Podmiot odpowiedzialny za wprowadzenie produktu na rynek europejski:<\/strong>\u00a0Firma Handlowa PULIO Krzysztof Gebel ul. Kolejowa 3 55-040 Bielany Wroc\u0142awskie  tel. +48 71 352 07 80  biuro@pulio.pl  www.pulio.pl<\/li>\n<li><strong>Ostrze\u017cenia na opakowaniu: <\/strong>OSTRZE\u017bENIA:  Z\u0141O\u017bENIE TYLKO PRZEZ OSOB\u0118 DOROS\u0141\u0104. Niebezpiecze\u0144stwo zad\u0142awienia drobnymi elementami u dzieci poni\u017cej 3 roku \u017cycia! \u2013 zawiera ma\u0142e elementy niezb\u0119dne do z\u0142o\u017cenia. Ma\u0142e elementy z potencjalnie ostrymi ko\u0144cami i kraw\u0119dziami. Trzymaj z dala od dzieci przed z\u0142o\u017ceniem. Wymagany nadz\u00f3r osoby doros\u0142ej. Zawsze nadzoruj dziecko podczas jazdy i upewnij si\u0119, \u017ce u\u017cywa zabawki z ostro\u017cno\u015bci\u0105, poniewa\u017c ten produkt wymaga odpowiednich umiej\u0119tno\u015bci, aby unikn\u0105\u0107 upadk\u00f3w, kolizji i obra\u017ce\u0144 u\u017cytkownika i innych os\u00f3b. Nigdy nie u\u017cywaj w pobli\u017cu pojazd\u00f3w silnikowych. Nigdy nie u\u017cywaj w pobli\u017cu ulic, basen\u00f3w, wzg\u00f3rz, schod\u00f3w lub pochy\u0142ych podjazd\u00f3w. Zawsze no\u015b buty podczas korzystania z tego produktu. Nigdy nie dopuszczaj aby z zabawki korzysta\u0142o wi\u0119cej ni\u017c jedno dziecko w tym samym czasie. Spe\u0142nia wymogi bezpiecze\u0144stwa ASTM F963 oraz ANSI Z315.1. Regularnie sprawdzaj produkt pod k\u0105tem nadmiernego zu\u017cycia lub uszkodze\u0144. Je\u015bli produkt jest uszkodzony, natychmiast wyrzu\u0107. Upewnij si\u0119, \u017ce dziecko ma za\u0142o\u017cone \u015brodki ochronne (kask, r\u0119kawice, ochraniacze na \u0142okcie i kolana). Zaleca si\u0119 jazd\u0119 w obuwiu sportowym z p\u0142ask\u0105 podeszw\u0105. OSTRZE\u017bENIA DOTYCZ\u0104CE BATERII: OS TRZE\u017bE N I E ! Wyciek kwasu akumulatorowego mo\u017ce spowodowa\u0107 zranienie oraz  uszkodzenie zabawki i przedmiot\u00f3w  znajduj\u0105cych si\u0119 w pobli\u017cu. Je\u017celi wyst\u0105pi wyciek kwasu  akumulatorowego nale\u017cy dok\u0142adnie przemy\u0107 sk\u00f3r\u0119 i nie dopu\u015bci\u0107 aby  kwas dosta\u0142 si\u0119 do oczu, uszu, nosa i ust. Natychmiast wyczy\u015bci\u0107 odzie\u017c lub inn\u0105 powierzchni\u0119, kt\u00f3ra mia\u0142a kontakt z kwasem.  Baterie, z kt\u00f3rych wyciek\u0142 kwas akumulatorowy mog\u0105 wydawa\u0107 \u201estrzelaj\u0105ce\u201d d\u017awi\u0119ki. ABY UNIKN\u0104\u0106 PROBLEM\u00d3W Z BATERIAMI: \u2022 Nie nale\u017cy miesza\u0107 ze sob\u0105 baterii r\u00f3\u017cnych typ\u00f3w lub nowych i u\u017cywanych. \u2022 Nale\u017cy u\u017cywa\u0107 jedynie baterii zalecanego typu lub r\u00f3wnowa\u017cnych. \u2022 Nie nale\u017cy u\u017cywa\u0107 baterii przewidzianych do \u0142adowania, chyba \u017ce jest to zalecane. Baterie  nieprzewidziane do\u0142adowania nie mog\u0105 by\u0107 \u0142adowane. Baterie przewidziane do \u0142adowania  mog\u0105 by\u0107 \u0142adowane jedynie po wyj\u0119ciu z produktu pod nadzorem osoby doros\u0142ej. \u2022 Baterie nale\u017cy wk\u0142ada\u0107 z zachowaniem prawid\u0142owej biegunowo\u015bci. Nie wolno zwiera\u0107 zacisk\u00f3w  zasilania. \u2022 Wyj\u0105\u0107 baterie gdy s\u0105 zu\u017cyte. \u2022 Baterie nale\u017cy wyj\u0105\u0107 je\u017celi produkt nie jest u\u017cywany przez d\u0142u\u017cszy czas. \u2022 Zu\u017cyte baterie nale\u017cy wyrzuca\u0107 do odpowiednio oznaczonych pojemnik\u00f3w. \u2022 Zu\u017cytych elektrycznych i elektronicznych produkt\u00f3w nie nale\u017cy umieszcza\u0107 z pozosta\u0142ymi  odpadami domowymi. \u2022 Produkt musi by\u0107 dostarczony do punktu zbi\u00f3rki s\u0142u\u017c\u0105cego recyklingowi urz\u0105dze\u0144 elektrycznych i  elektronicznych. Skontaktuj si\u0119 z w\u0142adzami lokalnymi aby dowiedzie\u0107 si\u0119 o dost\u0119pnych punktach. Wymiana baterii: Baterie s\u0105 zawarte w zestawie 3 x (AG13, LR44)1.5V, jednak\u017ce maj\u0105 charakter wy\u0142\u0105cznie demonstracyjny \u2013 nale\u017cy je  wymieni\u0107 na nowe przed rozpocz\u0119ciem u\u017cywania. BATERIE MUSZ\u0104 BY\u0106 WYMIENIONE PRZEZ OSOB\u0118 DOROS\u0141\u0104. 1. Zlokalizuj pokryw\u0119 baterii (sp\u00f3jrz na obrazek)  2. U\u017cyj \u015brubokr\u0119tu (niezawarty w zestawie) aby odkr\u0119ci\u0107 \u015brubki pokrywy. 3. W\u0142\u00f3\u017c nowe baterie. 4. Na\u0142\u00f3\u017c pokryw\u0119 i przykr\u0119\u0107 \u015brubki. 5. Je\u015bli zauwa\u017cysz blakni\u0119cie lub brak \u015bwiat\u0142a, mo\u017ce by\u0107 konieczna wymiana baterii. 6. Upewnij si\u0119, \u017ce O\u015aWIETLENIE KO\u0141A LED jest zawsze w\u0142o\u017cone do szczeliny przedniego ko\u0142a. W \u015brodowisku z wy\u0142adowaniami elektrostatycznymi produkt mo\u017ce dzia\u0142a\u0107 nieprawid\u0142owo i wymaga\u0107 ponownej  instalacji baterii w celu zresetowania. 2021 wyprodukowano dla JAKKS PACIFIC, INC., 2951 28TH ST., SANTA MONICA, CA 90405 USA.  WYPRODUKOWANO W CHINACH. Producent zastrzega sobie mo\u017cliwo\u015b\u0107 zmian kolorystycznych i technicznych. Zachowaj  opakowanie i instrukcje. Usu\u0144 wszystkie elementy opakowania przed przekazaniem dziecku.   Czyszczenie: Przetrzyj wilgotn\u0105 szmatk\u0105. W razie konieczno\u015bci u\u017cyj \u0142agodnego detergentu.<\/li>\n<li><strong>Instrukcja obs\u0142ugi jest:<\/strong> za\u0142\u0105cznik<\/li>\n<li><strong>Kraj pochodzenia:<\/strong> CHINY<\/li>\n<\/ul>\n","protected":false},"excerpt":{"rendered":"<p>JAKKS Pacific Rowerek dzieci\u0119cy 3-ko\u0142owy ze \u015bwiat\u0142ami 15\u2033 Frozen II Nr kat.: 601351 Wspania\u0142y tr\u00f3jko\u0142owy rowerek dla dziecka z ulubionymi<\/p>\n","protected":false},"featured_media":1377,"comment_status":"open","ping_status":"closed","template":"","meta":[],"product_brand":[],"product_cat":[16],"product_tag":[],"class_list":{"0":"post-1277","1":"product","2":"type-product","3":"status-publish","4":"has-post-thumbnail","6":"product_cat-import","8":"first","9":"instock","10":"shipping-taxable","11":"purchasable","12":"product-type-simple"},"_links":{"self":[{"href":"https:\/\/czas.m2web.pl\/index.php?rest_route=\/wp\/v2\/product\/1277","targetHints":{"allow":["GET"]}}],"collection":[{"href":"https:\/\/czas.m2web.pl\/index.php?rest_route=\/wp\/v2\/product"}],"about":[{"href":"https:\/\/czas.m2web.pl\/index.php?rest_route=\/wp\/v2\/types\/product"}],"replies":[{"embeddable":true,"href":"https:\/\/czas.m2web.pl\/index.php?rest_route=%2Fwp%2Fv2%2Fcomments&post=1277"}],"version-history":[{"count":0,"href":"https:\/\/czas.m2web.pl\/index.php?rest_route=\/wp\/v2\/product\/1277\/revisions"}],"wp:featuredmedia":[{"embeddable":true,"href":"https:\/\/czas.m2web.pl\/index.php?rest_route=\/wp\/v2\/media\/1377"}],"wp:attachment":[{"href":"https:\/\/czas.m2web.pl\/index.php?rest_route=%2Fwp%2Fv2%2Fmedia&parent=1277"}],"wp:term":[{"taxonomy":"product_brand","embeddable":true,"href":"https:\/\/czas.m2web.pl\/index.php?rest_route=%2Fwp%2Fv2%2Fproduct_brand&post=1277"},{"taxonomy":"product_cat","embeddable":true,"href":"https:\/\/czas.m2web.pl\/index.php?rest_route=%2Fwp%2Fv2%2Fproduct_cat&post=1277"},{"taxonomy":"product_tag","embeddable":true,"href":"https:\/\/czas.m2web.pl\/index.php?rest_route=%2Fwp%2Fv2%2Fproduct_tag&post=1277"}],"curies":[{"name":"wp","href":"https:\/\/api.w.org\/{rel}","templated":true}]}}