{"id":1362,"date":"2026-01-04T22:51:12","date_gmt":"2026-01-04T21:51:12","guid":{"rendered":"https:\/\/czas.m2web.pl\/?post_type=product&#038;p=1362"},"modified":"2026-01-04T22:51:27","modified_gmt":"2026-01-04T21:51:27","slug":"hulajnoga-trojkolowa-spidey-stamp-330050","status":"publish","type":"product","link":"https:\/\/czas.m2web.pl\/?product=hulajnoga-trojkolowa-spidey-stamp-330050","title":{"rendered":"Hulajnoga tr\u00f3jko\u0142owa Spidey Stamp 330050"},"content":{"rendered":"<section class=\"section\">\n<div class=\"item item-6\">\n<section class=\"image-item\">             <img decoding=\"async\" src=\"https:\/\/upload.cdn.baselinker.com\/products\/3029707\/12aba68758b05709977976a4d2e1d494.jpg\" \/>         <\/section>\n<\/p><\/div>\n<div class=\"item item-6\">\n<section class=\"text-item\">\n<h1>Hulajnoga tr\u00f3jko\u0142owa Spidey<\/h1>\n<p>330050 Stamp<\/p>\n<p>Metalowa hulajnoga tr\u00f3jko\u0142owa z motywem Spidey. Posiada wygodne uchwyty, antypo\u015blizgowy podest, ko\u0142a pokryte materia\u0142em PVC (polichlorek winylu).<\/p>\n<p>Rozwija umiej\u0119tno\u015bci ruchowe i uczy r\u00f3wnowagi.<\/p>\n<ul>\n<li>Maks. obci\u0105\u017cenie: do 20 kg.<\/li>\n<li>Wysoko\u015b\u0107 kierownicy regulowana: 63-70 cm.<\/li>\n<li>\u015arednica ko\u0142a przedniego: 14 cm, k\u00f3\u0142 tylnych: 12 cm.<\/li>\n<li>Szeroko\u015b\u0107 kierownicy: 33 cm.<\/li>\n<li>Wymiary podestu: d\u0142. 23 cm, szer. 11 cm.<\/li>\n<li>Zapakowana w oryginalny karton.<\/li>\n<li>Ozdobna tabliczka na kierownic\u0119.<\/li>\n<li>Wymiary opakowania: 48 x 22 x 12 cm.<\/li>\n<\/ul>\n<p>Hulajnoga pozwala na zabaw\u0119 zar\u00f3wno w domu jak i na dworze.<\/p>\n<p>Wiek: od 2 lat.<\/p>\n<\/section><\/div>\n<\/section>\n<section class=\"section\">\n<div class=\"item item-12\">\n<section class=\"image-item\">             <img decoding=\"async\" src=\"https:\/\/upload.cdn.baselinker.com\/products\/3029707\/12aba68758b05709977976a4d2e1d494.jpg\" \/>         <\/section>\n<\/p><\/div>\n<\/section>\n<p><strong>Dodatkowe informacje:<\/strong><\/p>\n<ul>\n<li><strong>Producent: <\/strong>STAMP S.A.S, 7 Rue Denis Papin, 67400 Illkirch-Graff, France;  emmanuellelaurent@stamp-fr.com<\/li>\n<li><strong>Podmiot odpowiedzialny za wprowadzenie produktu na rynek europejski:<\/strong>\u00a0STAMP S.A.S, 7 Rue Denis Papin, 67400 Illkirch-Graff, France;  emmanuellelaurent@stamp-fr.com<\/li>\n<li><strong>Ostrze\u017cenia na opakowaniu: <\/strong>Wiek: 2 &#8211; 4 lat; Waga maksymalna: 20kg; Instrukcja u\u017cytkowania wewn\u0105trz opakowania. Ostrze\u017cenia:  Monta\u017cu mo\u017ce dokona\u0107 jedynie osoba doros\u0142a. Zabawka powinna by\u0107 u\u017cytkowana jedynie pod opiek\u0105 osoby doros\u0142ej. Podczas u\u017cytkowania zawsze nale\u017cy zak\u0142ada\u0107 ubranie ochronne (kask, r\u0119kawice, ochraniacze na \u0142okcie i kolana). Zabronione jest u\u017cytkowanie na drogach publicznych, do u\u017cytku jedynie w miejscach prywatnych. Nie u\u017cywaj po ciemku ani przy ograniczonej widoczno\u015bci, w pobli\u017cu basenu, na chodniku ani pochy\u0142ych powierzchniach. Zabawka przeznaczona tylko dla jednego dziecka jednocze\u015bnie. Przed przekazaniem dziecku, nale\u017cy usun\u0105\u0107 wszystkie elementy opakowania oraz upewni\u0107 si\u0119, \u017ce wszystkie \u015bruby s\u0105 dok\u0142adnie dokr\u0119cone. Opakowanie nie stanowi cz\u0119\u015bci zabawki! Producent zastrzega sobie mo\u017cliwo\u015b\u0107 zmian kolorystycznych i technicznych. Prosimy zachowa\u0107 opakowanie wraz z ostrze\u017ceniami i pozosta\u0142ymi informacjami do p\u00f3\u017aniejszej korespondencji. Wyprodukowano w Chinach<\/li>\n<li><strong>Instrukcja obs\u0142ugi jest:<\/strong> OSTRZE\u017bENIE: UWAGA! Nale\u017cy stosowa\u0107 \u015brodki ochrony indywidualnej. Nie u\u017cywa\u0107 w ruchu ulicznym. Maksymalne dopuszczalne obci\u0105\u017cenie \u2013 20 kg. OSTRZE\u017bENIE: Przed przekazaniem dziecku nale\u017cy usun\u0105\u0107 wszystkie elementy opakowania. Producent zastrzega sobie prawo zmian kolorystycznych i technicznych. Produkt mo\u017ce byc u\u017cytkowany jedynie przez osob\u0119 posiadaj\u0105c\u0105 odpowiednie umiej\u0119tno\u015bci aby unikn\u0105\u0107 upadk\u00f3w i kolizji mog\u0105cych powodowa\u0107 urazy u\u017cytkownika lub os\u00f3b trzecich.   Produkt powinien by\u0107 zmontowany przez odpowiedzialn\u0105 osob\u0119 doros\u0142\u0105. Prosz\u0119 post\u0119powa\u0107 zgodnie z instrukcj\u0105 monta\u017cu i przed pozwoleniem dziecku na je\u017cd\u017cenie sprawdzi\u0107, czy  podcz\u0119\u015bci s\u0105 zainstalowane prawid\u0142owo a urz\u0105dzenia blokuj\u0105ce dzia\u0142aj\u0105.  Instrukcja monta\u017cu Ten produkt powinien zosta\u0107 zmontowany przez osob\u0119 doros\u0142\u0105. Trzymaj ma\u0142e, lu\u017ane cz\u0119\u015bci i plastikowe torebki poza zasi\u0119giem dzieci. Opis poszczeg\u00f3lnych cz\u0119\u015bci znajduje si\u0119 na rysunku.  Monta\u017c tylnego ko\u0142a &#8211;\tW\u0142\u00f3\u017c o\u015b do dziury w lewym tylnym kole, uszczelk\u0119, plastikow\u0105 przek\u0142adk\u0119, ram\u0119, plastikow\u0105 przek\u0142adk\u0119, uszczelk\u0119 i prawe tylne ko\u0142o.  &#8211;\tPrzykr\u0119\u0107 nakr\u0119tki (na ko\u0144cach lewego i prawego ko\u0142a) kluczem nasadowym.  Wa\u017cne: Wyjmij hulajnog\u0119 3-ko\u0142ow\u0105 i cz\u0119\u015bci z opakowania. Po\u0142\u00f3\u017c je p\u0142asko i przed rozpocz\u0119ciem monta\u017cu zapoznaj si\u0119 ze schematami w instrukcji. Zatrzymaj wszystkie cz\u0119\u015bci opakowania a\u017c do uko\u0144czenia monta\u017cu.  Czyszczenie Zabawka ta zosta\u0142a zaprojektowana w taki spos\u00f3b, aby czy\u015bci\u0107 j\u0105 wod\u0105 i myd\u0142em.  Ze wzgl\u0119du na higien\u0119 swojego dziecka, utrzymuj zabawk\u0119 w czysto\u015bci.  Odpowiedzialno\u015b\u0107 osoby doros\u0142ej: Przed pozwoleniem dziecku na jazd\u0119 na hulajnodze, upewnij si\u0119, \u017ce spe\u0142nione zosta\u0142y nast\u0119puj\u0105ce wymagania: &#8211;\tWysoce rekomendowany jest nadz\u00f3r osoby doros\u0142ej nad dzieckiem bawi\u0105cym si\u0119 hulajnog\u0105. &#8211;\tDzieci musza zosta\u0107 nauczone, jak bezpiecznie je\u017adzi\u0107 na hulajnodze. &#8211;\tPrzed pozwoleniem dziecku na jazd\u0119 na hulajnodze, sprawd\u017a czy \u017cadne czynniki nie mog\u0105 spowodowa\u0107 wypadku.  &#8211;\tNie pozwalaj dziecku je\u017adzi\u0107 na hulajnodze noc\u0105. &#8211;\tAby zapobiec ofiarom, nie pozwalaj dziecku je\u017adzi\u0107 na drogach publicznych i na obszarach gdzie obowi\u0105zuje ruch drogowy. Bezpieczne obszary do zabawy to: zamkni\u0119te podw\u00f3rka, parki&#8230; &#8211;\tNie pozwalaj dziecku na zabaw\u0119 na zboczach, w pobli\u017cu staw\u00f3w, schod\u00f3w i obok ma\u0142ych dzieci. &#8211;\tUpewnij si\u0119, \u017ce ubrania i dodatki dziecka nie zak\u0142\u00f3caj\u0105 jego zdolno\u015bci widzenia, s\u0142yszenia i poruszania si\u0119. &#8211;\tNie pozwalaj na jednoczesn\u0105 jazd\u0119 wi\u0119cej ni\u017c jednego dziecka na hulajnodze.  Upewnij si\u0119, \u017ce dziecko ma za\u0142o\u017cone \u015brodki ochronne (kask, r\u0119kawice, ochraniacze na \u0142okcie i kolana). Zaleca si\u0119 jazd\u0119 w obuwiu sportowym z p\u0142ask\u0105 podeszw\u0105.<\/li>\n<li><strong>Kraj pochodzenia:<\/strong> CHINY<\/li>\n<\/ul>\n","protected":false},"excerpt":{"rendered":"<p>Hulajnoga tr\u00f3jko\u0142owa Spidey 330050 Stamp Metalowa hulajnoga tr\u00f3jko\u0142owa z motywem Spidey. Posiada wygodne uchwyty, antypo\u015blizgowy podest, ko\u0142a pokryte materia\u0142em PVC<\/p>\n","protected":false},"featured_media":1416,"comment_status":"open","ping_status":"closed","template":"","meta":[],"product_brand":[],"product_cat":[418,417],"product_tag":[],"class_list":{"0":"post-1362","1":"product","2":"type-product","3":"status-publish","4":"has-post-thumbnail","6":"product_cat-hulajnogi-i-rowerki","7":"product_cat-zabawki-outdoorowe","9":"first","10":"instock","11":"shipping-taxable","12":"purchasable","13":"product-type-simple"},"_links":{"self":[{"href":"https:\/\/czas.m2web.pl\/index.php?rest_route=\/wp\/v2\/product\/1362","targetHints":{"allow":["GET"]}}],"collection":[{"href":"https:\/\/czas.m2web.pl\/index.php?rest_route=\/wp\/v2\/product"}],"about":[{"href":"https:\/\/czas.m2web.pl\/index.php?rest_route=\/wp\/v2\/types\/product"}],"replies":[{"embeddable":true,"href":"https:\/\/czas.m2web.pl\/index.php?rest_route=%2Fwp%2Fv2%2Fcomments&post=1362"}],"version-history":[{"count":0,"href":"https:\/\/czas.m2web.pl\/index.php?rest_route=\/wp\/v2\/product\/1362\/revisions"}],"wp:featuredmedia":[{"embeddable":true,"href":"https:\/\/czas.m2web.pl\/index.php?rest_route=\/wp\/v2\/media\/1416"}],"wp:attachment":[{"href":"https:\/\/czas.m2web.pl\/index.php?rest_route=%2Fwp%2Fv2%2Fmedia&parent=1362"}],"wp:term":[{"taxonomy":"product_brand","embeddable":true,"href":"https:\/\/czas.m2web.pl\/index.php?rest_route=%2Fwp%2Fv2%2Fproduct_brand&post=1362"},{"taxonomy":"product_cat","embeddable":true,"href":"https:\/\/czas.m2web.pl\/index.php?rest_route=%2Fwp%2Fv2%2Fproduct_cat&post=1362"},{"taxonomy":"product_tag","embeddable":true,"href":"https:\/\/czas.m2web.pl\/index.php?rest_route=%2Fwp%2Fv2%2Fproduct_tag&post=1362"}],"curies":[{"name":"wp","href":"https:\/\/api.w.org\/{rel}","templated":true}]}}