{"id":1364,"date":"2026-01-04T22:51:12","date_gmt":"2026-01-04T21:51:12","guid":{"rendered":"https:\/\/czas.m2web.pl\/?post_type=product&#038;p=1364"},"modified":"2026-01-04T22:51:30","modified_gmt":"2026-01-04T21:51:30","slug":"hulajnoga-dwukolowa-hot-wheels-500042-stamp","status":"publish","type":"product","link":"https:\/\/czas.m2web.pl\/?product=hulajnoga-dwukolowa-hot-wheels-500042-stamp","title":{"rendered":"Hulajnoga dwuko\u0142owa Hot Wheels 500042 Stamp"},"content":{"rendered":"<section class=\"section\">\n<div class=\"item item-6\">\n<section class=\"image-item\">             <img decoding=\"async\" src=\"https:\/\/upload.cdn.baselinker.com\/products\/3029707\/8af982fddc8d4b8520c8ed5063e77eba.jpg\" \/>         <\/section>\n<\/p><\/div>\n<div class=\"item item-6\">\n<section class=\"text-item\">\n<h1>Hulajnoga dwuko\u0142owa Hot Wheels<\/h1>\n<p>Nr kat.: 500042 Stamp<\/p>\n<p><b>Hulajnoga dwuko\u0142owa z motywem Hot Wheels.<\/b><\/p>\n<p>Posiada lekk\u0105, aluminiow\u0105 konstrukcj\u0119, antypo\u015blizgowy podest, hamulec tylnego ko\u0142a oraz k\u00f3\u0142ka z polichlorku winylu (PVC).<\/p>\n<p><b>Mo\u017cna j\u0105 w \u0142atwy i szybki spos\u00f3b z\u0142o\u017cy\u0107, co u\u0142atwia transport i przechowywanie.<\/b><\/p>\n<ul>\n<li>Rozmiar k\u00f3\u0142: 125 mm.<\/li>\n<li>Regulowana wysoko\u015b\u0107 kierownicy: 70\u201380 cm.<\/li>\n<li>Wymiary podestu: d\u0142. 35 cm, szer. 10 cm.<\/li>\n<li>Maksymalne obci\u0105\u017cenie: 50 kg.<\/li>\n<li>Wiek: 4+.<\/li>\n<li>Zapakowana w oryginalny karton.<\/li>\n<\/ul>\n<\/section><\/div>\n<\/section>\n<section class=\"section\">\n<div class=\"item item-12\">\n<section class=\"image-item\">             <img decoding=\"async\" src=\"https:\/\/upload.cdn.baselinker.com\/products\/3029707\/8af982fddc8d4b8520c8ed5063e77eba.jpg\" \/>         <\/section>\n<\/p><\/div>\n<\/section>\n<section class=\"section\">\n<div class=\"item item-12\">\n<section class=\"image-item\">             <img decoding=\"async\" src=\"https:\/\/upload.cdn.baselinker.com\/products\/3029707\/c835ede12f6e04c85a8ba6a1b3745f05.jpg\" \/>         <\/section>\n<\/p><\/div>\n<\/section>\n<section class=\"section\">\n<div class=\"item item-12\">\n<section class=\"image-item\">             <img decoding=\"async\" src=\"https:\/\/upload.cdn.baselinker.com\/products\/3029707\/3df44cc81f17968f317cfcaa6baec9c2.jpg\" \/>         <\/section>\n<\/p><\/div>\n<\/section>\n<p><strong>Dodatkowe informacje:<\/strong><\/p>\n<ul>\n<li><strong>Producent: <\/strong>STAMP S.A.S, 7 Rue Denis Papin, 67400 Illkirch-Graff, France;  emmanuellelaurent@stamp-fr.com<\/li>\n<li><strong>Podmiot odpowiedzialny za wprowadzenie produktu na rynek europejski:<\/strong>\u00a0STAMP S.A.S, 7 Rue Denis Papin, 67400 Illkirch-Graff, France;  emmanuellelaurent@stamp-fr.com<\/li>\n<li><strong>Ostrze\u017cenia na opakowaniu: <\/strong>Wiek: 3+; Waga maksymalna: 50kg; Instrukcja u\u017cytkowania wewn\u0105trz opakowania.  Ostrze\u017cenia: Uwaga! Nieodpowiednie dla dzieci poni\u017cej 3 roku \u017cycia. Ryzyko zad\u0142awienia ma\u0142ymi elementami. Monta\u017cu mo\u017ce dokona\u0107 jedynie osoba doros\u0142a. Zabawka powinna by\u0107 u\u017cytkowana jedynie pod opiek\u0105 osoby doros\u0142ej. Podczas u\u017cytkowania zawsze nale\u017cy zak\u0142ada\u0107 ubranie ochronne (kask, r\u0119kawice, ochraniacze na \u0142okcie i kolana). Zabronione jest u\u017cytkowanie na drogach publicznych, do u\u017cytku jedynie w miejscach prywatnych. Nie u\u017cywaj po ciemku ani przy ograniczonej widoczno\u015bci, w pobli\u017cu basenu, na chodniku ani pochy\u0142ych powierzchniach. Zabawka przeznaczona tylko dla jednego dziecka jednocze\u015bnie. Przed przekazaniem dziecku, nale\u017cy usun\u0105\u0107 wszystkie elementy opakowania oraz upewni\u0107 si\u0119, \u017ce wszystkie \u015bruby s\u0105 dok\u0142adnie dokr\u0119cone. Opakowanie nie stanowi cz\u0119\u015bci zabawki! Producent zastrzega sobie mo\u017cliwo\u015b\u0107 zmian kolorystycznych i technicznych. Prosimy zachowa\u0107 opakowanie wraz z ostrze\u017ceniami i pozosta\u0142ymi informacjami do p\u00f3\u017aniejszej korespondencji. Wyprodukowano w Chinach<\/li>\n<li><strong>Instrukcja obs\u0142ugi jest:<\/strong> OSTRZE\u017bENIE: UWAGA! Nale\u017cy stosowa\u0107 \u015brodki ochrony indywidualnej. Nie u\u017cywa\u0107 w ruchu ulicznym. Maksymalne dopuszczalne obci\u0105\u017cenie \u2013 50 kg.  OSTRZE\u017bENIE: UWAGA! Nieodpowiednie dla dzieci poni\u017cej 3 roku \u017cycia! Zestaw zawiera ma\u0142e elementy, kt\u00f3re mog\u0105 by\u0107 po\u0142kni\u0119te, co grozi uduszeniem. Przed przekazaniem dziecku nale\u017cy usun\u0105\u0107 wszystkie elementy opakowania. Producent zastrzega sobie prawo zmian kolorystycznych i technicznych. Produkt mo\u017ce byc u\u017cytkowany jedynie przez osob\u0119 posiadaj\u0105c\u0105 odpowiednie umiej\u0119tno\u015bci.  UWAGI DOTYCZ\u0104CE SK\u0141ADANIA HULAJNOGI: Sk\u0142adanie mo\u017ce odbywa\u0107 si\u0119 jedynie przez osob\u0119 doros\u0142\u0105.  Przed przyst\u0105pieniem do sk\u0142adania hulajnogi zapozna\u0107 si\u0119 z instrukcj\u0105 sk\u0142adania i rozk\u0142adania znajduj\u0105c\u0105 si\u0119 na obrazkach.   Przed u\u017cyciem ka\u017cdorazowo sprawdzi\u0107 i upewni\u0107 si\u0119, \u017ce wszystkie elementy s\u0105 odpowiednio przymocowane, a po\u0142\u0105czenia \u015brubowe dokr\u0119cone. Regularnie sprawdza\u0107 stan \u015brub, gdy\u017c z czasem mog\u0105 ule\u0107 zu\u017cyciu. W celu zapewnienia bezpiecze\u0144stwa podczas zabawy, hulajnoga musi by\u0107 z\u0142o\u017cona zgodnie z instrukcj\u0105. Wprowadzanie jakichkolwiek zmian w hulajnodze jest zakazane.  UWAGI DOTYCZ\u0104CE U\u017bYWANIA HULAJNOGI: U\u017cywanie hulajnogi wymaga du\u017cej precyzji i umiej\u0119tno\u015bci, nale\u017cy u\u017cytkowa\u0107 j\u0105 ostro\u017cnie, aby unikn\u0105\u0107 wypadk\u00f3w.   Jazda powinna odbywa\u0107 si\u0119 wy\u0142\u0105cznie pod nadzorem osoby doros\u0142ej, odpowiedzialnej za dziecko. Nauczenie dziecka bezpiecznej jazdy i zatrzymywania si\u0119 bez powodowania niebezpiecze\u0144stw nale\u017cy do rodzica lub opiekuna.   Hulajnoga mo\u017ce by\u0107 u\u017cywana jednocze\u015bnie przez jedno dziecko. U\u017cywaj na suchych, g\u0142adkich i p\u0142askich nawierzchniach, z dala od piasku, \u017cwiru czy b\u0142ota.  Nie u\u017cywa\u0107 na pochy\u0142o\u015bciach i w pobli\u017cu schod\u00f3w lub kraw\u0119\u017cnik\u00f3w. Nie u\u017cywa\u0107 po ciemku lub w warunkach s\u0142abej widoczno\u015bci.  Nie wolno holowa\u0107 zabawki przez rower, samoch\u00f3d ani inny pojazd w trakcie u\u017cywania.    Aby unikn\u0105\u0107 niebezpiecze\u0144stw, nigdy nie u\u017cywaj hulajnogi w ruchu drogowym. U\u017cywaj na drogach prywatnych, w parkach lub na zamkni\u0119tych placach.  Upewnij si\u0119, \u017ce dziecko ma za\u0142o\u017cone \u015brodki ochronne (kask, r\u0119kawice, ochraniacze na \u0142okcie i kolana). Zaleca si\u0119 jazd\u0119 w obuwiu sportowym z p\u0142ask\u0105 podeszw\u0105.<\/li>\n<li><strong>Kraj pochodzenia:<\/strong> CHINY<\/li>\n<\/ul>\n","protected":false},"excerpt":{"rendered":"<p>Hulajnoga dwuko\u0142owa Hot Wheels Nr kat.: 500042 Stamp Hulajnoga dwuko\u0142owa z motywem Hot Wheels. Posiada lekk\u0105, aluminiow\u0105 konstrukcj\u0119, antypo\u015blizgowy podest,<\/p>\n","protected":false},"featured_media":1423,"comment_status":"open","ping_status":"closed","template":"","meta":[],"product_brand":[],"product_cat":[418,417],"product_tag":[],"class_list":{"0":"post-1364","1":"product","2":"type-product","3":"status-publish","4":"has-post-thumbnail","6":"product_cat-hulajnogi-i-rowerki","7":"product_cat-zabawki-outdoorowe","9":"first","10":"instock","11":"shipping-taxable","12":"purchasable","13":"product-type-simple"},"_links":{"self":[{"href":"https:\/\/czas.m2web.pl\/index.php?rest_route=\/wp\/v2\/product\/1364","targetHints":{"allow":["GET"]}}],"collection":[{"href":"https:\/\/czas.m2web.pl\/index.php?rest_route=\/wp\/v2\/product"}],"about":[{"href":"https:\/\/czas.m2web.pl\/index.php?rest_route=\/wp\/v2\/types\/product"}],"replies":[{"embeddable":true,"href":"https:\/\/czas.m2web.pl\/index.php?rest_route=%2Fwp%2Fv2%2Fcomments&post=1364"}],"version-history":[{"count":0,"href":"https:\/\/czas.m2web.pl\/index.php?rest_route=\/wp\/v2\/product\/1364\/revisions"}],"wp:featuredmedia":[{"embeddable":true,"href":"https:\/\/czas.m2web.pl\/index.php?rest_route=\/wp\/v2\/media\/1423"}],"wp:attachment":[{"href":"https:\/\/czas.m2web.pl\/index.php?rest_route=%2Fwp%2Fv2%2Fmedia&parent=1364"}],"wp:term":[{"taxonomy":"product_brand","embeddable":true,"href":"https:\/\/czas.m2web.pl\/index.php?rest_route=%2Fwp%2Fv2%2Fproduct_brand&post=1364"},{"taxonomy":"product_cat","embeddable":true,"href":"https:\/\/czas.m2web.pl\/index.php?rest_route=%2Fwp%2Fv2%2Fproduct_cat&post=1364"},{"taxonomy":"product_tag","embeddable":true,"href":"https:\/\/czas.m2web.pl\/index.php?rest_route=%2Fwp%2Fv2%2Fproduct_tag&post=1364"}],"curies":[{"name":"wp","href":"https:\/\/api.w.org\/{rel}","templated":true}]}}