{"id":1374,"date":"2026-01-04T22:51:12","date_gmt":"2026-01-04T21:51:12","guid":{"rendered":"https:\/\/czas.m2web.pl\/?post_type=product&#038;p=1374"},"modified":"2026-01-04T22:51:40","modified_gmt":"2026-01-04T21:51:40","slug":"samolot-wojskowy-heinkel-he-177-skala-1144-atlas-4646110","status":"publish","type":"product","link":"https:\/\/czas.m2web.pl\/?product=samolot-wojskowy-heinkel-he-177-skala-1144-atlas-4646110","title":{"rendered":"Samolot wojskowy Heinkel He 177 skala 1:144 ATLAS 4646110"},"content":{"rendered":"<section class=\"section\">\n<div class=\"item item-6\">\n<section class=\"image-item\">             <img decoding=\"async\" src=\"https:\/\/upload.cdn.baselinker.com\/products\/3029707\/b67a499b1c11888ef131f1a22b77c136.jpg\" \/>         <\/section>\n<\/p><\/div>\n<div class=\"item item-6\">\n<section class=\"text-item\">\n<h2>ATLAS Collection Jet Age Military Aircraft<\/h2>\n<h1>Heinkel He 177<\/h1>\n<h2>(Heinkel He 177 Greif &#8211; KG 40, Luftwaffe, 1944)<\/h2>\n<p>Nr kat.: 4646110<\/p>\n<p><b>Model niemieckiego ci\u0119\u017ckiego samolotu bombowego dalekiego zasi\u0119gu z okresu II wojny \u015bwiatowej.<\/b><\/p>\n<ul>\n<li>Materia\u0142: metal+tworzywo sztuczne.<\/li>\n<li>Skala 1:144<\/li>\n<li>Wymiary samolotu: d\u0142. 13,5 cm, szer. 21,5 cm.<\/li>\n<li>Wymiary opakowania: 26 x 23 x 6,2 cm.<\/li>\n<\/ul>\n<p><b>W komplecie podstawka ekspozycyjna z nazw\u0105 modelu oraz ko\u0142a do samodzielnego monta\u017cu.<\/b><\/p>\n<p>Model wykonany z du\u017c\u0105 dba\u0142o\u015bci\u0105 o detale. B\u0119dzie si\u0119 wspaniale prezentowa\u0142 na p\u00f3\u0142ce lub biurku kolekcjonera.<\/p>\n<p>Model zapakowany w styropianowe opakowanie, zabezpieczaj\u0105ce przed uszkodzeniami.<\/p>\n<p>Wiek: 14+.<\/p>\n<\/section><\/div>\n<\/section>\n<section class=\"section\">\n<div class=\"item item-12\">\n<section class=\"image-item\">             <img decoding=\"async\" src=\"https:\/\/upload.cdn.baselinker.com\/products\/3029707\/b67a499b1c11888ef131f1a22b77c136.jpg\" \/>         <\/section>\n<\/p><\/div>\n<\/section>\n<section class=\"section\">\n<div class=\"item item-6\">\n<section class=\"text-item\">\n<h1>ZDJ\u0118CIE POGL\u0104DOWE OPAKOWANIA<\/h1>\n<\/section><\/div>\n<div class=\"item item-6\">\n<section class=\"image-item\">             <img decoding=\"async\" src=\"https:\/\/upload.cdn.baselinker.com\/products\/3029707\/75a4d9690d5992722a470e5bb0239524.jpg\" \/>         <\/section>\n<\/p><\/div>\n<\/section>\n<section class=\"section\">\n<div class=\"item item-6\">\n<section class=\"text-item\">\n<h1>ZDJ\u0118CIE POGL\u0104DOWE OPAKOWANIA<\/h1>\n<\/section><\/div>\n<div class=\"item item-6\">\n<section class=\"image-item\">             <img decoding=\"async\" src=\"https:\/\/upload.cdn.baselinker.com\/products\/3029707\/797426e256a03db4c154acd77c355ff5.jpg\" \/>         <\/section>\n<\/p><\/div>\n<\/section>\n<p><strong>Dodatkowe informacje:<\/strong><\/p>\n","protected":false},"excerpt":{"rendered":"<p>ATLAS Collection Jet Age Military Aircraft Heinkel He 177 (Heinkel He 177 Greif &#8211; KG 40, Luftwaffe, 1944) Nr kat.:<\/p>\n","protected":false},"featured_media":1467,"comment_status":"open","ping_status":"closed","template":"","meta":[],"product_brand":[],"product_cat":[19,21,1026],"product_tag":[],"class_list":{"0":"post-1374","1":"product","2":"type-product","3":"status-publish","4":"has-post-thumbnail","6":"product_cat-dla-chlopca","7":"product_cat-pojazdy-2","8":"product_cat-samoloty-i-smiglowce","10":"first","11":"instock","12":"shipping-taxable","13":"purchasable","14":"product-type-simple"},"_links":{"self":[{"href":"https:\/\/czas.m2web.pl\/index.php?rest_route=\/wp\/v2\/product\/1374","targetHints":{"allow":["GET"]}}],"collection":[{"href":"https:\/\/czas.m2web.pl\/index.php?rest_route=\/wp\/v2\/product"}],"about":[{"href":"https:\/\/czas.m2web.pl\/index.php?rest_route=\/wp\/v2\/types\/product"}],"replies":[{"embeddable":true,"href":"https:\/\/czas.m2web.pl\/index.php?rest_route=%2Fwp%2Fv2%2Fcomments&post=1374"}],"version-history":[{"count":0,"href":"https:\/\/czas.m2web.pl\/index.php?rest_route=\/wp\/v2\/product\/1374\/revisions"}],"wp:featuredmedia":[{"embeddable":true,"href":"https:\/\/czas.m2web.pl\/index.php?rest_route=\/wp\/v2\/media\/1467"}],"wp:attachment":[{"href":"https:\/\/czas.m2web.pl\/index.php?rest_route=%2Fwp%2Fv2%2Fmedia&parent=1374"}],"wp:term":[{"taxonomy":"product_brand","embeddable":true,"href":"https:\/\/czas.m2web.pl\/index.php?rest_route=%2Fwp%2Fv2%2Fproduct_brand&post=1374"},{"taxonomy":"product_cat","embeddable":true,"href":"https:\/\/czas.m2web.pl\/index.php?rest_route=%2Fwp%2Fv2%2Fproduct_cat&post=1374"},{"taxonomy":"product_tag","embeddable":true,"href":"https:\/\/czas.m2web.pl\/index.php?rest_route=%2Fwp%2Fv2%2Fproduct_tag&post=1374"}],"curies":[{"name":"wp","href":"https:\/\/api.w.org\/{rel}","templated":true}]}}