{"id":1376,"date":"2026-01-04T22:51:12","date_gmt":"2026-01-04T21:51:12","guid":{"rendered":"https:\/\/czas.m2web.pl\/?post_type=product&#038;p=1376"},"modified":"2026-01-04T22:51:42","modified_gmt":"2026-01-04T21:51:42","slug":"samolot-wojskowy-douglas-c-47-dakota-skala-1144-4646114","status":"publish","type":"product","link":"https:\/\/czas.m2web.pl\/?product=samolot-wojskowy-douglas-c-47-dakota-skala-1144-4646114","title":{"rendered":"Samolot wojskowy Douglas C-47 Dakota skala 1:144 4646114"},"content":{"rendered":"<section class=\"section\">\n<div class=\"item item-6\">\n<section class=\"image-item\">             <img decoding=\"async\" src=\"https:\/\/upload.cdn.baselinker.com\/products\/3029707\/54a91770c60f6c1d2d1068f47126b036.jpg\" \/>         <\/section>\n<\/p><\/div>\n<div class=\"item item-6\">\n<section class=\"text-item\">\n<h2>ATLAS Collection Jet Age Military Aircraft<\/h2>\n<h1>Douglas C-47 Dakota<\/h1>\n<h2>(Royal Air Force)<\/h2>\n<p>Nr kat.: 4646114<\/p>\n<p><b>Model ameryka\u0144skiego samolotu transportowego w s\u0142u\u017cbie RAF z okresu II wojny \u015bwiatowej.<\/b><\/p>\n<ul>\n<li>Materia\u0142: metal+tworzywo sztuczne.<\/li>\n<li>Skala 1:144<\/li>\n<li>Wymiary samolotu: d\u0142. 13,5 cm, szer. 19,5 cm.<\/li>\n<li>Wymiary opakowania: 26 x 23 x 6,2 cm.<\/li>\n<\/ul>\n<p><b>W komplecie podstawka ekspozycyjna z nazw\u0105 modelu oraz ko\u0142a do samodzielnego monta\u017cu.<\/b><\/p>\n<p>Model wykonany z du\u017c\u0105 dba\u0142o\u015bci\u0105 o detale. B\u0119dzie si\u0119 wspaniale prezentowa\u0142 na p\u00f3\u0142ce lub biurku kolekcjonera.<\/p>\n<p>Model zapakowany w styropianowe opakowanie, zabezpieczaj\u0105ce przed uszkodzeniami.<\/p>\n<p>Wiek: 14+.<\/p>\n<\/section><\/div>\n<\/section>\n<section class=\"section\">\n<div class=\"item item-12\">\n<section class=\"image-item\">             <img decoding=\"async\" src=\"https:\/\/upload.cdn.baselinker.com\/products\/3029707\/54a91770c60f6c1d2d1068f47126b036.jpg\" \/>         <\/section>\n<\/p><\/div>\n<\/section>\n<section class=\"section\">\n<div class=\"item item-6\">\n<section class=\"text-item\">\n<h1>ZDJ\u0118CIE POGL\u0104DOWE OPAKOWANIA<\/h1>\n<\/section><\/div>\n<div class=\"item item-6\">\n<section class=\"image-item\">             <img decoding=\"async\" src=\"https:\/\/upload.cdn.baselinker.com\/products\/3029707\/5db1b22a2a0adcb259e5221c65e12123.jpg\" \/>         <\/section>\n<\/p><\/div>\n<\/section>\n<section class=\"section\">\n<div class=\"item item-6\">\n<section class=\"text-item\">\n<h1>ZDJ\u0118CIE POGL\u0104DOWE OPAKOWANIA<\/h1>\n<\/section><\/div>\n<div class=\"item item-6\">\n<section class=\"image-item\">             <img decoding=\"async\" src=\"https:\/\/upload.cdn.baselinker.com\/products\/3029707\/c4bd6349848acdbbf5da1e90b42038b0.jpg\" \/>         <\/section>\n<\/p><\/div>\n<\/section>\n<p><strong>Dodatkowe informacje:<\/strong><\/p>\n","protected":false},"excerpt":{"rendered":"<p>ATLAS Collection Jet Age Military Aircraft Douglas C-47 Dakota (Royal Air Force) Nr kat.: 4646114 Model ameryka\u0144skiego samolotu transportowego w<\/p>\n","protected":false},"featured_media":1473,"comment_status":"open","ping_status":"closed","template":"","meta":[],"product_brand":[],"product_cat":[19,21,1026],"product_tag":[],"class_list":{"0":"post-1376","1":"product","2":"type-product","3":"status-publish","4":"has-post-thumbnail","6":"product_cat-dla-chlopca","7":"product_cat-pojazdy-2","8":"product_cat-samoloty-i-smiglowce","10":"first","11":"instock","12":"shipping-taxable","13":"purchasable","14":"product-type-simple"},"_links":{"self":[{"href":"https:\/\/czas.m2web.pl\/index.php?rest_route=\/wp\/v2\/product\/1376","targetHints":{"allow":["GET"]}}],"collection":[{"href":"https:\/\/czas.m2web.pl\/index.php?rest_route=\/wp\/v2\/product"}],"about":[{"href":"https:\/\/czas.m2web.pl\/index.php?rest_route=\/wp\/v2\/types\/product"}],"replies":[{"embeddable":true,"href":"https:\/\/czas.m2web.pl\/index.php?rest_route=%2Fwp%2Fv2%2Fcomments&post=1376"}],"version-history":[{"count":0,"href":"https:\/\/czas.m2web.pl\/index.php?rest_route=\/wp\/v2\/product\/1376\/revisions"}],"wp:featuredmedia":[{"embeddable":true,"href":"https:\/\/czas.m2web.pl\/index.php?rest_route=\/wp\/v2\/media\/1473"}],"wp:attachment":[{"href":"https:\/\/czas.m2web.pl\/index.php?rest_route=%2Fwp%2Fv2%2Fmedia&parent=1376"}],"wp:term":[{"taxonomy":"product_brand","embeddable":true,"href":"https:\/\/czas.m2web.pl\/index.php?rest_route=%2Fwp%2Fv2%2Fproduct_brand&post=1376"},{"taxonomy":"product_cat","embeddable":true,"href":"https:\/\/czas.m2web.pl\/index.php?rest_route=%2Fwp%2Fv2%2Fproduct_cat&post=1376"},{"taxonomy":"product_tag","embeddable":true,"href":"https:\/\/czas.m2web.pl\/index.php?rest_route=%2Fwp%2Fv2%2Fproduct_tag&post=1376"}],"curies":[{"name":"wp","href":"https:\/\/api.w.org\/{rel}","templated":true}]}}