{"id":1443,"date":"2026-01-04T22:51:32","date_gmt":"2026-01-04T21:51:32","guid":{"rendered":"https:\/\/czas.m2web.pl\/?post_type=product&#038;p=1443"},"modified":"2026-01-04T22:51:51","modified_gmt":"2026-01-04T21:51:51","slug":"opaska-do-wlosow-spinki-gumki-my-little-pony","status":"publish","type":"product","link":"https:\/\/czas.m2web.pl\/?product=opaska-do-wlosow-spinki-gumki-my-little-pony","title":{"rendered":"Opaska do w\u0142os\u00f3w, spinki, gumki My Little Pony"},"content":{"rendered":"<section class=\"section\">\n<div class=\"item item-6\">\n<section class=\"image-item\"><img decoding=\"async\" src=\"https:\/\/upload.cdn.baselinker.com\/products\/3029707\/be70ba694823d7abb9a4724cda3fcd50.jpg\"><\/section>\n<\/p><\/div>\n<div class=\"item item-6\">\n<section class=\"text-item\">\n<h1>Zestaw do w\u0142os\u00f3w 7 el. My Little Pony<\/h1>\n<p>Diakakis Nr kat.: 483108<\/p>\n<p>Zestaw do w\u0142os\u00f3w z motywem My Little Pony.<\/p>\n<p>W zestawie:<\/p>\n<ul>\n<li>opaska do w\u0142os\u00f3w pokryta kolorowym materia\u0142em i ozdobiona kokard\u0105 w b\u0142yszcz\u0105ce cekiny,<\/li>\n<li>4 elastyczne gumki,<\/li>\n<li>2 spinki.<\/li>\n<\/ul>\n<p>Wiek: 3+.<\/p>\n<\/section><\/div>\n<\/section>\n<section class=\"section\">\n<div class=\"item item-12\">\n<section class=\"image-item\"><img decoding=\"async\" src=\"https:\/\/upload.cdn.baselinker.com\/products\/3029707\/483c579d192eff9ec7d5c2506384130e.jpg\"><\/section>\n<\/p><\/div>\n<\/section>\n<section class=\"section\">\n<div class=\"item item-12\">\n<section class=\"image-item\"><img decoding=\"async\" src=\"https:\/\/upload.cdn.baselinker.com\/products\/3029707\/be70ba694823d7abb9a4724cda3fcd50.jpg\"><\/section>\n<\/p><\/div>\n<\/section>\n<p><strong>Dodatkowe informacje:<\/strong><\/p>\n","protected":false},"excerpt":{"rendered":"<p>Zestaw do w\u0142os\u00f3w 7 el. My Little Pony Diakakis Nr kat.: 483108 Zestaw do w\u0142os\u00f3w z motywem My Little Pony.<\/p>\n","protected":false},"featured_media":1498,"comment_status":"open","ping_status":"closed","template":"","meta":[],"product_brand":[],"product_cat":[16],"product_tag":[],"class_list":{"0":"post-1443","1":"product","2":"type-product","3":"status-publish","4":"has-post-thumbnail","6":"product_cat-import","8":"first","9":"instock","10":"shipping-taxable","11":"purchasable","12":"product-type-simple"},"_links":{"self":[{"href":"https:\/\/czas.m2web.pl\/index.php?rest_route=\/wp\/v2\/product\/1443","targetHints":{"allow":["GET"]}}],"collection":[{"href":"https:\/\/czas.m2web.pl\/index.php?rest_route=\/wp\/v2\/product"}],"about":[{"href":"https:\/\/czas.m2web.pl\/index.php?rest_route=\/wp\/v2\/types\/product"}],"replies":[{"embeddable":true,"href":"https:\/\/czas.m2web.pl\/index.php?rest_route=%2Fwp%2Fv2%2Fcomments&post=1443"}],"version-history":[{"count":0,"href":"https:\/\/czas.m2web.pl\/index.php?rest_route=\/wp\/v2\/product\/1443\/revisions"}],"wp:featuredmedia":[{"embeddable":true,"href":"https:\/\/czas.m2web.pl\/index.php?rest_route=\/wp\/v2\/media\/1498"}],"wp:attachment":[{"href":"https:\/\/czas.m2web.pl\/index.php?rest_route=%2Fwp%2Fv2%2Fmedia&parent=1443"}],"wp:term":[{"taxonomy":"product_brand","embeddable":true,"href":"https:\/\/czas.m2web.pl\/index.php?rest_route=%2Fwp%2Fv2%2Fproduct_brand&post=1443"},{"taxonomy":"product_cat","embeddable":true,"href":"https:\/\/czas.m2web.pl\/index.php?rest_route=%2Fwp%2Fv2%2Fproduct_cat&post=1443"},{"taxonomy":"product_tag","embeddable":true,"href":"https:\/\/czas.m2web.pl\/index.php?rest_route=%2Fwp%2Fv2%2Fproduct_tag&post=1443"}],"curies":[{"name":"wp","href":"https:\/\/api.w.org\/{rel}","templated":true}]}}