{"id":1454,"date":"2026-01-04T22:51:33","date_gmt":"2026-01-04T21:51:33","guid":{"rendered":"https:\/\/czas.m2web.pl\/?post_type=product&#038;p=1454"},"modified":"2026-01-04T22:52:09","modified_gmt":"2026-01-04T21:52:09","slug":"t-34-radziecki-czolg-sredni-172-4660103","status":"publish","type":"product","link":"https:\/\/czas.m2web.pl\/?product=t-34-radziecki-czolg-sredni-172-4660103","title":{"rendered":"T-34 Radziecki czo\u0142g \u015bredni 1:72 4660103"},"content":{"rendered":"<section class=\"section\">\n<div class=\"item item-6\">\n<section class=\"image-item\"><img decoding=\"async\" src=\"https:\/\/upload.cdn.baselinker.com\/products\/3029707\/cccd8ded48528b9597d75fdeb0fba4d5.jpg\"><\/section>\n<\/p><\/div>\n<div class=\"item item-6\">\n<section class=\"text-item\">\n<h1>T-34<\/h1>\n<h1>Radziecki czo\u0142g \u015bredni<\/h1>\n<p>Nr kat.: 4660103<\/p>\n<p>Skala: 1:72<\/p>\n<p>Materia\u0142: metal+tworzywo sztuczne<\/p>\n<p><b>Model kolekcjonerski pojazdu wojskowego z okresu II Wojny \u015awiatowej z serii <\/b><b>Atlas Editions Ultimate Tank Collection.<\/b><\/p>\n<p>Model wykonany z du\u017c\u0105 dba\u0142o\u015bci\u0105 o detale, b\u0119dzie si\u0119 wspaniale prezentowa\u0142 na p\u00f3\u0142ce lub biurku kolekcjonera.<\/p>\n<p><b>W komplecie podstawka ekspozycyjna z nazw\u0105 pojazdu oraz gablotka do przechowywania.<\/b><\/p>\n<p>Wymiary pojazdu: 9,0 x 4,0 x 3,2 cm.<\/p>\n<p>Wymiary opakowania: 17,0 x 8,0 x 7,0 cm.<\/p>\n<p>Model nowy, fabrycznie zapakowany.<\/p>\n<p>Wiek: 14+.<\/p>\n<\/section><\/div>\n<\/section>\n<section class=\"section\">\n<div class=\"item item-12\">\n<section class=\"image-item\"><img decoding=\"async\" src=\"https:\/\/upload.cdn.baselinker.com\/products\/3029707\/cccd8ded48528b9597d75fdeb0fba4d5.jpg\"><\/section>\n<\/p><\/div>\n<\/section>\n<section class=\"section\">\n<div class=\"item item-12\">\n<section class=\"image-item\"><img decoding=\"async\" src=\"https:\/\/upload.cdn.baselinker.com\/products\/3029707\/a65465f8897ee26c82c0c23579e4c175.jpg\"><\/section>\n<\/p><\/div>\n<\/section>\n<p><strong>Dodatkowe informacje:<\/strong><\/p>\n","protected":false},"excerpt":{"rendered":"<p>T-34 Radziecki czo\u0142g \u015bredni Nr kat.: 4660103 Skala: 1:72 Materia\u0142: metal+tworzywo sztuczne Model kolekcjonerski pojazdu wojskowego z okresu II Wojny<\/p>\n","protected":false},"featured_media":1541,"comment_status":"open","ping_status":"closed","template":"","meta":[],"product_brand":[],"product_cat":[19,21],"product_tag":[],"class_list":{"0":"post-1454","1":"product","2":"type-product","3":"status-publish","4":"has-post-thumbnail","6":"product_cat-dla-chlopca","7":"product_cat-pojazdy-2","9":"first","10":"instock","11":"shipping-taxable","12":"purchasable","13":"product-type-simple"},"_links":{"self":[{"href":"https:\/\/czas.m2web.pl\/index.php?rest_route=\/wp\/v2\/product\/1454","targetHints":{"allow":["GET"]}}],"collection":[{"href":"https:\/\/czas.m2web.pl\/index.php?rest_route=\/wp\/v2\/product"}],"about":[{"href":"https:\/\/czas.m2web.pl\/index.php?rest_route=\/wp\/v2\/types\/product"}],"replies":[{"embeddable":true,"href":"https:\/\/czas.m2web.pl\/index.php?rest_route=%2Fwp%2Fv2%2Fcomments&post=1454"}],"version-history":[{"count":0,"href":"https:\/\/czas.m2web.pl\/index.php?rest_route=\/wp\/v2\/product\/1454\/revisions"}],"wp:featuredmedia":[{"embeddable":true,"href":"https:\/\/czas.m2web.pl\/index.php?rest_route=\/wp\/v2\/media\/1541"}],"wp:attachment":[{"href":"https:\/\/czas.m2web.pl\/index.php?rest_route=%2Fwp%2Fv2%2Fmedia&parent=1454"}],"wp:term":[{"taxonomy":"product_brand","embeddable":true,"href":"https:\/\/czas.m2web.pl\/index.php?rest_route=%2Fwp%2Fv2%2Fproduct_brand&post=1454"},{"taxonomy":"product_cat","embeddable":true,"href":"https:\/\/czas.m2web.pl\/index.php?rest_route=%2Fwp%2Fv2%2Fproduct_cat&post=1454"},{"taxonomy":"product_tag","embeddable":true,"href":"https:\/\/czas.m2web.pl\/index.php?rest_route=%2Fwp%2Fv2%2Fproduct_tag&post=1454"}],"curies":[{"name":"wp","href":"https:\/\/api.w.org\/{rel}","templated":true}]}}