{"id":1506,"date":"2026-01-04T22:51:53","date_gmt":"2026-01-04T21:51:53","guid":{"rendered":"https:\/\/czas.m2web.pl\/?post_type=product&#038;p=1506"},"modified":"2026-01-04T22:52:17","modified_gmt":"2026-01-04T21:52:17","slug":"fisher-price-jezdzik-z-cymbalkami-zolty-505564","status":"publish","type":"product","link":"https:\/\/czas.m2web.pl\/?product=fisher-price-jezdzik-z-cymbalkami-zolty-505564","title":{"rendered":"Fisher Price je\u017adzik z cymba\u0142kami \u017c\u00f3\u0142ty 505564"},"content":{"rendered":"<section class=\"section\">\n<div class=\"item item-6\">\n<section class=\"image-item\"><img decoding=\"async\" src=\"https:\/\/upload.cdn.baselinker.com\/products\/3029707\/46f4a0fe38a153e92a7a7596bdfc1705.jpg\"><\/section>\n<\/p><\/div>\n<div class=\"item item-6\">\n<section class=\"text-item\">\n<h1>Fisher Price M\u00f3j pierwszy je\u017adzik z cymba\u0142kami<\/h1>\n<p>505564<\/p>\n<p>Je\u017adzik Fisher Price przeznaczony jest dla dzieci w wieku od 12M (maks. obci\u0105\u017cenie: do 20 kg).<\/p>\n<p>Szerokie ko\u0142a oraz wygodne do trzymania uchwyty zapewniaj\u0105 stabilno\u015b\u0107 pojazdu podczas zabawy.<\/p>\n<p>Pojazd zawiera cymba\u0142ki sk\u0142adaj\u0105ce si\u0119 z 4 kolorowych klawiszy umieszczonych na froncie je\u017adzika oraz b\u0119benek wbudowany przed siedziskiem. Na instrumentach mo\u017cna zagra\u0107 u\u017cywaj\u0105c do\u0142\u0105czonej pa\u0142eczki, kt\u00f3r\u0105 mo\u017cna umie\u015bci\u0107 na froncie je\u017adzika, po sko\u0144czonej zabawie.<\/p>\n<p>Zalety: rozwija umiej\u0119tno\u015bci, wyobra\u017ani\u0119, \u0107wiczy koordynacj\u0119 ruchow\u0105 dziecka.<\/p>\n<ul>\n<li>Wymiary: d\u0142. 47 cm, szer. 24 cm, wys. 23 cm (przy z\u0142o\u017conej r\u0105czce).<\/li>\n<li>Odleg\u0142o\u015b\u0107 od pod\u0142ogi do siedzenia 20 cm.<\/li>\n<li>Wykonany z solidnego plastiku.<\/li>\n<li>Wiek: 12M+<\/li>\n<\/ul>\n<\/section><\/div>\n<\/section>\n<section class=\"section\">\n<div class=\"item item-6\">\n<section class=\"image-item\"><img decoding=\"async\" src=\"https:\/\/upload.cdn.baselinker.com\/products\/3029707\/84d6641b077329a832f9ef62b6ace2bc.jpg\"><\/section>\n<\/p><\/div>\n<div class=\"item item-6\">\n<section class=\"image-item\"><img decoding=\"async\" src=\"https:\/\/upload.cdn.baselinker.com\/products\/3029707\/8373e212932b30261b543a45c990a267.jpg\"><\/section>\n<\/p><\/div>\n<\/section>\n<section class=\"section\">\n<div class=\"item item-6\">\n<section class=\"image-item\"><img decoding=\"async\" src=\"https:\/\/upload.cdn.baselinker.com\/products\/3029707\/3dc186a3375f465e4ba808df49a26f5e.jpg\"><\/section>\n<\/p><\/div>\n<div class=\"item item-6\">\n<section class=\"image-item\"><img decoding=\"async\" src=\"https:\/\/upload.cdn.baselinker.com\/products\/3029707\/9bec52125164429d22a6e1c6828c1b32.jpg\"><\/section>\n<\/p><\/div>\n<\/section>\n<section class=\"section\">\n<div class=\"item item-12\">\n<section class=\"image-item\"><img decoding=\"async\" src=\"https:\/\/upload.cdn.baselinker.com\/products\/3029707\/46f4a0fe38a153e92a7a7596bdfc1705.jpg\"><\/section>\n<\/p><\/div>\n<\/section>\n<section class=\"section\">\n<div class=\"item item-12\">\n<section class=\"image-item\"><img decoding=\"async\" src=\"https:\/\/upload.cdn.baselinker.com\/products\/3029707\/c04f040d30ae77c7c706360e6f6e5de5.jpg\"><\/section>\n<\/p><\/div>\n<\/section>\n<p><strong>Dodatkowe informacje:<\/strong><\/p>\n<ul>\n<li><strong>Producent: <\/strong>JAKKS Pacific. Inc \/ 2951 28th Street | Santa Monica, CA 90405 \/  consumers@jakks.com<\/li>\n<li><strong>Podmiot odpowiedzialny za wprowadzenie produktu na rynek europejski:<\/strong>\u00a0Firma Handlowa PULIO Krzysztof Gebel ul. Kolejowa 3 55-040 Bielany Wroc\u0142awskie  tel. +48 71 352 07 80  biuro@pulio.pl  www.pulio.pl<\/li>\n<li><strong>Ostrze\u017cenia na opakowaniu: <\/strong>OSTRZE\u017bENIA: \u2022 Wymagany nadz\u00f3r osoby doros\u0142ej. Zawsze nadzoruj dziecko podczas jazdy i upewnij si\u0119, \u017ce  dziecko u\u017cywa go z ostro\u017cno\u015bci\u0105, poniewa\u017c ten produkt wymaga umiej\u0119tno\u015bci bezpiecznej  obs\u0142ugi, aby unikn\u0105\u0107 upadk\u00f3w, kolizji i obra\u017ce\u0144 u\u017cytkpwnika i innych os\u00f3b.   \u2022 Ten produkt jest przeznaczony dla dziecka w wieku co najmniej 1 roku o wadze  nieprzekraczaj\u0105cej 44 funt\u00f3w (20 kg).  \u2022 Zabawka przeznaczona wy\u0142\u0105cznie dla jednego dziecka jednocze\u015bnie. \u2022 Zawsze upewnij si\u0119, \u017ce dziecko nosi buty podczas zabawy z produktem. \u2022 Nigdy nie pozwalaj innemu dziecku pcha\u0107 produktu, gdy dziecko na nim siedzi. \u2022 Produkt nie mo\u017ce by\u0107 u\u017cywany na pochy\u0142ych powierzchniach, w pobli\u017cu ulic, basen\u00f3w,  stromych zboczy, ramp, wzg\u00f3rz czy schod\u00f3w. \u2022 Dziecko powinno zawsze siedzie\u0107 na je\u017adziku w pozycji przodem. \u2022 Nie pozw\u00f3l dziecku sta\u0107 na je\u017adziku lub przechyla\u0107 si\u0119 w prz\u00f3d lub w ty\u0142. \u2022 Sprawdzaj regularnie czy produkt nie zosta\u0142 uszkodzony a mocowania nie poluzowa\u0142y si\u0119.  Je\u017celi zauwa\u017cysz uszkodzenia, zaprzesta\u0144 jego u\u017cywania. \u2022 Ostrze\u017cenie. Nie u\u017cywaj blisko ucha! Niew\u0142a\u015bciwe u\u017cycie mo\u017ce spowodowa\u0107 uszkodzenie s\u0142uchu. Konserwacja i utrzymanie produktu \u2022 Produkt czy\u015bci\u0107 tylko wilgotn\u0105 \u015bciereczk\u0105. \u2022  Zawsze trzymaj produkt z dala od bezpo\u015bredniego \u015bwiat\u0142a s\u0142onecznego i bezpo\u015brednich  \u017ar\u00f3de\u0142 ciep\u0142a.  \u2022 Przechowuj w pomieszczeniu w miesi\u0105cach zimowych. \u2022 Unikaj upuszczania produktu na twarde powierzchnie. Producent zastrzega sobie mo\u017cliwo\u015b\u0107 zmian kolorystycznych i technicznych. FISHER PRICE i powi\u0105zane znaki towarowe s\u0105 w\u0142asno\u015bci\u0105 firmy Mattel i s\u0105 przez ni\u0105  wykorzystywane na podstawie licencji. Wyprodukowano w Chinach przez Moose Mountain  Marketing, Inc. (jednostka zale\u017cna od JAKKS Pacific, Inc.) 2951 28th Street, Santa Monica,  CA 90405 U.S.A.Wszystkie symbole, znaki, loga i wzory (\u201eZnaki towarowe\u201d) s\u0105 znakami  towarowymi nale\u017c\u0105cymi do ich odpowiednich w\u0142a\u015bcicieli i s\u0105 u\u017cywane na podstawie licencji.  WYPRODUKOWANO W CHINACH.<\/li>\n<li><strong>Instrukcja obs\u0142ugi jest:<\/strong> Informacje dla klienta OSTRZE\u017bENIE: Wymagany monta\u017c i nadz\u00f3r osoby doros\u0142ej. \u2022 Wymagany nadz\u00f3r osoby doros\u0142ej. Zawsze nadzoruj dziecko podczas jazdy i upewnij si\u0119, \u017ce dziecko u\u017cywa go z ostro\u017cno\u015bci\u0105, poniewa\u017c ten     produkt wymaga umiej\u0119tno\u015bci bezpiecznej obs\u0142ugi, aby unikn\u0105\u0107 upadk\u00f3w, kolizji i obra\u017ce\u0144 u\u017cytkpwnika i innych os\u00f3b.    Ten produkt jest przeznaczony dla dziecka w wieku co najmniej 1 roku o wadze nieprzekraczaj\u0105cej 44 funt\u00f3w (20 kg).  \u2022 Zabawka przeznaczona wy\u0142\u0105cznie dla jednego dziecka jednocze\u015bnie.  Zawsze upewnij si\u0119, \u017ce dziecko nosi buty podczas zabawy z produktem. \u2022 Nigdy nie pozwalaj innemu dziecku pcha\u0107 produktu, gdy dziecko na nim siedzi.  \u2022   Produkt nie mo\u017ce by\u0107 u\u017cywany na pochy\u0142ych powierzchniach, w pobli\u017cu ulic, basen\u00f3w, stromych zboczy, ramp, wzg\u00f3rz czy schod\u00f3w. \u2022 Dziecko powinno zawsze siedzie\u0107 na je\u017adziku w pozycji przodem. \u2022 Nie pozw\u00f3l dziecku sta\u0107 na je\u017adziku lub przechyla\u0107 si\u0119 w prz\u00f3d lub w ty\u0142.  \u2022 Sprawdzaj regularnie czy produkt nie zosta\u0142 uszkodzony a mocowania nie poluzowa\u0142y si\u0119. Je\u017celi zauwa\u017cysz uszkodzenia, zaprzesta\u0144 jego u\u017cywania. \u2022 Ostrze\u017cenie. Nie u\u017cywaj blisko ucha! Niew\u0142a\u015bciwe u\u017cycie mo\u017ce spowodowa\u0107 uszkodzenie s\u0142uchu. KONSERWACJA I UTRZYMANIE:   \u2022 Produkt czy\u015bci\u0107 tylko wilgotn\u0105 \u015bciereczk\u0105. \u2022  Zawsze trzymaj produkt z dala od bezpo\u015bredniego \u015bwiat\u0142a  s\u0142onecznego i bezpo\u015brednich \u017ar\u00f3de\u0142 ciep\u0142a.   Przechowuj w pomieszczeniu w miesi\u0105cach zimowych. \u2022 Unikaj upuszczania produktu na twarde powierzchnie. FISHER-PRICE\u2122 i powi\u0105zane znaki towarowe s\u0105 w\u0142asno\u015bci\u0105 Mattel i s\u0105 wykorzystywane na podstawie licencji Mattel Europa B.V. \u00a92021 Mattel.  Wyprodukowane i dystrybuowane przez: Moose Mountain Marketing, Inc. (sp\u00f3\u0142ka zale\u017cna JAKKS Pacific, Inc.) 2951 28th Street, Santa Monica, CA 90405 U.S.A. Wszystkie inne symbole, znaki, logo i projekty (\u0142\u0105cznie \u201eZnaki towarowe\u201d) s\u0105 znakami towarowymi nale\u017c\u0105cymi do ich  odpowiednich w\u0142a\u015bcicieli i s\u0105 u\u017cywane na podstawie licencji. WYPRODUKOWANO W CHINACH.Importowane do Wielkiej Brytanii przez JAKKS Pacific (UK) Ltd., 1 Arlington Square, Downshire Way, Bracknell, Berkshire RG12 1WA, GB i UE  przez JAKKS Europe B.V., Herikerbergweg 88, 1101 CM Amsterdam NL. W razie pyta\u0144, komentarzy lub problem\u00f3w, odwied\u017a nasz\u0105 stron\u0119 internetow\u0105 www.moosemountaintoys.com lub  skontaktuj si\u0119 mailowo info@moosemountaintoys.com telefonicznie pod numerem 1-877-875-2557. Zawarto\u015b\u0107 mo\u017ce r\u00f3\u017cni\u0107 si\u0119 stylem, kolorem, kszta\u0142tem i dekoracj\u0105 od zdj\u0119\u0107 przedstawionych na opakowaniu lub w reklamie. Pytania  lub komentarze? www.moosemountaintoys.com, 1-877-875-2557 USA lub 1.909.594.7771 w UK &#038; EU.  UWAGA! Usu\u0144 i wyrzu\u0107 opaski i zapi\u0119cia opakowania przed podaniem produktu dziecku. Zachowaj opakowanie\/instrukcje dla  odniesienia.<\/li>\n<li><strong>Kraj pochodzenia:<\/strong> CHINY<\/li>\n<\/ul>\n","protected":false},"excerpt":{"rendered":"<p>Fisher Price M\u00f3j pierwszy je\u017adzik z cymba\u0142kami 505564 Je\u017adzik Fisher Price przeznaczony jest dla dzieci w wieku od 12M (maks.<\/p>\n","protected":false},"featured_media":1569,"comment_status":"open","ping_status":"closed","template":"","meta":[],"product_brand":[],"product_cat":[965,417],"product_tag":[],"class_list":{"0":"post-1506","1":"product","2":"type-product","3":"status-publish","4":"has-post-thumbnail","6":"product_cat-jezdziki","7":"product_cat-zabawki-outdoorowe","9":"first","10":"instock","11":"shipping-taxable","12":"purchasable","13":"product-type-simple"},"_links":{"self":[{"href":"https:\/\/czas.m2web.pl\/index.php?rest_route=\/wp\/v2\/product\/1506","targetHints":{"allow":["GET"]}}],"collection":[{"href":"https:\/\/czas.m2web.pl\/index.php?rest_route=\/wp\/v2\/product"}],"about":[{"href":"https:\/\/czas.m2web.pl\/index.php?rest_route=\/wp\/v2\/types\/product"}],"replies":[{"embeddable":true,"href":"https:\/\/czas.m2web.pl\/index.php?rest_route=%2Fwp%2Fv2%2Fcomments&post=1506"}],"version-history":[{"count":0,"href":"https:\/\/czas.m2web.pl\/index.php?rest_route=\/wp\/v2\/product\/1506\/revisions"}],"wp:featuredmedia":[{"embeddable":true,"href":"https:\/\/czas.m2web.pl\/index.php?rest_route=\/wp\/v2\/media\/1569"}],"wp:attachment":[{"href":"https:\/\/czas.m2web.pl\/index.php?rest_route=%2Fwp%2Fv2%2Fmedia&parent=1506"}],"wp:term":[{"taxonomy":"product_brand","embeddable":true,"href":"https:\/\/czas.m2web.pl\/index.php?rest_route=%2Fwp%2Fv2%2Fproduct_brand&post=1506"},{"taxonomy":"product_cat","embeddable":true,"href":"https:\/\/czas.m2web.pl\/index.php?rest_route=%2Fwp%2Fv2%2Fproduct_cat&post=1506"},{"taxonomy":"product_tag","embeddable":true,"href":"https:\/\/czas.m2web.pl\/index.php?rest_route=%2Fwp%2Fv2%2Fproduct_tag&post=1506"}],"curies":[{"name":"wp","href":"https:\/\/api.w.org\/{rel}","templated":true}]}}