{"id":1630,"date":"2026-01-04T22:52:37","date_gmt":"2026-01-04T21:52:37","guid":{"rendered":"https:\/\/czas.m2web.pl\/?post_type=product&#038;p=1630"},"modified":"2026-01-04T22:52:48","modified_gmt":"2026-01-04T21:52:48","slug":"bburago-2-poziomowy-garaz-2-auta-mata-88613","status":"publish","type":"product","link":"https:\/\/czas.m2web.pl\/?product=bburago-2-poziomowy-garaz-2-auta-mata-88613","title":{"rendered":"BBURAGO 2-poziomowy gara\u017c + 2 auta + mata 88613"},"content":{"rendered":"<section class=\"section\">\n<div class=\"item item-6\">\n<section class=\"image-item\"><img decoding=\"async\" src=\"https:\/\/upload.cdn.baselinker.com\/products\/3029707\/ac381b8ab01bc66dd0e4cbcdd1a3f5ae.jpg\"><\/section>\n<\/p><\/div>\n<div class=\"item item-6\">\n<section class=\"text-item\">\n<h1>BBURAGO JUNIOR 2-poziomowy gara\u017c + 2 autka + mata samochodowa<\/h1>\n<p>Nr kat.: 88613<\/p>\n<p>2-poziomowy gara\u017c z parkingiem, rampami, bramkami, zje\u017cd\u017calni\u0105 i innymi akcesoriami. W zestawie mata samochodowa (100 x 70 cm) oraz pojazdy na oficjalnych licencjach: Volkswagen Beetle 3,5&#8221; oraz Lamborghini Huracan 3,5&#8221; .<\/p>\n<p>Mata zawiera drogi samochodowe i ciekawe miejsca do odwiedzenia, takie jak sklepy, szko\u0142\u0119, plac zabaw itp.<\/p>\n<ul>\n<li>Wymiary gara\u017cu po roz\u0142o\u017ceniu: 67,5 x 38,4 x 31,6 cm.<\/li>\n<li>Wymiary maty samochodowej: 100 x 70 cm.<\/li>\n<li>Kolor samochod\u00f3w: czerwony i zielony.<\/li>\n<li>Wiek: 12M+.<\/li>\n<\/ul>\n<\/section><\/div>\n<\/section>\n<section class=\"section\">\n<div class=\"item item-12\">\n<section class=\"image-item\"><img decoding=\"async\" src=\"https:\/\/upload.cdn.baselinker.com\/products\/3029707\/b08bbed58a602d739565ed0534c18d8d.jpg\"><\/section>\n<\/p><\/div>\n<\/section>\n<section class=\"section\">\n<div class=\"item item-12\">\n<section class=\"image-item\"><img decoding=\"async\" src=\"https:\/\/upload.cdn.baselinker.com\/products\/3029707\/e3f7a93e695af8fa50b2a1ee43f87ee0.jpg\"><\/section>\n<\/p><\/div>\n<\/section>\n<section class=\"section\">\n<div class=\"item item-12\">\n<section class=\"image-item\"><img decoding=\"async\" src=\"https:\/\/upload.cdn.baselinker.com\/products\/3029707\/ac381b8ab01bc66dd0e4cbcdd1a3f5ae.jpg\"><\/section>\n<\/p><\/div>\n<\/section>\n<section class=\"section\">\n<div class=\"item item-12\">\n<section class=\"image-item\"><img decoding=\"async\" src=\"https:\/\/upload.cdn.baselinker.com\/products\/3029707\/4401501283223878d5119fb411470b5a.jpg\"><\/section>\n<\/p><\/div>\n<\/section>\n<section class=\"section\">\n<div class=\"item item-12\">\n<section class=\"image-item\"><img decoding=\"async\" src=\"https:\/\/upload.cdn.baselinker.com\/products\/3029707\/8275c9e8424b79ff13b969900b2272a7.jpg\"><\/section>\n<\/p><\/div>\n<\/section>\n<section class=\"section\">\n<div class=\"item item-6\">\n<section class=\"image-item\"><img decoding=\"async\" src=\"https:\/\/upload.cdn.baselinker.com\/products\/3029707\/9e3f4423dd4876397b67ad22084817b4.jpg\"><\/section>\n<\/p><\/div>\n<div class=\"item item-6\">\n<section class=\"image-item\"><img decoding=\"async\" src=\"https:\/\/upload.cdn.baselinker.com\/products\/3029707\/1f1ec73b9004d076652f878119ab10a4.jpg\"><\/section>\n<\/p><\/div>\n<\/section>\n<section class=\"section\">\n<div class=\"item item-12\">\n<section class=\"image-item\"><img decoding=\"async\" src=\"https:\/\/upload.cdn.baselinker.com\/products\/3029707\/5941a36d657502a6119b899bd46fc325.jpg\"><\/section>\n<\/p><\/div>\n<\/section>\n<section class=\"section\">\n<div class=\"item item-12\">\n<section class=\"image-item\"><img decoding=\"async\" src=\"https:\/\/upload.cdn.baselinker.com\/products\/3029707\/2ba8492b5ca7d837bb44c55e1ee3fde1.jpg\"><\/section>\n<\/p><\/div>\n<\/section>\n<section class=\"section\">\n<div class=\"item item-12\">\n<section class=\"image-item\"><img decoding=\"async\" src=\"https:\/\/upload.cdn.baselinker.com\/products\/3029707\/cc876066385a1bf51412d6010b4ef795.jpg\"><\/section>\n<\/p><\/div>\n<\/section>\n<p><strong>Dodatkowe informacje:<\/strong><\/p>\n<ul>\n<li><strong>Producent: <\/strong>May Cheong Group Limited Unit 901-2, 9\/F, East Ocean Centre,  98 Granville Road, Tsimshatsui East, Kowloon, Hong Kong info@maycheonggroup.com.hk<\/li>\n<li><strong>Podmiot odpowiedzialny za wprowadzenie produktu na rynek europejski:<\/strong>\u00a0Firma Handlowa PULIO Krzysztof Gebel ul. Kolejowa 3 55-040 Bielany Wroc\u0142awskie  tel. +48 71 352 07 80  biuro@pulio.pl  www.pulio.pl<\/li>\n<li><strong>Ostrze\u017cenia na opakowaniu: <\/strong>Ostrze\u017cenie! Wszystkie elementy opakowania, takie jak ta\u015bma, plastikowe elementy, druty i elementy mocuj\u0105ce nie s\u0105 cz\u0119\u015bciami tej zabawki i ze wzgl\u0119du na bezpiecze\u0144stwo dziecka powinny by\u0107 usuni\u0119te. Czy\u015bci\u0107 tylko zewn\u0119trzn\u0105 powierzchnie. Nale\u017cy czy\u015bci\u0107 za pomoc\u0105 wilgotnej szmatki. Ten produkt powinien by\u0107 u\u017cywany wy\u0142\u0105cznie pod nadzorem doros\u0142ej osoby. Opakowanie nale\u017cy zachowa\u0107 na przysz\u0142o\u015b\u0107. Zawiera ona istotne informacje. Zastrzegamy sobie prawo do modyfikacji\/modernizacji specyfikacji oraz kolor\u00f3w bez powiadomienia. Rzeczywisty produkt mo\u017ce r\u00f3\u017cni\u0107 si\u0119 od przedstawionego na ilustracji.<\/li>\n<li><strong>Instrukcja obs\u0142ugi jest:<\/strong> NIE<\/li>\n<li><strong>Kraj pochodzenia:<\/strong> CHINY<\/li>\n<\/ul>\n","protected":false},"excerpt":{"rendered":"<p>BBURAGO JUNIOR 2-poziomowy gara\u017c + 2 autka + mata samochodowa Nr kat.: 88613 2-poziomowy gara\u017c z parkingiem, rampami, bramkami, zje\u017cd\u017calni\u0105<\/p>\n","protected":false},"featured_media":1677,"comment_status":"open","ping_status":"closed","template":"","meta":[],"product_brand":[],"product_cat":[19,1225,21],"product_tag":[],"class_list":{"0":"post-1630","1":"product","2":"type-product","3":"status-publish","4":"has-post-thumbnail","6":"product_cat-dla-chlopca","7":"product_cat-garaze-i-parkingi","8":"product_cat-pojazdy-2","10":"first","11":"instock","12":"shipping-taxable","13":"purchasable","14":"product-type-simple"},"_links":{"self":[{"href":"https:\/\/czas.m2web.pl\/index.php?rest_route=\/wp\/v2\/product\/1630","targetHints":{"allow":["GET"]}}],"collection":[{"href":"https:\/\/czas.m2web.pl\/index.php?rest_route=\/wp\/v2\/product"}],"about":[{"href":"https:\/\/czas.m2web.pl\/index.php?rest_route=\/wp\/v2\/types\/product"}],"replies":[{"embeddable":true,"href":"https:\/\/czas.m2web.pl\/index.php?rest_route=%2Fwp%2Fv2%2Fcomments&post=1630"}],"version-history":[{"count":0,"href":"https:\/\/czas.m2web.pl\/index.php?rest_route=\/wp\/v2\/product\/1630\/revisions"}],"wp:featuredmedia":[{"embeddable":true,"href":"https:\/\/czas.m2web.pl\/index.php?rest_route=\/wp\/v2\/media\/1677"}],"wp:attachment":[{"href":"https:\/\/czas.m2web.pl\/index.php?rest_route=%2Fwp%2Fv2%2Fmedia&parent=1630"}],"wp:term":[{"taxonomy":"product_brand","embeddable":true,"href":"https:\/\/czas.m2web.pl\/index.php?rest_route=%2Fwp%2Fv2%2Fproduct_brand&post=1630"},{"taxonomy":"product_cat","embeddable":true,"href":"https:\/\/czas.m2web.pl\/index.php?rest_route=%2Fwp%2Fv2%2Fproduct_cat&post=1630"},{"taxonomy":"product_tag","embeddable":true,"href":"https:\/\/czas.m2web.pl\/index.php?rest_route=%2Fwp%2Fv2%2Fproduct_tag&post=1630"}],"curies":[{"name":"wp","href":"https:\/\/api.w.org\/{rel}","templated":true}]}}