{"id":1647,"date":"2026-01-04T22:52:38","date_gmt":"2026-01-04T21:52:38","guid":{"rendered":"https:\/\/czas.m2web.pl\/?post_type=product&#038;p=1647"},"modified":"2026-01-04T22:53:03","modified_gmt":"2026-01-04T21:53:03","slug":"pecoware-pamietnik-z-akcesoriami-flaming-542fm","status":"publish","type":"product","link":"https:\/\/czas.m2web.pl\/?product=pecoware-pamietnik-z-akcesoriami-flaming-542fm","title":{"rendered":"PECOWARE Pami\u0119tnik z akcesoriami &#8211; Flaming 542FM"},"content":{"rendered":"<section class=\"section\">\n<div class=\"item item-6\">\n<section class=\"image-item\"><img decoding=\"async\" src=\"https:\/\/upload.cdn.baselinker.com\/products\/3029707\/a5b3415a2d0a7fd1108cd6b6ddbabc45.jpg\"><\/section>\n<\/p><\/div>\n<div class=\"item item-6\">\n<section class=\"text-item\">\n<h1>Pami\u0119tnik z akcesoriami &#8211; Flaming<\/h1>\n<p>Pecoware 542FM<\/p>\n<p>Zestaw zawiera:<\/p>\n<ul>\n<li>ma\u0142y pami\u0119tnik na spirali z kolorowymi kartkami,<\/li>\n<li>d\u0142ugopis w 4 kolorach,<\/li>\n<li>naklejki 3D,<\/li>\n<li>kolorowe, papierowe spinacze,<\/li>\n<li>naklejki z literami alfabetu,<\/li>\n<li>naklejki z obrazkami.<\/li>\n<\/ul>\n<p>Ok\u0142adka pami\u0119tnika i naklejki 3D ozdobione s\u0105 brokatem.<\/p>\n<p>Zestaw zapakowany jest w przezroczyste opakowanie z uchwytem.<\/p>\n<p>Wiek: 3+.<\/p>\n<ul>\n<li>Wymiary pami\u0119tnika 10,5 x 13,5 cm<\/li>\n<li>Wymiary opakowania: 24,5 x 23 cm<\/li>\n<\/ul>\n<\/section><\/div>\n<\/section>\n<section class=\"section\">\n<div class=\"item item-12\">\n<section class=\"image-item\"><img decoding=\"async\" src=\"https:\/\/upload.cdn.baselinker.com\/products\/3029707\/a5b3415a2d0a7fd1108cd6b6ddbabc45.jpg\"><\/section>\n<\/p><\/div>\n<\/section>\n<p><strong>Dodatkowe informacje:<\/strong><\/p>\n<ul>\n<li><strong>Producent: <\/strong>Shanghai Broadwell Stationery CO.,Ltd. 556 DONGXING VILLAGE,JINHUI TOWN,FENGXIAN DISTRICT, SHANGHAI ,CHINA CHINA  CONTACT: Tel:86-21-57481826; Fax: 86-21-57481672; Email: sumer@broadwellchina.com<\/li>\n<li><strong>Podmiot odpowiedzialny za wprowadzenie produktu na rynek europejski:<\/strong>\u00a0Firma Handlowa PULIO Krzysztof Gebel ul. Kolejowa 3 55-040 Bielany Wroc\u0142awskie  tel. +48 71 352 07 80  biuro@pulio.pl  www.pulio.pl<\/li>\n<li><strong>Ostrze\u017cenia na opakowaniu: <\/strong>Ostrze\u017cenia: Nieodpowiednie dla dzieci poni\u017cej 3 roku \u017cycia. Niebezpiecze\u0144stwo zad\u0142awienia drobnymi  elementami! Przed przekazaniem dziecku nale\u017cy usun\u0105\u0107 wszystkie elementy opakowania. Opakowanie nie stanowi  cz\u0119\u015bci zabawki. Producent zastrzega sobie mo\u017cliwo\u015b\u0107 zmian kolorystycznych i technicznych. Prosimy zachowa\u0107  opakowanie wraz z ostrze\u017ceniami i pozosta\u0142ymi informacjami do p\u00f3\u017aniejszej korespondencji. Wyprodukowano w  Chinach.<\/li>\n<li><strong>Instrukcja obs\u0142ugi jest:<\/strong> NIE<\/li>\n<li><strong>Kraj pochodzenia:<\/strong> CHINY<\/li>\n<\/ul>\n","protected":false},"excerpt":{"rendered":"<p>Pami\u0119tnik z akcesoriami &#8211; Flaming Pecoware 542FM Zestaw zawiera: ma\u0142y pami\u0119tnik na spirali z kolorowymi kartkami, d\u0142ugopis w 4 kolorach,<\/p>\n","protected":false},"featured_media":1756,"comment_status":"open","ping_status":"closed","template":"","meta":[],"product_brand":[],"product_cat":[284,285],"product_tag":[],"class_list":{"0":"post-1647","1":"product","2":"type-product","3":"status-publish","4":"has-post-thumbnail","6":"product_cat-dla-dziewczynki","7":"product_cat-zabawki-kreatywne","9":"first","10":"instock","11":"shipping-taxable","12":"purchasable","13":"product-type-simple"},"_links":{"self":[{"href":"https:\/\/czas.m2web.pl\/index.php?rest_route=\/wp\/v2\/product\/1647","targetHints":{"allow":["GET"]}}],"collection":[{"href":"https:\/\/czas.m2web.pl\/index.php?rest_route=\/wp\/v2\/product"}],"about":[{"href":"https:\/\/czas.m2web.pl\/index.php?rest_route=\/wp\/v2\/types\/product"}],"replies":[{"embeddable":true,"href":"https:\/\/czas.m2web.pl\/index.php?rest_route=%2Fwp%2Fv2%2Fcomments&post=1647"}],"version-history":[{"count":0,"href":"https:\/\/czas.m2web.pl\/index.php?rest_route=\/wp\/v2\/product\/1647\/revisions"}],"wp:featuredmedia":[{"embeddable":true,"href":"https:\/\/czas.m2web.pl\/index.php?rest_route=\/wp\/v2\/media\/1756"}],"wp:attachment":[{"href":"https:\/\/czas.m2web.pl\/index.php?rest_route=%2Fwp%2Fv2%2Fmedia&parent=1647"}],"wp:term":[{"taxonomy":"product_brand","embeddable":true,"href":"https:\/\/czas.m2web.pl\/index.php?rest_route=%2Fwp%2Fv2%2Fproduct_brand&post=1647"},{"taxonomy":"product_cat","embeddable":true,"href":"https:\/\/czas.m2web.pl\/index.php?rest_route=%2Fwp%2Fv2%2Fproduct_cat&post=1647"},{"taxonomy":"product_tag","embeddable":true,"href":"https:\/\/czas.m2web.pl\/index.php?rest_route=%2Fwp%2Fv2%2Fproduct_tag&post=1647"}],"curies":[{"name":"wp","href":"https:\/\/api.w.org\/{rel}","templated":true}]}}