{"id":1728,"date":"2026-01-04T22:52:58","date_gmt":"2026-01-04T21:52:58","guid":{"rendered":"https:\/\/czas.m2web.pl\/?post_type=product&#038;p=1728"},"modified":"2026-01-04T22:53:07","modified_gmt":"2026-01-04T21:53:07","slug":"szkatulka-z-szufladka-i-akcesoriami-jednorozec-178nuc","status":"publish","type":"product","link":"https:\/\/czas.m2web.pl\/?product=szkatulka-z-szufladka-i-akcesoriami-jednorozec-178nuc","title":{"rendered":"Szkatu\u0142ka z szufladk\u0105 i akcesoriami Jednoro\u017cec 178NUC"},"content":{"rendered":"<section class=\"section\">\n<div class=\"item item-6\">\n<section class=\"image-item\">             <img decoding=\"async\" src=\"https:\/\/upload.cdn.baselinker.com\/products\/3029707\/d3e8bd40573b32da94f784fa80b55b57.jpg\" \/>         <\/section>\n<\/p><\/div>\n<div class=\"item item-6\">\n<section class=\"text-item\">\n<h1>Szkatu\u0142ka z szufladk\u0105 i akcesoriami &#8211; Jednoro\u017cec<\/h1>\n<p>Pecoware 178NUC<\/p>\n<p>Zestaw zawiera:<\/p>\n<ul>\n<li>ma\u0142e kartki w linie do pisania sekretnych list\u00f3w o wymiarach 10 x 14 cm,<\/li>\n<li>1 d\u0142ugopis ze specjalnym tuszem, kt\u00f3ry b\u0119dzie widoczny dopiero po pod\u015bwietleniu go \u015bwiat\u0142em znajduj\u0105cym si\u0119 w serduszku.<\/li>\n<li>gumk\u0119 w kszta\u0142cie szminki<\/li>\n<li>ma\u0142e naklejki,<\/li>\n<li>naklejk\u0119 3D,<\/li>\n<li>zak\u0142adk\u0119,<\/li>\n<li>ozdobne karteczki adresowe,<\/li>\n<li>wst\u0105\u017cki do nawlekania karteczek z adresem.<\/li>\n<\/ul>\n<p>U\u017cyj niewidzialnego atramentu, aby napisa\u0107 tajn\u0105 wiadomo\u015b\u0107. U\u017cyj \u015bwiec\u0105cego d\u0142ugopisu, aby ods\u0142oni\u0107 niewidzialn\u0105 wiadomo\u015b\u0107.<\/p>\n<p>Szkatu\u0142ka wykonana jest ze wzmocnionej tektury. Po otwarciu wysuwaj\u0105 si\u0119 2 szufladki, w kt\u00f3rych mo\u017cna umie\u015bci\u0107 akcesoria i dodatkowe drobiazgi. Zamykana jest na magnes. Wierzch szkatu\u0142ki ozdobiony jest przesypuj\u0105cymi si\u0119 kryszta\u0142kami w okienku.<\/p>\n<ul>\n<li>Wiek: 3+.<\/li>\n<li>Wymiary szkatu\u0142ki: 19 x 19 x 10 cm.<\/li>\n<\/ul>\n<\/section><\/div>\n<\/section>\n<section class=\"section\">\n<div class=\"item item-12\">\n<section class=\"image-item\">             <img decoding=\"async\" src=\"https:\/\/upload.cdn.baselinker.com\/products\/3029707\/d3e8bd40573b32da94f784fa80b55b57.jpg\" \/>         <\/section>\n<\/p><\/div>\n<\/section>\n<section class=\"section\">\n<div class=\"item item-12\">\n<section class=\"image-item\">             <img decoding=\"async\" src=\"https:\/\/upload.cdn.baselinker.com\/products\/3029707\/df0d3ce55390d7e0904fb16411cf3cf0.jpg\" \/>         <\/section>\n<\/p><\/div>\n<\/section>\n<p><strong>Dodatkowe informacje:<\/strong><\/p>\n<ul>\n<li><strong>Producent: <\/strong>Shanghai Broadwell Stationery CO.,Ltd. 556 DONGXING VILLAGE,JINHUI TOWN,FENGXIAN DISTRICT, SHANGHAI ,CHINA CHINA  CONTACT: Tel:86-21-57481826; Fax: 86-21-57481672; Email: sumer@broadwellchina.com<\/li>\n<li><strong>Podmiot odpowiedzialny za wprowadzenie produktu na rynek europejski:<\/strong>\u00a0Firma Handlowa PULIO Krzysztof Gebel ul. Kolejowa 3 55-040 Bielany Wroc\u0142awskie  tel. +48 71 352 07 80  biuro@pulio.pl  www.pulio.pl<\/li>\n<li><strong>Ostrze\u017cenia na opakowaniu: <\/strong>Ostrze\u017cenia: Nieodpowiednie dla dzieci poni\u017cej 3 roku \u017cycia. Niebezpiecze\u0144stwo zad\u0142awienia drobnymi  elementami! Przed przekazaniem dziecku nale\u017cy usun\u0105\u0107 wszystkie elementy opakowania. Opakowanie nie stanowi  cz\u0119\u015bci zabawki. Producent zastrzega sobie mo\u017cliwo\u015b\u0107 zmian kolorystycznych i technicznych. Prosimy zachowa\u0107  opakowanie wraz z ostrze\u017ceniami i pozosta\u0142ymi informacjami do p\u00f3\u017aniejszej korespondencji. Wyprodukowano w  Chinach.<\/li>\n<li><strong>Instrukcja obs\u0142ugi jest:<\/strong> NIE<\/li>\n<li><strong>Kraj pochodzenia:<\/strong> CHINY<\/li>\n<\/ul>\n","protected":false},"excerpt":{"rendered":"<p>Szkatu\u0142ka z szufladk\u0105 i akcesoriami &#8211; Jednoro\u017cec Pecoware 178NUC Zestaw zawiera: ma\u0142e kartki w linie do pisania sekretnych list\u00f3w o<\/p>\n","protected":false},"featured_media":1765,"comment_status":"open","ping_status":"closed","template":"","meta":[],"product_brand":[],"product_cat":[284,285],"product_tag":[],"class_list":{"0":"post-1728","1":"product","2":"type-product","3":"status-publish","4":"has-post-thumbnail","6":"product_cat-dla-dziewczynki","7":"product_cat-zabawki-kreatywne","9":"first","10":"instock","11":"shipping-taxable","12":"purchasable","13":"product-type-simple"},"_links":{"self":[{"href":"https:\/\/czas.m2web.pl\/index.php?rest_route=\/wp\/v2\/product\/1728","targetHints":{"allow":["GET"]}}],"collection":[{"href":"https:\/\/czas.m2web.pl\/index.php?rest_route=\/wp\/v2\/product"}],"about":[{"href":"https:\/\/czas.m2web.pl\/index.php?rest_route=\/wp\/v2\/types\/product"}],"replies":[{"embeddable":true,"href":"https:\/\/czas.m2web.pl\/index.php?rest_route=%2Fwp%2Fv2%2Fcomments&post=1728"}],"version-history":[{"count":0,"href":"https:\/\/czas.m2web.pl\/index.php?rest_route=\/wp\/v2\/product\/1728\/revisions"}],"wp:featuredmedia":[{"embeddable":true,"href":"https:\/\/czas.m2web.pl\/index.php?rest_route=\/wp\/v2\/media\/1765"}],"wp:attachment":[{"href":"https:\/\/czas.m2web.pl\/index.php?rest_route=%2Fwp%2Fv2%2Fmedia&parent=1728"}],"wp:term":[{"taxonomy":"product_brand","embeddable":true,"href":"https:\/\/czas.m2web.pl\/index.php?rest_route=%2Fwp%2Fv2%2Fproduct_brand&post=1728"},{"taxonomy":"product_cat","embeddable":true,"href":"https:\/\/czas.m2web.pl\/index.php?rest_route=%2Fwp%2Fv2%2Fproduct_cat&post=1728"},{"taxonomy":"product_tag","embeddable":true,"href":"https:\/\/czas.m2web.pl\/index.php?rest_route=%2Fwp%2Fv2%2Fproduct_tag&post=1728"}],"curies":[{"name":"wp","href":"https:\/\/api.w.org\/{rel}","templated":true}]}}