{"id":1832,"date":"2026-01-04T22:53:20","date_gmt":"2026-01-04T21:53:20","guid":{"rendered":"https:\/\/czas.m2web.pl\/?post_type=product&#038;p=1832"},"modified":"2026-01-04T22:53:36","modified_gmt":"2026-01-04T21:53:36","slug":"b-kids-interaktywne-centrum-zabawy-zyrafa-4640n","status":"publish","type":"product","link":"https:\/\/czas.m2web.pl\/?product=b-kids-interaktywne-centrum-zabawy-zyrafa-4640n","title":{"rendered":"B-Kids Interaktywne centrum zabawy \u017byrafa 4640N"},"content":{"rendered":"<section class=\"section\">\n<div class=\"item item-6\">\n<section class=\"image-item\"><img decoding=\"async\" src=\"https:\/\/upload.cdn.baselinker.com\/products\/3029707\/c982f610254ecd88ff6ebb665e8a34f1.jpg\"><\/section>\n<\/p><\/div>\n<div class=\"item item-6\">\n<section class=\"text-item\">\n<h1>B-KIDS Interaktywne centrum zabawy &#8211; \u017byrafa<\/h1>\n<h2>Nr kat.: 4640N<\/h2>\n<p>Tw\u00f3j maluch b\u0119dzie mia\u0142 same niespodzianki bawi\u0105c si\u0119 z t\u0105 niezwyk\u0142\u0105 \u017cyraf\u0105.<\/p>\n<p>Kolorowe pi\u0142eczki wyskakuj\u0105 z r\u00f3\u017cnych otwor\u00f3w i turlaj\u0105 si\u0119 dalej tunelami lub zeskakuj\u0105 po drabince zamieszczonej z przodu \u017cyrafy! Pi\u0142eczki b\u0119d\u0105 wybiera\u0107 r\u00f3\u017cne drogi &#8211; wpadn\u0105 do paszczy hipopotama lub krokodyla, sk\u0105d b\u0119dzie mo\u017cna je wyci\u0105gn\u0105\u0107 i ponownie rozpocz\u0105\u0107 zabaw\u0119.<\/p>\n<p>Zabawie towarzysz\u0105 ciekawe d\u017awi\u0119ki i weso\u0142e melodyjki. Zabawka dodatkowo wyposa\u017cona jest w migaj\u0105ce, kolorowe \u015bwiat\u0142a LED.<\/p>\n<p>W zestawie: \u017cyrafa, 5 kolorowych pi\u0142ek.<\/p>\n<ul>\n<li>Baterie: 3 X AA.<\/li>\n<li>Wiek: 12M-36M.<\/li>\n<li>Wymiary opakowania: 61 x 44,5 x 18 cm.<\/li>\n<\/ul>\n<\/section><\/div>\n<\/section>\n<section class=\"section\">\n<div class=\"item item-12\">\n<section class=\"image-item\"><img decoding=\"async\" src=\"https:\/\/upload.cdn.baselinker.com\/products\/3029707\/092681c0384280fdebb52aabdf178198.jpg\"><\/section>\n<\/p><\/div>\n<\/section>\n<section class=\"section\">\n<div class=\"item item-6\">\n<section class=\"image-item\"><img decoding=\"async\" src=\"https:\/\/upload.cdn.baselinker.com\/products\/3029707\/d50256f010efbe4b6482a8eed7e96ba2.jpg\"><\/section>\n<\/p><\/div>\n<div class=\"item item-6\">\n<section class=\"image-item\"><img decoding=\"async\" src=\"https:\/\/upload.cdn.baselinker.com\/products\/3029707\/da6b75fbb1f5a67f9226d69f3a512e29.jpg\"><\/section>\n<\/p><\/div>\n<\/section>\n<section class=\"section\">\n<div class=\"item item-12\">\n<section class=\"image-item\"><img decoding=\"async\" src=\"https:\/\/upload.cdn.baselinker.com\/products\/3029707\/f185899e9c59bcc09a6a50b88aaa2c12.jpg\"><\/section>\n<\/p><\/div>\n<\/section>\n<section class=\"section\">\n<div class=\"item item-12\">\n<section class=\"image-item\"><img decoding=\"async\" src=\"https:\/\/upload.cdn.baselinker.com\/products\/3029707\/c12a7424d7cf5891d6d556f301b59bc8.jpg\"><\/section>\n<\/p><\/div>\n<\/section>\n<p><strong>Dodatkowe informacje:<\/strong><\/p>\n<ul>\n<li><strong>Producent: <\/strong>INFANTINO B KIDS INTERNATIONAL LIMITED  Flat\/Rm 1203, 12\/F, East Ocean Centre, 98 Granville Road TST East, Kowloon Hong Kong; elsa.chan@infantino.com; sally.ho@infantino.com<\/li>\n<li><strong>Podmiot odpowiedzialny za wprowadzenie produktu na rynek europejski:<\/strong>\u00a0Infantino B kids B.V. John M. Keynesplein 12-46 1066EP Amsterdam The Netherlands eu.info@infantino.com<\/li>\n<li><strong>Ostrze\u017cenia na opakowaniu: <\/strong><\/li>\n<li><strong>Instrukcja obs\u0142ugi jest:<\/strong> NIE<\/li>\n<li><strong>Kraj pochodzenia:<\/strong> CHINY<\/li>\n<\/ul>\n","protected":false},"excerpt":{"rendered":"<p>B-KIDS Interaktywne centrum zabawy &#8211; \u017byrafa Nr kat.: 4640N Tw\u00f3j maluch b\u0119dzie mia\u0142 same niespodzianki bawi\u0105c si\u0119 z t\u0105 niezwyk\u0142\u0105<\/p>\n","protected":false},"featured_media":1889,"comment_status":"open","ping_status":"closed","template":"","meta":[],"product_brand":[],"product_cat":[16],"product_tag":[],"class_list":{"0":"post-1832","1":"product","2":"type-product","3":"status-publish","4":"has-post-thumbnail","6":"product_cat-import","8":"first","9":"instock","10":"shipping-taxable","11":"purchasable","12":"product-type-simple"},"_links":{"self":[{"href":"https:\/\/czas.m2web.pl\/index.php?rest_route=\/wp\/v2\/product\/1832","targetHints":{"allow":["GET"]}}],"collection":[{"href":"https:\/\/czas.m2web.pl\/index.php?rest_route=\/wp\/v2\/product"}],"about":[{"href":"https:\/\/czas.m2web.pl\/index.php?rest_route=\/wp\/v2\/types\/product"}],"replies":[{"embeddable":true,"href":"https:\/\/czas.m2web.pl\/index.php?rest_route=%2Fwp%2Fv2%2Fcomments&post=1832"}],"version-history":[{"count":0,"href":"https:\/\/czas.m2web.pl\/index.php?rest_route=\/wp\/v2\/product\/1832\/revisions"}],"wp:featuredmedia":[{"embeddable":true,"href":"https:\/\/czas.m2web.pl\/index.php?rest_route=\/wp\/v2\/media\/1889"}],"wp:attachment":[{"href":"https:\/\/czas.m2web.pl\/index.php?rest_route=%2Fwp%2Fv2%2Fmedia&parent=1832"}],"wp:term":[{"taxonomy":"product_brand","embeddable":true,"href":"https:\/\/czas.m2web.pl\/index.php?rest_route=%2Fwp%2Fv2%2Fproduct_brand&post=1832"},{"taxonomy":"product_cat","embeddable":true,"href":"https:\/\/czas.m2web.pl\/index.php?rest_route=%2Fwp%2Fv2%2Fproduct_cat&post=1832"},{"taxonomy":"product_tag","embeddable":true,"href":"https:\/\/czas.m2web.pl\/index.php?rest_route=%2Fwp%2Fv2%2Fproduct_tag&post=1832"}],"curies":[{"name":"wp","href":"https:\/\/api.w.org\/{rel}","templated":true}]}}