{"id":1834,"date":"2026-01-04T22:53:20","date_gmt":"2026-01-04T21:53:20","guid":{"rendered":"https:\/\/czas.m2web.pl\/?post_type=product&#038;p=1834"},"modified":"2026-01-04T22:53:37","modified_gmt":"2026-01-04T21:53:37","slug":"maisto-porsche-taycan-swiatla-i-dzwiek-1-24-81731","status":"publish","type":"product","link":"https:\/\/czas.m2web.pl\/?product=maisto-porsche-taycan-swiatla-i-dzwiek-1-24-81731","title":{"rendered":"MAISTO Porsche Taycan \u015bwiat\u0142a i d\u017awi\u0119k 1\/24 81731"},"content":{"rendered":"<section class=\"section\">\n<div class=\"item item-6\">\n<section class=\"image-item\">                      <\/section>\n<\/p><\/div>\n<div class=\"item item-6\">\n<section class=\"text-item\">\n<h1>MAISTO Porsche Taycan Turbo S &#8211; model z d\u017awi\u0119kiem i \u015bwiat\u0142ami<\/h1>\n<h2>Model z serii MotoSounds!<\/h2>\n<p>Nr kat.: 81731<\/p>\n<p>Kolor: zielony<\/p>\n<p>Auto bez nap\u0119du w skali 1:24.<\/p>\n<p><b>Po naci\u015bni\u0119ciu maski w samochodzie zapalaj\u0105 si\u0119 \u015bwiat\u0142a, s\u0142ycha\u0107 realistyczne odg\u0142osy silnika oraz d\u017awi\u0119k hamowania.<\/b><\/p>\n<p>Zabawka wymaga 2 baterii typu AA (zawarte w zestawie).<\/p>\n<ul>\n<li>Model wykonany z solidnego plastiku.<\/li>\n<li>Wymiary: d\u0142. 18 cm, wys. 5 cm.<\/li>\n<li>Wymiary opakowania: 24 x 9,5 x 11 cm.<\/li>\n<li>Zapakowany w oryginalne pude\u0142ko.<\/li>\n<li>Wiek: 3+.<\/li>\n<\/ul>\n<\/section><\/div>\n<\/section>\n<section class=\"section\">\n<div class=\"item item-12\">\n<section class=\"image-item\">                      <\/section>\n<\/p><\/div>\n<\/section>\n<section class=\"section\">\n<div class=\"item item-12\">\n<section class=\"image-item\">                      <\/section>\n<\/p><\/div>\n<\/section>\n<p><strong>Dodatkowe informacje:<\/strong><\/p>\n<ul>\n<li><strong>Producent: <\/strong>May Cheong Group Limited Unit 901-2, 9\/F, East Ocean Centre,  98 Granville Road, Tsimshatsui East, Kowloon, Hong Kong info@maycheonggroup.com.hk<\/li>\n<li><strong>Podmiot odpowiedzialny za wprowadzenie produktu na rynek europejski:<\/strong>\u00a0Firma Handlowa PULIO Krzysztof Gebel ul. Kolejowa 3 55-040 Bielany Wroc\u0142awskie  tel. +48 71 352 07 80  biuro@pulio.pl  www.pulio.pl<\/li>\n<li><strong>Ostrze\u017cenia na opakowaniu: <\/strong>Ostrze\u017cenia: Uwaga! Nieodpowiednie dla dzieci w wieku poni\u017cej 3 lat. Niebezpiecze\u0144stwo zad\u0142awienia drobnymi elementami. Prosimy zachowa\u0107 opakowanie wraz z ostrze\u017ceniami i pozosta\u0142ymi informacjami do p\u00f3\u017aniejszej korespondencji. Przed przekazaniem dziecku nale\u017cy usun\u0105\u0107 wszystkie elementy opakowania. Opakowanie nie stanowi cz\u0119\u015bci zabawki. OSTRZE\u017bENIA DOTYCZ\u0104CE BATERII: Nie nale\u017cy miesza\u0107 ze sob\u0105 baterii r\u00f3\u017cnych typ\u00f3w lub nowych i u\u017cywanych. Nale\u017cy u\u017cywa\u0107 jedynie baterii zalecanego typu lub r\u00f3wnowa\u017cnych. Nie nale\u017cy u\u017cywa\u0107 baterii przewidzianych do \u0142adowania, chyba \u017ce jest zalecane. Baterie nie przewidziane do \u0142adowania nie mog\u0105 by\u0107 \u0142adowane. Baterie przewidziane do \u0142adowania mog\u0105 by\u0107 \u0142adowane jedynie po wyj\u0119ciu z produktu pod nadzorem osoby doros\u0142ej. Baterie nale\u017cy wk\u0142ada\u0107 z zachowaniem prawid\u0142owej biegunowo\u015bci. Nie wolno zwiera\u0107 zacisk\u00f3w zasilania. Wyj\u0105\u0107 baterie gdy s\u0105 zu\u017cyte. Zu\u017cyte baterie nale\u017cy wyrzuca\u0107 do odpowiednio oznaczonych pojemnik\u00f3w. Zu\u017cytych elektrycznych i elektronicznych produkt\u00f3w nie nale\u017cy umieszcza\u0107 z pozosta\u0142ymi odpadami domowymi. Produkt musi by\u0107 dostarczony do punktu zbi\u00f3rki s\u0142u\u017c\u0105cego recyklingowi urz\u0105dze\u0144 elektrycznych i elektronicznych. Skontaktuj si\u0119 z w\u0142adzami lokalnymi aby dowiedzie\u0107 si\u0119 o dost\u0119pnych punktach. Producent zastrzega sobie prawo do zmian technicznych i kolorystyki bez uprzedzenia. Kolory i zawarto\u015b\u0107 mog\u0105 r\u00f3\u017cni\u0107 si\u0119 od ilustracji na opakowaniu. Wyprodukowano w Chinach.<\/li>\n<li><strong>Instrukcja obs\u0142ugi jest:<\/strong> Wymagane Baterie:                                                                                                                                                                                   2x baterie 1,5V \u201dAA\u201d LR6\/R6.                                                                                                                                                         Instalacja baterii do pojazdu (Rys.1):                                                                                                                                                                      1. Przy pomocy \u015brubokr\u0119tu otw\u00f3rz pokryw\u0119 na baterie (\u015brubokr\u0119t nie jest za\u0142\u0105czony w zestawie).                                                                                                                                                                      2. Umie\u015b\u0107 2 nowe baterie 1,5V\u201dAA\u201d LR6\/R6 z zachowaniem prawid\u0142owej biegunowo\u015bci.                                                                           3. Ponownie przykryj pokryw\u0119 na baterie oraz przykr\u0119\u0107 \u015bruby.        Instrukcja obs\u0142ugi pojazdu:                                                                                                 1. Przed rozpocz\u0119ciem zabawy poci\u0105gnij i usu\u0144 plastikowy pasek w samochodzie. 2. Naci\u015bnij mask\u0119 samochodu aby uruchomi\u0107 efekty d\u017awi\u0119kowe i \u015bwietlne. (Rys. 2) 3. Efekty d\u017awi\u0119kowe mog\u0105 dzia\u0142a\u0107 nieprawid\u0142owo, je\u017celi baterie s\u0105 bliskie wyczerpania. Wymie\u0144 baterie na nowe.  Ostrze\u017cenia dotycz\u0105ce baterii:                                                                                                                                                                     1. Zaleca si\u0119 baterie alkaliczne zgodne z podanym wy\u017cej typem i rodzajem.                                                                              2. Nale\u017cy u\u017cywa\u0107 jedynie baterii zalecanego typu lub r\u00f3wnowa\u017cnych.                                                                                        3. Zabawki nie nale\u017cy przy\u0142\u0105cza\u0107 do wi\u0119kszej ni\u017c zalecana liczba \u017ar\u00f3de\u0142 zasilania.                                                                          4. Nie nale\u017cy miesza\u0107 ze sob\u0105 r\u00f3\u017cnych typ\u00f3w baterii lub nowych i u\u017cywanych baterii.                                                           5. Baterie nieprzewidziane do \u0142adowania nie mog\u0105 by\u0107 \u0142adowane.                                                                                                6. Baterie przeznaczone do \u0142adowania mog\u0105 by\u0107 \u0142adowane jedynie pod nadzorem osoby doros\u0142ej.                                             7. Baterie przewidziane do \u0142adowania nale\u017cy przed \u0142adowaniem wyj\u0105\u0107 z zabawki, ( je\u017celi s\u0105 wyjmowane).                            8. Baterie nale\u017cy wk\u0142ada\u0107 z zachowaniem prawid\u0142owej biegunowo\u015bci.                                                                                        9. Je\u017celi zabawka nie jest u\u017cywania przez d\u0142u\u017cszy czas nale\u017cy wyj\u0105\u0107 bateri\u0119 z zabawki, aby zapobiec ich wcze\u015bniejszemu zu\u017cyciu lub wyciekowi elektrolitu.    10. Wyj\u0105\u0107 baterie gdy s\u0105 zu\u017cyte 11. Ko\u0144c\u00f3wek baterii nie nale\u017cy zwiera\u0107 12. Zu\u017cyte baterie nale\u017cy wyrzuca\u0107 do odpowiednio oznaczonych pojemnik\u00f3w. Nie wrzuca\u0107 zu\u017cytych baterii do ognia gdy\u017c mo\u017ce te spowodowa\u0107 ich wybuch lub wyciek powoduj\u0105cy zranienia lub uszkodzenia 13. Baterie mog\u0105 by\u0107 wymienione jedynie przez osob\u0119 doros\u0142\u0105 Produktu nie nale\u017cy wyrzuca\u0107 z pozosta\u0142ymi odpadami domowymi. Produkt musi by\u0107 dostarczony do punktu zbi\u00f3rki s\u0142u\u017c\u0105cego recyklingowi urz\u0105dze\u0144 elektrycznych i elektronicznych co pokazuje symbol  obok. Produkt nale\u017cy wyrzuci\u0107 do odpowiednio oznaczonych pojemnik\u00f3w. Skontaktuj si\u0119 z w\u0142adzami lokalnymi aby dowiedzie\u0107 si\u0119 o dost\u0119pnych punktach.  Materia\u0142y powinny by\u0107 poddawane recyklingowi zgodnie z odpowiednimi oznaczeniami. Poddaj\u0105c recyklingowi stare urz\u0105dzenia przyczyniasz si\u0119 do ochrony \u015brodowiska.  Skontaktuj si\u0119 z w\u0142adzami lokalnymi aby dowiedzie\u0107 si\u0119 o dost\u0119pnych punktach. Usuwanie baterii: Baterii nie nale\u017cy wyrzuca\u0107 z pozosta\u0142ymi odpadami domowymi. Zu\u017cyte baterie nale\u017cy wyrzuci\u0107 do odpowiednio oznaczonych pojemnik\u00f3w i punkt\u00f3w. Przy tym oznakowaniu znajdziesz r\u00f3wnie\u017c skr\u00f3ty, kt\u00f3re dotycz\u0105 baterii zawieraj\u0105cych szkodliwe substancje: Pb = baterie zawieraj\u0105ce o\u0142\u00f3w Cd = baterie zawieraj\u0105ce kadm Hg = baterie zawieraj\u0105ce rt\u0119\u0107<\/li>\n<li><strong>Kraj pochodzenia:<\/strong> CHINY<\/li>\n<\/ul>\n","protected":false},"excerpt":{"rendered":"<p>MAISTO Porsche Taycan Turbo S &#8211; model z d\u017awi\u0119kiem i \u015bwiat\u0142ami Model z serii MotoSounds! Nr kat.: 81731 Kolor: zielony<\/p>\n","protected":false},"featured_media":1896,"comment_status":"open","ping_status":"closed","template":"","meta":[],"product_brand":[],"product_cat":[16],"product_tag":[],"class_list":{"0":"post-1834","1":"product","2":"type-product","3":"status-publish","4":"has-post-thumbnail","6":"product_cat-import","8":"first","9":"instock","10":"shipping-taxable","11":"purchasable","12":"product-type-simple"},"_links":{"self":[{"href":"https:\/\/czas.m2web.pl\/index.php?rest_route=\/wp\/v2\/product\/1834","targetHints":{"allow":["GET"]}}],"collection":[{"href":"https:\/\/czas.m2web.pl\/index.php?rest_route=\/wp\/v2\/product"}],"about":[{"href":"https:\/\/czas.m2web.pl\/index.php?rest_route=\/wp\/v2\/types\/product"}],"replies":[{"embeddable":true,"href":"https:\/\/czas.m2web.pl\/index.php?rest_route=%2Fwp%2Fv2%2Fcomments&post=1834"}],"version-history":[{"count":0,"href":"https:\/\/czas.m2web.pl\/index.php?rest_route=\/wp\/v2\/product\/1834\/revisions"}],"wp:featuredmedia":[{"embeddable":true,"href":"https:\/\/czas.m2web.pl\/index.php?rest_route=\/wp\/v2\/media\/1896"}],"wp:attachment":[{"href":"https:\/\/czas.m2web.pl\/index.php?rest_route=%2Fwp%2Fv2%2Fmedia&parent=1834"}],"wp:term":[{"taxonomy":"product_brand","embeddable":true,"href":"https:\/\/czas.m2web.pl\/index.php?rest_route=%2Fwp%2Fv2%2Fproduct_brand&post=1834"},{"taxonomy":"product_cat","embeddable":true,"href":"https:\/\/czas.m2web.pl\/index.php?rest_route=%2Fwp%2Fv2%2Fproduct_cat&post=1834"},{"taxonomy":"product_tag","embeddable":true,"href":"https:\/\/czas.m2web.pl\/index.php?rest_route=%2Fwp%2Fv2%2Fproduct_tag&post=1834"}],"curies":[{"name":"wp","href":"https:\/\/api.w.org\/{rel}","templated":true}]}}