{"id":184,"date":"2026-01-04T22:46:46","date_gmt":"2026-01-04T21:46:46","guid":{"rendered":"https:\/\/czas.m2web.pl\/?post_type=product&#038;p=184"},"modified":"2026-01-04T22:47:12","modified_gmt":"2026-01-04T21:47:12","slug":"infantino-wielka-sensoryczna-mata-1675-x-127-cm-313000","status":"publish","type":"product","link":"https:\/\/czas.m2web.pl\/?product=infantino-wielka-sensoryczna-mata-1675-x-127-cm-313000","title":{"rendered":"INFANTINO Wielka, sensoryczna mata 167,5 x 127 cm 313000"},"content":{"rendered":"<section class=\"section\">\n<div class=\"item item-6\">\n<section class=\"image-item\">             <img decoding=\"async\" src=\"https:\/\/upload.cdn.baselinker.com\/products\/3029707\/d925e79ff7226072685657ce15a51721.jpg\" \/>         <\/section>\n<\/p><\/div>\n<div class=\"item item-6\">\n<section class=\"text-item\">\n<h1>INFANTINO Wielka, sensoryczna mata do zabawy 167,5 x 127 cm<\/h1>\n<p>Nr kat.: 313000<\/p>\n<p>Ta wyj\u0105tkowo du\u017ca mata do \u0107wicze\u0144 tworzy bezpieczne, mi\u0119kkie miejsce do zabawy dla dziecka. Teksturowane tkaniny i szeleszcz\u0105ce elementy zapewniaj\u0105 wczesn\u0105 integracj\u0119 sensoryczn\u0105, a kontrastowe kolory przyci\u0105gaj\u0105 uwag\u0119 dziecka i zach\u0119caj\u0105 do zabawy.<\/p>\n<p>Mata zawiera szerokie, bezpieczne lusterko do przegl\u0105dania (idealne do zabawy na brzuszku), unikalne struktury, kolorowe kszta\u0142ty, ruchome i szeleszcz\u0105ce ucho s\u0142onia, satynowe wst\u0105\u017cki.<\/p>\n<p>Mat\u0119 mo\u017cna \u0142atwo z\u0142o\u017cy\u0107 do wymiar\u00f3w 58,4x 40,5 cm do transportu i przechowywania.<\/p>\n<p>\u0141atwa do czyszczenia, mo\u017cna pra\u0107 w pralce. Lusterko mo\u017cna przypina\u0107 w r\u00f3\u017cnych miejscach maty.<\/p>\n<ul>\n<li>W komplecie przezroczysta torba z uchwytem, zapinana na zamek b\u0142yskawiczny.<\/li>\n<li>Wiek: 0M+.<\/li>\n<li>Wymiary opakowania: 62 x 40 cm.<\/li>\n<li>Wymiary maty: 167,5\u00d7127 cm<\/li>\n<\/ul>\n<\/section><\/div>\n<\/section>\n<section class=\"section\">\n<div class=\"item item-12\">\n<section class=\"image-item\">             <img decoding=\"async\" src=\"https:\/\/upload.cdn.baselinker.com\/products\/3029707\/d925e79ff7226072685657ce15a51721.jpg\" \/>         <\/section>\n<\/p><\/div>\n<\/section>\n<section class=\"section\">\n<div class=\"item item-12\">\n<section class=\"image-item\">             <img decoding=\"async\" src=\"https:\/\/upload.cdn.baselinker.com\/products\/3029707\/7d0fdf2b6441ca501df65d33fe0a9d6e.jpg\" \/>         <\/section>\n<\/p><\/div>\n<\/section>\n<section class=\"section\">\n<div class=\"item item-12\">\n<section class=\"image-item\">             <img decoding=\"async\" src=\"https:\/\/upload.cdn.baselinker.com\/products\/3029707\/df92af08420c17667f980f49ec229190.jpg\" \/>         <\/section>\n<\/p><\/div>\n<\/section>\n<section class=\"section\">\n<div class=\"item item-12\">\n<section class=\"image-item\">             <img decoding=\"async\" src=\"https:\/\/upload.cdn.baselinker.com\/products\/3029707\/0890540af1f7309ac410439c1bf221ef.jpg\" \/>         <\/section>\n<\/p><\/div>\n<\/section>\n<section class=\"section\">\n<div class=\"item item-12\">\n<section class=\"image-item\">             <img decoding=\"async\" src=\"https:\/\/upload.cdn.baselinker.com\/products\/3029707\/38d0a041d213e35d2307929e72fc8038.jpg\" \/>         <\/section>\n<\/p><\/div>\n<\/section>\n<p><strong>Dodatkowe informacje:<\/strong><\/p>\n<ul>\n<li><strong>Producent: <\/strong>INFANTINO B KIDS INTERNATIONAL LIMITED  Flat\/Rm 1203, 12\/F, East Ocean Centre, 98 Granville Road TST East, Kowloon Hong Kong; customersupport@infantino.com<\/li>\n<li><strong>Podmiot odpowiedzialny za wprowadzenie produktu na rynek europejski:<\/strong>\u00a0Infantino B kids B.V. John M. Keynesplein 12-46 1066EP Amsterdam The Netherlands eu.info@infantino.com<\/li>\n<li><strong>Ostrze\u017cenia na opakowaniu: <\/strong><\/li>\n<li><strong>Instrukcja obs\u0142ugi jest:<\/strong> NIE<\/li>\n<li><strong>Kraj pochodzenia:<\/strong> CHINY<\/li>\n<\/ul>\n","protected":false},"excerpt":{"rendered":"<p>INFANTINO Wielka, sensoryczna mata do zabawy 167,5 x 127 cm Nr kat.: 313000 Ta wyj\u0105tkowo du\u017ca mata do \u0107wicze\u0144 tworzy<\/p>\n","protected":false},"featured_media":312,"comment_status":"open","ping_status":"closed","template":"","meta":[],"product_brand":[],"product_cat":[17,18],"product_tag":[],"class_list":{"0":"post-184","1":"product","2":"type-product","3":"status-publish","4":"has-post-thumbnail","6":"product_cat-dla-najmlodszych","7":"product_cat-nosidelka-i-maty","9":"first","10":"instock","11":"shipping-taxable","12":"purchasable","13":"product-type-simple"},"_links":{"self":[{"href":"https:\/\/czas.m2web.pl\/index.php?rest_route=\/wp\/v2\/product\/184","targetHints":{"allow":["GET"]}}],"collection":[{"href":"https:\/\/czas.m2web.pl\/index.php?rest_route=\/wp\/v2\/product"}],"about":[{"href":"https:\/\/czas.m2web.pl\/index.php?rest_route=\/wp\/v2\/types\/product"}],"replies":[{"embeddable":true,"href":"https:\/\/czas.m2web.pl\/index.php?rest_route=%2Fwp%2Fv2%2Fcomments&post=184"}],"version-history":[{"count":0,"href":"https:\/\/czas.m2web.pl\/index.php?rest_route=\/wp\/v2\/product\/184\/revisions"}],"wp:featuredmedia":[{"embeddable":true,"href":"https:\/\/czas.m2web.pl\/index.php?rest_route=\/wp\/v2\/media\/312"}],"wp:attachment":[{"href":"https:\/\/czas.m2web.pl\/index.php?rest_route=%2Fwp%2Fv2%2Fmedia&parent=184"}],"wp:term":[{"taxonomy":"product_brand","embeddable":true,"href":"https:\/\/czas.m2web.pl\/index.php?rest_route=%2Fwp%2Fv2%2Fproduct_brand&post=184"},{"taxonomy":"product_cat","embeddable":true,"href":"https:\/\/czas.m2web.pl\/index.php?rest_route=%2Fwp%2Fv2%2Fproduct_cat&post=184"},{"taxonomy":"product_tag","embeddable":true,"href":"https:\/\/czas.m2web.pl\/index.php?rest_route=%2Fwp%2Fv2%2Fproduct_tag&post=184"}],"curies":[{"name":"wp","href":"https:\/\/api.w.org\/{rel}","templated":true}]}}