{"id":1922,"date":"2026-01-04T22:53:41","date_gmt":"2026-01-04T21:53:41","guid":{"rendered":"https:\/\/czas.m2web.pl\/?post_type=product&#038;p=1922"},"modified":"2026-01-04T22:53:53","modified_gmt":"2026-01-04T21:53:53","slug":"maisto-r-c-smieciarka-mack-granite-24-ghz-82182","status":"publish","type":"product","link":"https:\/\/czas.m2web.pl\/?product=maisto-r-c-smieciarka-mack-granite-24-ghz-82182","title":{"rendered":"MAISTO R\/C \u015amieciarka MACK Granite 2,4 GHz 82182"},"content":{"rendered":"<section class=\"section\">\n<div class=\"item item-6\">\n<section class=\"image-item\"><img decoding=\"async\" src=\"https:\/\/upload.cdn.baselinker.com\/products\/3029707\/c00467a1f31d65be1f6d19136de546a2.jpg\"><\/section>\n<\/p><\/div>\n<div class=\"item item-6\">\n<section class=\"text-item\">\n<h1>MAISTO TECH R\/C \u015amieciarka MACK Granite Refuse Truck 2,4 GHz &#8211; model zdalnie sterowany<\/h1>\n<p>Nr kat: 82182<\/p>\n<p>Kolor: bia\u0142o-zielony<\/p>\n<p>Model zdalnie sterowany na cz\u0119stotliwo\u015bci 2,4 GHz (mo\u017cliwo\u015b\u0107 zabawy jednocze\u015bnie 4 pojazdami).<\/p>\n<p><b>Oryginalny model \u015bmieciarki MACK Granite<\/b> <b>na oficjalnej licencji marki MACK TRUCKS.<\/b><\/p>\n<p>Pojazd charakteryzuje si\u0119 szczeg\u00f3\u0142owym wykonaniem, \u015bwietnie sprawdzi si\u0119 jako zabawka dla dziecka.<\/p>\n<p><b>Model posiada otwierany tylni w\u0142az oraz jest wyposa\u017cony w du\u017ce, gumowe opony.<\/b><\/p>\n<p>W zestawie: pojazd RC, pilot RC, instrukcja obs\u0142ugi.<\/p>\n<p>Funkcje pojazdu: jazda do przodu, do ty\u0142u, w prawo i w lewo.<\/p>\n<p><b>Zasi\u0119g pilota: 35 m.<\/b><\/p>\n<p>Wymagane baterie: 2 x1,5V AAA (pilot) oraz 2 x1,5V AA (pojazd) \u2013 brak w komplecie.<\/p>\n<p><b>Wymiary pojazdu: 19 x 7,5 x 10 cm.<\/b><\/p>\n<p>Wymiary opakowania: 28 x 15 x 15 cm.<\/p>\n<p>Wiek: 5+.<\/p>\n<\/section><\/div>\n<\/section>\n<section class=\"section\">\n<div class=\"item item-12\">\n<section class=\"image-item\"><img decoding=\"async\" src=\"https:\/\/upload.cdn.baselinker.com\/products\/3029707\/c00467a1f31d65be1f6d19136de546a2.jpg\"><\/section>\n<\/p><\/div>\n<\/section>\n<section class=\"section\">\n<div class=\"item item-12\">\n<section class=\"image-item\"><img decoding=\"async\" src=\"https:\/\/upload.cdn.baselinker.com\/products\/3029707\/cebdced1ebf25830faa9fd6866ad1fd9.jpg\"><\/section>\n<\/p><\/div>\n<\/section>\n<section class=\"section\">\n<div class=\"item item-12\">\n<section class=\"image-item\"><img decoding=\"async\" src=\"https:\/\/upload.cdn.baselinker.com\/products\/3029707\/6a7d08eaa56575ddfa6121aa65c23c3b.jpg\"><\/section>\n<\/p><\/div>\n<\/section>\n<section class=\"section\">\n<div class=\"item item-12\">\n<section class=\"image-item\"><img decoding=\"async\" src=\"https:\/\/upload.cdn.baselinker.com\/products\/3029707\/91f0c4edffaf8bc3f6e69168c6b78fb6.jpg\"><\/section>\n<\/p><\/div>\n<\/section>\n<p><strong>Dodatkowe informacje:<\/strong><\/p>\n","protected":false},"excerpt":{"rendered":"<p>MAISTO TECH R\/C \u015amieciarka MACK Granite Refuse Truck 2,4 GHz &#8211; model zdalnie sterowany Nr kat: 82182 Kolor: bia\u0142o-zielony Model<\/p>\n","protected":false},"featured_media":1964,"comment_status":"open","ping_status":"closed","template":"","meta":[],"product_brand":[],"product_cat":[16],"product_tag":[],"class_list":{"0":"post-1922","1":"product","2":"type-product","3":"status-publish","4":"has-post-thumbnail","6":"product_cat-import","8":"first","9":"instock","10":"shipping-taxable","11":"purchasable","12":"product-type-simple"},"_links":{"self":[{"href":"https:\/\/czas.m2web.pl\/index.php?rest_route=\/wp\/v2\/product\/1922","targetHints":{"allow":["GET"]}}],"collection":[{"href":"https:\/\/czas.m2web.pl\/index.php?rest_route=\/wp\/v2\/product"}],"about":[{"href":"https:\/\/czas.m2web.pl\/index.php?rest_route=\/wp\/v2\/types\/product"}],"replies":[{"embeddable":true,"href":"https:\/\/czas.m2web.pl\/index.php?rest_route=%2Fwp%2Fv2%2Fcomments&post=1922"}],"version-history":[{"count":0,"href":"https:\/\/czas.m2web.pl\/index.php?rest_route=\/wp\/v2\/product\/1922\/revisions"}],"wp:featuredmedia":[{"embeddable":true,"href":"https:\/\/czas.m2web.pl\/index.php?rest_route=\/wp\/v2\/media\/1964"}],"wp:attachment":[{"href":"https:\/\/czas.m2web.pl\/index.php?rest_route=%2Fwp%2Fv2%2Fmedia&parent=1922"}],"wp:term":[{"taxonomy":"product_brand","embeddable":true,"href":"https:\/\/czas.m2web.pl\/index.php?rest_route=%2Fwp%2Fv2%2Fproduct_brand&post=1922"},{"taxonomy":"product_cat","embeddable":true,"href":"https:\/\/czas.m2web.pl\/index.php?rest_route=%2Fwp%2Fv2%2Fproduct_cat&post=1922"},{"taxonomy":"product_tag","embeddable":true,"href":"https:\/\/czas.m2web.pl\/index.php?rest_route=%2Fwp%2Fv2%2Fproduct_tag&post=1922"}],"curies":[{"name":"wp","href":"https:\/\/api.w.org\/{rel}","templated":true}]}}