{"id":1923,"date":"2026-01-04T22:53:41","date_gmt":"2026-01-04T21:53:41","guid":{"rendered":"https:\/\/czas.m2web.pl\/?post_type=product&#038;p=1923"},"modified":"2026-01-04T22:53:53","modified_gmt":"2026-01-04T21:53:53","slug":"maisto-monster-transp-pojazd-z-przyczepa-gorilla","status":"publish","type":"product","link":"https:\/\/czas.m2web.pl\/?product=maisto-monster-transp-pojazd-z-przyczepa-gorilla","title":{"rendered":"MAISTO MONSTER TRANSP. Pojazd z przyczep\u0105 Gorilla"},"content":{"rendered":"<section class=\"section\">\n<div class=\"item item-6\">\n<section class=\"image-item\"><img decoding=\"async\" src=\"https:\/\/upload.cdn.baselinker.com\/products\/3029707\/a34d5915615b2d8b003a8272fe79a938.jpg\"><\/section>\n<\/p><\/div>\n<div class=\"item item-6\">\n<section class=\"text-item\">\n<h1>MAISTO MONSTER TRANSPORT 4&#215;4 Pojazd terenowy z przyczep\u0105 Gorilla<\/h1>\n<p>Nr kat.: 82266<\/p>\n<p>Kolor: pomara\u0144czowy<\/p>\n<p>Materia\u0142: metal\/plastik\/guma<\/p>\n<p><b>Seria pojazd\u00f3w terenowych na du\u017cych, gumowych oponach wraz z przyczepk\u0105 &#8211; klatk\u0105, w kt\u00f3rej mo\u017cna umie\u015bci\u0107 figurk\u0119.<\/b><\/p>\n<p><b>Drzwi klatki otwieraj\u0105 si\u0119, a po naci\u015bni\u0119ciu przycisku s\u0142ycha\u0107 odg\u0142osy wydawane przez mityczne stworzenie.<\/b><\/p>\n<p>Kabina pojazdu wykonana jest z metalu, podwozie, przyczepa i figurka z plastiku.<\/p>\n<p>Wymagane baterie: 3x AG13 (w komplecie).<\/p>\n<p>Wymiary pojazdu z przyczep\u0105: 21 x 7,5 x 11,5 cm.<\/p>\n<p>Wymiary opakowania: 26 x 15 x 10,5 cm.<\/p>\n<p>Wiek: 3+.<\/p>\n<\/section><\/div>\n<\/section>\n<section class=\"section\">\n<div class=\"item item-12\">\n<section class=\"image-item\"><img decoding=\"async\" src=\"https:\/\/upload.cdn.baselinker.com\/products\/3029707\/a34d5915615b2d8b003a8272fe79a938.jpg\"><\/section>\n<\/p><\/div>\n<\/section>\n<p><strong>Dodatkowe informacje:<\/strong><\/p>\n","protected":false},"excerpt":{"rendered":"<p>MAISTO MONSTER TRANSPORT 4&#215;4 Pojazd terenowy z przyczep\u0105 Gorilla Nr kat.: 82266 Kolor: pomara\u0144czowy Materia\u0142: metal\/plastik\/guma Seria pojazd\u00f3w terenowych na<\/p>\n","protected":false},"featured_media":1968,"comment_status":"open","ping_status":"closed","template":"","meta":[],"product_brand":[],"product_cat":[19,20,23,22],"product_tag":[],"class_list":{"0":"post-1923","1":"product","2":"type-product","3":"status-publish","4":"has-post-thumbnail","6":"product_cat-dla-chlopca","7":"product_cat-pojazdy","8":"product_cat-pozostale-pojazdy","9":"product_cat-samochody","11":"first","12":"instock","13":"shipping-taxable","14":"purchasable","15":"product-type-simple"},"_links":{"self":[{"href":"https:\/\/czas.m2web.pl\/index.php?rest_route=\/wp\/v2\/product\/1923","targetHints":{"allow":["GET"]}}],"collection":[{"href":"https:\/\/czas.m2web.pl\/index.php?rest_route=\/wp\/v2\/product"}],"about":[{"href":"https:\/\/czas.m2web.pl\/index.php?rest_route=\/wp\/v2\/types\/product"}],"replies":[{"embeddable":true,"href":"https:\/\/czas.m2web.pl\/index.php?rest_route=%2Fwp%2Fv2%2Fcomments&post=1923"}],"version-history":[{"count":0,"href":"https:\/\/czas.m2web.pl\/index.php?rest_route=\/wp\/v2\/product\/1923\/revisions"}],"wp:featuredmedia":[{"embeddable":true,"href":"https:\/\/czas.m2web.pl\/index.php?rest_route=\/wp\/v2\/media\/1968"}],"wp:attachment":[{"href":"https:\/\/czas.m2web.pl\/index.php?rest_route=%2Fwp%2Fv2%2Fmedia&parent=1923"}],"wp:term":[{"taxonomy":"product_brand","embeddable":true,"href":"https:\/\/czas.m2web.pl\/index.php?rest_route=%2Fwp%2Fv2%2Fproduct_brand&post=1923"},{"taxonomy":"product_cat","embeddable":true,"href":"https:\/\/czas.m2web.pl\/index.php?rest_route=%2Fwp%2Fv2%2Fproduct_cat&post=1923"},{"taxonomy":"product_tag","embeddable":true,"href":"https:\/\/czas.m2web.pl\/index.php?rest_route=%2Fwp%2Fv2%2Fproduct_tag&post=1923"}],"curies":[{"name":"wp","href":"https:\/\/api.w.org\/{rel}","templated":true}]}}