{"id":1992,"date":"2026-01-04T22:54:01","date_gmt":"2026-01-04T21:54:01","guid":{"rendered":"https:\/\/czas.m2web.pl\/?post_type=product&#038;p=1992"},"modified":"2026-01-04T22:54:06","modified_gmt":"2026-01-04T21:54:06","slug":"maisto-ford-bronco-badlands-2021-1-18-31457","status":"publish","type":"product","link":"https:\/\/czas.m2web.pl\/?product=maisto-ford-bronco-badlands-2021-1-18-31457","title":{"rendered":"MAISTO Ford Bronco Badlands 2021 1\/18 31457"},"content":{"rendered":"<section class=\"section\">\n<div class=\"item item-6\">\n<section class=\"image-item\"><img decoding=\"async\" src=\"https:\/\/upload.cdn.baselinker.com\/products\/3029707\/66675794377f8e613181337deb653374.jpg\"><\/section>\n<\/p><\/div>\n<div class=\"item item-6\">\n<section class=\"text-item\">\n<h1>MAISTO Ford Bronco Badlands 2021<\/h1>\n<p>Nr kat.: 31457<\/p>\n<p>Skala: 1\/18<\/p>\n<p>Kolor: pomara\u0144czowy metalik<\/p>\n<p><b>Materia\u0142: metal (nadwozie)\/plastik\/guma<\/b><\/p>\n<p>Wysokiej jako\u015bci metalowy model pojazdu wykonany przez firm\u0119 MaiSto.<\/p>\n<p>Charakteryzuje si\u0119 ruchomymi elementami oraz dba\u0142o\u015bci\u0105 o ka\u017cdy szczeg\u00f3\u0142.<\/p>\n<p><b>Model posiada dzia\u0142aj\u0105cy uk\u0142ad kierowniczy \u2013 skr\u0119tne ko\u0142a i kierownic\u0119.<\/b><\/p>\n<p><b>Dodatkowo wyposa\u017cony jest w amortyzowane zawieszenie.<\/b><\/p>\n<p><b>Ca\u0142o\u015bci dope\u0142niaj\u0105 otwierane elementy \u2013 tylne drzwi i maska.<\/b><\/p>\n<p>\u015awietna zabawka dla Twojego dziecka.<\/p>\n<p><b>Dzi\u0119ki podstawce ekspozycyjnej znajduj\u0105cej si\u0119 w zestawie model doskonale prezentuje si\u0119 jako eksponat na p\u00f3\u0142ce lub biurku kolekcjonera.<\/b><\/p>\n<p>Wymiary opakowania: szer. 33 cm, wys. 12,5 cm, g\u0142. 16,5 cm.<\/p>\n<p>Wiek: 3+.<\/p>\n<\/section><\/div>\n<\/section>\n<section class=\"section\">\n<div class=\"item item-12\">\n<section class=\"image-item\"><img decoding=\"async\" src=\"https:\/\/upload.cdn.baselinker.com\/products\/3029707\/8faf537f6a679edab32eccd165c5d33e.jpg\"><\/section>\n<\/p><\/div>\n<\/section>\n<section class=\"section\">\n<div class=\"item item-12\">\n<section class=\"image-item\"><img decoding=\"async\" src=\"https:\/\/upload.cdn.baselinker.com\/products\/3029707\/9c3186a63390fca73a857d8fe907e6c5.jpg\"><\/section>\n<\/p><\/div>\n<\/section>\n<section class=\"section\">\n<div class=\"item item-12\">\n<section class=\"image-item\"><img decoding=\"async\" src=\"https:\/\/upload.cdn.baselinker.com\/products\/3029707\/b903da8a9d8e4dcdaad47f03a4e67c7e.jpg\"><\/section>\n<\/p><\/div>\n<\/section>\n<p><strong>Dodatkowe informacje:<\/strong><\/p>\n","protected":false},"excerpt":{"rendered":"<p>MAISTO Ford Bronco Badlands 2021 Nr kat.: 31457 Skala: 1\/18 Kolor: pomara\u0144czowy metalik Materia\u0142: metal (nadwozie)\/plastik\/guma Wysokiej jako\u015bci metalowy model<\/p>\n","protected":false},"featured_media":2030,"comment_status":"open","ping_status":"closed","template":"","meta":[],"product_brand":[],"product_cat":[19,286,20,22],"product_tag":[],"class_list":{"0":"post-1992","1":"product","2":"type-product","3":"status-publish","4":"has-post-thumbnail","6":"product_cat-dla-chlopca","7":"product_cat-modele-118","8":"product_cat-pojazdy","9":"product_cat-samochody","11":"first","12":"instock","13":"shipping-taxable","14":"purchasable","15":"product-type-simple"},"_links":{"self":[{"href":"https:\/\/czas.m2web.pl\/index.php?rest_route=\/wp\/v2\/product\/1992","targetHints":{"allow":["GET"]}}],"collection":[{"href":"https:\/\/czas.m2web.pl\/index.php?rest_route=\/wp\/v2\/product"}],"about":[{"href":"https:\/\/czas.m2web.pl\/index.php?rest_route=\/wp\/v2\/types\/product"}],"replies":[{"embeddable":true,"href":"https:\/\/czas.m2web.pl\/index.php?rest_route=%2Fwp%2Fv2%2Fcomments&post=1992"}],"version-history":[{"count":0,"href":"https:\/\/czas.m2web.pl\/index.php?rest_route=\/wp\/v2\/product\/1992\/revisions"}],"wp:featuredmedia":[{"embeddable":true,"href":"https:\/\/czas.m2web.pl\/index.php?rest_route=\/wp\/v2\/media\/2030"}],"wp:attachment":[{"href":"https:\/\/czas.m2web.pl\/index.php?rest_route=%2Fwp%2Fv2%2Fmedia&parent=1992"}],"wp:term":[{"taxonomy":"product_brand","embeddable":true,"href":"https:\/\/czas.m2web.pl\/index.php?rest_route=%2Fwp%2Fv2%2Fproduct_brand&post=1992"},{"taxonomy":"product_cat","embeddable":true,"href":"https:\/\/czas.m2web.pl\/index.php?rest_route=%2Fwp%2Fv2%2Fproduct_cat&post=1992"},{"taxonomy":"product_tag","embeddable":true,"href":"https:\/\/czas.m2web.pl\/index.php?rest_route=%2Fwp%2Fv2%2Fproduct_tag&post=1992"}],"curies":[{"name":"wp","href":"https:\/\/api.w.org\/{rel}","templated":true}]}}