{"id":1996,"date":"2026-01-04T22:54:02","date_gmt":"2026-01-04T21:54:02","guid":{"rendered":"https:\/\/czas.m2web.pl\/?post_type=product&#038;p=1996"},"modified":"2026-01-04T22:54:10","modified_gmt":"2026-01-04T21:54:10","slug":"maisto-lambo-v12-vision-gran-turismo-1-18-36454-bu","status":"publish","type":"product","link":"https:\/\/czas.m2web.pl\/?product=maisto-lambo-v12-vision-gran-turismo-1-18-36454-bu","title":{"rendered":"MAISTO Lambo V12 Vision Gran Turismo 1\/18 36454 BU"},"content":{"rendered":"<section class=\"section\">\n<div class=\"item item-6\">\n<section class=\"image-item\"><img decoding=\"async\" src=\"https:\/\/upload.cdn.baselinker.com\/products\/3029707\/d02833257d1b4ac2acbf2e4bd5f22516.jpg\"><\/section>\n<\/p><\/div>\n<div class=\"item item-6\">\n<section class=\"text-item\">\n<h1>MAISTO Lamborghini Lambo V12 Vision Gran Turismo<\/h1>\n<p>Nr kat.: 36454<\/p>\n<p>Skala: 1\/18<\/p>\n<p>Kolor: niebieski metalik<\/p>\n<p><b>Materia\u0142: metal (nadwozie)\/plastik\/guma<\/b><\/p>\n<p>Wysokiej jako\u015bci metalowy model pojazdu wykonany przez firm\u0119 MaiSto.<\/p>\n<p>Charakteryzuje si\u0119 ruchomymi elementami oraz dba\u0142o\u015bci\u0105 o ka\u017cdy szczeg\u00f3\u0142.<\/p>\n<p><b>Lambo V12 Vision Gran Turismo to zaprezentowany w listopadzie 2019 w ramach odbywaj\u0105cych si\u0119 w Monako \u015bwiatowych fina\u0142\u00f3w FIA Gran Turismo Championships wizjonerski, jednoosobowy samoch\u00f3d sportowy nap\u0119dzany hybrydowym silnikiem V12.<\/b><\/p>\n<p><b>Model posiada otwierany kokpit, podnoszon\u0105 klap\u0119 silnika i skr\u0119tne przednie ko\u0142a.<\/b><\/p>\n<p><b>Dzi\u0119ki podstawce ekspozycyjnej znajduj\u0105cej si\u0119 w zestawie model doskonale prezentuje si\u0119 jako eksponat na p\u00f3\u0142ce lub biurku kolekcjonera.<\/b><\/p>\n<p>Wymiary opakowania: szer. 35 cm, wys. 13,5 cm, g\u0142. 18,5 cm.<\/p>\n<p>Wiek: 3+.<\/p>\n<\/section><\/div>\n<\/section>\n<section class=\"section\">\n<div class=\"item item-12\">\n<section class=\"image-item\"><img decoding=\"async\" src=\"https:\/\/upload.cdn.baselinker.com\/products\/3029707\/d02833257d1b4ac2acbf2e4bd5f22516.jpg\"><\/section>\n<\/p><\/div>\n<\/section>\n<section class=\"section\">\n<div class=\"item item-12\">\n<section class=\"image-item\"><img decoding=\"async\" src=\"https:\/\/upload.cdn.baselinker.com\/products\/3029707\/b92b384a105ac24af965bbb5e07ea0b9.jpg\"><\/section>\n<\/p><\/div>\n<\/section>\n<section class=\"section\">\n<div class=\"item item-12\">\n<section class=\"image-item\"><img decoding=\"async\" src=\"https:\/\/upload.cdn.baselinker.com\/products\/3029707\/a0a0d17d17af7091137ff9772a4be23c.jpg\"><\/section>\n<\/p><\/div>\n<\/section>\n<p><strong>Dodatkowe informacje:<\/strong><\/p>\n<ul>\n<li><strong>Producent: <\/strong>May Cheong Group Limited Unit 901-2, 9\/F, East Ocean Centre,  98 Granville Road, Tsimshatsui East, Kowloon, Hong Kong info@maycheonggroup.com.hk<\/li>\n<li><strong>Podmiot odpowiedzialny za wprowadzenie produktu na rynek europejski:<\/strong>\u00a0Firma Handlowa PULIO Krzysztof Gebel ul. Kolejowa 3 55-040 Bielany Wroc\u0142awskie  tel. +48 71 352 07 80  biuro@pulio.pl  www.pulio.pl<\/li>\n<li><strong>Ostrze\u017cenia na opakowaniu: <\/strong>Ostrze\u017cenia: Uwaga! Nieodpowiednie dla dzieci w wieku poni\u017cej 3 lat. Niebezpiecze\u0144stwo zad\u0142awienia drobnymi elementami. Prosimy zachowa\u0107 opakowanie wraz z ostrze\u017ceniami i pozosta\u0142ymi informacjami do p\u00f3\u017aniejszej korespondencji. Przed przekazaniem dziecku nale\u017cy usun\u0105\u0107 wszystkie elementy opakowania. Opakowanie nie stanowi cz\u0119\u015bci zabawki. Producent zastrzega sobie prawo do zmian technicznych i kolorystyki bez uprzedzenia. Kolory i zawarto\u015b\u0107 mog\u0105 r\u00f3\u017cni\u0107 si\u0119 od ilustracji na opakowaniu. Wyprodukowano w Chinach.<\/li>\n<li><strong>Instrukcja obs\u0142ugi jest:<\/strong> NIE<\/li>\n<li><strong>Kraj pochodzenia:<\/strong> CHINY<\/li>\n<\/ul>\n","protected":false},"excerpt":{"rendered":"<p>MAISTO Lamborghini Lambo V12 Vision Gran Turismo Nr kat.: 36454 Skala: 1\/18 Kolor: niebieski metalik Materia\u0142: metal (nadwozie)\/plastik\/guma Wysokiej jako\u015bci<\/p>\n","protected":false},"featured_media":2044,"comment_status":"open","ping_status":"closed","template":"","meta":[],"product_brand":[],"product_cat":[19,286,20,22],"product_tag":[],"class_list":{"0":"post-1996","1":"product","2":"type-product","3":"status-publish","4":"has-post-thumbnail","6":"product_cat-dla-chlopca","7":"product_cat-modele-118","8":"product_cat-pojazdy","9":"product_cat-samochody","11":"first","12":"instock","13":"shipping-taxable","14":"purchasable","15":"product-type-simple"},"_links":{"self":[{"href":"https:\/\/czas.m2web.pl\/index.php?rest_route=\/wp\/v2\/product\/1996","targetHints":{"allow":["GET"]}}],"collection":[{"href":"https:\/\/czas.m2web.pl\/index.php?rest_route=\/wp\/v2\/product"}],"about":[{"href":"https:\/\/czas.m2web.pl\/index.php?rest_route=\/wp\/v2\/types\/product"}],"replies":[{"embeddable":true,"href":"https:\/\/czas.m2web.pl\/index.php?rest_route=%2Fwp%2Fv2%2Fcomments&post=1996"}],"version-history":[{"count":0,"href":"https:\/\/czas.m2web.pl\/index.php?rest_route=\/wp\/v2\/product\/1996\/revisions"}],"wp:featuredmedia":[{"embeddable":true,"href":"https:\/\/czas.m2web.pl\/index.php?rest_route=\/wp\/v2\/media\/2044"}],"wp:attachment":[{"href":"https:\/\/czas.m2web.pl\/index.php?rest_route=%2Fwp%2Fv2%2Fmedia&parent=1996"}],"wp:term":[{"taxonomy":"product_brand","embeddable":true,"href":"https:\/\/czas.m2web.pl\/index.php?rest_route=%2Fwp%2Fv2%2Fproduct_brand&post=1996"},{"taxonomy":"product_cat","embeddable":true,"href":"https:\/\/czas.m2web.pl\/index.php?rest_route=%2Fwp%2Fv2%2Fproduct_cat&post=1996"},{"taxonomy":"product_tag","embeddable":true,"href":"https:\/\/czas.m2web.pl\/index.php?rest_route=%2Fwp%2Fv2%2Fproduct_tag&post=1996"}],"curies":[{"name":"wp","href":"https:\/\/api.w.org\/{rel}","templated":true}]}}