{"id":2185,"date":"2026-01-04T22:54:44","date_gmt":"2026-01-04T21:54:44","guid":{"rendered":"https:\/\/czas.m2web.pl\/?post_type=product&#038;p=2185"},"modified":"2026-01-04T22:55:06","modified_gmt":"2026-01-04T21:55:06","slug":"maisto-pojazdy-budowlane-wozek-widlowy-25203-og","status":"publish","type":"product","link":"https:\/\/czas.m2web.pl\/?product=maisto-pojazdy-budowlane-wozek-widlowy-25203-og","title":{"rendered":"MAISTO Pojazdy budowlane &#8211; W\u00f3zek wid\u0142owy 25203 OG"},"content":{"rendered":"<section class=\"section\">\n<div class=\"item item-6\">\n<section class=\"image-item\"><img decoding=\"async\" src=\"https:\/\/upload.cdn.baselinker.com\/products\/3029707\/a5fcc230c4808aa623639f985da5f0f9.jpg\"><\/section>\n<\/p><\/div>\n<div class=\"item item-6\">\n<section class=\"text-item\">\n<h1>MAISTO Pojazdy budowlane &#8211; W\u00f3zek wid\u0142owy<\/h1>\n<p>Nr kat.: 25203<\/p>\n<p>Kolor: pomara\u0144czowy<\/p>\n<p>W\u00f3zek wid\u0142owy z ruchomym podno\u015bnikiem.<\/p>\n<p>Zabawka wykonana z plastiku z metalowymi elementami.<\/p>\n<p>Wymiary pojazdu: ok. 13 cm x 8,5 x 5 cm.<\/p>\n<p>Wymiary opakowania: 16 x 16 cm.<\/p>\n<p>Wiek: 3+.<\/p>\n<\/section><\/div>\n<\/section>\n<section class=\"section\">\n<div class=\"item item-12\">\n<section class=\"image-item\"><img decoding=\"async\" src=\"https:\/\/upload.cdn.baselinker.com\/products\/3029707\/a5fcc230c4808aa623639f985da5f0f9.jpg\"><\/section>\n<\/p><\/div>\n<\/section>\n<p><strong>Dodatkowe informacje:<\/strong><\/p>\n","protected":false},"excerpt":{"rendered":"<p>MAISTO Pojazdy budowlane &#8211; W\u00f3zek wid\u0142owy Nr kat.: 25203 Kolor: pomara\u0144czowy W\u00f3zek wid\u0142owy z ruchomym podno\u015bnikiem. Zabawka wykonana z plastiku<\/p>\n","protected":false},"featured_media":2305,"comment_status":"open","ping_status":"closed","template":"","meta":[],"product_brand":[],"product_cat":[19,20,23,22],"product_tag":[],"class_list":{"0":"post-2185","1":"product","2":"type-product","3":"status-publish","4":"has-post-thumbnail","6":"product_cat-dla-chlopca","7":"product_cat-pojazdy","8":"product_cat-pozostale-pojazdy","9":"product_cat-samochody","11":"first","12":"instock","13":"shipping-taxable","14":"purchasable","15":"product-type-simple"},"_links":{"self":[{"href":"https:\/\/czas.m2web.pl\/index.php?rest_route=\/wp\/v2\/product\/2185","targetHints":{"allow":["GET"]}}],"collection":[{"href":"https:\/\/czas.m2web.pl\/index.php?rest_route=\/wp\/v2\/product"}],"about":[{"href":"https:\/\/czas.m2web.pl\/index.php?rest_route=\/wp\/v2\/types\/product"}],"replies":[{"embeddable":true,"href":"https:\/\/czas.m2web.pl\/index.php?rest_route=%2Fwp%2Fv2%2Fcomments&post=2185"}],"version-history":[{"count":0,"href":"https:\/\/czas.m2web.pl\/index.php?rest_route=\/wp\/v2\/product\/2185\/revisions"}],"wp:featuredmedia":[{"embeddable":true,"href":"https:\/\/czas.m2web.pl\/index.php?rest_route=\/wp\/v2\/media\/2305"}],"wp:attachment":[{"href":"https:\/\/czas.m2web.pl\/index.php?rest_route=%2Fwp%2Fv2%2Fmedia&parent=2185"}],"wp:term":[{"taxonomy":"product_brand","embeddable":true,"href":"https:\/\/czas.m2web.pl\/index.php?rest_route=%2Fwp%2Fv2%2Fproduct_brand&post=2185"},{"taxonomy":"product_cat","embeddable":true,"href":"https:\/\/czas.m2web.pl\/index.php?rest_route=%2Fwp%2Fv2%2Fproduct_cat&post=2185"},{"taxonomy":"product_tag","embeddable":true,"href":"https:\/\/czas.m2web.pl\/index.php?rest_route=%2Fwp%2Fv2%2Fproduct_tag&post=2185"}],"curies":[{"name":"wp","href":"https:\/\/api.w.org\/{rel}","templated":true}]}}