{"id":2301,"date":"2026-01-04T22:55:05","date_gmt":"2026-01-04T21:55:05","guid":{"rendered":"https:\/\/czas.m2web.pl\/?post_type=product&#038;p=2301"},"modified":"2026-01-04T22:55:29","modified_gmt":"2026-01-04T21:55:29","slug":"lamborghini-aventador-lp-700-4-2010-1-43","status":"publish","type":"product","link":"https:\/\/czas.m2web.pl\/?product=lamborghini-aventador-lp-700-4-2010-1-43","title":{"rendered":"Lamborghini Aventador LP 700-4 2010 1\/43"},"content":{"rendered":"<section class=\"section\">\n<div class=\"item item-6\">\n<section class=\"image-item\"><img decoding=\"async\" src=\"https:\/\/upload.cdn.baselinker.com\/products\/3029707\/5222bd93870b72e19a02fc7ac05c13c8.jpg\"><\/section>\n<\/p><\/div>\n<div class=\"item item-6\">\n<section class=\"text-item\">\n<h1>Lamborghini Aventador LP 700-4 2010<\/h1>\n<p>Skala: 1\/43<\/p>\n<p>Kolor: pomara\u0144czowy<\/p>\n<p><b>Materia\u0142: metal (nadwozie)\/plastik\/guma<\/b><\/p>\n<p>Producent: Chiny<\/p>\n<p><b>Wykonany z dba\u0142o\u015bci\u0105 o detale, metalowy model pojazdu na oficjalnej licencji marki Lamborghini.<\/b><\/p>\n<p>Model z dystrybucji gazetowej, pochodz\u0105cy z rynku w\u0142oskiego.<\/p>\n<p><b>W komplecie gablotka ekspozycyjna wraz z podstawk\u0105.<\/b><\/p>\n<p>Wymiary opakowania: szer. 15 cm, wys. 7 cm, g\u0142. 8 cm.<\/p>\n<p>Wiek: 14+.<\/p>\n<\/section><\/div>\n<\/section>\n<section class=\"section\">\n<div class=\"item item-12\">\n<section class=\"image-item\"><img decoding=\"async\" src=\"https:\/\/upload.cdn.baselinker.com\/products\/3029707\/5222bd93870b72e19a02fc7ac05c13c8.jpg\"><\/section>\n<\/p><\/div>\n<\/section>\n<section class=\"section\">\n<div class=\"item item-12\">\n<section class=\"image-item\"><img decoding=\"async\" src=\"https:\/\/upload.cdn.baselinker.com\/products\/3029707\/558cbcb840373bad8ceca75a93a4b1af.jpg\"><\/section>\n<\/p><\/div>\n<\/section>\n<p><strong>Dodatkowe informacje:<\/strong><\/p>\n","protected":false},"excerpt":{"rendered":"<p>Lamborghini Aventador LP 700-4 2010 Skala: 1\/43 Kolor: pomara\u0144czowy Materia\u0142: metal (nadwozie)\/plastik\/guma Producent: Chiny Wykonany z dba\u0142o\u015bci\u0105 o detale, metalowy<\/p>\n","protected":false},"featured_media":2403,"comment_status":"open","ping_status":"closed","template":"","meta":[],"product_brand":[],"product_cat":[16],"product_tag":[],"class_list":{"0":"post-2301","1":"product","2":"type-product","3":"status-publish","4":"has-post-thumbnail","6":"product_cat-import","8":"first","9":"instock","10":"shipping-taxable","11":"purchasable","12":"product-type-simple"},"_links":{"self":[{"href":"https:\/\/czas.m2web.pl\/index.php?rest_route=\/wp\/v2\/product\/2301","targetHints":{"allow":["GET"]}}],"collection":[{"href":"https:\/\/czas.m2web.pl\/index.php?rest_route=\/wp\/v2\/product"}],"about":[{"href":"https:\/\/czas.m2web.pl\/index.php?rest_route=\/wp\/v2\/types\/product"}],"replies":[{"embeddable":true,"href":"https:\/\/czas.m2web.pl\/index.php?rest_route=%2Fwp%2Fv2%2Fcomments&post=2301"}],"version-history":[{"count":0,"href":"https:\/\/czas.m2web.pl\/index.php?rest_route=\/wp\/v2\/product\/2301\/revisions"}],"wp:featuredmedia":[{"embeddable":true,"href":"https:\/\/czas.m2web.pl\/index.php?rest_route=\/wp\/v2\/media\/2403"}],"wp:attachment":[{"href":"https:\/\/czas.m2web.pl\/index.php?rest_route=%2Fwp%2Fv2%2Fmedia&parent=2301"}],"wp:term":[{"taxonomy":"product_brand","embeddable":true,"href":"https:\/\/czas.m2web.pl\/index.php?rest_route=%2Fwp%2Fv2%2Fproduct_brand&post=2301"},{"taxonomy":"product_cat","embeddable":true,"href":"https:\/\/czas.m2web.pl\/index.php?rest_route=%2Fwp%2Fv2%2Fproduct_cat&post=2301"},{"taxonomy":"product_tag","embeddable":true,"href":"https:\/\/czas.m2web.pl\/index.php?rest_route=%2Fwp%2Fv2%2Fproduct_tag&post=2301"}],"curies":[{"name":"wp","href":"https:\/\/api.w.org\/{rel}","templated":true}]}}