{"id":2379,"date":"2026-01-04T22:55:27","date_gmt":"2026-01-04T21:55:27","guid":{"rendered":"https:\/\/czas.m2web.pl\/?post_type=product&#038;p=2379"},"modified":"2026-01-04T22:55:35","modified_gmt":"2026-01-04T21:55:35","slug":"lamborghini-murcielago-lp-670-4-superv-2009-1-43","status":"publish","type":"product","link":"https:\/\/czas.m2web.pl\/?product=lamborghini-murcielago-lp-670-4-superv-2009-1-43","title":{"rendered":"Lamborghini Murcielago LP 670-4 Superv. 2009 1\/43"},"content":{"rendered":"<section class=\"section\">\n<div class=\"item item-6\">\n<section class=\"image-item\"><img decoding=\"async\" src=\"https:\/\/upload.cdn.baselinker.com\/products\/3029707\/af260340f06e74de95835d62d56ff038.jpg\"><\/section>\n<\/p><\/div>\n<div class=\"item item-6\">\n<section class=\"text-item\">\n<h1>Lamborghini Murcielago LP 670-4 Superveloce 2009<\/h1>\n<p>Skala: 1\/43<\/p>\n<p>Kolor: \u017c\u00f3\u0142ty<\/p>\n<p><b>Materia\u0142: metal (nadwozie)\/plastik\/guma<\/b><\/p>\n<p>Producent: Chiny<\/p>\n<p><b>Wykonany z dba\u0142o\u015bci\u0105 o detale, metalowy model pojazdu na oficjalnej licencji marki Lamborghini.<\/b><\/p>\n<p>Model z dystrybucji gazetowej, pochodz\u0105cy z rynku w\u0142oskiego.<\/p>\n<p><b>W komplecie gablotka ekspozycyjna wraz z podstawk\u0105.<\/b><\/p>\n<p>Wymiary opakowania: szer. 15 cm, wys. 7 cm, g\u0142. 8 cm.<\/p>\n<p>Wiek: 14+.<\/p>\n<\/section><\/div>\n<\/section>\n<section class=\"section\">\n<div class=\"item item-12\">\n<section class=\"image-item\"><img decoding=\"async\" src=\"https:\/\/upload.cdn.baselinker.com\/products\/3029707\/af260340f06e74de95835d62d56ff038.jpg\"><\/section>\n<\/p><\/div>\n<\/section>\n<section class=\"section\">\n<div class=\"item item-12\">\n<section class=\"image-item\"><img decoding=\"async\" src=\"https:\/\/upload.cdn.baselinker.com\/products\/3029707\/3c967fec0f3184e8f220b0e0d3195802.jpg\"><\/section>\n<\/p><\/div>\n<\/section>\n<p><strong>Dodatkowe informacje:<\/strong><\/p>\n","protected":false},"excerpt":{"rendered":"<p>Lamborghini Murcielago LP 670-4 Superveloce 2009 Skala: 1\/43 Kolor: \u017c\u00f3\u0142ty Materia\u0142: metal (nadwozie)\/plastik\/guma Producent: Chiny Wykonany z dba\u0142o\u015bci\u0105 o detale,<\/p>\n","protected":false},"featured_media":2421,"comment_status":"open","ping_status":"closed","template":"","meta":[],"product_brand":[],"product_cat":[16],"product_tag":[],"class_list":{"0":"post-2379","1":"product","2":"type-product","3":"status-publish","4":"has-post-thumbnail","6":"product_cat-import","8":"first","9":"instock","10":"shipping-taxable","11":"purchasable","12":"product-type-simple"},"_links":{"self":[{"href":"https:\/\/czas.m2web.pl\/index.php?rest_route=\/wp\/v2\/product\/2379","targetHints":{"allow":["GET"]}}],"collection":[{"href":"https:\/\/czas.m2web.pl\/index.php?rest_route=\/wp\/v2\/product"}],"about":[{"href":"https:\/\/czas.m2web.pl\/index.php?rest_route=\/wp\/v2\/types\/product"}],"replies":[{"embeddable":true,"href":"https:\/\/czas.m2web.pl\/index.php?rest_route=%2Fwp%2Fv2%2Fcomments&post=2379"}],"version-history":[{"count":0,"href":"https:\/\/czas.m2web.pl\/index.php?rest_route=\/wp\/v2\/product\/2379\/revisions"}],"wp:featuredmedia":[{"embeddable":true,"href":"https:\/\/czas.m2web.pl\/index.php?rest_route=\/wp\/v2\/media\/2421"}],"wp:attachment":[{"href":"https:\/\/czas.m2web.pl\/index.php?rest_route=%2Fwp%2Fv2%2Fmedia&parent=2379"}],"wp:term":[{"taxonomy":"product_brand","embeddable":true,"href":"https:\/\/czas.m2web.pl\/index.php?rest_route=%2Fwp%2Fv2%2Fproduct_brand&post=2379"},{"taxonomy":"product_cat","embeddable":true,"href":"https:\/\/czas.m2web.pl\/index.php?rest_route=%2Fwp%2Fv2%2Fproduct_cat&post=2379"},{"taxonomy":"product_tag","embeddable":true,"href":"https:\/\/czas.m2web.pl\/index.php?rest_route=%2Fwp%2Fv2%2Fproduct_tag&post=2379"}],"curies":[{"name":"wp","href":"https:\/\/api.w.org\/{rel}","templated":true}]}}