{"id":2391,"date":"2026-01-04T22:55:27","date_gmt":"2026-01-04T21:55:27","guid":{"rendered":"https:\/\/czas.m2web.pl\/?post_type=product&#038;p=2391"},"modified":"2026-01-04T22:55:45","modified_gmt":"2026-01-04T21:55:45","slug":"b-kids-sorter-garaz-z-autkami-317020","status":"publish","type":"product","link":"https:\/\/czas.m2web.pl\/?product=b-kids-sorter-garaz-z-autkami-317020","title":{"rendered":"B-KIDS Sorter Gara\u017c z autkami 317020"},"content":{"rendered":"<section class=\"section\">\n<div class=\"item item-6\">\n<section class=\"image-item\">             <img decoding=\"async\" src=\"https:\/\/upload.cdn.baselinker.com\/products\/3029707\/32c7bd847f37e68eea07b3ffb4aaf0b2.jpg\" \/>         <\/section>\n<\/p><\/div>\n<div class=\"item item-6\">\n<section class=\"text-item\">\n<h1>B-KIDS Sorter gara\u017c z autkami<\/h1>\n<p>Nr kat.: 317020<\/p>\n<p>Gara\u017c z autkami z funkcj\u0105 sortera. Na dachu gara\u017cu znajduj\u0105 si\u0119 trzy otwory w r\u00f3\u017cnych kszta\u0142tach, w kt\u00f3rych mo\u017cna umie\u015bci\u0107 kolorowe klocki z cyferkami.<\/p>\n<p>Gara\u017c z trzema samochodami wyposa\u017cony jest w trzy r\u00f3\u017cne klucze, kt\u00f3re otwieraj\u0105 poszczeg\u00f3lne bramy gara\u017cowe.<\/p>\n<p>Zabawka zapewni dziecku rozrywk\u0119 przez d\u0142ugi czas, a jednocze\u015bnie nauczy pierwszych cyferek, kolor\u00f3w i kszta\u0142t\u00f3w. Pojedyncze zabawki mo\u017cna przechowywa\u0107 w gara\u017cu, dzi\u0119ki praktycznemu uchwytowi jest \u0142atwy do przenoszenia.<\/p>\n<p>W zestawie znajduj\u0105 si\u0119:<\/p>\n<ul>\n<li>3 kolorowe autka,<\/li>\n<li>3 klocki z cyferkami,<\/li>\n<li>3 kluczyki.<\/li>\n<\/ul>\n<p>Wiek: 12M+.<\/p>\n<p>Wymiary opakowania: szer. 23 cm x wys. 15 cm x g\u0142. 12,5 cm.<\/p>\n<\/section><\/div>\n<\/section>\n<section class=\"section\">\n<div class=\"item item-12\">\n<section class=\"image-item\">             <img decoding=\"async\" src=\"https:\/\/upload.cdn.baselinker.com\/products\/3029707\/b7eaf1ebea41b863a0a7c31a58228b40.jpg\" \/>         <\/section>\n<\/p><\/div>\n<\/section>\n<section class=\"section\">\n<div class=\"item item-12\">\n<section class=\"image-item\">             <img decoding=\"async\" src=\"https:\/\/upload.cdn.baselinker.com\/products\/3029707\/d101d4411e0b67cab44e68e67b56d532.jpg\" \/>         <\/section>\n<\/p><\/div>\n<\/section>\n<section class=\"section\">\n<div class=\"item item-12\">\n<section class=\"image-item\">             <img decoding=\"async\" src=\"https:\/\/upload.cdn.baselinker.com\/products\/3029707\/32c7bd847f37e68eea07b3ffb4aaf0b2.jpg\" \/>         <\/section>\n<\/p><\/div>\n<\/section>\n<section class=\"section\">\n<div class=\"item item-12\">\n<section class=\"image-item\">             <img decoding=\"async\" src=\"https:\/\/upload.cdn.baselinker.com\/products\/3029707\/0adac3223f693f91ac68f70e72064af5.jpg\" \/>         <\/section>\n<\/p><\/div>\n<\/section>\n<section class=\"section\">\n<div class=\"item item-12\">\n<section class=\"image-item\">             <img decoding=\"async\" src=\"https:\/\/upload.cdn.baselinker.com\/products\/3029707\/77f1c698736b6ccb421d457cacb2d003.jpg\" \/>         <\/section>\n<\/p><\/div>\n<\/section>\n<p><strong>Dodatkowe informacje:<\/strong><\/p>\n<ul>\n<li><strong>Producent: <\/strong>INFANTINO B KIDS INTERNATIONAL LIMITED  Flat\/Rm 1203, 12\/F, East Ocean Centre, 98 Granville Road TST East, Kowloon Hong Kong; elsa.chan@infantino.com; sally.ho@infantino.com<\/li>\n<li><strong>Podmiot odpowiedzialny za wprowadzenie produktu na rynek europejski:<\/strong>\u00a0Infantino B kids B.V. John M. Keynesplein 12-46 1066EP Amsterdam The Netherlands eu.info@infantino.com<\/li>\n<li><strong>Ostrze\u017cenia na opakowaniu: <\/strong><\/li>\n<li><strong>Instrukcja obs\u0142ugi jest:<\/strong> NIE<\/li>\n<li><strong>Kraj pochodzenia:<\/strong> CHINY<\/li>\n<\/ul>\n","protected":false},"excerpt":{"rendered":"<p>B-KIDS Sorter gara\u017c z autkami Nr kat.: 317020 Gara\u017c z autkami z funkcj\u0105 sortera. Na dachu gara\u017cu znajduj\u0105 si\u0119 trzy<\/p>\n","protected":false},"featured_media":2464,"comment_status":"open","ping_status":"closed","template":"","meta":[],"product_brand":[],"product_cat":[16],"product_tag":[],"class_list":{"0":"post-2391","1":"product","2":"type-product","3":"status-publish","4":"has-post-thumbnail","6":"product_cat-import","8":"first","9":"instock","10":"shipping-taxable","11":"purchasable","12":"product-type-simple"},"_links":{"self":[{"href":"https:\/\/czas.m2web.pl\/index.php?rest_route=\/wp\/v2\/product\/2391","targetHints":{"allow":["GET"]}}],"collection":[{"href":"https:\/\/czas.m2web.pl\/index.php?rest_route=\/wp\/v2\/product"}],"about":[{"href":"https:\/\/czas.m2web.pl\/index.php?rest_route=\/wp\/v2\/types\/product"}],"replies":[{"embeddable":true,"href":"https:\/\/czas.m2web.pl\/index.php?rest_route=%2Fwp%2Fv2%2Fcomments&post=2391"}],"version-history":[{"count":0,"href":"https:\/\/czas.m2web.pl\/index.php?rest_route=\/wp\/v2\/product\/2391\/revisions"}],"wp:featuredmedia":[{"embeddable":true,"href":"https:\/\/czas.m2web.pl\/index.php?rest_route=\/wp\/v2\/media\/2464"}],"wp:attachment":[{"href":"https:\/\/czas.m2web.pl\/index.php?rest_route=%2Fwp%2Fv2%2Fmedia&parent=2391"}],"wp:term":[{"taxonomy":"product_brand","embeddable":true,"href":"https:\/\/czas.m2web.pl\/index.php?rest_route=%2Fwp%2Fv2%2Fproduct_brand&post=2391"},{"taxonomy":"product_cat","embeddable":true,"href":"https:\/\/czas.m2web.pl\/index.php?rest_route=%2Fwp%2Fv2%2Fproduct_cat&post=2391"},{"taxonomy":"product_tag","embeddable":true,"href":"https:\/\/czas.m2web.pl\/index.php?rest_route=%2Fwp%2Fv2%2Fproduct_tag&post=2391"}],"curies":[{"name":"wp","href":"https:\/\/api.w.org\/{rel}","templated":true}]}}