{"id":2395,"date":"2026-01-04T22:55:28","date_gmt":"2026-01-04T21:55:28","guid":{"rendered":"https:\/\/czas.m2web.pl\/?post_type=product&#038;p=2395"},"modified":"2026-01-04T22:55:52","modified_gmt":"2026-01-04T21:55:52","slug":"b-kids-interaktywny-chodzikstolik-konik-3w1-3993","status":"publish","type":"product","link":"https:\/\/czas.m2web.pl\/?product=b-kids-interaktywny-chodzikstolik-konik-3w1-3993","title":{"rendered":"B-Kids Interaktywny Chodzik+Stolik KONIK 3w1 3993"},"content":{"rendered":"<section class=\"section\">\n<div class=\"item item-6\">\n<section class=\"image-item\"><img decoding=\"async\" src=\"https:\/\/upload.cdn.baselinker.com\/products\/3029707\/0e796fb87ca59052f5cc1e8f415140ec.jpg\"><\/section>\n<\/p><\/div>\n<div class=\"item item-6\">\n<section class=\"text-item\">\n<h1>B-KIDS Interaktywny Chodzik + Stolik + Pianinko KONIK 3 w 1<\/h1>\n<p>Nr kat.: 3993<\/p>\n<p><b>To muzyczne centrum zabawy w jednej chwili mo\u017ce zamieni\u0107 si\u0119 w pchacz-chodzik, muzyczny st\u00f3\u0142 lub centrum do zabawy dla dziecka siedz\u0105cego lub le\u017c\u0105cego na brzuszku.<\/b><\/p>\n<p>Klawiatura posiada dwa tryby:<\/p>\n<p>1) klawisze wygrywaj\u0105 5 weso\u0142ych melodii,<\/p>\n<p>2) klawisze emituj\u0105 pojedyncze d\u017awi\u0119ki.<\/p>\n<p>Podczas zabawy migaj\u0105 3 kolorowe \u015bwiate\u0142ka LED.<\/p>\n<p><b>Przyciski o r\u00f3\u017cnych kszta\u0142tach wydaj\u0105 weso\u0142e d\u017awi\u0119ki np: perkusji, b\u0119benka, grzechocz\u0105cych koralik\u00f3w, galopuj\u0105cego konika.<\/b><\/p>\n<p><b>Mn\u00f3stwo pomys\u0142\u00f3w na zabaw\u0119 stymuluj\u0105c\u0105 rozw\u00f3j dziecka.<\/b><\/p>\n<p>Zabawka posiada 2 tryby g\u0142o\u015bno\u015bci.<\/p>\n<p>Wymagane baterie: 3 x 1,5V \u2013 brak w zestawie.<\/p>\n<p>Wymiary opakowania: 49,5 x 44,5 x 22 cm.<\/p>\n<p>Wiek: 12M+.<\/p>\n<\/section><\/div>\n<\/section>\n<section class=\"section\">\n<div class=\"item item-12\">\n<section class=\"image-item\"><img decoding=\"async\" src=\"https:\/\/upload.cdn.baselinker.com\/products\/3029707\/0e796fb87ca59052f5cc1e8f415140ec.jpg\"><\/section>\n<\/p><\/div>\n<\/section>\n<section class=\"section\">\n<div class=\"item item-12\">\n<section class=\"image-item\"><img decoding=\"async\" src=\"https:\/\/upload.cdn.baselinker.com\/products\/3029707\/f53a4eb2c4fc11e99745fd0e7c9ed6cd.jpg\"><\/section>\n<\/p><\/div>\n<\/section>\n<section class=\"section\">\n<div class=\"item item-12\">\n<section class=\"image-item\"><img decoding=\"async\" src=\"https:\/\/upload.cdn.baselinker.com\/products\/3029707\/ac725b701ea402eb3fe64c197caa3164.jpg\"><\/section>\n<\/p><\/div>\n<\/section>\n<section class=\"section\">\n<div class=\"item item-12\">\n<section class=\"image-item\"><img decoding=\"async\" src=\"https:\/\/upload.cdn.baselinker.com\/products\/3029707\/da49c63837a18bb2f0c7c7167ac4dc94.jpg\"><\/section>\n<\/p><\/div>\n<\/section>\n<section class=\"section\">\n<div class=\"item item-12\">\n<section class=\"image-item\"><img decoding=\"async\" src=\"https:\/\/upload.cdn.baselinker.com\/products\/3029707\/3ec52bd724589f35ba3b35daca0b189f.jpg\"><\/section>\n<\/p><\/div>\n<\/section>\n<section class=\"section\">\n<div class=\"item item-12\">\n<section class=\"image-item\"><img decoding=\"async\" src=\"https:\/\/upload.cdn.baselinker.com\/products\/3029707\/74ddb9b878bb12b10181845f75b3946d.jpg\"><\/section>\n<\/p><\/div>\n<\/section>\n<section class=\"section\">\n<div class=\"item item-12\">\n<section class=\"image-item\"><img decoding=\"async\" src=\"https:\/\/upload.cdn.baselinker.com\/products\/3029707\/d1be538d861ea9007dd9e123b80d5078.jpg\"><\/section>\n<\/p><\/div>\n<\/section>\n<p><strong>Dodatkowe informacje:<\/strong><\/p>\n","protected":false},"excerpt":{"rendered":"<p>B-KIDS Interaktywny Chodzik + Stolik + Pianinko KONIK 3 w 1 Nr kat.: 3993 To muzyczne centrum zabawy w jednej<\/p>\n","protected":false},"featured_media":2504,"comment_status":"open","ping_status":"closed","template":"","meta":[],"product_brand":[],"product_cat":[1657,17],"product_tag":[],"class_list":{"0":"post-2395","1":"product","2":"type-product","3":"status-publish","4":"has-post-thumbnail","6":"product_cat-chodziki-stoliki-i-krzeselka","7":"product_cat-dla-najmlodszych","9":"first","10":"instock","11":"shipping-taxable","12":"purchasable","13":"product-type-simple"},"_links":{"self":[{"href":"https:\/\/czas.m2web.pl\/index.php?rest_route=\/wp\/v2\/product\/2395","targetHints":{"allow":["GET"]}}],"collection":[{"href":"https:\/\/czas.m2web.pl\/index.php?rest_route=\/wp\/v2\/product"}],"about":[{"href":"https:\/\/czas.m2web.pl\/index.php?rest_route=\/wp\/v2\/types\/product"}],"replies":[{"embeddable":true,"href":"https:\/\/czas.m2web.pl\/index.php?rest_route=%2Fwp%2Fv2%2Fcomments&post=2395"}],"version-history":[{"count":0,"href":"https:\/\/czas.m2web.pl\/index.php?rest_route=\/wp\/v2\/product\/2395\/revisions"}],"wp:featuredmedia":[{"embeddable":true,"href":"https:\/\/czas.m2web.pl\/index.php?rest_route=\/wp\/v2\/media\/2504"}],"wp:attachment":[{"href":"https:\/\/czas.m2web.pl\/index.php?rest_route=%2Fwp%2Fv2%2Fmedia&parent=2395"}],"wp:term":[{"taxonomy":"product_brand","embeddable":true,"href":"https:\/\/czas.m2web.pl\/index.php?rest_route=%2Fwp%2Fv2%2Fproduct_brand&post=2395"},{"taxonomy":"product_cat","embeddable":true,"href":"https:\/\/czas.m2web.pl\/index.php?rest_route=%2Fwp%2Fv2%2Fproduct_cat&post=2395"},{"taxonomy":"product_tag","embeddable":true,"href":"https:\/\/czas.m2web.pl\/index.php?rest_route=%2Fwp%2Fv2%2Fproduct_tag&post=2395"}],"curies":[{"name":"wp","href":"https:\/\/api.w.org\/{rel}","templated":true}]}}