{"id":2483,"date":"2026-01-04T22:55:49","date_gmt":"2026-01-04T21:55:49","guid":{"rendered":"https:\/\/czas.m2web.pl\/?post_type=product&#038;p=2483"},"modified":"2026-01-04T22:56:01","modified_gmt":"2026-01-04T21:56:01","slug":"infantino-nosidelko-4-w-1-odciazajace-rodzica-jasnoszare-300079","status":"publish","type":"product","link":"https:\/\/czas.m2web.pl\/?product=infantino-nosidelko-4-w-1-odciazajace-rodzica-jasnoszare-300079","title":{"rendered":"INFANTINO Noside\u0142ko 4 w 1 odci\u0105\u017caj\u0105ce rodzica JASNOSZARE 300079"},"content":{"rendered":"<section class=\"section\">\n<div class=\"item item-6\">\n<section class=\"image-item\">             <img decoding=\"async\" src=\"https:\/\/upload.cdn.baselinker.com\/products\/3029707\/258c8f466ab17f6593d5f6d7d73b488d.jpg\" \/>         <\/section>\n<\/p><\/div>\n<div class=\"item item-6\">\n<section class=\"text-item\">\n<h1>INFANTINO Noside\u0142ko 4 w 1 odci\u0105\u017caj\u0105ce rodzica JASNOSZARE<\/h1>\n<p>Nr kat.: 300079<\/p>\n<h2>Wielofunkcyjne noside\u0142ko 4 w 1, kt\u00f3re ro\u015bnie razem z dzieckiem.<\/h2>\n<p><b>Zalety noside\u0142ka:<\/b><\/p>\n<ul>\n<li>system pask\u00f3w rozprowadzaj\u0105cych wag\u0119 dziecka w spos\u00f3b zwi\u0119kszaj\u0105cy wygod\u0119 dziecka i nosz\u0105cego, pozwoli dziecku podr\u00f3\u017cowa\u0107 w naturalnej pozycji siedz\u0105cej;<\/li>\n<li>szeroki pas biodrowy roz\u0142o\u017cy wag\u0119 dziecka r\u00f3wnomiernie na nosz\u0105cego;<\/li>\n<li>ergonomiczne, regulowane siedzisko dopasowuje si\u0119 do kszta\u0142t\u00f3w dziecka. Mo\u017cna go u\u017cywa\u0107 w wersji szerokiej i w\u0105skiej.<\/li>\n<li>usztywniane rami\u0105czka z pluszow\u0105 wy\u015bci\u00f3\u0142k\u0105 i dodatkowym podbiciem zapewni\u0105 bezpiecze\u0144stwo i wi\u0119ksz\u0105 stabilno\u015b\u0107, a tak\u017ce komfort nosz\u0105cemu przy d\u0142ugim u\u017cytkowaniu;<\/li>\n<li>regulacja podparcia g\u0142owy zapewnia dodatkowy komfort;<\/li>\n<li>panel i pasy pokryte s\u0105 specjaln\u0105 \u201eoddychaj\u0105c\u0105\u201d (dziurkowan\u0105) pow\u0142ok\u0105, kt\u00f3ra zapewnia maksymalny przep\u0142yw powietrza.<\/li>\n<\/ul>\n<\/section><\/div>\n<\/section>\n<section class=\"section\">\n<div class=\"item item-6\">\n<section class=\"image-item\">             <img decoding=\"async\" src=\"https:\/\/upload.cdn.baselinker.com\/products\/3029707\/73be7b7395fdce43a361433c1551bcee.jpg\" \/>         <\/section>\n<\/p><\/div>\n<div class=\"item item-6\">\n<section class=\"text-item\">\n<p><b>Mo\u017cliwo\u015b\u0107 noszenia w 4 pozycjach:<\/b><\/p>\n<p>\u2013 dziecko przodem do nosz\u0105cego w w\u0105skim siedzisku do momentu, a\u017c dziecko b\u0119dzie samodzielnie trzyma\u0107 g\u0142ow\u0119 pionowo \u2013 jest to dla niego prawid\u0142owa pozycja, daje du\u017c\u0105 dawk\u0119 kontaktu fizycznego i uwagi, a jednocze\u015bnie zostawia nosz\u0105cemu wolne r\u0119ce. W tej pozycji mo\u017cna bawi\u0107 si\u0119 z dzieckiem i utrzymywa\u0107 z nim kontakt przez dotyk, zabaw\u0119 lub wzrokowy;<\/p>\n<p>\u2013 dziecko przodem w szerokim siedzisku \u2013 szerokie siedzisko pozwala na noszenie wi\u0119kszych dzieci w pozycji siedz\u0105cej z nogami obejmuj\u0105cymi nosz\u0105cego;<\/p>\n<p>\u2013 dziecko ty\u0142em w w\u0105skim siedzisku \u2013 pozycja ta pozwala dziecku poznawa\u0107 wzrokowo otoczenie, a jednocze\u015bnie pozosta\u0107 w bliskim kontakcie z nosz\u0105c\u0105 je osob\u0105, nigdy nie nale\u017cy u\u017cywa\u0107 szerokiego siedziska podczas noszenia dziecka w pozycji twarz\u0105 na zewn\u0105trz;<\/p>\n<p>\u2013 dziecko przodem na plecach rodzic\u00f3w &#8211; dla dzieci b\u0119d\u0105cych w stanie ca\u0142kowicie samodzielnie siada\u0107. W tej pozycji dziecko mo\u017ce sprawdza\u0107 co si\u0119 dzieje dooko\u0142a, ale nadal wie, \u017ce rodzic jest tu\u017c obok.<\/p>\n<\/section><\/div>\n<\/section>\n<section class=\"section\">\n<div class=\"item item-6\">\n<section class=\"image-item\">             <img decoding=\"async\" src=\"https:\/\/upload.cdn.baselinker.com\/products\/3029707\/03875f84108c324441d02db57b5c49d4.jpg\" \/>         <\/section>\n<\/p><\/div>\n<div class=\"item item-6\">\n<section class=\"text-item\">\n<p><b>Noside\u0142ko 4 w 1:<\/b><\/p>\n<ul>\n<li>pozwala na noszenie dziecka w pozycji \u2018fizjologicznej \u017caby\u2019 rekomendowanej przez Mi\u0119dzynarodowy Instytut Dysplazji Biodrowej. Pozycja ta zapewnia prawid\u0142owy rozw\u00f3j staw\u00f3w biodrowych, kr\u0119gos\u0142upa i miednicy,<\/li>\n<li>noszenie bli\u017cej cia\u0142a i wy\u017cej na plecach lub klatce piersiowej zminimalizuje obci\u0105\u017cenie kr\u0119gos\u0142upa i ramion wynikaj\u0105ce z d\u0142ugotrwa\u0142ego u\u017cytkowania.<\/li>\n<\/ul>\n<\/section><\/div>\n<\/section>\n<section class=\"section\">\n<div class=\"item item-6\">\n<section class=\"image-item\">             <img decoding=\"async\" src=\"https:\/\/upload.cdn.baselinker.com\/products\/3029707\/755d9a6410eade5fec328402c1d66262.jpg\" \/>         <\/section>\n<\/p><\/div>\n<div class=\"item item-6\">\n<section class=\"text-item\">\n<p><b>Zalety noszenia dziecka w noside\u0142ku:<\/b><\/p>\n<ul>\n<li>buduje wi\u0119\u017a mi\u0119dzy rodzicem a dzieckiem,<\/li>\n<li>wzmacnia szyj\u0119 dziecka i mi\u0119\u015bnie plec\u00f3w,<\/li>\n<li>dzieci noszone w noside\u0142ku mniej p\u0142acz\u0105,<\/li>\n<li>wspiera rozw\u00f3j mentalny dziecka,<\/li>\n<li>stymuluje rozw\u00f3j emocjonalny i fizyczny,<\/li>\n<li>zwalnia r\u0119ce rodzica,<\/li>\n<li>pozwala trzyma\u0107 dziecko w zasi\u0119gu r\u0119ki w razie potrzeby,<\/li>\n<li>dodatkowo chroni dziecko,<\/li>\n<li>odpowiednie dla matek karmi\u0105cych.<\/li>\n<\/ul>\n<p>Wymiary opakowania: 25,5 x 25,5 cm.<\/p>\n<p>Waga dziecka: 3,6-14,5 kg.<\/p>\n<p>Wiek: 0M+.<\/p>\n<\/section><\/div>\n<\/section>\n<section class=\"section\">\n<div class=\"item item-6\">\n<section class=\"image-item\">             <img decoding=\"async\" src=\"https:\/\/upload.cdn.baselinker.com\/products\/3029707\/fbc65bee7e6ab84622185e51383487e3.jpg\" \/>         <\/section>\n<\/p><\/div>\n<div class=\"item item-6\">\n<section class=\"image-item\">             <img decoding=\"async\" src=\"https:\/\/upload.cdn.baselinker.com\/products\/3029707\/cb4eafd041816ba4615b6e177a84c2a7.jpg\" \/>         <\/section>\n<\/p><\/div>\n<\/section>\n<section class=\"section\">\n<div class=\"item item-6\">\n<section class=\"image-item\">             <img decoding=\"async\" src=\"https:\/\/upload.cdn.baselinker.com\/products\/3029707\/c3414d077448f251d2ce43a47a393726.jpg\" \/>         <\/section>\n<\/p><\/div>\n<div class=\"item item-6\">\n<section class=\"image-item\">             <img decoding=\"async\" src=\"https:\/\/upload.cdn.baselinker.com\/products\/3029707\/c8e959f9077dcdf65383143a01261be6.jpg\" \/>         <\/section>\n<\/p><\/div>\n<\/section>\n<section class=\"section\">\n<div class=\"item item-6\">\n<section class=\"image-item\">             <img decoding=\"async\" src=\"https:\/\/upload.cdn.baselinker.com\/products\/3029707\/be7eeb73c13be2db66ea27a83fcad055.jpg\" \/>         <\/section>\n<\/p><\/div>\n<div class=\"item item-6\">\n<section class=\"image-item\">             <img decoding=\"async\" src=\"https:\/\/upload.cdn.baselinker.com\/products\/3029707\/8726e7fc8c485c3e0a33bd62885418fd.jpg\" \/>         <\/section>\n<\/p><\/div>\n<\/section>\n<section class=\"section\">\n<div class=\"item item-6\">\n<section class=\"image-item\">             <img decoding=\"async\" src=\"https:\/\/upload.cdn.baselinker.com\/products\/3029707\/9259533c1e7657aed1743ae24d927cf2.jpg\" \/>         <\/section>\n<\/p><\/div>\n<div class=\"item item-6\">\n<section class=\"image-item\">             <img decoding=\"async\" src=\"https:\/\/upload.cdn.baselinker.com\/products\/3029707\/575da3ce7f019bcb3e9d7f71eb5e3f77.jpg\" \/>         <\/section>\n<\/p><\/div>\n<\/section>\n<section class=\"section\">\n<div class=\"item item-6\">\n<section class=\"image-item\">             <img decoding=\"async\" src=\"https:\/\/upload.cdn.baselinker.com\/products\/3029707\/5c0dfafb901205b96fe51a0597f61013.jpg\" \/>         <\/section>\n<\/p><\/div>\n<div class=\"item item-6\">\n<section class=\"image-item\">             <img decoding=\"async\" src=\"https:\/\/upload.cdn.baselinker.com\/products\/3029707\/499cbb21eac36083c2488ae18f0a7183.jpg\" \/>         <\/section>\n<\/p><\/div>\n<\/section>\n<section class=\"section\">\n<div class=\"item item-12\">\n<section class=\"image-item\">             <img decoding=\"async\" src=\"https:\/\/upload.cdn.baselinker.com\/products\/3029707\/b94e1deb423e016b88bb7ec75d69a074.jpg\" \/>         <\/section>\n<\/p><\/div>\n<\/section>\n<p><strong>Dodatkowe informacje:<\/strong><\/p>\n<ul>\n<li><strong>Producent: <\/strong>INFANTINO B KIDS INTERNATIONAL LIMITED  Flat\/Rm 1203, 12\/F, East Ocean Centre, 98 Granville Road TST East, Kowloon Hong Kong; customersupport@infantino.com<\/li>\n<li><strong>Podmiot odpowiedzialny za wprowadzenie produktu na rynek europejski:<\/strong>\u00a0Infantino B kids B.V. John M. Keynesplein 12-46 1066EP Amsterdam The Netherlands eu.info@infantino.com<\/li>\n<li><strong>Ostrze\u017cenia na opakowaniu: <\/strong><\/li>\n<li><strong>Instrukcja obs\u0142ugi jest:<\/strong> NIE<\/li>\n<li><strong>Kraj pochodzenia:<\/strong> CHINY<\/li>\n<\/ul>\n","protected":false},"excerpt":{"rendered":"<p>INFANTINO Noside\u0142ko 4 w 1 odci\u0105\u017caj\u0105ce rodzica JASNOSZARE Nr kat.: 300079 Wielofunkcyjne noside\u0142ko 4 w 1, kt\u00f3re ro\u015bnie razem z<\/p>\n","protected":false},"featured_media":2536,"comment_status":"open","ping_status":"closed","template":"","meta":[],"product_brand":[],"product_cat":[17,18],"product_tag":[],"class_list":{"0":"post-2483","1":"product","2":"type-product","3":"status-publish","4":"has-post-thumbnail","6":"product_cat-dla-najmlodszych","7":"product_cat-nosidelka-i-maty","9":"first","10":"instock","11":"shipping-taxable","12":"purchasable","13":"product-type-simple"},"_links":{"self":[{"href":"https:\/\/czas.m2web.pl\/index.php?rest_route=\/wp\/v2\/product\/2483","targetHints":{"allow":["GET"]}}],"collection":[{"href":"https:\/\/czas.m2web.pl\/index.php?rest_route=\/wp\/v2\/product"}],"about":[{"href":"https:\/\/czas.m2web.pl\/index.php?rest_route=\/wp\/v2\/types\/product"}],"replies":[{"embeddable":true,"href":"https:\/\/czas.m2web.pl\/index.php?rest_route=%2Fwp%2Fv2%2Fcomments&post=2483"}],"version-history":[{"count":0,"href":"https:\/\/czas.m2web.pl\/index.php?rest_route=\/wp\/v2\/product\/2483\/revisions"}],"wp:featuredmedia":[{"embeddable":true,"href":"https:\/\/czas.m2web.pl\/index.php?rest_route=\/wp\/v2\/media\/2536"}],"wp:attachment":[{"href":"https:\/\/czas.m2web.pl\/index.php?rest_route=%2Fwp%2Fv2%2Fmedia&parent=2483"}],"wp:term":[{"taxonomy":"product_brand","embeddable":true,"href":"https:\/\/czas.m2web.pl\/index.php?rest_route=%2Fwp%2Fv2%2Fproduct_brand&post=2483"},{"taxonomy":"product_cat","embeddable":true,"href":"https:\/\/czas.m2web.pl\/index.php?rest_route=%2Fwp%2Fv2%2Fproduct_cat&post=2483"},{"taxonomy":"product_tag","embeddable":true,"href":"https:\/\/czas.m2web.pl\/index.php?rest_route=%2Fwp%2Fv2%2Fproduct_tag&post=2483"}],"curies":[{"name":"wp","href":"https:\/\/api.w.org\/{rel}","templated":true}]}}