{"id":2486,"date":"2026-01-04T22:55:49","date_gmt":"2026-01-04T21:55:49","guid":{"rendered":"https:\/\/czas.m2web.pl\/?post_type=product&#038;p=2486"},"modified":"2026-01-04T22:56:03","modified_gmt":"2026-01-04T21:56:03","slug":"rowerek-biegowy-skids-control-rozowy-stamp-677011","status":"publish","type":"product","link":"https:\/\/czas.m2web.pl\/?product=rowerek-biegowy-skids-control-rozowy-stamp-677011","title":{"rendered":"Rowerek biegowy Skids Control r\u00f3\u017cowy Stamp 677011"},"content":{"rendered":"<section class=\"section\">\n<div class=\"item item-6\">\n<section class=\"image-item\"><img decoding=\"async\" src=\"https:\/\/upload.cdn.baselinker.com\/products\/3029707\/e1d91c5e956672592cf0e44eb17b7268.jpg\"><\/section>\n<\/p><\/div>\n<div class=\"item item-6\">\n<section class=\"text-item\">\n<h1>Rowerek biegowy Skids Control r\u00f3\u017cowy<\/h1>\n<p>Nr kat.: 677011 Stamp<\/p>\n<p><b>Rowerek biegowy jest idealny do nauki r\u00f3wnowagi i balansu.<\/b><\/p>\n<p><b>Charakterystyka:<\/b><\/p>\n<ul>\n<li>stalowa konstrukcja,<\/li>\n<li>9 calowe opony z bie\u017cnikiem wykonane z pianki EVA, odporne na przebicie,<\/li>\n<li>\u0142o\u017cyska kulkowe ABEC 5<\/li>\n<li>ograniczenie k\u0105ta skr\u0119tu kierownicy zapewnia bezpieczn\u0105 jazd\u0119,<\/li>\n<li>regulowana wysoko\u015b\u0107 kierownicy i siode\u0142ka,<\/li>\n<li>gumowe, antypo\u015blizgowe r\u0105czki,<\/li>\n<li>wygodne i ergonomiczne siedzisko z pianki,<\/li>\n<li>wiek: 2-4 lat,<\/li>\n<li>max. obci\u0105\u017cenie &#8211; 20 kg,<\/li>\n<li>szeroko\u015b\u0107 kierownicy: 29 cm,<\/li>\n<li>kolor: czarno-r\u00f3\u017cowy matowy,<\/li>\n<li>zapakowany w oryginalny karton.<\/li>\n<\/ul>\n<\/section><\/div>\n<\/section>\n<section class=\"section\">\n<div class=\"item item-12\">\n<section class=\"image-item\"><img decoding=\"async\" src=\"https:\/\/upload.cdn.baselinker.com\/products\/3029707\/e1d91c5e956672592cf0e44eb17b7268.jpg\"><\/section>\n<\/p><\/div>\n<\/section>\n<section class=\"section\">\n<div class=\"item item-12\">\n<section class=\"image-item\"><img decoding=\"async\" src=\"https:\/\/upload.cdn.baselinker.com\/products\/3029707\/aa24fe5d816a88573620f616a1e15bf1.jpg\"><\/section>\n<\/p><\/div>\n<\/section>\n<section class=\"section\">\n<div class=\"item item-12\">\n<section class=\"image-item\"><img decoding=\"async\" src=\"https:\/\/upload.cdn.baselinker.com\/products\/3029707\/30e7c6800872d3b27d60de389dbdd2ce.jpg\"><\/section>\n<\/p><\/div>\n<\/section>\n<p><strong>Dodatkowe informacje:<\/strong><\/p>\n","protected":false},"excerpt":{"rendered":"<p>Rowerek biegowy Skids Control r\u00f3\u017cowy Nr kat.: 677011 Stamp Rowerek biegowy jest idealny do nauki r\u00f3wnowagi i balansu. Charakterystyka: stalowa<\/p>\n","protected":false},"featured_media":2556,"comment_status":"open","ping_status":"closed","template":"","meta":[],"product_brand":[],"product_cat":[16],"product_tag":[],"class_list":{"0":"post-2486","1":"product","2":"type-product","3":"status-publish","4":"has-post-thumbnail","6":"product_cat-import","8":"first","9":"instock","10":"shipping-taxable","11":"purchasable","12":"product-type-simple"},"_links":{"self":[{"href":"https:\/\/czas.m2web.pl\/index.php?rest_route=\/wp\/v2\/product\/2486","targetHints":{"allow":["GET"]}}],"collection":[{"href":"https:\/\/czas.m2web.pl\/index.php?rest_route=\/wp\/v2\/product"}],"about":[{"href":"https:\/\/czas.m2web.pl\/index.php?rest_route=\/wp\/v2\/types\/product"}],"replies":[{"embeddable":true,"href":"https:\/\/czas.m2web.pl\/index.php?rest_route=%2Fwp%2Fv2%2Fcomments&post=2486"}],"version-history":[{"count":0,"href":"https:\/\/czas.m2web.pl\/index.php?rest_route=\/wp\/v2\/product\/2486\/revisions"}],"wp:featuredmedia":[{"embeddable":true,"href":"https:\/\/czas.m2web.pl\/index.php?rest_route=\/wp\/v2\/media\/2556"}],"wp:attachment":[{"href":"https:\/\/czas.m2web.pl\/index.php?rest_route=%2Fwp%2Fv2%2Fmedia&parent=2486"}],"wp:term":[{"taxonomy":"product_brand","embeddable":true,"href":"https:\/\/czas.m2web.pl\/index.php?rest_route=%2Fwp%2Fv2%2Fproduct_brand&post=2486"},{"taxonomy":"product_cat","embeddable":true,"href":"https:\/\/czas.m2web.pl\/index.php?rest_route=%2Fwp%2Fv2%2Fproduct_cat&post=2486"},{"taxonomy":"product_tag","embeddable":true,"href":"https:\/\/czas.m2web.pl\/index.php?rest_route=%2Fwp%2Fv2%2Fproduct_tag&post=2486"}],"curies":[{"name":"wp","href":"https:\/\/api.w.org\/{rel}","templated":true}]}}