{"id":2487,"date":"2026-01-04T22:55:49","date_gmt":"2026-01-04T21:55:49","guid":{"rendered":"https:\/\/czas.m2web.pl\/?post_type=product&#038;p=2487"},"modified":"2026-01-04T22:56:04","modified_gmt":"2026-01-04T21:56:04","slug":"rowerek-biegowy-skids-control-zielony-stamp-677010","status":"publish","type":"product","link":"https:\/\/czas.m2web.pl\/?product=rowerek-biegowy-skids-control-zielony-stamp-677010","title":{"rendered":"Rowerek biegowy Skids Control zielony Stamp 677010"},"content":{"rendered":"<section class=\"section\">\n<div class=\"item item-6\">\n<section class=\"image-item\"><img decoding=\"async\" src=\"https:\/\/upload.cdn.baselinker.com\/products\/3029707\/d8f3257c82190594f5790e2968822463.jpg\"><\/section>\n<\/p><\/div>\n<div class=\"item item-6\">\n<section class=\"text-item\">\n<h1>Rowerek biegowy Skids Control zielony<\/h1>\n<p>Nr kat.: 677010 Stamp<\/p>\n<p><b>Rowerek biegowy jest idealny do nauki r\u00f3wnowagi i balansu.<\/b><\/p>\n<p><b>Charakterystyka:<\/b><\/p>\n<ul>\n<li>stalowa konstrukcja,<\/li>\n<li>9 calowe opony z bie\u017cnikiem wykonane z pianki EVA, odporne na przebicie,<\/li>\n<li>\u0142o\u017cyska kulkowe ABEC 5<\/li>\n<li>ograniczenie k\u0105ta skr\u0119tu kierownicy zapewnia bezpieczn\u0105 jazd\u0119,<\/li>\n<li>regulowana wysoko\u015b\u0107 kierownicy i siode\u0142ka,<\/li>\n<li>gumowe, antypo\u015blizgowe r\u0105czki,<\/li>\n<li>wygodne i ergonomiczne siedzisko z pianki,<\/li>\n<li>wiek: 2-4 lat,<\/li>\n<li>max. obci\u0105\u017cenie &#8211; 20 kg,<\/li>\n<li>szeroko\u015b\u0107 kierownicy: 29 cm,<\/li>\n<li>kolor: czarno-zielony matowy,<\/li>\n<li>zapakowany w oryginalny karton.<\/li>\n<\/ul>\n<\/section><\/div>\n<\/section>\n<section class=\"section\">\n<div class=\"item item-12\">\n<section class=\"image-item\"><img decoding=\"async\" src=\"https:\/\/upload.cdn.baselinker.com\/products\/3029707\/d8f3257c82190594f5790e2968822463.jpg\"><\/section>\n<\/p><\/div>\n<\/section>\n<section class=\"section\">\n<div class=\"item item-12\">\n<section class=\"image-item\"><img decoding=\"async\" src=\"https:\/\/upload.cdn.baselinker.com\/products\/3029707\/4062f8adda4773282f3e928fa1dad1e7.jpg\"><\/section>\n<\/p><\/div>\n<\/section>\n<section class=\"section\">\n<div class=\"item item-12\">\n<section class=\"image-item\"><img decoding=\"async\" src=\"https:\/\/upload.cdn.baselinker.com\/products\/3029707\/f9c6096f1c5f7e2e079e6d00ea0be843.jpg\"><\/section>\n<\/p><\/div>\n<\/section>\n<p><strong>Dodatkowe informacje:<\/strong><\/p>\n","protected":false},"excerpt":{"rendered":"<p>Rowerek biegowy Skids Control zielony Nr kat.: 677010 Stamp Rowerek biegowy jest idealny do nauki r\u00f3wnowagi i balansu. Charakterystyka: stalowa<\/p>\n","protected":false},"featured_media":2559,"comment_status":"open","ping_status":"closed","template":"","meta":[],"product_brand":[],"product_cat":[16],"product_tag":[],"class_list":{"0":"post-2487","1":"product","2":"type-product","3":"status-publish","4":"has-post-thumbnail","6":"product_cat-import","8":"first","9":"instock","10":"shipping-taxable","11":"purchasable","12":"product-type-simple"},"_links":{"self":[{"href":"https:\/\/czas.m2web.pl\/index.php?rest_route=\/wp\/v2\/product\/2487","targetHints":{"allow":["GET"]}}],"collection":[{"href":"https:\/\/czas.m2web.pl\/index.php?rest_route=\/wp\/v2\/product"}],"about":[{"href":"https:\/\/czas.m2web.pl\/index.php?rest_route=\/wp\/v2\/types\/product"}],"replies":[{"embeddable":true,"href":"https:\/\/czas.m2web.pl\/index.php?rest_route=%2Fwp%2Fv2%2Fcomments&post=2487"}],"version-history":[{"count":0,"href":"https:\/\/czas.m2web.pl\/index.php?rest_route=\/wp\/v2\/product\/2487\/revisions"}],"wp:featuredmedia":[{"embeddable":true,"href":"https:\/\/czas.m2web.pl\/index.php?rest_route=\/wp\/v2\/media\/2559"}],"wp:attachment":[{"href":"https:\/\/czas.m2web.pl\/index.php?rest_route=%2Fwp%2Fv2%2Fmedia&parent=2487"}],"wp:term":[{"taxonomy":"product_brand","embeddable":true,"href":"https:\/\/czas.m2web.pl\/index.php?rest_route=%2Fwp%2Fv2%2Fproduct_brand&post=2487"},{"taxonomy":"product_cat","embeddable":true,"href":"https:\/\/czas.m2web.pl\/index.php?rest_route=%2Fwp%2Fv2%2Fproduct_cat&post=2487"},{"taxonomy":"product_tag","embeddable":true,"href":"https:\/\/czas.m2web.pl\/index.php?rest_route=%2Fwp%2Fv2%2Fproduct_tag&post=2487"}],"curies":[{"name":"wp","href":"https:\/\/api.w.org\/{rel}","templated":true}]}}