{"id":2595,"date":"2026-01-04T22:56:09","date_gmt":"2026-01-04T21:56:09","guid":{"rendered":"https:\/\/czas.m2web.pl\/?post_type=product&#038;p=2595"},"modified":"2026-01-04T22:56:26","modified_gmt":"2026-01-04T21:56:26","slug":"kask-skaterski-regulowany-czarny-674112-stamp","status":"publish","type":"product","link":"https:\/\/czas.m2web.pl\/?product=kask-skaterski-regulowany-czarny-674112-stamp","title":{"rendered":"KASK SKATERSKI REGULOWANY CZARNY 674112 Stamp"},"content":{"rendered":"<section class=\"section\">\n<div class=\"item item-6\">\n<section class=\"image-item\"><img decoding=\"async\" src=\"https:\/\/upload.cdn.baselinker.com\/products\/3029707\/4b1fb456af5cf265e3e8b17b572ec11a.jpg\"><\/section>\n<\/p><\/div>\n<div class=\"item item-6\">\n<section class=\"text-item\">\n<h1>KASK SKATERSKI REGULOWANY &#8211; CZARNY<\/h1>\n<p>Stamp 674112<\/p>\n<p>Kask wykonany jest z lekkiego materia\u0142u. Posiada 11 otwor\u00f3w wentylacyjnych. Wyposa\u017cony jest w komplet paneli wykonanych z mi\u0119kkiej g\u0105bki, kt\u00f3re umocowane s\u0105 na \u015bcianach kasku.<\/p>\n<p>Dopasowanie kasku umo\u017cliwia regulacja paska pod brod\u0105 oraz pokr\u0119t\u0142o, kt\u00f3rym regulujemy pier\u015bcie\u0144 wok\u00f3\u0142 g\u0142owy.<\/p>\n<p>Kask homologowany jest wed\u0142ug normy: EN1078 CE.<\/p>\n<p>Kask zwi\u0119ksza bezpiecze\u0144stwo dziecka podczas jazdy na rowerze, hulajnodze lub rolkach.<\/p>\n<ul>\n<li>Rozmiar: M.<\/li>\n<li>Regulacja: 53-57 cm.<\/li>\n<li>Regulowane zapi\u0119cie pod brod\u0105.<\/li>\n<li>Regulowany pier\u015bcie\u0144 wok\u00f3\u0142 g\u0142owy.<\/li>\n<li>Wewn\u0119trzne panele z mi\u0119kkiej g\u0105bki zapinane na rzep.<\/li>\n<li>Certyfikat CE.<\/li>\n<li>Waga: 430 g.<\/li>\n<li>Wiek: 3+.<\/li>\n<li>EN 1078 CE<\/li>\n<\/ul>\n<\/section><\/div>\n<\/section>\n<section class=\"section\">\n<div class=\"item item-12\">\n<section class=\"image-item\"><img decoding=\"async\" src=\"https:\/\/upload.cdn.baselinker.com\/products\/3029707\/bab665c3ba54890d0f9383dd73e0f6cd.jpg\"><\/section>\n<\/p><\/div>\n<\/section>\n<section class=\"section\">\n<div class=\"item item-12\">\n<section class=\"image-item\"><img decoding=\"async\" src=\"https:\/\/upload.cdn.baselinker.com\/products\/3029707\/4b1fb456af5cf265e3e8b17b572ec11a.jpg\"><\/section>\n<\/p><\/div>\n<\/section>\n<section class=\"section\">\n<div class=\"item item-12\">\n<section class=\"image-item\"><img decoding=\"async\" src=\"https:\/\/upload.cdn.baselinker.com\/products\/3029707\/db20420eec57ee2f6c2ab266ab2ccaa2.jpg\"><\/section>\n<\/p><\/div>\n<\/section>\n<p><strong>Dodatkowe informacje:<\/strong><\/p>\n","protected":false},"excerpt":{"rendered":"<p>KASK SKATERSKI REGULOWANY &#8211; CZARNY Stamp 674112 Kask wykonany jest z lekkiego materia\u0142u. Posiada 11 otwor\u00f3w wentylacyjnych. Wyposa\u017cony jest w<\/p>\n","protected":false},"featured_media":2655,"comment_status":"open","ping_status":"closed","template":"","meta":[],"product_brand":[],"product_cat":[16],"product_tag":[],"class_list":{"0":"post-2595","1":"product","2":"type-product","3":"status-publish","4":"has-post-thumbnail","6":"product_cat-import","8":"first","9":"instock","10":"shipping-taxable","11":"purchasable","12":"product-type-simple"},"_links":{"self":[{"href":"https:\/\/czas.m2web.pl\/index.php?rest_route=\/wp\/v2\/product\/2595","targetHints":{"allow":["GET"]}}],"collection":[{"href":"https:\/\/czas.m2web.pl\/index.php?rest_route=\/wp\/v2\/product"}],"about":[{"href":"https:\/\/czas.m2web.pl\/index.php?rest_route=\/wp\/v2\/types\/product"}],"replies":[{"embeddable":true,"href":"https:\/\/czas.m2web.pl\/index.php?rest_route=%2Fwp%2Fv2%2Fcomments&post=2595"}],"version-history":[{"count":0,"href":"https:\/\/czas.m2web.pl\/index.php?rest_route=\/wp\/v2\/product\/2595\/revisions"}],"wp:featuredmedia":[{"embeddable":true,"href":"https:\/\/czas.m2web.pl\/index.php?rest_route=\/wp\/v2\/media\/2655"}],"wp:attachment":[{"href":"https:\/\/czas.m2web.pl\/index.php?rest_route=%2Fwp%2Fv2%2Fmedia&parent=2595"}],"wp:term":[{"taxonomy":"product_brand","embeddable":true,"href":"https:\/\/czas.m2web.pl\/index.php?rest_route=%2Fwp%2Fv2%2Fproduct_brand&post=2595"},{"taxonomy":"product_cat","embeddable":true,"href":"https:\/\/czas.m2web.pl\/index.php?rest_route=%2Fwp%2Fv2%2Fproduct_cat&post=2595"},{"taxonomy":"product_tag","embeddable":true,"href":"https:\/\/czas.m2web.pl\/index.php?rest_route=%2Fwp%2Fv2%2Fproduct_tag&post=2595"}],"curies":[{"name":"wp","href":"https:\/\/api.w.org\/{rel}","templated":true}]}}