{"id":2767,"date":"2026-01-04T22:56:52","date_gmt":"2026-01-04T21:56:52","guid":{"rendered":"https:\/\/czas.m2web.pl\/?post_type=product&#038;p=2767"},"modified":"2026-01-04T22:56:58","modified_gmt":"2026-01-04T21:56:58","slug":"bburago-tor-nieskonczonosci-ferrari-dzwiek-81401","status":"publish","type":"product","link":"https:\/\/czas.m2web.pl\/?product=bburago-tor-nieskonczonosci-ferrari-dzwiek-81401","title":{"rendered":"BBURAGO Tor Niesko\u0144czono\u015bci Ferrari +D\u017awi\u0119k 81401"},"content":{"rendered":"<section class=\"section\">\n<div class=\"item item-6\">\n<section class=\"image-item\"><img decoding=\"async\" src=\"https:\/\/upload.cdn.baselinker.com\/products\/3029707\/27c88c24e5c9059bc61b8a067ce198f3.jpg\"><\/section>\n<\/p><\/div>\n<div class=\"item item-6\">\n<section class=\"text-item\">\n<h1>BBURAGO JUNIOR Tor Niesko\u0144czono\u015bci z autkiem Ferrari \u015awiat\u0142o i d\u017awi\u0119k<\/h1>\n<p>Nr kat.: 81401<\/p>\n<p><b>Tor w kszta\u0142cie symbolu niesko\u0144czono\u015bci zapewni zabaw\u0119 przez nieograniczony czas!<\/b><\/p>\n<p><b>Zabawa polega na takim balansowaniu torem, by pojazd przemieszcza\u0142 si\u0119 do przodu lub do ty\u0142u.<\/b><\/p>\n<p>Po przesuni\u0119ciu w\u0142\u0105cznika na torze zapalaj\u0105 si\u0119 \u015bwiat\u0142a i s\u0142ycha\u0107 realistyczne d\u017awi\u0119ki silnika pojazdu Ferrari.<\/p>\n<p><b>W zestawie 5 oznaczonych cyframi klock\u00f3w o r\u00f3\u017cnych kszta\u0142tami i kolorach, kt\u00f3re trzeba dopasowa\u0107 do odpowiednich otwor\u00f3w i kt\u00f3re mog\u0105 s\u0142u\u017cy\u0107 do zabawy tak\u017ce poza torem.<\/b><\/p>\n<p>W zestawie mini-autko marki Ferrari.<\/p>\n<p>Wymiary toru: 32 x 17,5 x 6,5 cm.<\/p>\n<p>Wymiary opakowania: 31 x 8,5 x 21,5 cm.<\/p>\n<p>Wymagane baterie: 3 xAG13 (LR44) \u2013 w komplecie.<\/p>\n<p>Wiek: 12-36M.<\/p>\n<\/section><\/div>\n<\/section>\n<section class=\"section\">\n<div class=\"item item-12\">\n<section class=\"image-item\"><img decoding=\"async\" src=\"https:\/\/upload.cdn.baselinker.com\/products\/3029707\/27c88c24e5c9059bc61b8a067ce198f3.jpg\"><\/section>\n<\/p><\/div>\n<\/section>\n<section class=\"section\">\n<div class=\"item item-12\">\n<section class=\"image-item\"><img decoding=\"async\" src=\"https:\/\/upload.cdn.baselinker.com\/products\/3029707\/0ab9f22d98f0332a826dc8cec1a24826.jpg\"><\/section>\n<\/p><\/div>\n<\/section>\n<section class=\"section\">\n<div class=\"item item-12\">\n<section class=\"image-item\"><img decoding=\"async\" src=\"https:\/\/upload.cdn.baselinker.com\/products\/3029707\/6ccab0d7b0344a69275dd68293def189.jpg\"><\/section>\n<\/p><\/div>\n<\/section>\n<section class=\"section\">\n<div class=\"item item-12\">\n<section class=\"image-item\"><img decoding=\"async\" src=\"https:\/\/upload.cdn.baselinker.com\/products\/3029707\/c077f4d5c3cdfb52e2bc696f72be0e30.jpg\"><\/section>\n<\/p><\/div>\n<\/section>\n<p><strong>Dodatkowe informacje:<\/strong><\/p>\n<ul>\n<li><strong>Producent: <\/strong>May Cheong Group Limited Unit 901-2, 9\/F, East Ocean Centre,  98 Granville Road, Tsimshatsui East, Kowloon, Hong Kong info@maycheonggroup.com.hk<\/li>\n<li><strong>Podmiot odpowiedzialny za wprowadzenie produktu na rynek europejski:<\/strong>\u00a0Firma Handlowa PULIO Krzysztof Gebel ul. Kolejowa 3 55-040 Bielany Wroc\u0142awskie  tel. +48 71 352 07 80  biuro@pulio.pl  www.pulio.pl<\/li>\n<li><strong>Ostrze\u017cenia na opakowaniu: <\/strong>3 baterie 1,5 V AG13 (w zestawie) \u2022 \u2022 Baterie s\u0105 dostarczone wy\u0142\u0105cznie do cel\u00f3w demonstracyjnych, a nie do d\u0142ugotrwa\u0142ego u\u017cytku. \u2022 Zalecamy u\u017cywanie baterii alkalicznych. \u2022 Zalecanie akumulatork\u00f3w (\u0142adowalnych baterii) nie jest zalecane. \u2022 Nie nale\u017cy miesza\u0107 starych baterii z nowymi. \u2022 Nie nale\u017cy miesza\u0107 baterii alkalicznych ze zwyk\u0142ymi (w\u0119glowo-cynkowymi) lub akumulatorkami. \u2022 Nale\u017cy zwr\u00f3ci\u0107 uwag\u0119 na prawid\u0142ow\u0105 polaryzacj\u0119 baterii. \u2022 Nie wolno zwiera\u0107 styk\u00f3w zasilania. OSTRZE\u017bENIE! Zawiera baterie guzikowe. Wyst\u0119puje ryzyko w przypadku po\u0142kni\u0119cia &#8211; zapoznaj si\u0119 z instrukcj\u0105.  OSTRZE\u017bENIE! Wszystkie elementy opakowania, takie jak ta\u015bma, plastikowe elementy, druty i elementy mocuj\u0105ce nie s\u0105 cz\u0119\u015bciami tej zabawki i ze wzgl\u0119du na bezpiecze\u0144stwo dziecka powinny by\u0107 usuni\u0119te. Czy\u015bci\u0107 tylko zewn\u0119trzn\u0105 powierzchni\u0119 zabawki. Czy\u015bci\u0107 wilgotn\u0105 szmatk\u0105. Ten produkt powinien by\u0107 u\u017cywany wy\u0142\u0105cznie pod nadzorem doros\u0142ej osoby. Nale\u017cy zachowa\u0107 t\u0119 instrukcj\u0119 u\u017cytkownika do wykorzystania w przysz\u0142o\u015bci. Zawiera ona istotne informacje. Zastrzegamy sobie prawo do modyfikacji\/modernizacji specyfikacji produktu bez powiadomienia.<\/li>\n<li><strong>Instrukcja obs\u0142ugi jest:<\/strong> OSTRZE\u017bENIE! Wszystkie elementy opakowania, takie jak ta\u015bma, plastikowe elementy, druty i elementy mocuj\u0105ce nie s\u0105 cz\u0119\u015bciami tej zabawki i ze wzgl\u0119du na bezpiecze\u0144stwo dziecka powinny by\u0107 usuni\u0119te. Czy\u015bci\u0107 tylko zewn\u0119trzn\u0105 powierzchni\u0119 zabawki. Czy\u015bci\u0107 wilgotn\u0105 szmatk\u0105. Ten produkt powinien by\u0107 u\u017cywany wy\u0142\u0105cznie pod nadzorem doros\u0142ej osoby. Nale\u017cy zachowa\u0107 t\u0119 instrukcj\u0119 u\u017cytkownika do wykorzystania w przysz\u0142o\u015bci. Zawiera ona istotne informacje. Zastrzegamy sobie prawo do modyfikacji\/modernizacji specyfikacji produktu bez powiadomienia. Obs\u0142uga baterii 1. Rekomendowane alkaliczne baterie. 2. Nale\u017cy u\u017cywa\u0107 baterii zaleconego typu lub r\u00f3wnowa\u017cnych. 3. Nie nale\u017cy miesza\u0107 ze sob\u0105 r\u00f3\u017cnych typ\u00f3w baterii lub nowych i u\u017cywanych. 4. Nie nale\u017cy miesza\u0107 starych i nowych baterii. 5. Baterie nieprzewidziane do \u0142adowania nie mog\u0105 by\u0107 \u0142adowane. 6. Wymiana oraz \u0142adowanie baterii musi by\u0107 dokonywana przez osoby doros\u0142e. 7. Baterie przewidziane do \u0142adowania nale\u017cy przed \u0142adowaniem wyj\u0105\u0107 z zabawki. 8. Umie\u015b\u0107 baterie zgodnie z polaryzacj\u0105 (+\/-) umieszczon\u0105 na pojemniku baterii. 9. Usu\u0144 z produktu wszystkie baterie je\u015bli nie jest on u\u017cywany. 10.Wyczerpane baterie nale\u017cy wyj\u0105\u0107 z zabawki i wyrzuci\u0107 do specjalnych pojemnik\u00f3w. 11.Nie wolno zwiera\u0107 zacisk\u00f3w zasilania. 12.Nie wrzuca\u0107 baterii do ognia, mo\u017ce to spowodowa\u0107 ich wybuch lub wyciek powoduj\u0105ce urazy lub uszkodzenia. 13.Wymiana baterii musi by\u0107 dokonywana wy\u0142\u0105cznie przez osoby doros\u0142e. 14. Ostrze\u017cenie! Zu\u017cyte baterie natychmiast usu\u0144. Trzymaj nowe i u\u017cywane baterie poza zasi\u0119giem dzieci. Je\u017celi bateria zosta\u0142a po\u0142kni\u0119ta lub znalaz\u0142a si\u0119 wewn\u0105trz cia\u0142a w inny spos\u00f3b, natychmiast skontaktuj si\u0119 z lekarzem.<\/li>\n<li><strong>Kraj pochodzenia:<\/strong> CHINY<\/li>\n<\/ul>\n","protected":false},"excerpt":{"rendered":"<p>BBURAGO JUNIOR Tor Niesko\u0144czono\u015bci z autkiem Ferrari \u015awiat\u0142o i d\u017awi\u0119k Nr kat.: 81401 Tor w kszta\u0142cie symbolu niesko\u0144czono\u015bci zapewni zabaw\u0119<\/p>\n","protected":false},"featured_media":2808,"comment_status":"open","ping_status":"closed","template":"","meta":[],"product_brand":[],"product_cat":[19,1225,21],"product_tag":[],"class_list":{"0":"post-2767","1":"product","2":"type-product","3":"status-publish","4":"has-post-thumbnail","6":"product_cat-dla-chlopca","7":"product_cat-garaze-i-parkingi","8":"product_cat-pojazdy-2","10":"first","11":"instock","12":"shipping-taxable","13":"purchasable","14":"product-type-simple"},"_links":{"self":[{"href":"https:\/\/czas.m2web.pl\/index.php?rest_route=\/wp\/v2\/product\/2767","targetHints":{"allow":["GET"]}}],"collection":[{"href":"https:\/\/czas.m2web.pl\/index.php?rest_route=\/wp\/v2\/product"}],"about":[{"href":"https:\/\/czas.m2web.pl\/index.php?rest_route=\/wp\/v2\/types\/product"}],"replies":[{"embeddable":true,"href":"https:\/\/czas.m2web.pl\/index.php?rest_route=%2Fwp%2Fv2%2Fcomments&post=2767"}],"version-history":[{"count":0,"href":"https:\/\/czas.m2web.pl\/index.php?rest_route=\/wp\/v2\/product\/2767\/revisions"}],"wp:featuredmedia":[{"embeddable":true,"href":"https:\/\/czas.m2web.pl\/index.php?rest_route=\/wp\/v2\/media\/2808"}],"wp:attachment":[{"href":"https:\/\/czas.m2web.pl\/index.php?rest_route=%2Fwp%2Fv2%2Fmedia&parent=2767"}],"wp:term":[{"taxonomy":"product_brand","embeddable":true,"href":"https:\/\/czas.m2web.pl\/index.php?rest_route=%2Fwp%2Fv2%2Fproduct_brand&post=2767"},{"taxonomy":"product_cat","embeddable":true,"href":"https:\/\/czas.m2web.pl\/index.php?rest_route=%2Fwp%2Fv2%2Fproduct_cat&post=2767"},{"taxonomy":"product_tag","embeddable":true,"href":"https:\/\/czas.m2web.pl\/index.php?rest_route=%2Fwp%2Fv2%2Fproduct_tag&post=2767"}],"curies":[{"name":"wp","href":"https:\/\/api.w.org\/{rel}","templated":true}]}}