{"id":2773,"date":"2026-01-04T22:56:52","date_gmt":"2026-01-04T21:56:52","guid":{"rendered":"https:\/\/czas.m2web.pl\/?post_type=product&#038;p=2773"},"modified":"2026-01-04T22:57:05","modified_gmt":"2026-01-04T21:57:05","slug":"giga-blok-5w1-kolorowanka-3-bajki-kredki-farby","status":"publish","type":"product","link":"https:\/\/czas.m2web.pl\/?product=giga-blok-5w1-kolorowanka-3-bajki-kredki-farby","title":{"rendered":"Giga Blok 5w1 Kolorowanka 3 Bajki, kredki, farby"},"content":{"rendered":"<section class=\"section\">\n<div class=\"item item-6\">\n<section class=\"image-item\"><img decoding=\"async\" src=\"https:\/\/upload.cdn.baselinker.com\/products\/3029707\/3ede9185ebf1b0155fcd239605fd80f2.jpg\"><\/section>\n<\/p><\/div>\n<div class=\"item item-6\">\n<section class=\"text-item\">\n<h1>Giga Blok Kolorowanka &#8211; 3 Bajki: Pinokio, Czerwony Kapturek i Trzy \u015awinki<\/h1>\n<p>AS 62725<\/p>\n<p>Giga blok z du\u017cymi kolorowankami i akcesoriami do rysowania dla najm\u0142odszych.<\/p>\n<p>Obrazki do kolorowania s\u0105 du\u017ce i wyra\u017ane.<\/p>\n<p>W zestawie: 30 kartek z obrazkami do kolorowania, 6 kredek o\u0142\u00f3wkowych, 5 farbek akwarelowych z p\u0119dzelkiem, 8 kredek \u015bwiecowych, arkusz kolorowych naklejek oraz kilka czystych kartek do samodzielnego tworzenia.<\/p>\n<ul>\n<li>Wymiary bloku: 43,5 x 41,5 cm.<\/li>\n<li>Wymiary kartek do kolorowania: 35,5 x 41,5 cm.<\/li>\n<li>Wiek: 3+.<\/li>\n<\/ul>\n<\/section><\/div>\n<\/section>\n<section class=\"section\">\n<div class=\"item item-12\">\n<section class=\"image-item\"><img decoding=\"async\" src=\"https:\/\/upload.cdn.baselinker.com\/products\/3029707\/3ede9185ebf1b0155fcd239605fd80f2.jpg\"><\/section>\n<\/p><\/div>\n<\/section>\n<section class=\"section\">\n<div class=\"item item-12\">\n<section class=\"image-item\"><img decoding=\"async\" src=\"https:\/\/upload.cdn.baselinker.com\/products\/3029707\/74fb135c7b42ebce682fb0b47f99b2f0.jpg\"><\/section>\n<\/p><\/div>\n<\/section>\n<section class=\"section\">\n<div class=\"item item-12\">\n<section class=\"image-item\"><img decoding=\"async\" src=\"https:\/\/upload.cdn.baselinker.com\/products\/3029707\/1590a42d65b0a33527f8e591c9bf5e4b.jpg\"><\/section>\n<\/p><\/div>\n<\/section>\n<p><strong>Dodatkowe informacje:<\/strong><\/p>\n","protected":false},"excerpt":{"rendered":"<p>Giga Blok Kolorowanka &#8211; 3 Bajki: Pinokio, Czerwony Kapturek i Trzy \u015awinki AS 62725 Giga blok z du\u017cymi kolorowankami i<\/p>\n","protected":false},"featured_media":2828,"comment_status":"open","ping_status":"closed","template":"","meta":[],"product_brand":[],"product_cat":[16],"product_tag":[],"class_list":{"0":"post-2773","1":"product","2":"type-product","3":"status-publish","4":"has-post-thumbnail","6":"product_cat-import","8":"first","9":"instock","10":"shipping-taxable","11":"purchasable","12":"product-type-simple"},"_links":{"self":[{"href":"https:\/\/czas.m2web.pl\/index.php?rest_route=\/wp\/v2\/product\/2773","targetHints":{"allow":["GET"]}}],"collection":[{"href":"https:\/\/czas.m2web.pl\/index.php?rest_route=\/wp\/v2\/product"}],"about":[{"href":"https:\/\/czas.m2web.pl\/index.php?rest_route=\/wp\/v2\/types\/product"}],"replies":[{"embeddable":true,"href":"https:\/\/czas.m2web.pl\/index.php?rest_route=%2Fwp%2Fv2%2Fcomments&post=2773"}],"version-history":[{"count":0,"href":"https:\/\/czas.m2web.pl\/index.php?rest_route=\/wp\/v2\/product\/2773\/revisions"}],"wp:featuredmedia":[{"embeddable":true,"href":"https:\/\/czas.m2web.pl\/index.php?rest_route=\/wp\/v2\/media\/2828"}],"wp:attachment":[{"href":"https:\/\/czas.m2web.pl\/index.php?rest_route=%2Fwp%2Fv2%2Fmedia&parent=2773"}],"wp:term":[{"taxonomy":"product_brand","embeddable":true,"href":"https:\/\/czas.m2web.pl\/index.php?rest_route=%2Fwp%2Fv2%2Fproduct_brand&post=2773"},{"taxonomy":"product_cat","embeddable":true,"href":"https:\/\/czas.m2web.pl\/index.php?rest_route=%2Fwp%2Fv2%2Fproduct_cat&post=2773"},{"taxonomy":"product_tag","embeddable":true,"href":"https:\/\/czas.m2web.pl\/index.php?rest_route=%2Fwp%2Fv2%2Fproduct_tag&post=2773"}],"curies":[{"name":"wp","href":"https:\/\/api.w.org\/{rel}","templated":true}]}}