{"id":2779,"date":"2026-01-04T22:56:52","date_gmt":"2026-01-04T21:56:52","guid":{"rendered":"https:\/\/czas.m2web.pl\/?post_type=product&#038;p=2779"},"modified":"2026-01-04T22:57:14","modified_gmt":"2026-01-04T21:57:14","slug":"bburago-formula-1-ze-swiatlami-i-dzwiekiem-89021r","status":"publish","type":"product","link":"https:\/\/czas.m2web.pl\/?product=bburago-formula-1-ze-swiatlami-i-dzwiekiem-89021r","title":{"rendered":"BBURAGO Formu\u0142a 1 ze \u015bwiat\u0142ami i d\u017awi\u0119kiem 89021R"},"content":{"rendered":"<section class=\"section\">\n<div class=\"item item-6\">\n<section class=\"image-item\"><img decoding=\"async\" src=\"https:\/\/upload.cdn.baselinker.com\/products\/3029707\/c3c76223566a91ec5cd5aeeaede99631.jpg\"><\/section>\n<\/p><\/div>\n<div class=\"item item-6\">\n<section class=\"text-item\">\n<h1>BBURAGO JUNIOR Bolid Formu\u0142y 1 ze \u015bwiat\u0142ami i d\u017awi\u0119kiem<\/h1>\n<p>Nr kat.: 89021<\/p>\n<p>Kolor: czerwony<\/p>\n<p><b>Autko z serii Bburago Junior ze \u015bwiat\u0142ami i<\/b> <b>efektami d\u017awi\u0119kowymi.<\/b><\/p>\n<p><b>Po naci\u015bni\u0119ciu przycisku na g\u00f3rze zabawki zapalaj\u0105 si\u0119 \u015bwiat\u0142a i s\u0142ycha\u0107 d\u017awi\u0119ki poruszaj\u0105cego si\u0119 pojazdu.<\/b><\/p>\n<p><b>Pojazd wykonany z wytrzyma\u0142ego, p\u00f3\u0142przezroczystego plastiku.<\/b><\/p>\n<p>Wymiary pojazdu: 21 x 11 x 9,5 cm.<\/p>\n<p>Wymiary opakowania: 23 x 16,5 x 15 cm.<\/p>\n<p>Wymagane baterie: 2 x 1,5V AA &#8211; w komplecie.<\/p>\n<p>Wiek: 12M+.<\/p>\n<\/section><\/div>\n<\/section>\n<section class=\"section\">\n<div class=\"item item-12\">\n<section class=\"image-item\"><img decoding=\"async\" src=\"https:\/\/upload.cdn.baselinker.com\/products\/3029707\/c3c76223566a91ec5cd5aeeaede99631.jpg\"><\/section>\n<\/p><\/div>\n<\/section>\n<section class=\"section\">\n<div class=\"item item-12\">\n<section class=\"image-item\"><img decoding=\"async\" src=\"https:\/\/upload.cdn.baselinker.com\/products\/3029707\/9cf3cfa3e03b676db8a636229a0d0b20.jpg\"><\/section>\n<\/p><\/div>\n<\/section>\n<section class=\"section\">\n<div class=\"item item-12\">\n<section class=\"image-item\"><img decoding=\"async\" src=\"https:\/\/upload.cdn.baselinker.com\/products\/3029707\/096643c1eca3cf73c98a3cc7c8029150.jpg\"><\/section>\n<\/p><\/div>\n<\/section>\n<section class=\"section\">\n<div class=\"item item-12\">\n<section class=\"image-item\"><img decoding=\"async\" src=\"https:\/\/upload.cdn.baselinker.com\/products\/3029707\/4bb80160fa1930b8c7d21ed90b18ba0e.jpg\"><\/section>\n<\/p><\/div>\n<\/section>\n<section class=\"section\">\n<div class=\"item item-12\">\n<section class=\"image-item\"><img decoding=\"async\" src=\"https:\/\/upload.cdn.baselinker.com\/products\/3029707\/5dc8fa674dd4edb92dae5fada31d4c60.jpg\"><\/section>\n<\/p><\/div>\n<\/section>\n<p><strong>Dodatkowe informacje:<\/strong><\/p>\n<ul>\n<li><strong>Producent: <\/strong>May Cheong Group Limited Unit 901-2, 9\/F, East Ocean Centre,  98 Granville Road, Tsimshatsui East, Kowloon, Hong Kong info@maycheonggroup.com.hk<\/li>\n<li><strong>Podmiot odpowiedzialny za wprowadzenie produktu na rynek europejski:<\/strong>\u00a0Firma Handlowa PULIO Krzysztof Gebel ul. Kolejowa 3 55-040 Bielany Wroc\u0142awskie  tel. +48 71 352 07 80  biuro@pulio.pl  www.pulio.pl<\/li>\n<li><strong>Ostrze\u017cenia na opakowaniu: <\/strong>\u2022 Samoch\u00f3d: 2 baterie 1,5 V \u201eAA\u201d LR6\/R6 (w zestawie)  \u2022 Baterie s\u0105 dostarczone wy\u0142\u0105cznie do cel\u00f3w demonstracyjnych, a nie do d\u0142ugotrwa\u0142ego u\u017cytku. \u2022 Zalecamy u\u017cywanie baterii alkalicznych. \u2022 Zalecanie akumulatork\u00f3w (\u0142adowalnych baterii) nie jest zalecane. \u2022 Nie nale\u017cy miesza\u0107 starych baterii z nowymi. \u2022 Nie nale\u017cy miesza\u0107 baterii alkalicznych ze zwyk\u0142ymi (w\u0119glowo-cynkowymi) lub akumulatorkami. \u2022 Nale\u017cy zwr\u00f3ci\u0107 uwag\u0119 na prawid\u0142owa polaryzacje baterii. \u2022 Nie wolno zwiera\u0107 styk\u00f3w zasilania.<\/li>\n<li><strong>Instrukcja obs\u0142ugi jest:<\/strong> OSTRZE\u017bENIE! Wszystkie elementy opakowania, takie jak ta\u015bma, plastikowe elementy, druty i elementy mocuj\u0105ce nie s\u0105 cz\u0119\u015bciami tej zabawki i ze wzgl\u0119du na bezpiecze\u0144stwo dziecka powinny by\u0107 usuni\u0119te. Czy\u015bci\u0107 tylko zewn\u0119trzn\u0105 powierzchni\u0119 zabawki. Czy\u015bci\u0107 wilgotn\u0105 szmatk\u0105. Ten produkt powinien by\u0107 u\u017cywany wy\u0142\u0105cznie pod nadzorem doros\u0142ej osoby. Nale\u017cy zachowa\u0107 t\u0119 instrukcj\u0119 u\u017cytkownika do wykorzystania w przysz\u0142o\u015bci. Zawiera ona istotne informacje. Zastrzegamy sobie prawo do modyfikacji\/modernizacji specyfikacji produktu bez powiadomienia. Obs\u0142uga baterii 1. Rekomendowane alkaliczne baterie. 2. Nale\u017cy u\u017cywa\u0107 baterii zaleconego typu lub r\u00f3wnowa\u017cnych. 3. Nie nale\u017cy miesza\u0107 ze sob\u0105 r\u00f3\u017cnych typ\u00f3w baterii lub nowych i u\u017cywanych. 4. Nie nale\u017cy miesza\u0107 starych i nowych baterii. 5. Baterie nieprzewidziane do \u0142adowania nie mog\u0105 by\u0107 \u0142adowane. 6. Wymiana oraz \u0142adowanie baterii musi by\u0107 dokonywana przez osoby doros\u0142e. 7. Baterie przewidziane do \u0142adowania nale\u017cy przed \u0142adowaniem wyj\u0105\u0107 z zabawki. 8. Umie\u015b\u0107 baterie zgodnie z polaryzacj\u0105 (+\/-) umieszczon\u0105 na pojemniku baterii. 9. Wyj\u0105\u0107 bateri\u0119 w przypadku nieu\u017cywania zabawki przez d\u0142ugi czas. 10.Wyczerpane baterie nale\u017cy wyj\u0105\u0107 z zabawki i wyrzuci\u0107 do specjalnych pojemnik\u00f3w. 11.Nie wolno zwiera\u0107 zacisk\u00f3w zasilania. 12.Nie wrzuca\u0107 baterii do ognia, mo\u017ce to spowodowa\u0107 ich wybuch lub wyciek powoduj\u0105ce urazy lub uszkodzenia. 13.Wymiana baterii musi by\u0107 dokonywana wy\u0142\u0105cznie przez osoby doros\u0142e.<\/li>\n<li><strong>Kraj pochodzenia:<\/strong> CHINY<\/li>\n<\/ul>\n","protected":false},"excerpt":{"rendered":"<p>BBURAGO JUNIOR Bolid Formu\u0142y 1 ze \u015bwiat\u0142ami i d\u017awi\u0119kiem Nr kat.: 89021 Kolor: czerwony Autko z serii Bburago Junior ze<\/p>\n","protected":false},"featured_media":2868,"comment_status":"open","ping_status":"closed","template":"","meta":[],"product_brand":[],"product_cat":[19,17,20],"product_tag":[],"class_list":{"0":"post-2779","1":"product","2":"type-product","3":"status-publish","4":"has-post-thumbnail","6":"product_cat-dla-chlopca","7":"product_cat-dla-najmlodszych","8":"product_cat-pojazdy","10":"first","11":"instock","12":"shipping-taxable","13":"purchasable","14":"product-type-simple"},"_links":{"self":[{"href":"https:\/\/czas.m2web.pl\/index.php?rest_route=\/wp\/v2\/product\/2779","targetHints":{"allow":["GET"]}}],"collection":[{"href":"https:\/\/czas.m2web.pl\/index.php?rest_route=\/wp\/v2\/product"}],"about":[{"href":"https:\/\/czas.m2web.pl\/index.php?rest_route=\/wp\/v2\/types\/product"}],"replies":[{"embeddable":true,"href":"https:\/\/czas.m2web.pl\/index.php?rest_route=%2Fwp%2Fv2%2Fcomments&post=2779"}],"version-history":[{"count":0,"href":"https:\/\/czas.m2web.pl\/index.php?rest_route=\/wp\/v2\/product\/2779\/revisions"}],"wp:featuredmedia":[{"embeddable":true,"href":"https:\/\/czas.m2web.pl\/index.php?rest_route=\/wp\/v2\/media\/2868"}],"wp:attachment":[{"href":"https:\/\/czas.m2web.pl\/index.php?rest_route=%2Fwp%2Fv2%2Fmedia&parent=2779"}],"wp:term":[{"taxonomy":"product_brand","embeddable":true,"href":"https:\/\/czas.m2web.pl\/index.php?rest_route=%2Fwp%2Fv2%2Fproduct_brand&post=2779"},{"taxonomy":"product_cat","embeddable":true,"href":"https:\/\/czas.m2web.pl\/index.php?rest_route=%2Fwp%2Fv2%2Fproduct_cat&post=2779"},{"taxonomy":"product_tag","embeddable":true,"href":"https:\/\/czas.m2web.pl\/index.php?rest_route=%2Fwp%2Fv2%2Fproduct_tag&post=2779"}],"curies":[{"name":"wp","href":"https:\/\/api.w.org\/{rel}","templated":true}]}}