{"id":2785,"date":"2026-01-04T22:56:52","date_gmt":"2026-01-04T21:56:52","guid":{"rendered":"https:\/\/czas.m2web.pl\/?post_type=product&#038;p=2785"},"modified":"2026-01-04T22:57:23","modified_gmt":"2026-01-04T21:57:23","slug":"naboje-do-strzelby-dubeltowki-zapas-gonher-4117-0","status":"publish","type":"product","link":"https:\/\/czas.m2web.pl\/?product=naboje-do-strzelby-dubeltowki-zapas-gonher-4117-0","title":{"rendered":"Naboje do strzelby dubelt\u00f3wki zapas Gonher 4117\/0"},"content":{"rendered":"<section class=\"section\">\n<div class=\"item item-6\">\n<section class=\"image-item\"><img decoding=\"async\" src=\"https:\/\/upload.cdn.baselinker.com\/products\/3029707\/9647293a8a5fac619514e74f899b7316.jpg\"><\/section>\n<\/p><\/div>\n<div class=\"item item-6\">\n<section class=\"text-item\">\n<h1>GONHER Naboje do dubelt\u00f3wki<\/h1>\n<p>Nr kat.: 4117\/0<\/p>\n<p>Zestaw zapasowych naboi\/\u0142usek do broni my\u015bliwskiej (dubelt\u00f3wki).<\/p>\n<p>W zestawie 6 szt.<\/p>\n<p>Pasuje do modeli strzelb: 111\/0, 117\/0, 617\/0.<\/p>\n<p>Wiek: 3+.<\/p>\n<\/section><\/div>\n<\/section>\n<p><strong>Dodatkowe informacje:<\/strong><\/p>\n<ul>\n<li><strong>Producent: <\/strong>GONHER, S.A. C\/ CASTALLA 44 03440- IBI SPAIN Email: vteanguiz@gonher.es<\/li>\n<li><strong>Podmiot odpowiedzialny za wprowadzenie produktu na rynek europejski:<\/strong>\u00a0GONHER, S.A. C\/ CASTALLA 44 03440- IBI SPAIN Email: vteanguiz@gonher.es<\/li>\n<li><strong>Ostrze\u017cenia na opakowaniu: <\/strong>Ostrze\u017cenia: Nieodpowiednie dla dzieci poni\u017cej 3 roku \u017cycia. Niebezpiecze\u0144stwo zad\u0142awienia drobnymi elementami. Do u\u017cytku pod bezpo\u015brednim nadzorem osoby doros\u0142ej. Nie u\u017cywa\u0107 w pobli\u017cu uszu. Niew\u0142a\u015bciwe u\u017cycie mo\u017ce spowodowa\u0107 uszkodzenie s\u0142uchu. Nie strzela\u0107 w domu! Nale\u017cy u\u017cywa\u0107 kapiszon\u00f3w tylko zgodnie z zaleceniem producenta. Ten model spe\u0142nia obowi\u0105zuj\u0105ce przepisy bezpiecze\u0144stwa. Aby poziom ha\u0142asu by\u0142 zgodny z norm\u0105 UNE-EN 71-1. Nale\u017cy u\u017cywa\u0107 kapiszon\u00f3w \u2018EDISON SUPER DISC\u2019 125Db DO 12 strza\u0142\u00f3w \u2018WICKE EURO CAPS\u2019 do 1, 8 i 100 strza\u0142\u00f3w. Jakikolwiek inny rodzaj kapiszona mo\u017ce by\u0107 \u017ar\u00f3d\u0142em wi\u0119kszego ha\u0142asu. GONHER S.A. nie bierze odpowiedzialno\u015bci za post\u0119powanie u\u017cytkownik\u00f3w, ani te\u017c za konsekwencje z niego wynikaj\u0105ce. Zachowa\u0107 adres. Wyprodukowano w Hiszpanii.<\/li>\n<li><strong>Instrukcja obs\u0142ugi jest:<\/strong> NIE<\/li>\n<li><strong>Kraj pochodzenia:<\/strong> HISZPANIA<\/li>\n<\/ul>\n","protected":false},"excerpt":{"rendered":"<p>GONHER Naboje do dubelt\u00f3wki Nr kat.: 4117\/0 Zestaw zapasowych naboi\/\u0142usek do broni my\u015bliwskiej (dubelt\u00f3wki). W zestawie 6 szt. Pasuje do<\/p>\n","protected":false},"featured_media":2895,"comment_status":"open","ping_status":"closed","template":"","meta":[],"product_brand":[],"product_cat":[19,120],"product_tag":[],"class_list":{"0":"post-2785","1":"product","2":"type-product","3":"status-publish","4":"has-post-thumbnail","6":"product_cat-dla-chlopca","7":"product_cat-pistolety-i-karabiny","9":"first","10":"instock","11":"shipping-taxable","12":"purchasable","13":"product-type-simple"},"_links":{"self":[{"href":"https:\/\/czas.m2web.pl\/index.php?rest_route=\/wp\/v2\/product\/2785","targetHints":{"allow":["GET"]}}],"collection":[{"href":"https:\/\/czas.m2web.pl\/index.php?rest_route=\/wp\/v2\/product"}],"about":[{"href":"https:\/\/czas.m2web.pl\/index.php?rest_route=\/wp\/v2\/types\/product"}],"replies":[{"embeddable":true,"href":"https:\/\/czas.m2web.pl\/index.php?rest_route=%2Fwp%2Fv2%2Fcomments&post=2785"}],"version-history":[{"count":0,"href":"https:\/\/czas.m2web.pl\/index.php?rest_route=\/wp\/v2\/product\/2785\/revisions"}],"wp:featuredmedia":[{"embeddable":true,"href":"https:\/\/czas.m2web.pl\/index.php?rest_route=\/wp\/v2\/media\/2895"}],"wp:attachment":[{"href":"https:\/\/czas.m2web.pl\/index.php?rest_route=%2Fwp%2Fv2%2Fmedia&parent=2785"}],"wp:term":[{"taxonomy":"product_brand","embeddable":true,"href":"https:\/\/czas.m2web.pl\/index.php?rest_route=%2Fwp%2Fv2%2Fproduct_brand&post=2785"},{"taxonomy":"product_cat","embeddable":true,"href":"https:\/\/czas.m2web.pl\/index.php?rest_route=%2Fwp%2Fv2%2Fproduct_cat&post=2785"},{"taxonomy":"product_tag","embeddable":true,"href":"https:\/\/czas.m2web.pl\/index.php?rest_route=%2Fwp%2Fv2%2Fproduct_tag&post=2785"}],"curies":[{"name":"wp","href":"https:\/\/api.w.org\/{rel}","templated":true}]}}