{"id":2859,"date":"2026-01-04T22:57:13","date_gmt":"2026-01-04T21:57:13","guid":{"rendered":"https:\/\/czas.m2web.pl\/?post_type=product&#038;p=2859"},"modified":"2026-01-04T22:57:38","modified_gmt":"2026-01-04T21:57:38","slug":"maisto-motocykl-zuzlowy-speedway-1-18-39300","status":"publish","type":"product","link":"https:\/\/czas.m2web.pl\/?product=maisto-motocykl-zuzlowy-speedway-1-18-39300","title":{"rendered":"MAISTO Motocykl \u017cu\u017clowy SPEEDWAY 1\/18 39300"},"content":{"rendered":"<section class=\"section\">\n<div class=\"item item-6\">\n<section class=\"image-item\"><img decoding=\"async\" src=\"https:\/\/upload.cdn.baselinker.com\/products\/3029707\/3ddd96c34bd450dd6b0418bde6411f30.jpg\" \/><\/section>\n<\/div>\n<div class=\"item item-6\">\n<section class=\"text-item\">\n<h1>MAISTO Speedway &#8211; Motocykl \u017cu\u017clowy<\/h1>\n<p> Nr kat.: 39300S<\/p>\n<p> Skala: 1\/18<\/p>\n<p> Kolor: niebieski<\/p>\n<p> <b>Materia\u0142: metal\/plastik\/guma<\/b><\/p>\n<p> Wysokiej jako\u015bci model motocykla marki MaiSto.<\/p>\n<p> Charakteryzuje si\u0119 du\u017c\u0105 dba\u0142o\u015bci\u0105 o szczeg\u00f3\u0142y oraz ruchomym zawieszeniem.<\/p>\n<p> Model jest wiernym odwzorowaniem w skali prawdziwego motocykla.<\/p>\n<p> <b>W komplecie podstawka ekspozycyjna.<\/b><\/p>\n<p> <b>Model mo\u017ce sta\u0107 tak\u017ce bez podstawki (posiada wysuwan\u0105 n\u00f3\u017ck\u0119).<\/b><\/p>\n<p> Wymiary opakowania: 15,8 x 10,5 x 7 cm.<\/p>\n<p> Wiek: 3+.<\/p>\n<\/section>\n<\/div>\n<\/section>\n<section class=\"section\">\n<div class=\"item item-12\">\n<section class=\"image-item\"><img decoding=\"async\" src=\"https:\/\/upload.cdn.baselinker.com\/products\/3029707\/3ddd96c34bd450dd6b0418bde6411f30.jpg\" \/><\/section>\n<\/div>\n<\/section>\n<p><strong>Dodatkowe informacje:<\/strong><\/p>\n<ul>\n<li><strong>Producent: <\/strong>May Cheong Group Limited Unit 901-2, 9\/F, East Ocean Centre,  98 Granville Road, Tsimshatsui East, Kowloon, Hong Kong info@maycheonggroup.com.hk<\/li>\n<li><strong>Podmiot odpowiedzialny za wprowadzenie produktu na rynek europejski:<\/strong>\u00a0Firma Handlowa PULIO Krzysztof Gebel ul. Kolejowa 3 55-040 Bielany Wroc\u0142awskie  tel. +48 71 352 07 80  biuro@pulio.pl  www.pulio.pl<\/li>\n<li><strong>Ostrze\u017cenia na opakowaniu: <\/strong>Ostrze\u017cenia: Uwaga! Nieodpowiednie dla dzieci w wieku poni\u017cej 3 lat. Niebezpiecze\u0144stwo zad\u0142awienia drobnymi elementami. Prosimy zachowa\u0107 opakowanie wraz z ostrze\u017ceniami i pozosta\u0142ymi informacjami do p\u00f3\u017aniejszej korespondencji. Przed przekazaniem dziecku nale\u017cy usun\u0105\u0107 wszystkie elementy opakowania. Opakowanie nie stanowi cz\u0119\u015bci zabawki. Producent zastrzega sobie prawo do zmian technicznych i kolorystyki bez uprzedzenia. Kolory i zawarto\u015b\u0107 mog\u0105 r\u00f3\u017cni\u0107 si\u0119 od ilustracji na opakowaniu. Wyprodukowano w Chinach.<\/li>\n<li><strong>Instrukcja obs\u0142ugi jest:<\/strong> NIE<\/li>\n<li><strong>Kraj pochodzenia:<\/strong> CHINY<\/li>\n<\/ul>\n","protected":false},"excerpt":{"rendered":"<p>MAISTO Speedway &#8211; Motocykl \u017cu\u017clowy Nr kat.: 39300S Skala: 1\/18 Kolor: niebieski Materia\u0142: metal\/plastik\/guma Wysokiej jako\u015bci model motocykla marki MaiSto.<\/p>\n","protected":false},"featured_media":2957,"comment_status":"open","ping_status":"closed","template":"","meta":[],"product_brand":[],"product_cat":[19,826,124,20],"product_tag":[],"class_list":{"0":"post-2859","1":"product","2":"type-product","3":"status-publish","4":"has-post-thumbnail","6":"product_cat-dla-chlopca","7":"product_cat-modele-118-motocykle","8":"product_cat-motocykle","9":"product_cat-pojazdy","11":"first","12":"instock","13":"shipping-taxable","14":"purchasable","15":"product-type-simple"},"_links":{"self":[{"href":"https:\/\/czas.m2web.pl\/index.php?rest_route=\/wp\/v2\/product\/2859","targetHints":{"allow":["GET"]}}],"collection":[{"href":"https:\/\/czas.m2web.pl\/index.php?rest_route=\/wp\/v2\/product"}],"about":[{"href":"https:\/\/czas.m2web.pl\/index.php?rest_route=\/wp\/v2\/types\/product"}],"replies":[{"embeddable":true,"href":"https:\/\/czas.m2web.pl\/index.php?rest_route=%2Fwp%2Fv2%2Fcomments&post=2859"}],"version-history":[{"count":0,"href":"https:\/\/czas.m2web.pl\/index.php?rest_route=\/wp\/v2\/product\/2859\/revisions"}],"wp:featuredmedia":[{"embeddable":true,"href":"https:\/\/czas.m2web.pl\/index.php?rest_route=\/wp\/v2\/media\/2957"}],"wp:attachment":[{"href":"https:\/\/czas.m2web.pl\/index.php?rest_route=%2Fwp%2Fv2%2Fmedia&parent=2859"}],"wp:term":[{"taxonomy":"product_brand","embeddable":true,"href":"https:\/\/czas.m2web.pl\/index.php?rest_route=%2Fwp%2Fv2%2Fproduct_brand&post=2859"},{"taxonomy":"product_cat","embeddable":true,"href":"https:\/\/czas.m2web.pl\/index.php?rest_route=%2Fwp%2Fv2%2Fproduct_cat&post=2859"},{"taxonomy":"product_tag","embeddable":true,"href":"https:\/\/czas.m2web.pl\/index.php?rest_route=%2Fwp%2Fv2%2Fproduct_tag&post=2859"}],"curies":[{"name":"wp","href":"https:\/\/api.w.org\/{rel}","templated":true}]}}