{"id":2862,"date":"2026-01-04T22:57:13","date_gmt":"2026-01-04T21:57:13","guid":{"rendered":"https:\/\/czas.m2web.pl\/?post_type=product&#038;p=2862"},"modified":"2026-01-04T22:57:40","modified_gmt":"2026-01-04T21:57:40","slug":"naboje-kapiszony-x8-osemki-96-szt-15596-08n","status":"publish","type":"product","link":"https:\/\/czas.m2web.pl\/?product=naboje-kapiszony-x8-osemki-96-szt-15596-08n","title":{"rendered":"Naboje, kapiszony x8 (\u00f3semki) 96 szt. 15596\/08N"},"content":{"rendered":"<section class=\"section\">\n<div class=\"item item-6\">\n<section class=\"image-item\">                      <\/section>\n<\/p><\/div>\n<div class=\"item item-6\">\n<section class=\"text-item\">\n<h1>Zestaw naboi (kapiszon\u00f3w) do rewolwer\u00f3w i pistolet\u00f3w na 8 kapiszon\u00f3w<\/h1>\n<p>Nr kat.: 15596\/08N<\/p>\n<p><b>Zestaw 96 kapiszon\u00f3w dedykowanych do rewolwer\u00f3w i pistolet\u00f3w na 8 kapiszon\u00f3w.<\/b><\/p>\n<p>Wyprodukowane w Niemczech.<\/p>\n<p>Certyfikat bezpiecze\u0144stwa CE.<\/p>\n<p>Wiek: 3+.<\/p>\n<p><b>UWAGA &#8211; Strza\u0142 kapiszon\u00f3w nie jest zbyt g\u0142o\u015bny, przez co bezpieczny dla dziecka, G\u0142o\u015bno\u015b\u0107 kapiszon\u00f3w ograniczona przez regulacje Unii Europejskiej.<\/b><\/p>\n<\/section><\/div>\n<\/section>\n<p><strong>Dodatkowe informacje:<\/strong><\/p>\n<ul>\n<li><strong>Producent: <\/strong>SOHNI-WICKE AMORCES-UND SPIELWARENFABRIK Zweigniederlassung der Heinrich Bauer GmbH&#038;Co KG Ruhrallee 11 \u2013 DE-45525 Hattingen Germany Tel. +49 (0) 2324-922-0<\/li>\n<li><strong>Podmiot odpowiedzialny za wprowadzenie produktu na rynek europejski:<\/strong>\u00a0SOHNI-WICKE AMORCES-UND SPIELWARENFABRIK Zweigniederlassung der Heinrich Bauer GmbH&#038;Co KG Ruhrallee 11 \u2013 DE-45525 Hattingen Germany Tel. +49 (0) 2324-922-0<\/li>\n<li><strong>Ostrze\u017cenia na opakowaniu: <\/strong>Ostrze\u017cenia: Tylko do u\u017cytku w zabawkach. Nieodpowiednie dla dzieci poni\u017cej 3 roku \u017cycia. Niebezpiecze\u0144stwo zad\u0142awienia drobnymi elementami. Nie strzela\u0107 w pomieszczeniach zamkni\u0119tych. Sprzedawa\u0107 tylko w opakowaniu. Nie u\u017cywa\u0107 w pobli\u017cu oczu i uszu. Nie trzyma\u0107 kapiszon\u00f3w luzem w kieszeni. Zachowa\u0107 adres. Wyprodukowano w Niemczech.<\/li>\n<li><strong>Instrukcja obs\u0142ugi jest:<\/strong> NIE<\/li>\n<li><strong>Kraj pochodzenia:<\/strong> NIEMCY<\/li>\n<\/ul>\n","protected":false},"excerpt":{"rendered":"<p>Zestaw naboi (kapiszon\u00f3w) do rewolwer\u00f3w i pistolet\u00f3w na 8 kapiszon\u00f3w Nr kat.: 15596\/08N Zestaw 96 kapiszon\u00f3w dedykowanych do rewolwer\u00f3w i<\/p>\n","protected":false},"featured_media":2962,"comment_status":"open","ping_status":"closed","template":"","meta":[],"product_brand":[],"product_cat":[16],"product_tag":[],"class_list":{"0":"post-2862","1":"product","2":"type-product","3":"status-publish","4":"has-post-thumbnail","6":"product_cat-import","8":"first","9":"instock","10":"shipping-taxable","11":"purchasable","12":"product-type-simple"},"_links":{"self":[{"href":"https:\/\/czas.m2web.pl\/index.php?rest_route=\/wp\/v2\/product\/2862","targetHints":{"allow":["GET"]}}],"collection":[{"href":"https:\/\/czas.m2web.pl\/index.php?rest_route=\/wp\/v2\/product"}],"about":[{"href":"https:\/\/czas.m2web.pl\/index.php?rest_route=\/wp\/v2\/types\/product"}],"replies":[{"embeddable":true,"href":"https:\/\/czas.m2web.pl\/index.php?rest_route=%2Fwp%2Fv2%2Fcomments&post=2862"}],"version-history":[{"count":0,"href":"https:\/\/czas.m2web.pl\/index.php?rest_route=\/wp\/v2\/product\/2862\/revisions"}],"wp:featuredmedia":[{"embeddable":true,"href":"https:\/\/czas.m2web.pl\/index.php?rest_route=\/wp\/v2\/media\/2962"}],"wp:attachment":[{"href":"https:\/\/czas.m2web.pl\/index.php?rest_route=%2Fwp%2Fv2%2Fmedia&parent=2862"}],"wp:term":[{"taxonomy":"product_brand","embeddable":true,"href":"https:\/\/czas.m2web.pl\/index.php?rest_route=%2Fwp%2Fv2%2Fproduct_brand&post=2862"},{"taxonomy":"product_cat","embeddable":true,"href":"https:\/\/czas.m2web.pl\/index.php?rest_route=%2Fwp%2Fv2%2Fproduct_cat&post=2862"},{"taxonomy":"product_tag","embeddable":true,"href":"https:\/\/czas.m2web.pl\/index.php?rest_route=%2Fwp%2Fv2%2Fproduct_tag&post=2862"}],"curies":[{"name":"wp","href":"https:\/\/api.w.org\/{rel}","templated":true}]}}