{"id":2939,"date":"2026-01-04T22:57:35","date_gmt":"2026-01-04T21:57:35","guid":{"rendered":"https:\/\/czas.m2web.pl\/?post_type=product&#038;p=2939"},"modified":"2026-01-04T22:57:54","modified_gmt":"2026-01-04T21:57:54","slug":"maisto-highway-haulers-woz-lotniskowy-zolty-11021","status":"publish","type":"product","link":"https:\/\/czas.m2web.pl\/?product=maisto-highway-haulers-woz-lotniskowy-zolty-11021","title":{"rendered":"MAISTO Highway Haulers W\u00d3Z LOTNISKOWY \u017b\u00d3\u0141TY 11021"},"content":{"rendered":"<section class=\"section\">\n<div class=\"item item-6\">\n<section class=\"image-item\"><img decoding=\"async\" src=\"https:\/\/upload.cdn.baselinker.com\/products\/3029707\/4f59b34da9ec990e04ada3b22096f234.jpg\"><\/section>\n<\/p><\/div>\n<div class=\"item item-6\">\n<section class=\"text-item\">\n<h1>MAISTO Highway Haulers &#8211; Ci\u0119\u017car\u00f3wka z naczep\u0105 &#8211; w\u00f3z lotniskowy<\/h1>\n<p>Nr kat.: 11021\/77619<\/p>\n<p>Kolor: seledynowy<\/p>\n<p><b>Materia\u0142: metal (ci\u0105gnik)\/plastik (naczepa)<\/b><\/p>\n<p>Model z serii MaiSto Fresh Metal \u2013 Highway Haulers.<\/p>\n<p>Pojazdy z serii Highway Haulers to niesamowite, wiernie odwzorowane ci\u0119\u017car\u00f3wki ze skr\u0119tn\u0105 naczep\u0105.<\/p>\n<p><b>Od\u0142\u0105czana naczepa z wysuwan\u0105 drabin\u0105.<\/b><\/p>\n<p>Doskona\u0142a zabawka dla ka\u017cdego dziecka.<\/p>\n<p>Wiek: 3+.<\/p>\n<p>D\u0142ugo\u015b\u0107 pojazdu: ok. 20 cm.<\/p>\n<p>Wymiary opakowania: szer. 23,7 cm, wys. 7,5 cm, g\u0142. 4,5 cm.<\/p>\n<\/section><\/div>\n<\/section>\n<section class=\"section\">\n<div class=\"item item-12\">\n<section class=\"image-item\"><img decoding=\"async\" src=\"https:\/\/upload.cdn.baselinker.com\/products\/3029707\/4f59b34da9ec990e04ada3b22096f234.jpg\"><\/section>\n<\/p><\/div>\n<\/section>\n<section class=\"section\">\n<div class=\"item item-12\">\n<section class=\"image-item\"><img decoding=\"async\" src=\"https:\/\/upload.cdn.baselinker.com\/products\/3029707\/f770e0cee270f59bcf530e4794d5b1fa.jpg\"><\/section>\n<\/p><\/div>\n<\/section>\n<p><strong>Dodatkowe informacje:<\/strong><\/p>\n<ul>\n<li><strong>Producent: <\/strong>May Cheong Group Limited Unit 901-2, 9\/F, East Ocean Centre,  98 Granville Road, Tsimshatsui East, Kowloon, Hong Kong info@maycheonggroup.com.hk<\/li>\n<li><strong>Podmiot odpowiedzialny za wprowadzenie produktu na rynek europejski:<\/strong>\u00a0Firma Handlowa PULIO Krzysztof Gebel ul. Kolejowa 3 55-040 Bielany Wroc\u0142awskie  tel. +48 71 352 07 80  biuro@pulio.pl  www.pulio.pl<\/li>\n<li><strong>Ostrze\u017cenia na opakowaniu: <\/strong>Ostrze\u017cenia: Uwaga! Nieodpowiednie dla dzieci w wieku poni\u017cej 3 lat. Niebezpiecze\u0144stwo zad\u0142awienia drobnymi elementami. Prosimy zachowa\u0107 opakowanie wraz z ostrze\u017ceniami i pozosta\u0142ymi informacjami do p\u00f3\u017aniejszej korespondencji. Przed przekazaniem dziecku nale\u017cy usun\u0105\u0107 wszystkie elementy opakowania. Opakowanie nie stanowi cz\u0119\u015bci zabawki. Producent zastrzega sobie prawo do zmian technicznych i kolorystyki bez uprzedzenia. Kolory i zawarto\u015b\u0107 mog\u0105 r\u00f3\u017cni\u0107 si\u0119 od ilustracji na opakowaniu. Wyprodukowano w Chinach.<\/li>\n<li><strong>Instrukcja obs\u0142ugi jest:<\/strong> NIE<\/li>\n<li><strong>Kraj pochodzenia:<\/strong> CHINY<\/li>\n<\/ul>\n","protected":false},"excerpt":{"rendered":"<p>MAISTO Highway Haulers &#8211; Ci\u0119\u017car\u00f3wka z naczep\u0105 &#8211; w\u00f3z lotniskowy Nr kat.: 11021\/77619 Kolor: seledynowy Materia\u0142: metal (ci\u0105gnik)\/plastik (naczepa) Model<\/p>\n","protected":false},"featured_media":3000,"comment_status":"open","ping_status":"closed","template":"","meta":[],"product_brand":[],"product_cat":[19,20,23,22],"product_tag":[],"class_list":{"0":"post-2939","1":"product","2":"type-product","3":"status-publish","4":"has-post-thumbnail","6":"product_cat-dla-chlopca","7":"product_cat-pojazdy","8":"product_cat-pozostale-pojazdy","9":"product_cat-samochody","11":"first","12":"instock","13":"shipping-taxable","14":"purchasable","15":"product-type-simple"},"_links":{"self":[{"href":"https:\/\/czas.m2web.pl\/index.php?rest_route=\/wp\/v2\/product\/2939","targetHints":{"allow":["GET"]}}],"collection":[{"href":"https:\/\/czas.m2web.pl\/index.php?rest_route=\/wp\/v2\/product"}],"about":[{"href":"https:\/\/czas.m2web.pl\/index.php?rest_route=\/wp\/v2\/types\/product"}],"replies":[{"embeddable":true,"href":"https:\/\/czas.m2web.pl\/index.php?rest_route=%2Fwp%2Fv2%2Fcomments&post=2939"}],"version-history":[{"count":0,"href":"https:\/\/czas.m2web.pl\/index.php?rest_route=\/wp\/v2\/product\/2939\/revisions"}],"wp:featuredmedia":[{"embeddable":true,"href":"https:\/\/czas.m2web.pl\/index.php?rest_route=\/wp\/v2\/media\/3000"}],"wp:attachment":[{"href":"https:\/\/czas.m2web.pl\/index.php?rest_route=%2Fwp%2Fv2%2Fmedia&parent=2939"}],"wp:term":[{"taxonomy":"product_brand","embeddable":true,"href":"https:\/\/czas.m2web.pl\/index.php?rest_route=%2Fwp%2Fv2%2Fproduct_brand&post=2939"},{"taxonomy":"product_cat","embeddable":true,"href":"https:\/\/czas.m2web.pl\/index.php?rest_route=%2Fwp%2Fv2%2Fproduct_cat&post=2939"},{"taxonomy":"product_tag","embeddable":true,"href":"https:\/\/czas.m2web.pl\/index.php?rest_route=%2Fwp%2Fv2%2Fproduct_tag&post=2939"}],"curies":[{"name":"wp","href":"https:\/\/api.w.org\/{rel}","templated":true}]}}