{"id":2942,"date":"2026-01-04T22:57:35","date_gmt":"2026-01-04T21:57:35","guid":{"rendered":"https:\/\/czas.m2web.pl\/?post_type=product&#038;p=2942"},"modified":"2026-01-04T22:57:56","modified_gmt":"2026-01-04T21:57:56","slug":"maisto-highway-haulers-ciezarowka-czerwona-z-autem-11021","status":"publish","type":"product","link":"https:\/\/czas.m2web.pl\/?product=maisto-highway-haulers-ciezarowka-czerwona-z-autem-11021","title":{"rendered":"MAISTO Highway Haulers CI\u0118\u017bAR\u00d3WKA CZERWONA (Z AUTEM) 11021"},"content":{"rendered":"<section class=\"section\">\n<div class=\"item item-6\">\n<section class=\"image-item\"><img decoding=\"async\" src=\"https:\/\/upload.cdn.baselinker.com\/products\/3029707\/6b98de8c5a91d846fe6be43effba099b.jpg\"><\/section>\n<\/p><\/div>\n<div class=\"item item-6\">\n<section class=\"text-item\">\n<h1>MAISTO Highway Haulers Ci\u0119\u017car\u00f3wka z naczep\u0105 (TIR)<\/h1>\n<p>Nr kat.: 11021\/77621<\/p>\n<p>Kolor: czerwony<\/p>\n<p><b>Materia\u0142: metal (ci\u0105gnik)\/plastik (naczepa)<\/b><\/p>\n<p>Model z serii MaiSto Fresh Metal \u2013 Highway Haulers.<\/p>\n<p>Pojazdy z serii Highway Haulers to niesamowite, wiernie odwzorowane ci\u0119\u017car\u00f3wki ze skr\u0119tn\u0105 naczep\u0105.<\/p>\n<p><b>Od\u0142\u0105czana naczepa z otwieran\u0105 tyln\u0105 klap\u0105, w kt\u00f3rej zmieszcz\u0105 si\u0119 dwa resoraki standardowej wielko\u015bci.<\/b><\/p>\n<p>Doskona\u0142a zabawka dla ka\u017cdego dziecka.<\/p>\n<p>D\u0142ugo\u015b\u0107 pojazdu: ok. 20 cm.<\/p>\n<p>Wymiary opakowania: szer. 23,7 cm, wys. 7,5 cm, g\u0142. 4,5 cm.<\/p>\n<p>Wiek: 3+.<\/p>\n<\/section><\/div>\n<\/section>\n<section class=\"section\">\n<div class=\"item item-12\">\n<section class=\"image-item\"><img decoding=\"async\" src=\"https:\/\/upload.cdn.baselinker.com\/products\/3029707\/6b98de8c5a91d846fe6be43effba099b.jpg\"><\/section>\n<\/p><\/div>\n<\/section>\n<p><strong>Dodatkowe informacje:<\/strong><\/p>\n<ul>\n<li><strong>Producent: <\/strong>May Cheong Group Limited Unit 901-2, 9\/F, East Ocean Centre,  98 Granville Road, Tsimshatsui East, Kowloon, Hong Kong info@maycheonggroup.com.hk<\/li>\n<li><strong>Podmiot odpowiedzialny za wprowadzenie produktu na rynek europejski:<\/strong>\u00a0Firma Handlowa PULIO Krzysztof Gebel ul. Kolejowa 3 55-040 Bielany Wroc\u0142awskie  tel. +48 71 352 07 80  biuro@pulio.pl  www.pulio.pl<\/li>\n<li><strong>Ostrze\u017cenia na opakowaniu: <\/strong>Ostrze\u017cenia: Uwaga! Nieodpowiednie dla dzieci w wieku poni\u017cej 3 lat. Niebezpiecze\u0144stwo zad\u0142awienia drobnymi elementami. Prosimy zachowa\u0107 opakowanie wraz z ostrze\u017ceniami i pozosta\u0142ymi informacjami do p\u00f3\u017aniejszej korespondencji. Przed przekazaniem dziecku nale\u017cy usun\u0105\u0107 wszystkie elementy opakowania. Opakowanie nie stanowi cz\u0119\u015bci zabawki. Producent zastrzega sobie prawo do zmian technicznych i kolorystyki bez uprzedzenia. Kolory i zawarto\u015b\u0107 mog\u0105 r\u00f3\u017cni\u0107 si\u0119 od ilustracji na opakowaniu. Wyprodukowano w Chinach.<\/li>\n<li><strong>Instrukcja obs\u0142ugi jest:<\/strong> NIE<\/li>\n<li><strong>Kraj pochodzenia:<\/strong> CHINY<\/li>\n<\/ul>\n","protected":false},"excerpt":{"rendered":"<p>MAISTO Highway Haulers Ci\u0119\u017car\u00f3wka z naczep\u0105 (TIR) Nr kat.: 11021\/77621 Kolor: czerwony Materia\u0142: metal (ci\u0105gnik)\/plastik (naczepa) Model z serii MaiSto<\/p>\n","protected":false},"featured_media":3031,"comment_status":"open","ping_status":"closed","template":"","meta":[],"product_brand":[],"product_cat":[19,20,23,22],"product_tag":[],"class_list":{"0":"post-2942","1":"product","2":"type-product","3":"status-publish","4":"has-post-thumbnail","6":"product_cat-dla-chlopca","7":"product_cat-pojazdy","8":"product_cat-pozostale-pojazdy","9":"product_cat-samochody","11":"first","12":"instock","13":"shipping-taxable","14":"purchasable","15":"product-type-simple"},"_links":{"self":[{"href":"https:\/\/czas.m2web.pl\/index.php?rest_route=\/wp\/v2\/product\/2942","targetHints":{"allow":["GET"]}}],"collection":[{"href":"https:\/\/czas.m2web.pl\/index.php?rest_route=\/wp\/v2\/product"}],"about":[{"href":"https:\/\/czas.m2web.pl\/index.php?rest_route=\/wp\/v2\/types\/product"}],"replies":[{"embeddable":true,"href":"https:\/\/czas.m2web.pl\/index.php?rest_route=%2Fwp%2Fv2%2Fcomments&post=2942"}],"version-history":[{"count":0,"href":"https:\/\/czas.m2web.pl\/index.php?rest_route=\/wp\/v2\/product\/2942\/revisions"}],"wp:featuredmedia":[{"embeddable":true,"href":"https:\/\/czas.m2web.pl\/index.php?rest_route=\/wp\/v2\/media\/3031"}],"wp:attachment":[{"href":"https:\/\/czas.m2web.pl\/index.php?rest_route=%2Fwp%2Fv2%2Fmedia&parent=2942"}],"wp:term":[{"taxonomy":"product_brand","embeddable":true,"href":"https:\/\/czas.m2web.pl\/index.php?rest_route=%2Fwp%2Fv2%2Fproduct_brand&post=2942"},{"taxonomy":"product_cat","embeddable":true,"href":"https:\/\/czas.m2web.pl\/index.php?rest_route=%2Fwp%2Fv2%2Fproduct_cat&post=2942"},{"taxonomy":"product_tag","embeddable":true,"href":"https:\/\/czas.m2web.pl\/index.php?rest_route=%2Fwp%2Fv2%2Fproduct_tag&post=2942"}],"curies":[{"name":"wp","href":"https:\/\/api.w.org\/{rel}","templated":true}]}}