{"id":3194,"date":"2026-01-04T22:58:36","date_gmt":"2026-01-04T21:58:36","guid":{"rendered":"https:\/\/czas.m2web.pl\/?post_type=product&#038;p=3194"},"modified":"2026-01-04T22:58:59","modified_gmt":"2026-01-04T21:58:59","slug":"bburago-junior-lodz-z-kolem-ratunkowym-89002","status":"publish","type":"product","link":"https:\/\/czas.m2web.pl\/?product=bburago-junior-lodz-z-kolem-ratunkowym-89002","title":{"rendered":"BBURAGO JUNIOR \u0141\u00f3d\u017a z ko\u0142em ratunkowym 89002"},"content":{"rendered":"<section class=\"section\">\n<div class=\"item item-6\">\n<section class=\"image-item\"><img decoding=\"async\" src=\"https:\/\/upload.cdn.baselinker.com\/products\/3029707\/e884f5b8d5ff8f5b137df9a978b63e84.jpg\"><\/section>\n<\/p><\/div>\n<div class=\"item item-6\">\n<section class=\"text-item\">\n<h1>BBURAGO JUNIOR \u0141\u00f3d\u017a z ko\u0142em ratunkowym<\/h1>\n<p>Nr kat.: 89002<\/p>\n<p>Kolor: seledynowo-bia\u0142y<\/p>\n<p><b>Wspania\u0142a \u0142\u00f3dka z ko\u0142em ratunkowym serii<\/b> <b>Splash&amp;Play marki Bburago.<\/b><\/p>\n<p><b>Przekr\u0119\u0107 ko\u0142o ratunkowe na dziobie, a \u015bruba zacznie si\u0119 obraca\u0107 i \u0142\u00f3dka ruszy do przodu!<\/b><\/p>\n<p><b>\u0141\u00f3dka dzi\u0119ki specjalnemu nakr\u0119canemu mechanizmowi, nie wymaga baterii.<\/b><\/p>\n<p>Wymiary \u0142odzi: 16 x 8 x 5,5 cm.<\/p>\n<p>Wymiary opakowania: 17 x 8,5 x 16 cm.<\/p>\n<p>Wiek: 12M+.<\/p>\n<\/section><\/div>\n<\/section>\n<section class=\"section\">\n<div class=\"item item-12\">\n<section class=\"image-item\"><img decoding=\"async\" src=\"https:\/\/upload.cdn.baselinker.com\/products\/3029707\/e884f5b8d5ff8f5b137df9a978b63e84.jpg\"><\/section>\n<\/p><\/div>\n<\/section>\n<section class=\"section\">\n<div class=\"item item-6\">\n<section class=\"image-item\"><img decoding=\"async\" src=\"https:\/\/upload.cdn.baselinker.com\/products\/3029707\/32aafcdd0bceecde37562f516f8ec8ec.jpg\"><\/section>\n<\/p><\/div>\n<div class=\"item item-6\">\n<section class=\"image-item\"><img decoding=\"async\" src=\"https:\/\/upload.cdn.baselinker.com\/products\/3029707\/895a8f9910dd30a763e6d4af3976ab6a.jpg\"><\/section>\n<\/p><\/div>\n<\/section>\n<section class=\"section\">\n<div class=\"item item-12\">\n<section class=\"image-item\"><img decoding=\"async\" src=\"https:\/\/upload.cdn.baselinker.com\/products\/3029707\/701847105e7fb51c9a9c5fa215e1db3d.jpg\"><\/section>\n<\/p><\/div>\n<\/section>\n<section class=\"section\">\n<div class=\"item item-12\">\n<section class=\"image-item\"><img decoding=\"async\" src=\"https:\/\/upload.cdn.baselinker.com\/products\/3029707\/6c9653464112dd6bf4775a91f0383432.jpg\"><\/section>\n<\/p><\/div>\n<\/section>\n<section class=\"section\">\n<div class=\"item item-12\">\n<section class=\"image-item\"><img decoding=\"async\" src=\"https:\/\/upload.cdn.baselinker.com\/products\/3029707\/cbf94ea050a6b320ea39c3b089cd4b8e.jpg\"><\/section>\n<\/p><\/div>\n<\/section>\n<p><strong>Dodatkowe informacje:<\/strong><\/p>\n<ul>\n<li><strong>Producent: <\/strong>May Cheong Group Limited Unit 901-2, 9\/F, East Ocean Centre,  98 Granville Road, Tsimshatsui East, Kowloon, Hong Kong info@maycheonggroup.com.hk<\/li>\n<li><strong>Podmiot odpowiedzialny za wprowadzenie produktu na rynek europejski:<\/strong>\u00a0Firma Handlowa PULIO Krzysztof Gebel ul. Kolejowa 3 55-040 Bielany Wroc\u0142awskie  tel. +48 71 352 07 80  biuro@pulio.pl  www.pulio.pl<\/li>\n<li><strong>Ostrze\u017cenia na opakowaniu: <\/strong>Ostrze\u017cenie! Wszystkie elementy opakowania, takie jak ta\u015bma, plastikowe elementy, druty i elementy mocuj\u0105ce nie s\u0105 cz\u0119\u015bciami tej zabawki i ze wzgl\u0119du na bezpiecze\u0144stwo dziecka powinny by\u0107 usuni\u0119te. Czy\u015bci\u0107 tylko zewn\u0119trzn\u0105 powierzchnie. Nale\u017cy czy\u015bci\u0107 za pomoc\u0105 wilgotnej szmatki. Ten produkt powinien by\u0107 u\u017cywany wy\u0142\u0105cznie pod nadzorem doros\u0142ej osoby. Opakowanie nale\u017cy zachowa\u0107 na przysz\u0142o\u015b\u0107. Zawiera ona istotne informacje. Zastrzegamy sobie prawo do modyfikacji\/modernizacji specyfikacji oraz kolor\u00f3w bez powiadomienia. Rzeczywisty produkt mo\u017ce r\u00f3\u017cni\u0107 si\u0119 od przedstawionego na ilustracji.<\/li>\n<li><strong>Instrukcja obs\u0142ugi jest:<\/strong> NIE<\/li>\n<li><strong>Kraj pochodzenia:<\/strong> CHINY<\/li>\n<\/ul>\n","protected":false},"excerpt":{"rendered":"<p>BBURAGO JUNIOR \u0141\u00f3d\u017a z ko\u0142em ratunkowym Nr kat.: 89002 Kolor: seledynowo-bia\u0142y Wspania\u0142a \u0142\u00f3dka z ko\u0142em ratunkowym serii Splash&amp;Play marki Bburago.<\/p>\n","protected":false},"featured_media":3279,"comment_status":"open","ping_status":"closed","template":"","meta":[],"product_brand":[],"product_cat":[17,1226],"product_tag":[],"class_list":{"0":"post-3194","1":"product","2":"type-product","3":"status-publish","4":"has-post-thumbnail","6":"product_cat-dla-najmlodszych","7":"product_cat-zabawki-do-kapieli","9":"first","10":"instock","11":"shipping-taxable","12":"purchasable","13":"product-type-simple"},"_links":{"self":[{"href":"https:\/\/czas.m2web.pl\/index.php?rest_route=\/wp\/v2\/product\/3194","targetHints":{"allow":["GET"]}}],"collection":[{"href":"https:\/\/czas.m2web.pl\/index.php?rest_route=\/wp\/v2\/product"}],"about":[{"href":"https:\/\/czas.m2web.pl\/index.php?rest_route=\/wp\/v2\/types\/product"}],"replies":[{"embeddable":true,"href":"https:\/\/czas.m2web.pl\/index.php?rest_route=%2Fwp%2Fv2%2Fcomments&post=3194"}],"version-history":[{"count":0,"href":"https:\/\/czas.m2web.pl\/index.php?rest_route=\/wp\/v2\/product\/3194\/revisions"}],"wp:featuredmedia":[{"embeddable":true,"href":"https:\/\/czas.m2web.pl\/index.php?rest_route=\/wp\/v2\/media\/3279"}],"wp:attachment":[{"href":"https:\/\/czas.m2web.pl\/index.php?rest_route=%2Fwp%2Fv2%2Fmedia&parent=3194"}],"wp:term":[{"taxonomy":"product_brand","embeddable":true,"href":"https:\/\/czas.m2web.pl\/index.php?rest_route=%2Fwp%2Fv2%2Fproduct_brand&post=3194"},{"taxonomy":"product_cat","embeddable":true,"href":"https:\/\/czas.m2web.pl\/index.php?rest_route=%2Fwp%2Fv2%2Fproduct_cat&post=3194"},{"taxonomy":"product_tag","embeddable":true,"href":"https:\/\/czas.m2web.pl\/index.php?rest_route=%2Fwp%2Fv2%2Fproduct_tag&post=3194"}],"curies":[{"name":"wp","href":"https:\/\/api.w.org\/{rel}","templated":true}]}}