{"id":3198,"date":"2026-01-04T22:58:36","date_gmt":"2026-01-04T21:58:36","guid":{"rendered":"https:\/\/czas.m2web.pl\/?post_type=product&#038;p=3198"},"modified":"2026-01-04T22:59:06","modified_gmt":"2026-01-04T21:59:06","slug":"bburago-pojazd-do-skladania-ferrari-pit-stop-85302","status":"publish","type":"product","link":"https:\/\/czas.m2web.pl\/?product=bburago-pojazd-do-skladania-ferrari-pit-stop-85302","title":{"rendered":"BBURAGO Pojazd do sk\u0142adania Ferrari PIT STOP 85302"},"content":{"rendered":"<section class=\"section\">\n<div class=\"item item-6\">\n<section class=\"image-item\"><img decoding=\"async\" src=\"https:\/\/upload.cdn.baselinker.com\/products\/3029707\/5d984d9714b4b520c98cd5fb2fe13e4a.jpg\"><\/section>\n<\/p><\/div>\n<div class=\"item item-6\">\n<section class=\"text-item\">\n<h1>BBURAGO JUNIOR Pojazd do sk\u0142adania Formu\u0142a 1 Scuderia Ferrari PIT STOP<\/h1>\n<p>Nr kat.: 85302<\/p>\n<p>Kolor: czerwony<\/p>\n<p><b>Bolid Formu\u0142y 1 na oficjalnej licencji marki Ferrari.<\/b><\/p>\n<p><b>Wyci\u0105gnij figurk\u0119 kierowcy z autka i w to miejsce w\u0142\u00f3\u017c \u015brubokr\u0119t.<\/b><\/p>\n<p><b>Nast\u0119pnie przekr\u0119\u0107 go zgodnie z kierunkiem ruchu wskaz\u00f3wek zegara, a ko\u0142a autka wypadn\u0105.<\/b><\/p>\n<p><b>Przekr\u0119\u0107 \u015brub\u0119 z ty\u0142u pojazdu, by zdemontowa\u0107 spojler.<\/b><\/p>\n<p>W komplecie \u0142atwy do trzymania \u015brubokr\u0119t.<\/p>\n<p>Ko\u0142a mo\u017cna przenie\u015b\u0107 z jednej strony na drug\u0105 (w zestawie dwa z zielonymi i dwa z \u017c\u00f3\u0142tymi obr\u0119czami).<\/p>\n<p>Wymiary pojazdu: 17 x 9 x 8 cm.<\/p>\n<p>Wymiary opakowania: 26,5 x 15 x 15 cm.<\/p>\n<p>Wiek: 24M+.<\/p>\n<\/section><\/div>\n<\/section>\n<section class=\"section\">\n<div class=\"item item-12\">\n<section class=\"image-item\"><img decoding=\"async\" src=\"https:\/\/upload.cdn.baselinker.com\/products\/3029707\/5d984d9714b4b520c98cd5fb2fe13e4a.jpg\"><\/section>\n<\/p><\/div>\n<\/section>\n<section class=\"section\">\n<div class=\"item item-12\">\n<section class=\"image-item\"><img decoding=\"async\" src=\"https:\/\/upload.cdn.baselinker.com\/products\/3029707\/fa2d3ba5a2e85fa2446a1199b07432ef.jpg\"><\/section>\n<\/p><\/div>\n<\/section>\n<section class=\"section\">\n<div class=\"item item-12\">\n<section class=\"image-item\"><img decoding=\"async\" src=\"https:\/\/upload.cdn.baselinker.com\/products\/3029707\/ed4b3d7358bf655d35058f77c38f5b47.jpg\"><\/section>\n<\/p><\/div>\n<\/section>\n<p><strong>Dodatkowe informacje:<\/strong><\/p>\n<ul>\n<li><strong>Producent: <\/strong>May Cheong Group Limited Unit 901-2, 9\/F, East Ocean Centre,  98 Granville Road, Tsimshatsui East, Kowloon, Hong Kong info@maycheonggroup.com.hk<\/li>\n<li><strong>Podmiot odpowiedzialny za wprowadzenie produktu na rynek europejski:<\/strong>\u00a0Firma Handlowa PULIO Krzysztof Gebel ul. Kolejowa 3 55-040 Bielany Wroc\u0142awskie  tel. +48 71 352 07 80  biuro@pulio.pl  www.pulio.pl<\/li>\n<li><strong>Ostrze\u017cenia na opakowaniu: <\/strong>Ostrze\u017cenie! Wszystkie elementy opakowania, takie jak ta\u015bma, plastikowe elementy, druty i elementy mocuj\u0105ce nie s\u0105 cz\u0119\u015bciami tej zabawki i ze wzgl\u0119du na bezpiecze\u0144stwo dziecka powinny by\u0107 usuni\u0119te. Czy\u015bci\u0107 tylko zewn\u0119trzn\u0105 powierzchnie. Nale\u017cy czy\u015bci\u0107 za pomoc\u0105 wilgotnej szmatki. Ten produkt powinien by\u0107 u\u017cywany wy\u0142\u0105cznie pod nadzorem doros\u0142ej osoby. Opakowanie nale\u017cy zachowa\u0107 na przysz\u0142o\u015b\u0107. Zawiera ona istotne informacje. Zastrzegamy sobie prawo do modyfikacji\/modernizacji specyfikacji oraz kolor\u00f3w bez powiadomienia. Rzeczywisty produkt mo\u017ce r\u00f3\u017cni\u0107 si\u0119 od przedstawionego na ilustracji.<\/li>\n<li><strong>Instrukcja obs\u0142ugi jest:<\/strong> NIE<\/li>\n<li><strong>Kraj pochodzenia:<\/strong> CHINY<\/li>\n<\/ul>\n","protected":false},"excerpt":{"rendered":"<p>BBURAGO JUNIOR Pojazd do sk\u0142adania Formu\u0142a 1 Scuderia Ferrari PIT STOP Nr kat.: 85302 Kolor: czerwony Bolid Formu\u0142y 1 na<\/p>\n","protected":false},"featured_media":3305,"comment_status":"open","ping_status":"closed","template":"","meta":[],"product_brand":[],"product_cat":[19,17,20],"product_tag":[],"class_list":{"0":"post-3198","1":"product","2":"type-product","3":"status-publish","4":"has-post-thumbnail","6":"product_cat-dla-chlopca","7":"product_cat-dla-najmlodszych","8":"product_cat-pojazdy","10":"first","11":"instock","12":"shipping-taxable","13":"purchasable","14":"product-type-simple"},"_links":{"self":[{"href":"https:\/\/czas.m2web.pl\/index.php?rest_route=\/wp\/v2\/product\/3198","targetHints":{"allow":["GET"]}}],"collection":[{"href":"https:\/\/czas.m2web.pl\/index.php?rest_route=\/wp\/v2\/product"}],"about":[{"href":"https:\/\/czas.m2web.pl\/index.php?rest_route=\/wp\/v2\/types\/product"}],"replies":[{"embeddable":true,"href":"https:\/\/czas.m2web.pl\/index.php?rest_route=%2Fwp%2Fv2%2Fcomments&post=3198"}],"version-history":[{"count":0,"href":"https:\/\/czas.m2web.pl\/index.php?rest_route=\/wp\/v2\/product\/3198\/revisions"}],"wp:featuredmedia":[{"embeddable":true,"href":"https:\/\/czas.m2web.pl\/index.php?rest_route=\/wp\/v2\/media\/3305"}],"wp:attachment":[{"href":"https:\/\/czas.m2web.pl\/index.php?rest_route=%2Fwp%2Fv2%2Fmedia&parent=3198"}],"wp:term":[{"taxonomy":"product_brand","embeddable":true,"href":"https:\/\/czas.m2web.pl\/index.php?rest_route=%2Fwp%2Fv2%2Fproduct_brand&post=3198"},{"taxonomy":"product_cat","embeddable":true,"href":"https:\/\/czas.m2web.pl\/index.php?rest_route=%2Fwp%2Fv2%2Fproduct_cat&post=3198"},{"taxonomy":"product_tag","embeddable":true,"href":"https:\/\/czas.m2web.pl\/index.php?rest_route=%2Fwp%2Fv2%2Fproduct_tag&post=3198"}],"curies":[{"name":"wp","href":"https:\/\/api.w.org\/{rel}","templated":true}]}}