{"id":3262,"date":"2026-01-04T22:58:56","date_gmt":"2026-01-04T21:58:56","guid":{"rendered":"https:\/\/czas.m2web.pl\/?post_type=product&#038;p=3262"},"modified":"2026-01-04T22:59:19","modified_gmt":"2026-01-04T21:59:19","slug":"b-kids-pianinko-z-pilkami-hipopotam-4641","status":"publish","type":"product","link":"https:\/\/czas.m2web.pl\/?product=b-kids-pianinko-z-pilkami-hipopotam-4641","title":{"rendered":"B-Kids Pianinko z pi\u0142kami hipopotam 4641"},"content":{"rendered":"<section class=\"section\">\n<div class=\"item item-6\">\n<section class=\"image-item\"><img decoding=\"async\" src=\"https:\/\/upload.cdn.baselinker.com\/products\/3029707\/da60076a36a6b55c9dcbb416ca7b1fd6.jpg\"><\/section>\n<\/p><\/div>\n<div class=\"item item-6\">\n<section class=\"text-item\">\n<h1>Pianinko Hipopotam z pi\u0142kami<\/h1>\n<h1>B-Kids 4641<\/h1>\n<p>Zabawka posiada 2 tryby zabawy:<\/p>\n<p>1. Tryb pianinka: gra samo pianinko, bez efektu skacz\u0105cych pi\u0142eczek.<\/p>\n<p>2. Tryb skacz\u0105cych pi\u0142eczek: pianinko gra muzyk\u0119, a kolorowe pi\u0142eczki wyskakuj\u0105 z paszczy hipopotama.<\/p>\n<p>Paszcza hipopotama automatycznie otwiera si\u0119 i zamyka &#8211; pi\u0142eczki wrzuca si\u0119 od g\u00f3ry zabawki.<\/p>\n<p>Klawisze pianinka s\u0105 pod\u015bwietlane w trzech kolorach.<\/p>\n<ul>\n<li>W zestawie 3 kolorowe pi\u0142eczki.<\/li>\n<li>Zabawka wymaga baterii: 3 x AA (nie s\u0105 zawarte w zestawie).<\/li>\n<li>Wiek: 12M+.<\/li>\n<\/ul>\n<\/section><\/div>\n<\/section>\n<section class=\"section\">\n<div class=\"item item-12\">\n<section class=\"image-item\"><img decoding=\"async\" src=\"https:\/\/upload.cdn.baselinker.com\/products\/3029707\/9370d9d5e0d112a6bac8e5285dbe85fc.jpg\"><\/section>\n<\/p><\/div>\n<\/section>\n<section class=\"section\">\n<div class=\"item item-12\">\n<section class=\"image-item\"><img decoding=\"async\" src=\"https:\/\/upload.cdn.baselinker.com\/products\/3029707\/0e1abf6b24e8c27d8685c5145427111c.jpg\"><\/section>\n<\/p><\/div>\n<\/section>\n<section class=\"section\">\n<div class=\"item item-12\">\n<section class=\"image-item\"><img decoding=\"async\" src=\"https:\/\/upload.cdn.baselinker.com\/products\/3029707\/da60076a36a6b55c9dcbb416ca7b1fd6.jpg\"><\/section>\n<\/p><\/div>\n<\/section>\n<p><strong>Dodatkowe informacje:<\/strong><\/p>\n<ul>\n<li><strong>Producent: <\/strong>INFANTINO B KIDS INTERNATIONAL LIMITED  Flat\/Rm 1203, 12\/F, East Ocean Centre, 98 Granville Road TST East, Kowloon Hong Kong; elsa.chan@infantino.com; sally.ho@infantino.com<\/li>\n<li><strong>Podmiot odpowiedzialny za wprowadzenie produktu na rynek europejski:<\/strong>\u00a0Infantino B kids B.V. John M. Keynesplein 12-46 1066EP Amsterdam The Netherlands eu.info@infantino.com<\/li>\n<li><strong>Ostrze\u017cenia na opakowaniu: <\/strong><\/li>\n<li><strong>Instrukcja obs\u0142ugi jest:<\/strong> NIE<\/li>\n<li><strong>Kraj pochodzenia:<\/strong> CHINY<\/li>\n<\/ul>\n","protected":false},"excerpt":{"rendered":"<p>Pianinko Hipopotam z pi\u0142kami B-Kids 4641 Zabawka posiada 2 tryby zabawy: 1. Tryb pianinka: gra samo pianinko, bez efektu skacz\u0105cych<\/p>\n","protected":false},"featured_media":3358,"comment_status":"open","ping_status":"closed","template":"","meta":[],"product_brand":[],"product_cat":[16],"product_tag":[],"class_list":{"0":"post-3262","1":"product","2":"type-product","3":"status-publish","4":"has-post-thumbnail","6":"product_cat-import","8":"first","9":"instock","10":"shipping-taxable","11":"purchasable","12":"product-type-simple"},"_links":{"self":[{"href":"https:\/\/czas.m2web.pl\/index.php?rest_route=\/wp\/v2\/product\/3262","targetHints":{"allow":["GET"]}}],"collection":[{"href":"https:\/\/czas.m2web.pl\/index.php?rest_route=\/wp\/v2\/product"}],"about":[{"href":"https:\/\/czas.m2web.pl\/index.php?rest_route=\/wp\/v2\/types\/product"}],"replies":[{"embeddable":true,"href":"https:\/\/czas.m2web.pl\/index.php?rest_route=%2Fwp%2Fv2%2Fcomments&post=3262"}],"version-history":[{"count":0,"href":"https:\/\/czas.m2web.pl\/index.php?rest_route=\/wp\/v2\/product\/3262\/revisions"}],"wp:featuredmedia":[{"embeddable":true,"href":"https:\/\/czas.m2web.pl\/index.php?rest_route=\/wp\/v2\/media\/3358"}],"wp:attachment":[{"href":"https:\/\/czas.m2web.pl\/index.php?rest_route=%2Fwp%2Fv2%2Fmedia&parent=3262"}],"wp:term":[{"taxonomy":"product_brand","embeddable":true,"href":"https:\/\/czas.m2web.pl\/index.php?rest_route=%2Fwp%2Fv2%2Fproduct_brand&post=3262"},{"taxonomy":"product_cat","embeddable":true,"href":"https:\/\/czas.m2web.pl\/index.php?rest_route=%2Fwp%2Fv2%2Fproduct_cat&post=3262"},{"taxonomy":"product_tag","embeddable":true,"href":"https:\/\/czas.m2web.pl\/index.php?rest_route=%2Fwp%2Fv2%2Fproduct_tag&post=3262"}],"curies":[{"name":"wp","href":"https:\/\/api.w.org\/{rel}","templated":true}]}}