{"id":3435,"date":"2026-01-04T22:59:41","date_gmt":"2026-01-04T21:59:41","guid":{"rendered":"https:\/\/czas.m2web.pl\/?post_type=product&#038;p=3435"},"modified":"2026-01-04T22:59:57","modified_gmt":"2026-01-04T21:59:57","slug":"maisto-pojazd-ratunkowy-monster-policja-11385","status":"publish","type":"product","link":"https:\/\/czas.m2web.pl\/?product=maisto-pojazd-ratunkowy-monster-policja-11385","title":{"rendered":"MAISTO Pojazd Ratunkowy Monster Policja 11385"},"content":{"rendered":"<section class=\"section\">\n<div class=\"item item-6\">\n<section class=\"image-item\"><img decoding=\"async\" src=\"https:\/\/upload.cdn.baselinker.com\/products\/3029707\/9b84677df5d66c5ede11e4504bbae294.jpg\"><\/section>\n<\/p><\/div>\n<div class=\"item item-6\">\n<section class=\"text-item\">\n<h1>MAISTO Pojazd Ratunkowy Monster \u2013 Policja<\/h1>\n<p>Nr kat.: 11385<\/p>\n<p>Kolor: niebieski<\/p>\n<p>Materia\u0142: metal (nadwozie)\/plastik\/guma<\/p>\n<p><b>Model z kolekcji Rescue Monster 4X4s Team.<\/b><\/p>\n<p>Pojazd posiada du\u017ce, gumowe opony i ruchom\u0105 armatk\u0119 wodn\u0105.<\/p>\n<p>Model bez nap\u0119du.<\/p>\n<p>Wymiary pojazdu: d\u0142. 10,5 cm, szer. 8 cm, wys. 9 cm.<\/p>\n<p>Wymiary opakowania: szer. 14,5 cm, wys. 11 cm, g\u0142. 9 cm.<\/p>\n<p>Wiek: 3+.<\/p>\n<\/section><\/div>\n<\/section>\n<section class=\"section\">\n<div class=\"item item-12\">\n<section class=\"image-item\"><img decoding=\"async\" src=\"https:\/\/upload.cdn.baselinker.com\/products\/3029707\/9b84677df5d66c5ede11e4504bbae294.jpg\"><\/section>\n<\/p><\/div>\n<\/section>\n<p><strong>Dodatkowe informacje:<\/strong><\/p>\n","protected":false},"excerpt":{"rendered":"<p>MAISTO Pojazd Ratunkowy Monster \u2013 Policja Nr kat.: 11385 Kolor: niebieski Materia\u0142: metal (nadwozie)\/plastik\/guma Model z kolekcji Rescue Monster 4X4s<\/p>\n","protected":false},"featured_media":3490,"comment_status":"open","ping_status":"closed","template":"","meta":[],"product_brand":[],"product_cat":[16],"product_tag":[],"class_list":{"0":"post-3435","1":"product","2":"type-product","3":"status-publish","4":"has-post-thumbnail","6":"product_cat-import","8":"first","9":"instock","10":"shipping-taxable","11":"purchasable","12":"product-type-simple"},"_links":{"self":[{"href":"https:\/\/czas.m2web.pl\/index.php?rest_route=\/wp\/v2\/product\/3435","targetHints":{"allow":["GET"]}}],"collection":[{"href":"https:\/\/czas.m2web.pl\/index.php?rest_route=\/wp\/v2\/product"}],"about":[{"href":"https:\/\/czas.m2web.pl\/index.php?rest_route=\/wp\/v2\/types\/product"}],"replies":[{"embeddable":true,"href":"https:\/\/czas.m2web.pl\/index.php?rest_route=%2Fwp%2Fv2%2Fcomments&post=3435"}],"version-history":[{"count":0,"href":"https:\/\/czas.m2web.pl\/index.php?rest_route=\/wp\/v2\/product\/3435\/revisions"}],"wp:featuredmedia":[{"embeddable":true,"href":"https:\/\/czas.m2web.pl\/index.php?rest_route=\/wp\/v2\/media\/3490"}],"wp:attachment":[{"href":"https:\/\/czas.m2web.pl\/index.php?rest_route=%2Fwp%2Fv2%2Fmedia&parent=3435"}],"wp:term":[{"taxonomy":"product_brand","embeddable":true,"href":"https:\/\/czas.m2web.pl\/index.php?rest_route=%2Fwp%2Fv2%2Fproduct_brand&post=3435"},{"taxonomy":"product_cat","embeddable":true,"href":"https:\/\/czas.m2web.pl\/index.php?rest_route=%2Fwp%2Fv2%2Fproduct_cat&post=3435"},{"taxonomy":"product_tag","embeddable":true,"href":"https:\/\/czas.m2web.pl\/index.php?rest_route=%2Fwp%2Fv2%2Fproduct_tag&post=3435"}],"curies":[{"name":"wp","href":"https:\/\/api.w.org\/{rel}","templated":true}]}}