{"id":3440,"date":"2026-01-04T22:59:41","date_gmt":"2026-01-04T21:59:41","guid":{"rendered":"https:\/\/czas.m2web.pl\/?post_type=product&#038;p=3440"},"modified":"2026-01-04T23:00:04","modified_gmt":"2026-01-04T22:00:04","slug":"giga-blok-5w1-kolorowanka-princess-kredki-farby","status":"publish","type":"product","link":"https:\/\/czas.m2web.pl\/?product=giga-blok-5w1-kolorowanka-princess-kredki-farby","title":{"rendered":"Giga Blok 5w1 Kolorowanka Princess, kredki, farby"},"content":{"rendered":"<section class=\"section\">\n<div class=\"item item-6\">\n<section class=\"image-item\"><img decoding=\"async\" src=\"https:\/\/upload.cdn.baselinker.com\/products\/3029707\/9b4c7774c57f1630b6c12205043956b4.jpg\"><\/section>\n<\/p><\/div>\n<div class=\"item item-6\">\n<section class=\"text-item\">\n<h1>Giga Blok Kolorowanka &#8211; Ksi\u0119\u017cniczki<\/h1>\n<p>AS 62716N<\/p>\n<p>Giga blok z du\u017cymi kolorowankami i akcesoriami do rysowania dla najm\u0142odszych.<\/p>\n<p>Obrazki do kolorowania s\u0105 du\u017ce i wyra\u017ane.<\/p>\n<p>W zestawie: 30 kartek z obrazkami do kolorowania, 6 kredek o\u0142\u00f3wkowych, 5 farbek akwarelowych z p\u0119dzelkiem, 8 kredek \u015bwiecowych, arkusz kolorowych naklejek oraz kilka czystych kartek do samodzielnego tworzenia.<\/p>\n<ul>\n<li>Wymiary bloku: 43,5 x 41,5 cm.<\/li>\n<li>Wymiary kartek do kolorowania: 35,5 x 41,5 cm.<\/li>\n<li>Wiek: 3+.<\/li>\n<\/ul>\n<\/section><\/div>\n<\/section>\n<section class=\"section\">\n<div class=\"item item-12\">\n<section class=\"image-item\"><img decoding=\"async\" src=\"https:\/\/upload.cdn.baselinker.com\/products\/3029707\/8cbe4229b5a73aeed99839c7f914c82b.jpg\"><\/section>\n<\/p><\/div>\n<\/section>\n<section class=\"section\">\n<div class=\"item item-12\">\n<section class=\"image-item\"><img decoding=\"async\" src=\"https:\/\/upload.cdn.baselinker.com\/products\/3029707\/c08164e93b19f359c6144aa76abeab0a.jpg\"><\/section>\n<\/p><\/div>\n<\/section>\n<section class=\"section\">\n<div class=\"item item-12\">\n<section class=\"image-item\"><img decoding=\"async\" src=\"https:\/\/upload.cdn.baselinker.com\/products\/3029707\/9b4c7774c57f1630b6c12205043956b4.jpg\"><\/section>\n<\/p><\/div>\n<\/section>\n<p><strong>Dodatkowe informacje:<\/strong><\/p>\n<ul>\n<li><strong>Producent: <\/strong>AS COMPANY S.A, IONIA STREET, 57013, ORAIOKASTRO, THESSALONIKI, GREECE 57013. E-mail: info@ascompany.gr<\/li>\n<li><strong>Podmiot odpowiedzialny za wprowadzenie produktu na rynek europejski:<\/strong>\u00a0AS COMPANY S.A. IONIAS STREET ORAIOKASTRO, PO Box 176, 57013 THESSALONIKI, GREECE; tkoufou@ascompany.gr<\/li>\n<li><strong>Ostrze\u017cenia na opakowaniu: <\/strong>Ostrze\u017cenia: Nieodpowiednie dla dzieci poni\u017cej 3 roku \u017cycia. Niebezpiecze\u0144stwo zad\u0142awienia drobnymi elementami! Przed przekazaniem dziecku nale\u017cy usun\u0105\u0107 wszystkie elementy opakowania. Opakowanie nie stanowi cz\u0119\u015bci zabawki. Producent zastrzega sobie mo\u017cliwo\u015b\u0107 zmian kolorystycznych i technicznych. Prosimy zachowa\u0107 opakowanie wraz z ostrze\u017ceniami i pozosta\u0142ymi informacjami do p\u00f3\u017aniejszej korespondencji. Wyprodukowano w Chinach<\/li>\n<li><strong>Instrukcja obs\u0142ugi jest:<\/strong> NIE<\/li>\n<li><strong>Kraj pochodzenia:<\/strong> CHINY<\/li>\n<\/ul>\n","protected":false},"excerpt":{"rendered":"<p>Giga Blok Kolorowanka &#8211; Ksi\u0119\u017cniczki AS 62716N Giga blok z du\u017cymi kolorowankami i akcesoriami do rysowania dla najm\u0142odszych. Obrazki do<\/p>\n","protected":false},"featured_media":3525,"comment_status":"open","ping_status":"closed","template":"","meta":[],"product_brand":[],"product_cat":[16],"product_tag":[],"class_list":{"0":"post-3440","1":"product","2":"type-product","3":"status-publish","4":"has-post-thumbnail","6":"product_cat-import","8":"first","9":"instock","10":"shipping-taxable","11":"purchasable","12":"product-type-simple"},"_links":{"self":[{"href":"https:\/\/czas.m2web.pl\/index.php?rest_route=\/wp\/v2\/product\/3440","targetHints":{"allow":["GET"]}}],"collection":[{"href":"https:\/\/czas.m2web.pl\/index.php?rest_route=\/wp\/v2\/product"}],"about":[{"href":"https:\/\/czas.m2web.pl\/index.php?rest_route=\/wp\/v2\/types\/product"}],"replies":[{"embeddable":true,"href":"https:\/\/czas.m2web.pl\/index.php?rest_route=%2Fwp%2Fv2%2Fcomments&post=3440"}],"version-history":[{"count":0,"href":"https:\/\/czas.m2web.pl\/index.php?rest_route=\/wp\/v2\/product\/3440\/revisions"}],"wp:featuredmedia":[{"embeddable":true,"href":"https:\/\/czas.m2web.pl\/index.php?rest_route=\/wp\/v2\/media\/3525"}],"wp:attachment":[{"href":"https:\/\/czas.m2web.pl\/index.php?rest_route=%2Fwp%2Fv2%2Fmedia&parent=3440"}],"wp:term":[{"taxonomy":"product_brand","embeddable":true,"href":"https:\/\/czas.m2web.pl\/index.php?rest_route=%2Fwp%2Fv2%2Fproduct_brand&post=3440"},{"taxonomy":"product_cat","embeddable":true,"href":"https:\/\/czas.m2web.pl\/index.php?rest_route=%2Fwp%2Fv2%2Fproduct_cat&post=3440"},{"taxonomy":"product_tag","embeddable":true,"href":"https:\/\/czas.m2web.pl\/index.php?rest_route=%2Fwp%2Fv2%2Fproduct_tag&post=3440"}],"curies":[{"name":"wp","href":"https:\/\/api.w.org\/{rel}","templated":true}]}}