{"id":3603,"date":"2026-01-04T23:00:23","date_gmt":"2026-01-04T22:00:23","guid":{"rendered":"https:\/\/czas.m2web.pl\/?post_type=product&#038;p=3603"},"modified":"2026-01-04T23:00:51","modified_gmt":"2026-01-04T22:00:51","slug":"gonher-strzelba-mysliwska-dubeltowka-85-cm-111-0","status":"publish","type":"product","link":"https:\/\/czas.m2web.pl\/?product=gonher-strzelba-mysliwska-dubeltowka-85-cm-111-0","title":{"rendered":"GONHER Strzelba my\u015bliwska Dubelt\u00f3wka 85 cm 111\/0"},"content":{"rendered":"<section class=\"section\">\n<div class=\"item item-6\">\n<section class=\"image-item\">             <img decoding=\"async\" src=\"https:\/\/upload.cdn.baselinker.com\/products\/3029707\/f54c5ef7cc713936c9a86b14c90fcd6a.jpg\" \/>         <\/section>\n<\/p><\/div>\n<div class=\"item item-6\">\n<section class=\"text-item\">\n<h1>GONHER Dubelt\u00f3wka &#8211; Strzelba my\u015bliwska (85 cm)<\/h1>\n<p>Nr kat.: 111\/0<\/p>\n<p>Kolor: br\u0105zowy\/czarny<\/p>\n<p><b>Strzelba my\u015bliwska \u0142adowana po otwarciu (z\u0142amaniu) dwoma nabojami &#8211; 3 naboje (\u0142uski) w komplecie.<\/b><\/p>\n<p>Wykonana z tworzywa sztucznego (kolba i lufa) oraz metalu (cz\u0119\u015b\u0107 \u015brodkowa i mechanizm spustowy).<\/p>\n<p><b>W nabojach mo\u017cna umie\u015bci\u0107 kapiszony dla uzyskania lepszego efektu d\u017awi\u0119kowego.<\/b><\/p>\n<p><b>Kapiszony s\u0105 dost\u0119pne pod nr kat.: 100\/01, dodatkowe naboje (\u0142uski) pod nr kat.: 4117\/0.<\/b><\/p>\n<p><b>Instrukcja obs\u0142ugi:<\/b><\/p>\n<p>1. Przesun\u0105\u0107 d\u017awigni\u0119 i z\u0142ama\u0107 strzelb\u0119.<\/p>\n<p>2. Umie\u015bci\u0107 w komorach naboje (w nabojach mo\u017cna dodatkowo umie\u015bci\u0107 pojedyncze kapiszony).<\/p>\n<p>3. Odci\u0105gn\u0105\u0107 blokad\u0119 spust\u00f3w i wystrzeli\u0107.<\/p>\n<p>4. Wysuni\u0119te iglice schowaj\u0105 si\u0119 po ponownym z\u0142amaniu strzelby.<\/p>\n<p><b>Specyfikacja:<\/b><\/p>\n<ul>\n<li>D\u0142ugo\u015b\u0107 strzelby: ok. 85 cm.<\/li>\n<li>Wymiary opakowania: 85 x 18 cm.<\/li>\n<li>Materia\u0142: metal\/tworzywo sztuczne.<\/li>\n<li>W zestawie pasek na rami\u0119 oraz trzy naboje.<\/li>\n<li>Wiek: 3+.<\/li>\n<\/ul>\n<p><b>Wyprodukowana w Hiszpanii.<\/b><\/p>\n<\/section><\/div>\n<\/section>\n<section class=\"section\">\n<div class=\"item item-12\">\n<section class=\"image-item\">             <img decoding=\"async\" src=\"https:\/\/upload.cdn.baselinker.com\/products\/3029707\/9362f093d3f5852bbaeb5038f735e1c2.jpg\" \/>         <\/section>\n<\/p><\/div>\n<\/section>\n<section class=\"section\">\n<div class=\"item item-12\">\n<section class=\"image-item\">             <img decoding=\"async\" src=\"https:\/\/upload.cdn.baselinker.com\/products\/3029707\/9afd5e28e36b7e34c139584199ae218e.jpg\" \/>         <\/section>\n<\/p><\/div>\n<\/section>\n<section class=\"section\">\n<div class=\"item item-6\">\n<section class=\"image-item\">             <img decoding=\"async\" src=\"https:\/\/upload.cdn.baselinker.com\/products\/3029707\/4b5b9505204da4259e000f7e6e6163c1.jpg\" \/>         <\/section>\n<\/p><\/div>\n<div class=\"item item-6\">\n<section class=\"image-item\">             <img decoding=\"async\" src=\"https:\/\/upload.cdn.baselinker.com\/products\/3029707\/f54c5ef7cc713936c9a86b14c90fcd6a.jpg\" \/>         <\/section>\n<\/p><\/div>\n<\/section>\n<p><strong>Dodatkowe informacje:<\/strong><\/p>\n<ul>\n<li><strong>Producent: <\/strong>GONHER, S.A. C\/ CASTALLA 44 03440- IBI SPAIN Email: vteanguiz@gonher.es<\/li>\n<li><strong>Podmiot odpowiedzialny za wprowadzenie produktu na rynek europejski:<\/strong>\u00a0GONHER, S.A. C\/ CASTALLA 44 03440- IBI SPAIN Email: vteanguiz@gonher.es<\/li>\n<li><strong>Ostrze\u017cenia na opakowaniu: <\/strong>Ostrze\u017cenia: Nieodpowiednie dla dzieci poni\u017cej 3 roku \u017cycia. Niebezpiecze\u0144stwo zad\u0142awienia drobnymi elementami. Do u\u017cytku pod bezpo\u015brednim nadzorem osoby doros\u0142ej. Nie u\u017cywa\u0107 w pobli\u017cu uszu. Niew\u0142a\u015bciwe u\u017cycie mo\u017ce spowodowa\u0107 uszkodzenie s\u0142uchu. Nie strzela\u0107 w domu! Nale\u017cy u\u017cywa\u0107 kapiszon\u00f3w tylko zgodnie z zaleceniem producenta. Ten model spe\u0142nia obowi\u0105zuj\u0105ce przepisy bezpiecze\u0144stwa. Aby poziom ha\u0142asu by\u0142 zgodny z norm\u0105 UNE-EN 71-1. Nale\u017cy u\u017cywa\u0107 kapiszon\u00f3w \u2018WICKE EURO CAPS\u2019. Jakikolwiek inny rodzaj kapiszona mo\u017ce by\u0107 \u017ar\u00f3d\u0142em wi\u0119kszego ha\u0142asu. GONHER S.A. nie bierze odpowiedzialno\u015bci za post\u0119powanie u\u017cytkownik\u00f3w, ani te\u017c za konsekwencje z niego wynikaj\u0105ce. Zachowa\u0107 adres. Wyprodukowano w Hiszpanii.<\/li>\n<li><strong>Instrukcja obs\u0142ugi jest:<\/strong> NIE<\/li>\n<li><strong>Kraj pochodzenia:<\/strong> HISZPANIA<\/li>\n<\/ul>\n","protected":false},"excerpt":{"rendered":"<p>GONHER Dubelt\u00f3wka &#8211; Strzelba my\u015bliwska (85 cm) Nr kat.: 111\/0 Kolor: br\u0105zowy\/czarny Strzelba my\u015bliwska \u0142adowana po otwarciu (z\u0142amaniu) dwoma nabojami<\/p>\n","protected":false},"featured_media":3693,"comment_status":"open","ping_status":"closed","template":"","meta":[],"product_brand":[],"product_cat":[19,120],"product_tag":[],"class_list":{"0":"post-3603","1":"product","2":"type-product","3":"status-publish","4":"has-post-thumbnail","6":"product_cat-dla-chlopca","7":"product_cat-pistolety-i-karabiny","9":"first","10":"instock","11":"shipping-taxable","12":"purchasable","13":"product-type-simple"},"_links":{"self":[{"href":"https:\/\/czas.m2web.pl\/index.php?rest_route=\/wp\/v2\/product\/3603","targetHints":{"allow":["GET"]}}],"collection":[{"href":"https:\/\/czas.m2web.pl\/index.php?rest_route=\/wp\/v2\/product"}],"about":[{"href":"https:\/\/czas.m2web.pl\/index.php?rest_route=\/wp\/v2\/types\/product"}],"replies":[{"embeddable":true,"href":"https:\/\/czas.m2web.pl\/index.php?rest_route=%2Fwp%2Fv2%2Fcomments&post=3603"}],"version-history":[{"count":0,"href":"https:\/\/czas.m2web.pl\/index.php?rest_route=\/wp\/v2\/product\/3603\/revisions"}],"wp:featuredmedia":[{"embeddable":true,"href":"https:\/\/czas.m2web.pl\/index.php?rest_route=\/wp\/v2\/media\/3693"}],"wp:attachment":[{"href":"https:\/\/czas.m2web.pl\/index.php?rest_route=%2Fwp%2Fv2%2Fmedia&parent=3603"}],"wp:term":[{"taxonomy":"product_brand","embeddable":true,"href":"https:\/\/czas.m2web.pl\/index.php?rest_route=%2Fwp%2Fv2%2Fproduct_brand&post=3603"},{"taxonomy":"product_cat","embeddable":true,"href":"https:\/\/czas.m2web.pl\/index.php?rest_route=%2Fwp%2Fv2%2Fproduct_cat&post=3603"},{"taxonomy":"product_tag","embeddable":true,"href":"https:\/\/czas.m2web.pl\/index.php?rest_route=%2Fwp%2Fv2%2Fproduct_tag&post=3603"}],"curies":[{"name":"wp","href":"https:\/\/api.w.org\/{rel}","templated":true}]}}