{"id":3667,"date":"2026-01-04T23:00:46","date_gmt":"2026-01-04T22:00:46","guid":{"rendered":"https:\/\/czas.m2web.pl\/?post_type=product&#038;p=3667"},"modified":"2026-01-04T23:00:56","modified_gmt":"2026-01-04T22:00:56","slug":"zegarek-analogowy-pidzamersi-w-blistrze-484002","status":"publish","type":"product","link":"https:\/\/czas.m2web.pl\/?product=zegarek-analogowy-pidzamersi-w-blistrze-484002","title":{"rendered":"Zegarek analogowy Pid\u017camersi w blistrze 484002"},"content":{"rendered":"<section class=\"section\">\n<div class=\"item item-6\">\n<section class=\"image-item\"><img decoding=\"async\" src=\"https:\/\/upload.cdn.baselinker.com\/products\/3029707\/ea0eb175b762b6b16f1e7514578cc488.jpg\"><\/section>\n<\/p><\/div>\n<div class=\"item item-6\">\n<section class=\"text-item\">\n<h1>Zegarek analogowy Pid\u017camersi<\/h1>\n<h1>484002<\/h1>\n<p>Zegarek analogowy Pid\u017camersi. D\u0142ugo\u015b\u0107 zegarka z paskiem: 23 cm. \u015arednica tarczy z obudow\u0105: 3,5 cm.<\/p>\n<ul>\n<li>Wiek: 3+.<\/li>\n<li>Wymagane baterie: 1 szt. (bateria guzikowa) &#8211; zawarta w zestawie.<\/li>\n<\/ul>\n<p>Zegarek jest idealnym prezentem dla fan\u00f3w bajki Pid\u017camersi.<\/p>\n<\/section><\/div>\n<\/section>\n<section class=\"section\">\n<div class=\"item item-12\">\n<section class=\"image-item\"><img decoding=\"async\" src=\"https:\/\/upload.cdn.baselinker.com\/products\/3029707\/76ee6513076b9452995d1e42cee546ef.jpg\"><\/section>\n<\/p><\/div>\n<\/section>\n<p><strong>Dodatkowe informacje:<\/strong><\/p>\n<ul>\n<li><strong>Producent: <\/strong>DIAKAKIS IMPORTS S.A. 3rd klm Simmahiki Str. Oreokastro-Diavata | P.P.Box 79, 57013| Thessaloniki | Greece; Email: exports@diakakisimports.gr<\/li>\n<li><strong>Podmiot odpowiedzialny za wprowadzenie produktu na rynek europejski:<\/strong>\u00a0DIAKAKIS IMPORTS S.A. 3rd klm Simmahiki Str. Oreokastro-Diavata | P.P.Box 79, 57013| Thessaloniki | Greece; Email: exports@diakakisimports.gr<\/li>\n<li><strong>Ostrze\u017cenia na opakowaniu: <\/strong>Ostrze\u017cenia: Nieodpowiednie dla dzieci poni\u017cej 3 roku \u017cycia. Niebezpiecze\u0144stwo zad\u0142awienia drobnymi elementami! Przed przekazaniem dziecku nale\u017cy usun\u0105\u0107 wszystkie elementy opakowania. Opakowanie nie stanowi cz\u0119\u015bci zabawki. Producent zastrzega sobie mo\u017cliwo\u015b\u0107 zmian kolorystycznych i technicznych. Prosimy zachowa\u0107 opakowanie wraz z ostrze\u017ceniami i pozosta\u0142ymi informacjami do p\u00f3\u017aniejszej korespondencji. Wyprodukowano w Chinach. Baterie s\u0105 zawarte w zestawie, jednak\u017ce maj\u0105 charakter wy\u0142\u0105cznie demonstracyjny &#8211; nale\u017cy je wymieni\u0107 na nowe przed rozpocz\u0119ciem u\u017cywania. OSTRZE\u017bENIA DOTYCZ\u0104CE BATERII: Wyciek kwasu akumulatorowego mo\u017ce spowodowa\u0107 zranienie oraz uszkodzenie zabawki i przedmiot\u00f3w znajduj\u0105cych si\u0119 w pobli\u017cu. Je\u017celi wyst\u0105pi wyciek kwasu akumulatorowego nale\u017cy dok\u0142adnie przemy\u0107 sk\u00f3r\u0119 i nie dopu\u015bci\u0107 aby kwas dosta\u0142 si\u0119 do oczu, uszu, nosa i ust. Natychmiast wyczy\u015bci\u0107 odzie\u017c lub inn\u0105 powierzchni\u0119, kt\u00f3ra mia\u0142a kontakt z kwasem. Baterie, z kt\u00f3rych wyciek\u0142 kwas akumulatorowy mog\u0105 wydawa\u0107 &#8222;strzelaj\u0105ce&#8221; d\u017awi\u0119ki. o Nie nale\u017cy miesza\u0107 ze sob\u0105 baterii r\u00f3\u017cnych typ\u00f3w lub nowych i u\u017cywanych. o Nale\u017cy u\u017cywa\u0107 jedynie baterii zalecanego typu lub r\u00f3wnowa\u017cnych. o Nie nale\u017cy u\u017cywa\u0107 baterii przewidzianych do \u0142adowania, chyba \u017ce jest to zalecane. Baterie nieprzewidziane do \u0142adowania nie mog\u0105 by\u0107 \u0142adowane. Baterie przewidziane do \u0142adowania mog\u0105 by\u0107 \u0142adowane jedynie po wyj\u0119ciu z produktu pod nadzorem osoby doros\u0142ej. o Baterie nale\u017cy wk\u0142ada\u0107 z zachowaniem prawid\u0142owej biegunowo\u015bci. Nie wolno zwiera\u0107 zacisk\u00f3w zasilania. o Wyj\u0105\u0107 baterie gdy s\u0105 zu\u017cyte. o Baterie nale\u017cy wyj\u0105\u0107 je\u017celi produkt nie jest u\u017cywany przez d\u0142u\u017cszy czas. o Zu\u017cyte baterie nale\u017cy wyrzuca\u0107 do odpowiednio oznaczonych pojemnik\u00f3w. o Zu\u017cytych elektrycznych i elektronicznych produkt\u00f3w nie nale\u017cy umieszcza\u0107 z pozosta\u0142ymi odpadami domowymi. o Produkt musi by\u0107 dostarczony do punktu zbi\u00f3rki s\u0142u\u017c\u0105cego recyklingowi urz\u0105dze\u0144 elektrycznych i elektronicznych. Skontaktuj si\u0119 z w\u0142adzami lokalnymi aby dowiedzie\u0107 si\u0119 o dost\u0119pnych punktach.<\/li>\n<li><strong>Instrukcja obs\u0142ugi jest:<\/strong> NIE<\/li>\n<li><strong>Kraj pochodzenia:<\/strong> CHINY<\/li>\n<\/ul>\n","protected":false},"excerpt":{"rendered":"<p>Zegarek analogowy Pid\u017camersi 484002 Zegarek analogowy Pid\u017camersi. D\u0142ugo\u015b\u0107 zegarka z paskiem: 23 cm. \u015arednica tarczy z obudow\u0105: 3,5 cm. Wiek:<\/p>\n","protected":false},"featured_media":3712,"comment_status":"open","ping_status":"closed","template":"","meta":[],"product_brand":[],"product_cat":[16],"product_tag":[],"class_list":{"0":"post-3667","1":"product","2":"type-product","3":"status-publish","4":"has-post-thumbnail","6":"product_cat-import","8":"first","9":"instock","10":"shipping-taxable","11":"purchasable","12":"product-type-simple"},"_links":{"self":[{"href":"https:\/\/czas.m2web.pl\/index.php?rest_route=\/wp\/v2\/product\/3667","targetHints":{"allow":["GET"]}}],"collection":[{"href":"https:\/\/czas.m2web.pl\/index.php?rest_route=\/wp\/v2\/product"}],"about":[{"href":"https:\/\/czas.m2web.pl\/index.php?rest_route=\/wp\/v2\/types\/product"}],"replies":[{"embeddable":true,"href":"https:\/\/czas.m2web.pl\/index.php?rest_route=%2Fwp%2Fv2%2Fcomments&post=3667"}],"version-history":[{"count":0,"href":"https:\/\/czas.m2web.pl\/index.php?rest_route=\/wp\/v2\/product\/3667\/revisions"}],"wp:featuredmedia":[{"embeddable":true,"href":"https:\/\/czas.m2web.pl\/index.php?rest_route=\/wp\/v2\/media\/3712"}],"wp:attachment":[{"href":"https:\/\/czas.m2web.pl\/index.php?rest_route=%2Fwp%2Fv2%2Fmedia&parent=3667"}],"wp:term":[{"taxonomy":"product_brand","embeddable":true,"href":"https:\/\/czas.m2web.pl\/index.php?rest_route=%2Fwp%2Fv2%2Fproduct_brand&post=3667"},{"taxonomy":"product_cat","embeddable":true,"href":"https:\/\/czas.m2web.pl\/index.php?rest_route=%2Fwp%2Fv2%2Fproduct_cat&post=3667"},{"taxonomy":"product_tag","embeddable":true,"href":"https:\/\/czas.m2web.pl\/index.php?rest_route=%2Fwp%2Fv2%2Fproduct_tag&post=3667"}],"curies":[{"name":"wp","href":"https:\/\/api.w.org\/{rel}","templated":true}]}}