{"id":3744,"date":"2026-01-04T23:01:07","date_gmt":"2026-01-04T22:01:07","guid":{"rendered":"https:\/\/czas.m2web.pl\/?post_type=product&#038;p=3744"},"modified":"2026-01-04T23:01:11","modified_gmt":"2026-01-04T22:01:11","slug":"treflikowe-grzybobranie-trefl","status":"publish","type":"product","link":"https:\/\/czas.m2web.pl\/?product=treflikowe-grzybobranie-trefl","title":{"rendered":"Treflikowe grzybobranie Trefl"},"content":{"rendered":"<section class=\"section\">\n<div class=\"item item-6\">\n<section class=\"image-item\"><img decoding=\"async\" src=\"https:\/\/upload.cdn.baselinker.com\/products\/3029707\/1c05afc9f2107d186570d8ace01fe675.jpg\"><\/section>\n<\/p><\/div>\n<div class=\"item item-6\">\n<section class=\"text-item\">\n<h1>Treflikowe grzybobranie<\/h1>\n<p>We\u017a udzia\u0142 w le\u015bnej przygodzie z Treflikami!<\/p>\n<p>Przemierzcie kr\u0119t\u0105 tras\u0119, g\u00f3ry i pag\u00f3rki w poszukiwaniu pysznych grzyb\u00f3w. We\u017acie ze sob\u0105 koszyczek i wype\u0142nijcie go po brzegi. Wygra ten kto zbierze ich najwi\u0119cej. Uwa\u017cajcie na r\u00f3\u017cnego rodzaju przeszkody, kt\u00f3re mo\u017cecie napotka\u0107 na trasie swojej w\u0119dr\u00f3wki przez las. Treflikowe Grzybobranie to ods\u0142ona kultowej gry dla dzieci, tym razem wzbogacona o motyw z serialu pt. &#8222;Rodzina Treflik\u00f3w&#8221;. Jej du\u017cym atutem jest przestrzenna plansza z polami zada\u0144 oraz pi\u0119kn\u0105, kolorow\u0105 grafik\u0105 przedstawiaj\u0105c\u0105 Treflika i jego rodzin\u0119. W zale\u017cno\u015bci od wybranego wariantu, gra umo\u017cliwia zabaw\u0119 zar\u00f3wno m\u0142odszym jak i nieco starszym dzieciom.<\/p>\n<h1>Zawarto\u015b\u0107 pude\u0142ka<\/h1>\n<p>\u2022 plansza wraz z elementami przestrzennymi\u2022 4 koszyczki\u2022 21 grzyb\u00f3w jadalnych\u2022 5 czerwonych muchomor\u00f3w\u2022 kostka do gry\u2022 instrukcja<\/p>\n<h1>Cel gry:<\/h1>\n<p>Zadaniem ka\u017cdego z Was jest przeby\u0107 dowolnie wybran\u0105 tras\u0119 od startu do mety i nazbiera\u0107 jak najwi\u0119cej jadalnych grzyb\u00f3w. Uwa\u017cajcie, na le\u015bnych duktach spotka\u0107 Was mo\u017ce ogrom niespodzianek! W\u015br\u00f3d grzyb\u00f3w mo\u017cna te\u017c znale\u017a\u0107 MUCHOMORY, wystrzegajcie si\u0119 ich!<\/p>\n<\/section><\/div>\n<\/section>\n<section class=\"section\">\n<div class=\"item item-12\">\n<section class=\"image-item\"><img decoding=\"async\" src=\"https:\/\/upload.cdn.baselinker.com\/products\/3029707\/83df3917ff2627a34277ed603186efe1.jpg\"><\/section>\n<\/p><\/div>\n<\/section>\n<p><strong>Dodatkowe informacje:<\/strong><\/p>\n","protected":false},"excerpt":{"rendered":"<p>Treflikowe grzybobranie We\u017a udzia\u0142 w le\u015bnej przygodzie z Treflikami! Przemierzcie kr\u0119t\u0105 tras\u0119, g\u00f3ry i pag\u00f3rki w poszukiwaniu pysznych grzyb\u00f3w. We\u017acie<\/p>\n","protected":false},"featured_media":3782,"comment_status":"open","ping_status":"closed","template":"","meta":[],"product_brand":[],"product_cat":[16],"product_tag":[],"class_list":{"0":"post-3744","1":"product","2":"type-product","3":"status-publish","4":"has-post-thumbnail","6":"product_cat-import","8":"first","9":"instock","10":"shipping-taxable","11":"purchasable","12":"product-type-simple"},"_links":{"self":[{"href":"https:\/\/czas.m2web.pl\/index.php?rest_route=\/wp\/v2\/product\/3744","targetHints":{"allow":["GET"]}}],"collection":[{"href":"https:\/\/czas.m2web.pl\/index.php?rest_route=\/wp\/v2\/product"}],"about":[{"href":"https:\/\/czas.m2web.pl\/index.php?rest_route=\/wp\/v2\/types\/product"}],"replies":[{"embeddable":true,"href":"https:\/\/czas.m2web.pl\/index.php?rest_route=%2Fwp%2Fv2%2Fcomments&post=3744"}],"version-history":[{"count":0,"href":"https:\/\/czas.m2web.pl\/index.php?rest_route=\/wp\/v2\/product\/3744\/revisions"}],"wp:featuredmedia":[{"embeddable":true,"href":"https:\/\/czas.m2web.pl\/index.php?rest_route=\/wp\/v2\/media\/3782"}],"wp:attachment":[{"href":"https:\/\/czas.m2web.pl\/index.php?rest_route=%2Fwp%2Fv2%2Fmedia&parent=3744"}],"wp:term":[{"taxonomy":"product_brand","embeddable":true,"href":"https:\/\/czas.m2web.pl\/index.php?rest_route=%2Fwp%2Fv2%2Fproduct_brand&post=3744"},{"taxonomy":"product_cat","embeddable":true,"href":"https:\/\/czas.m2web.pl\/index.php?rest_route=%2Fwp%2Fv2%2Fproduct_cat&post=3744"},{"taxonomy":"product_tag","embeddable":true,"href":"https:\/\/czas.m2web.pl\/index.php?rest_route=%2Fwp%2Fv2%2Fproduct_tag&post=3744"}],"curies":[{"name":"wp","href":"https:\/\/api.w.org\/{rel}","templated":true}]}}