{"id":3748,"date":"2026-01-04T23:01:07","date_gmt":"2026-01-04T22:01:07","guid":{"rendered":"https:\/\/czas.m2web.pl\/?post_type=product&#038;p=3748"},"modified":"2026-01-04T23:01:14","modified_gmt":"2026-01-04T22:01:14","slug":"latawiec-frozen-olaf-115-cm-x-63-cm-gunther-1221","status":"publish","type":"product","link":"https:\/\/czas.m2web.pl\/?product=latawiec-frozen-olaf-115-cm-x-63-cm-gunther-1221","title":{"rendered":"Latawiec Frozen Olaf 115 cm x 63 cm Gunther 1221"},"content":{"rendered":"<section class=\"section\">\n<div class=\"item item-6\">\n<section class=\"image-item\"><img decoding=\"async\" src=\"https:\/\/upload.cdn.baselinker.com\/products\/3029707\/a84aae40e689203fc4e11503d140aa4e.jpg\"><\/section>\n<\/p><\/div>\n<div class=\"item item-6\">\n<section class=\"text-item\">\n<h1>GUNTHER Latawiec Frozen (Olaf)<\/h1>\n<p>Nr kat.: 1221<\/p>\n<p><b>Licencyjny latawiec z Olafem \u2013 bohaterem bajki Kraina Lodu (Frozen) niemieckiej firmy Gunther.<\/b><\/p>\n<p>Wykonany z wytrzyma\u0142ej folii polietylenowej.<\/p>\n<p>Latawiec doskona\u0142y do zabawy na \u015bwie\u017cym powietrzu i \u0142atwy w sterowaniu.<\/p>\n<p><b>Wymiary latawca: 115 cm x 63 cm.<\/b><\/p>\n<p>Idealny do u\u017cytkowania przy wietrze o pr\u0119dko\u015bci od 20 do 40 km\/h.<\/p>\n<p>Linka zako\u0144czona jest plastikowym uchwytem do trzymania.<\/p>\n<p><b>Wiek: 4+.<\/b><\/p>\n<\/section><\/div>\n<\/section>\n<section class=\"section\">\n<div class=\"item item-12\">\n<section class=\"image-item\"><img decoding=\"async\" src=\"https:\/\/upload.cdn.baselinker.com\/products\/3029707\/8175ebf925d43e985b2dfa4796aaf99e.jpg\"><\/section>\n<\/p><\/div>\n<\/section>\n<section class=\"section\">\n<div class=\"item item-12\">\n<section class=\"image-item\"><img decoding=\"async\" src=\"https:\/\/upload.cdn.baselinker.com\/products\/3029707\/9d8bed001ac309ffea2f88a60987d739.jpg\"><\/section>\n<\/p><\/div>\n<\/section>\n<p><strong>Dodatkowe informacje:<\/strong><\/p>\n","protected":false},"excerpt":{"rendered":"<p>GUNTHER Latawiec Frozen (Olaf) Nr kat.: 1221 Licencyjny latawiec z Olafem \u2013 bohaterem bajki Kraina Lodu (Frozen) niemieckiej firmy Gunther.<\/p>\n","protected":false},"featured_media":3791,"comment_status":"open","ping_status":"closed","template":"","meta":[],"product_brand":[],"product_cat":[645,417],"product_tag":[],"class_list":{"0":"post-3748","1":"product","2":"type-product","3":"status-publish","4":"has-post-thumbnail","6":"product_cat-latawce-gunther","7":"product_cat-zabawki-outdoorowe","9":"first","10":"instock","11":"shipping-taxable","12":"purchasable","13":"product-type-simple"},"_links":{"self":[{"href":"https:\/\/czas.m2web.pl\/index.php?rest_route=\/wp\/v2\/product\/3748","targetHints":{"allow":["GET"]}}],"collection":[{"href":"https:\/\/czas.m2web.pl\/index.php?rest_route=\/wp\/v2\/product"}],"about":[{"href":"https:\/\/czas.m2web.pl\/index.php?rest_route=\/wp\/v2\/types\/product"}],"replies":[{"embeddable":true,"href":"https:\/\/czas.m2web.pl\/index.php?rest_route=%2Fwp%2Fv2%2Fcomments&post=3748"}],"version-history":[{"count":0,"href":"https:\/\/czas.m2web.pl\/index.php?rest_route=\/wp\/v2\/product\/3748\/revisions"}],"wp:featuredmedia":[{"embeddable":true,"href":"https:\/\/czas.m2web.pl\/index.php?rest_route=\/wp\/v2\/media\/3791"}],"wp:attachment":[{"href":"https:\/\/czas.m2web.pl\/index.php?rest_route=%2Fwp%2Fv2%2Fmedia&parent=3748"}],"wp:term":[{"taxonomy":"product_brand","embeddable":true,"href":"https:\/\/czas.m2web.pl\/index.php?rest_route=%2Fwp%2Fv2%2Fproduct_brand&post=3748"},{"taxonomy":"product_cat","embeddable":true,"href":"https:\/\/czas.m2web.pl\/index.php?rest_route=%2Fwp%2Fv2%2Fproduct_cat&post=3748"},{"taxonomy":"product_tag","embeddable":true,"href":"https:\/\/czas.m2web.pl\/index.php?rest_route=%2Fwp%2Fv2%2Fproduct_tag&post=3748"}],"curies":[{"name":"wp","href":"https:\/\/api.w.org\/{rel}","templated":true}]}}