{"id":3753,"date":"2026-01-04T23:01:07","date_gmt":"2026-01-04T22:01:07","guid":{"rendered":"https:\/\/czas.m2web.pl\/?post_type=product&#038;p=3753"},"modified":"2026-01-04T23:01:19","modified_gmt":"2026-01-04T22:01:19","slug":"naboje-kapiszony-600-sztuk-na-tasmie-6x100-600-00","status":"publish","type":"product","link":"https:\/\/czas.m2web.pl\/?product=naboje-kapiszony-600-sztuk-na-tasmie-6x100-600-00","title":{"rendered":"Naboje Kapiszony 600 sztuk na ta\u015bmie 6&#215;100 600\/00"},"content":{"rendered":"<section class=\"section\">\n<div class=\"item item-6\">\n<section class=\"image-item\"><img decoding=\"async\" src=\"https:\/\/upload.cdn.baselinker.com\/products\/3029707\/9ed0b10e18e2745ccfdb68bfd3060e2b.jpg\"><\/section>\n<\/p><\/div>\n<div class=\"item item-6\">\n<section class=\"text-item\">\n<h1>Naboje (kapiszony) 600 sztuk na ta\u015bmie<\/h1>\n<p>Nr kat.: 600\/00<\/p>\n<p>Zestaw 600 naboi (kapiszon\u00f3w) na ta\u015bmie do rewolweru.<\/p>\n<ul>\n<li>Wyprodukowane w Niemczech.<\/li>\n<li>Wiek: 3+.<\/li>\n<li>Certyfikat bezpiecze\u0144stwa CE.<\/li>\n<\/ul>\n<p><b>UWAGA &#8211; Strza\u0142 kapiszon\u00f3w nie jest zbyt g\u0142o\u015bny, przez co bezpieczny dla dziecka, G\u0142o\u015bno\u015b\u0107 kapiszon\u00f3w ograniczona przez regulacje Unii Europejskiej.<\/b><\/p>\n<\/section><\/div>\n<\/section>\n<p><strong>Dodatkowe informacje:<\/strong><\/p>\n<ul>\n<li><strong>Producent: <\/strong>SOHNI-WICKE AMORCES-UND SPIELWARENFABRIK Zweigniederlassung der Heinrich Bauer GmbH&#038;Co KG Ruhrallee 11 \u2013 DE-45525 Hattingen Germany Tel. +49 (0) 2324-922-0<\/li>\n<li><strong>Podmiot odpowiedzialny za wprowadzenie produktu na rynek europejski:<\/strong>\u00a0SOHNI-WICKE AMORCES-UND SPIELWARENFABRIK Zweigniederlassung der Heinrich Bauer GmbH&#038;Co KG Ruhrallee 11 \u2013 DE-45525 Hattingen Germany Tel. +49 (0) 2324-922-0<\/li>\n<li><strong>Ostrze\u017cenia na opakowaniu: <\/strong>Ostrze\u017cenia: Tylko do u\u017cytku w zabawkach. Nieodpowiednie dla dzieci poni\u017cej 3 roku \u017cycia. Niebezpiecze\u0144stwo zad\u0142awienia drobnymi elementami. Nie strzela\u0107 w pomieszczeniach zamkni\u0119tych. Sprzedawa\u0107 tylko w opakowaniu. Nie u\u017cywa\u0107 w pobli\u017cu oczu i uszu. Nie trzyma\u0107 kapiszon\u00f3w luzem w kieszeni. Zachowa\u0107 adres. Wyprodukowano w Niemczech.<\/li>\n<li><strong>Instrukcja obs\u0142ugi jest:<\/strong> NIE<\/li>\n<li><strong>Kraj pochodzenia:<\/strong> NIEMCY<\/li>\n<\/ul>\n","protected":false},"excerpt":{"rendered":"<p>Naboje (kapiszony) 600 sztuk na ta\u015bmie Nr kat.: 600\/00 Zestaw 600 naboi (kapiszon\u00f3w) na ta\u015bmie do rewolweru. Wyprodukowane w Niemczech.<\/p>\n","protected":false},"featured_media":3808,"comment_status":"open","ping_status":"closed","template":"","meta":[],"product_brand":[],"product_cat":[16],"product_tag":[],"class_list":{"0":"post-3753","1":"product","2":"type-product","3":"status-publish","4":"has-post-thumbnail","6":"product_cat-import","8":"first","9":"instock","10":"shipping-taxable","11":"purchasable","12":"product-type-simple"},"_links":{"self":[{"href":"https:\/\/czas.m2web.pl\/index.php?rest_route=\/wp\/v2\/product\/3753","targetHints":{"allow":["GET"]}}],"collection":[{"href":"https:\/\/czas.m2web.pl\/index.php?rest_route=\/wp\/v2\/product"}],"about":[{"href":"https:\/\/czas.m2web.pl\/index.php?rest_route=\/wp\/v2\/types\/product"}],"replies":[{"embeddable":true,"href":"https:\/\/czas.m2web.pl\/index.php?rest_route=%2Fwp%2Fv2%2Fcomments&post=3753"}],"version-history":[{"count":0,"href":"https:\/\/czas.m2web.pl\/index.php?rest_route=\/wp\/v2\/product\/3753\/revisions"}],"wp:featuredmedia":[{"embeddable":true,"href":"https:\/\/czas.m2web.pl\/index.php?rest_route=\/wp\/v2\/media\/3808"}],"wp:attachment":[{"href":"https:\/\/czas.m2web.pl\/index.php?rest_route=%2Fwp%2Fv2%2Fmedia&parent=3753"}],"wp:term":[{"taxonomy":"product_brand","embeddable":true,"href":"https:\/\/czas.m2web.pl\/index.php?rest_route=%2Fwp%2Fv2%2Fproduct_brand&post=3753"},{"taxonomy":"product_cat","embeddable":true,"href":"https:\/\/czas.m2web.pl\/index.php?rest_route=%2Fwp%2Fv2%2Fproduct_cat&post=3753"},{"taxonomy":"product_tag","embeddable":true,"href":"https:\/\/czas.m2web.pl\/index.php?rest_route=%2Fwp%2Fv2%2Fproduct_tag&post=3753"}],"curies":[{"name":"wp","href":"https:\/\/api.w.org\/{rel}","templated":true}]}}